{"id":29627,"date":"2025-09-10T15:23:19","date_gmt":"2025-09-10T12:23:19","guid":{"rendered":"https:\/\/tunahavuz.com\/online\/?post_type=product&#038;p=29627"},"modified":"2025-10-08T11:00:56","modified_gmt":"2025-10-08T08:00:56","slug":"aqualife-dcn-granul-klor-v-50-kg","status":"publish","type":"product","link":"https:\/\/tunahavuz.com\/online\/urun\/aqualife-dcn-granul-klor-v-50-kg\/","title":{"rendered":"Aqualife Dcn Gran\u00fcl Klor %56 (50 KG)"},"content":{"rendered":"<p>KULLANIM TAL\u0130MATI<\/p>\n<p>G\u00fcnl\u00fck kullan\u0131m i\u00e7in; 1-2 gr\/m3<\/p>\n<p>\u015eok uygulamalarda\u00a0 10 gr\/m3<\/p>\n<p>%5-10 luk haz\u0131rlanan sol\u00fcsyon direk havuza veya skimmere verilir.<\/p>\n<p>Dozaj pompas\u0131 kullan\u0131ld\u0131\u011f\u0131 zaman %5-10 sol\u00fcsyon tavsiye edilir.<\/p>\n","protected":false},"excerpt":{"rendered":"<p>KULLANIM AMACI<\/p>\n<p>Havuz dezenfeksiyonu i\u00e7in \u00e7abuk \u00e7\u00f6z\u00fcnen stabil klor<\/p>\n","protected":false},"featured_media":29630,"template":"","meta":[],"product_brand":[620],"product_cat":[308,341],"product_tag":[622,624,623],"class_list":{"0":"post-29627","1":"product","2":"type-product","3":"status-publish","4":"has-post-thumbnail","6":"product_brand-auqalife","7":"product_cat-havuz-kimyasallari","8":"product_cat-klorlar","9":"product_tag-aqualife-dcn-granul-klor","10":"product_tag-havuz-kimyasali","11":"product_tag-havuz-kloru","13":"first","14":"instock","15":"taxable","16":"shipping-taxable","17":"purchasable","18":"product-type-simple"},"_links":{"self":[{"href":"https:\/\/tunahavuz.com\/online\/wp-json\/wp\/v2\/product\/29627","targetHints":{"allow":["GET"]}}],"collection":[{"href":"https:\/\/tunahavuz.com\/online\/wp-json\/wp\/v2\/product"}],"about":[{"href":"https:\/\/tunahavuz.com\/online\/wp-json\/wp\/v2\/types\/product"}],"version-history":[{"count":3,"href":"https:\/\/tunahavuz.com\/online\/wp-json\/wp\/v2\/product\/29627\/revisions"}],"predecessor-version":[{"id":29632,"href":"https:\/\/tunahavuz.com\/online\/wp-json\/wp\/v2\/product\/29627\/revisions\/29632"}],"wp:featuredmedia":[{"embeddable":true,"href":"https:\/\/tunahavuz.com\/online\/wp-json\/wp\/v2\/media\/29630"}],"wp:attachment":[{"href":"https:\/\/tunahavuz.com\/online\/wp-json\/wp\/v2\/media?parent=29627"}],"wp:term":[{"taxonomy":"product_brand","embeddable":true,"href":"https:\/\/tunahavuz.com\/online\/wp-json\/wp\/v2\/product_brand?post=29627"},{"taxonomy":"product_cat","embeddable":true,"href":"https:\/\/tunahavuz.com\/online\/wp-json\/wp\/v2\/product_cat?post=29627"},{"taxonomy":"product_tag","embeddable":true,"href":"https:\/\/tunahavuz.com\/online\/wp-json\/wp\/v2\/product_tag?post=29627"}],"curies":[{"name":"wp","href":"https:\/\/api.w.org\/{rel}","templated":true}]}}