{"id":29639,"date":"2025-09-10T16:29:25","date_gmt":"2025-09-10T13:29:25","guid":{"rendered":"https:\/\/tunahavuz.com\/online\/?post_type=product&#038;p=29639"},"modified":"2025-12-08T11:22:24","modified_gmt":"2025-12-08T08:22:24","slug":"aqualife-ca-hypo-70-40-kg","status":"publish","type":"product","link":"https:\/\/tunahavuz.com\/online\/urun\/aqualife-ca-hypo-70-40-kg\/","title":{"rendered":"Aqualife CA Hypo 70 (40 kg)"},"content":{"rendered":"<p>KULLANIM TAL\u0130MATI<\/p>\n<p>G\u00fcnl\u00fck kullan\u0131m i\u00e7in 100 m3 havuz suyuna\u00a0 100-150 gr,<\/p>\n<p>\u015fok uygulamada\u00a0 100 m3 havuz suyuna\u00a0 ilk 3 g\u00fcn 250-300 gr ilave edilir.<\/p>\n<p>Havuzun \u00fczerinden suya serpilerek kullan\u0131l\u0131r.<\/p>\n<p>\u0130\u00e7me ve kullanma suyu dezenfeksiyonu i\u00e7in g\u00fcnl\u00fck olarak 100 m3 i\u00e7in 30-75 gr\/g\u00fcn \u015feklinde kullan\u0131l\u0131r.<\/p>\n","protected":false},"excerpt":{"rendered":"<p>KULLANIM AMACI<\/p>\n<p>Havuz suyu ve i\u00e7me suyu dezenfeksiyonu i\u00e7in uygun stabilizat\u00f6r i\u00e7ermeyen toz klor<\/p>\n","protected":false},"featured_media":29640,"template":"","meta":[],"product_brand":[620],"product_cat":[308,341],"product_tag":[628,624,629],"class_list":{"0":"post-29639","1":"product","2":"type-product","3":"status-publish","4":"has-post-thumbnail","6":"product_brand-auqalife","7":"product_cat-havuz-kimyasallari","8":"product_cat-klorlar","9":"product_tag-aqualife-sok-klor","10":"product_tag-havuz-kimyasali","11":"product_tag-havuz-sok-kloru","13":"first","14":"instock","15":"taxable","16":"shipping-taxable","17":"purchasable","18":"product-type-simple"},"_links":{"self":[{"href":"https:\/\/tunahavuz.com\/online\/wp-json\/wp\/v2\/product\/29639","targetHints":{"allow":["GET"]}}],"collection":[{"href":"https:\/\/tunahavuz.com\/online\/wp-json\/wp\/v2\/product"}],"about":[{"href":"https:\/\/tunahavuz.com\/online\/wp-json\/wp\/v2\/types\/product"}],"version-history":[{"count":1,"href":"https:\/\/tunahavuz.com\/online\/wp-json\/wp\/v2\/product\/29639\/revisions"}],"predecessor-version":[{"id":29641,"href":"https:\/\/tunahavuz.com\/online\/wp-json\/wp\/v2\/product\/29639\/revisions\/29641"}],"wp:featuredmedia":[{"embeddable":true,"href":"https:\/\/tunahavuz.com\/online\/wp-json\/wp\/v2\/media\/29640"}],"wp:attachment":[{"href":"https:\/\/tunahavuz.com\/online\/wp-json\/wp\/v2\/media?parent=29639"}],"wp:term":[{"taxonomy":"product_brand","embeddable":true,"href":"https:\/\/tunahavuz.com\/online\/wp-json\/wp\/v2\/product_brand?post=29639"},{"taxonomy":"product_cat","embeddable":true,"href":"https:\/\/tunahavuz.com\/online\/wp-json\/wp\/v2\/product_cat?post=29639"},{"taxonomy":"product_tag","embeddable":true,"href":"https:\/\/tunahavuz.com\/online\/wp-json\/wp\/v2\/product_tag?post=29639"}],"curies":[{"name":"wp","href":"https:\/\/api.w.org\/{rel}","templated":true}]}}