{"id":29652,"date":"2025-09-10T16:51:15","date_gmt":"2025-09-10T13:51:15","guid":{"rendered":"https:\/\/tunahavuz.com\/online\/?post_type=product&#038;p=29652"},"modified":"2025-12-08T11:20:12","modified_gmt":"2025-12-08T08:20:12","slug":"aqualife-ph-dusurucu25-kg","status":"publish","type":"product","link":"https:\/\/tunahavuz.com\/online\/urun\/aqualife-ph-dusurucu25-kg\/","title":{"rendered":"Aqualife PH d\u00fc\u015f\u00fcr\u00fcc\u00fc(25 kg)"},"content":{"rendered":"<p>KULLANIM TAL\u0130MATI<\/p>\n<p>Suyun PH de\u011ferini 0,1 d\u00fc\u015f\u00fcrmek i\u00e7in 5gr\/m3 (yumu\u015fak su i\u00e7in), 15gr\/m3 (sert su i\u00e7in) kullan\u0131l\u0131r.<\/p>\n<p>Ph ayarlanmas\u0131 dezenfeksiyon malzemelerinin ilavesinden \u00f6nce yap\u0131l\u0131r. %10 luk \u00e7\u00f6zeltiler haz\u0131rland\u0131ktan sonra havuza verilir.<\/p>\n","protected":false},"excerpt":{"rendered":"<p>KULLANIM AMACI<\/p>\n<p>Havuz suyunun ph de\u011ferinin d\u00fc\u015f\u00fcr\u00fclmesini sa\u011flayan toz \u00fcr\u00fcnd\u00fcr.<\/p>\n","protected":false},"featured_media":29653,"template":"","meta":[],"product_brand":[620],"product_cat":[308,417],"product_tag":[630,624,631],"class_list":{"0":"post-29652","1":"product","2":"type-product","3":"status-publish","4":"has-post-thumbnail","6":"product_brand-auqalife","7":"product_cat-havuz-kimyasallari","8":"product_cat-ph-ayarlayici","9":"product_tag-aqualife-ph-dusurucu","10":"product_tag-havuz-kimyasali","11":"product_tag-havuz-ph-dusurucu","13":"first","14":"instock","15":"taxable","16":"shipping-taxable","17":"purchasable","18":"product-type-simple"},"_links":{"self":[{"href":"https:\/\/tunahavuz.com\/online\/wp-json\/wp\/v2\/product\/29652","targetHints":{"allow":["GET"]}}],"collection":[{"href":"https:\/\/tunahavuz.com\/online\/wp-json\/wp\/v2\/product"}],"about":[{"href":"https:\/\/tunahavuz.com\/online\/wp-json\/wp\/v2\/types\/product"}],"version-history":[{"count":1,"href":"https:\/\/tunahavuz.com\/online\/wp-json\/wp\/v2\/product\/29652\/revisions"}],"predecessor-version":[{"id":29654,"href":"https:\/\/tunahavuz.com\/online\/wp-json\/wp\/v2\/product\/29652\/revisions\/29654"}],"wp:featuredmedia":[{"embeddable":true,"href":"https:\/\/tunahavuz.com\/online\/wp-json\/wp\/v2\/media\/29653"}],"wp:attachment":[{"href":"https:\/\/tunahavuz.com\/online\/wp-json\/wp\/v2\/media?parent=29652"}],"wp:term":[{"taxonomy":"product_brand","embeddable":true,"href":"https:\/\/tunahavuz.com\/online\/wp-json\/wp\/v2\/product_brand?post=29652"},{"taxonomy":"product_cat","embeddable":true,"href":"https:\/\/tunahavuz.com\/online\/wp-json\/wp\/v2\/product_cat?post=29652"},{"taxonomy":"product_tag","embeddable":true,"href":"https:\/\/tunahavuz.com\/online\/wp-json\/wp\/v2\/product_tag?post=29652"}],"curies":[{"name":"wp","href":"https:\/\/api.w.org\/{rel}","templated":true}]}}