{"id":29655,"date":"2025-09-10T16:57:45","date_gmt":"2025-09-10T13:57:45","guid":{"rendered":"https:\/\/tunahavuz.com\/online\/?post_type=product&#038;p=29655"},"modified":"2025-12-08T11:19:45","modified_gmt":"2025-12-08T08:19:45","slug":"aqualife-alg-r-yosun-onleyici","status":"publish","type":"product","link":"https:\/\/tunahavuz.com\/online\/urun\/aqualife-alg-r-yosun-onleyici\/","title":{"rendered":"Aqualife ALG\/R Yosun \u00d6nleyici (20 kg)"},"content":{"rendered":"<p>KULLANIM TAL\u0130MATI<\/p>\n<p>Haftal\u0131k kullan\u0131m i\u00e7in 50gr\/10 m3.<\/p>\n<p>\u015eok uygulamada\u00a0 200 gr\/10 m3 kullan\u0131l\u0131r.<\/p>\n<p>ilave edilen miktar havuza giren ki\u015fi say\u0131s\u0131na ve hava ko\u015fullar\u0131na g\u00f6re de\u011fi\u015febilir.<\/p>\n<p>\u00d6nceden olu\u015fmu\u015f yosunlar\u0131 \u00f6nlemek i\u00e7in \u015fok uygulama yap\u0131lmal\u0131d\u0131r.<\/p>\n","protected":false},"excerpt":{"rendered":"<p>KULLANIM AMACI<\/p>\n<p>Yosunla\u015fmay\u0131 \u00f6nler ve \u00f6nceden olu\u015fmu\u015f yosunla\u015fmay\u0131 \u00f6ld\u00fcr\u00fcr.<\/p>\n","protected":false},"featured_media":29656,"template":"","meta":[],"product_brand":[620],"product_cat":[308,536],"product_tag":[632,624,633],"class_list":{"0":"post-29655","1":"product","2":"type-product","3":"status-publish","4":"has-post-thumbnail","6":"product_brand-auqalife","7":"product_cat-havuz-kimyasallari","8":"product_cat-yosun-onleyici","9":"product_tag-aqualife-yosun-onleyici","10":"product_tag-havuz-kimyasali","11":"product_tag-havuz-yosun-onleyici","13":"first","14":"instock","15":"taxable","16":"shipping-taxable","17":"purchasable","18":"product-type-simple"},"_links":{"self":[{"href":"https:\/\/tunahavuz.com\/online\/wp-json\/wp\/v2\/product\/29655","targetHints":{"allow":["GET"]}}],"collection":[{"href":"https:\/\/tunahavuz.com\/online\/wp-json\/wp\/v2\/product"}],"about":[{"href":"https:\/\/tunahavuz.com\/online\/wp-json\/wp\/v2\/types\/product"}],"version-history":[{"count":2,"href":"https:\/\/tunahavuz.com\/online\/wp-json\/wp\/v2\/product\/29655\/revisions"}],"predecessor-version":[{"id":29661,"href":"https:\/\/tunahavuz.com\/online\/wp-json\/wp\/v2\/product\/29655\/revisions\/29661"}],"wp:featuredmedia":[{"embeddable":true,"href":"https:\/\/tunahavuz.com\/online\/wp-json\/wp\/v2\/media\/29656"}],"wp:attachment":[{"href":"https:\/\/tunahavuz.com\/online\/wp-json\/wp\/v2\/media?parent=29655"}],"wp:term":[{"taxonomy":"product_brand","embeddable":true,"href":"https:\/\/tunahavuz.com\/online\/wp-json\/wp\/v2\/product_brand?post=29655"},{"taxonomy":"product_cat","embeddable":true,"href":"https:\/\/tunahavuz.com\/online\/wp-json\/wp\/v2\/product_cat?post=29655"},{"taxonomy":"product_tag","embeddable":true,"href":"https:\/\/tunahavuz.com\/online\/wp-json\/wp\/v2\/product_tag?post=29655"}],"curies":[{"name":"wp","href":"https:\/\/api.w.org\/{rel}","templated":true}]}}