{"id":29665,"date":"2025-09-10T17:12:33","date_gmt":"2025-09-10T14:12:33","guid":{"rendered":"https:\/\/tunahavuz.com\/online\/?post_type=product&#038;p=29665"},"modified":"2025-12-08T11:18:30","modified_gmt":"2025-12-08T08:18:30","slug":"aqualife-parlatici-surekli-temizleyici","status":"publish","type":"product","link":"https:\/\/tunahavuz.com\/online\/urun\/aqualife-parlatici-surekli-temizleyici\/","title":{"rendered":"Aqualife Parlat\u0131c\u0131\/S\u00fcrekli Temizleyici"},"content":{"rendered":"<p>KULLANIM TAL\u0130MATI<\/p>\n<p>100 m3 havuz suyu i\u00e7in 1 kg \u00fcr\u00fcn eklenir.<\/p>\n<p>Gereken hallerde ve kirlili\u011fin fazla olmas\u0131 durumunda 100 m3 i\u00e7in 2kg&#8217;a kadar artt\u0131r\u0131labilir.<\/p>\n","protected":false},"excerpt":{"rendered":"<p>KULLANIM AMACI<\/p>\n<p>Suda sertlikten dolay\u0131 olu\u015fan matl\u0131\u011f\u0131 ve kire\u00e7lenmeyi \u00f6nleyerek suyun berrakla\u015fmas\u0131n\u0131 sa\u011flayan s\u0131v\u0131 bir \u00fcr\u00fcnd\u00fcr. Ayr\u0131ca s\u00fcrekli temizleyici \u00f6zelli\u011fi vard\u0131r.<\/p>\n","protected":false},"featured_media":29666,"template":"","meta":[],"product_brand":[620],"product_cat":[308,408],"product_tag":[635,636,637],"class_list":{"0":"post-29665","1":"product","2":"type-product","3":"status-publish","4":"has-post-thumbnail","6":"product_brand-auqalife","7":"product_cat-havuz-kimyasallari","8":"product_cat-parlatici","9":"product_tag-aqualife-parlatici","10":"product_tag-havuz-kimyasli","11":"product_tag-havuz-parlaticisi","13":"first","14":"instock","15":"taxable","16":"shipping-taxable","17":"purchasable","18":"product-type-simple"},"_links":{"self":[{"href":"https:\/\/tunahavuz.com\/online\/wp-json\/wp\/v2\/product\/29665","targetHints":{"allow":["GET"]}}],"collection":[{"href":"https:\/\/tunahavuz.com\/online\/wp-json\/wp\/v2\/product"}],"about":[{"href":"https:\/\/tunahavuz.com\/online\/wp-json\/wp\/v2\/types\/product"}],"version-history":[{"count":1,"href":"https:\/\/tunahavuz.com\/online\/wp-json\/wp\/v2\/product\/29665\/revisions"}],"predecessor-version":[{"id":29667,"href":"https:\/\/tunahavuz.com\/online\/wp-json\/wp\/v2\/product\/29665\/revisions\/29667"}],"wp:featuredmedia":[{"embeddable":true,"href":"https:\/\/tunahavuz.com\/online\/wp-json\/wp\/v2\/media\/29666"}],"wp:attachment":[{"href":"https:\/\/tunahavuz.com\/online\/wp-json\/wp\/v2\/media?parent=29665"}],"wp:term":[{"taxonomy":"product_brand","embeddable":true,"href":"https:\/\/tunahavuz.com\/online\/wp-json\/wp\/v2\/product_brand?post=29665"},{"taxonomy":"product_cat","embeddable":true,"href":"https:\/\/tunahavuz.com\/online\/wp-json\/wp\/v2\/product_cat?post=29665"},{"taxonomy":"product_tag","embeddable":true,"href":"https:\/\/tunahavuz.com\/online\/wp-json\/wp\/v2\/product_tag?post=29665"}],"curies":[{"name":"wp","href":"https:\/\/api.w.org\/{rel}","templated":true}]}}