{"id":29670,"date":"2025-09-10T17:51:15","date_gmt":"2025-09-10T14:51:15","guid":{"rendered":"https:\/\/tunahavuz.com\/online\/?post_type=product&#038;p=29670"},"modified":"2025-12-08T11:17:42","modified_gmt":"2025-12-08T08:17:42","slug":"powerpool-1-00-hp-majeuerx-trifaze-pompa","status":"publish","type":"product","link":"https:\/\/tunahavuz.com\/online\/urun\/powerpool-1-00-hp-majeuerx-trifaze-pompa\/","title":{"rendered":"Powerpool 1.00 Hp Majeuerx Trifaze Pompa"},"content":{"rendered":"<div data-test-id=\"ProductDescription\">\n<div class=\"container\">\n<div>\n<div id=\"ProductDescription_4527189c-3385-4b75-203d-4e8b1461f0c6\" class=\"sf-voltran-body voltran-body full ProductDescription\">\n<div>\n<div class=\"sf-ProductDescription-ELfL1tuePGs5IVj8XHGy sf-ProductDescription-tYca0g5oi89GEwAF2LCe productDescriptionContent\">\n<div>\n<h3>Powerpool 1.00 Hp Majeuerx Trifaze Pompa<\/h3>\n<p data-start=\"88\" data-end=\"132\"><strong data-start=\"88\" data-end=\"132\"><span style=\"font-family: Cambria;\">\u00dcst\u00fcn Kalite ve Dayan\u0131kl\u0131l\u0131k Sunan Pompa<\/span><\/strong><\/p>\n<ul data-start=\"134\" data-end=\"1788\">\n<li data-start=\"134\" data-end=\"427\">\n<p data-start=\"136\" data-end=\"427\"><span style=\"font-family: Cambria;\"><strong data-start=\"136\" data-end=\"193\">Y\u00fcksek Dayan\u0131kl\u0131 Polipropilen G\u00f6vde, Ayak ve Dif\u00fcz\u00f6r:<\/strong>\u00a0Pompa g\u00f6vdesi, ayaklar\u0131 ve dif\u00fcz\u00f6r\u00fc, camdan yap\u0131lm\u0131\u015f y\u00fckl\u00fc polipropilen malzemeden \u00fcretilmi\u015ftir. Bu malzeme, a\u015f\u0131nmaya kar\u015f\u0131 diren\u00e7li olup uzun \u00f6m\u00fcrl\u00fc ve dayan\u0131kl\u0131d\u0131r, b\u00f6ylece pompan\u0131z uzun y\u0131llar boyunca sorunsuz bir \u015fekilde \u00e7al\u0131\u015f\u0131r.<\/span><\/p>\n<\/li>\n<li data-start=\"429\" data-end=\"679\">\n<p data-start=\"431\" data-end=\"679\"><span style=\"font-family: Cambria;\"><strong data-start=\"431\" data-end=\"474\">PPO Malzemeden \u00c7ark ve Conta Tertibat\u0131:<\/strong>\u00a0\u00c7ark ve conta tertibat\u0131, PPO malzemesi ile \u00fcretilmi\u015ftir. Bu malzeme, y\u00fcksek dayan\u0131kl\u0131l\u0131\u011f\u0131 ve m\u00fckemmel s\u0131zd\u0131rmazl\u0131k \u00f6zellikleri sayesinde pompada y\u00fcksek verimlilik sa\u011flar ve bak\u0131m gereksinimlerini azalt\u0131r.<\/span><\/p>\n<\/li>\n<li data-start=\"681\" data-end=\"1012\">\n<p data-start=\"683\" data-end=\"1012\"><span style=\"font-family: Cambria;\"><strong data-start=\"683\" data-end=\"738\">Paslanmaz \u00c7elik AISI-420 Motor Mili ve IP55 Koruma:<\/strong>\u00a0Paslanmaz \u00e7elikten \u00fcretilmi\u015f AISI-420 motor mili, y\u00fcksek dayan\u0131kl\u0131l\u0131k ve uzun \u00f6m\u00fcr sunar. IP55 koruma s\u0131n\u0131f\u0131 ile motor, toza ve suya kar\u015f\u0131 m\u00fckemmel koruma sa\u011flar. Bu, pompan\u0131n d\u0131\u015f etmenlere kar\u015f\u0131 dayan\u0131kl\u0131 olmas\u0131n\u0131 ve her ko\u015fulda g\u00fcvenli bir \u015fekilde \u00e7al\u0131\u015fmas\u0131n\u0131 temin eder.<\/span><\/p>\n<\/li>\n<li data-start=\"1014\" data-end=\"1308\">\n<p data-start=\"1016\" data-end=\"1308\"><span style=\"font-family: Cambria;\"><strong data-start=\"1016\" data-end=\"1071\">Burgmann Marka Mekanik Salmastra (Grat ve Seramik):<\/strong>\u00a0Pompan\u0131n mekanik salmastras\u0131, y\u00fcksek kaliteli Burgmann markas\u0131na ait olup, grat ve seramik malzemelerden yap\u0131lm\u0131\u015ft\u0131r. Bu mekanizma, s\u0131z\u0131nt\u0131lar\u0131 \u00f6nler ve pompan\u0131n verimli \u00e7al\u0131\u015fmas\u0131n\u0131 s\u00fcrd\u00fcr\u00fclebilir k\u0131lar, bak\u0131m ihtiyac\u0131n\u0131 en aza indirir.<\/span><\/p>\n<\/li>\n<li data-start=\"1310\" data-end=\"1581\">\n<p data-start=\"1312\" data-end=\"1581\"><span style=\"font-family: Cambria;\"><strong data-start=\"1312\" data-end=\"1360\">Al\u00fcminyum Motor G\u00f6vdesi ve F S\u0131n\u0131f\u0131 Yal\u0131t\u0131m:<\/strong>\u00a0Motorun al\u00fcminyum g\u00f6vdesi, \u0131s\u0131y\u0131 etkili bir \u015fekilde da\u011f\u0131tarak motorun a\u015f\u0131r\u0131 \u0131s\u0131nmas\u0131n\u0131 engeller. F s\u0131n\u0131f\u0131 yal\u0131t\u0131m, motorun y\u00fcksek s\u0131cakl\u0131klarda bile g\u00fcvenli bir \u015fekilde \u00e7al\u0131\u015fmas\u0131n\u0131 sa\u011flar ve uzun \u00f6m\u00fcrl\u00fc performans sunar.<\/span><\/p>\n<\/li>\n<li data-start=\"1583\" data-end=\"1788\">\n<p data-start=\"1585\" data-end=\"1788\"><span style=\"font-family: Cambria;\"><strong data-start=\"1585\" data-end=\"1621\">S\u00fcrekli \u00c7al\u0131\u015fmaya Uygun Tasar\u0131m:<\/strong>\u00a0Pompa, s\u00fcrekli \u00e7al\u0131\u015fmaya uygun olarak tasarlanm\u0131\u015ft\u0131r. Bu, pompan\u0131n uzun s\u00fcre boyunca kesintisiz \u00e7al\u0131\u015fabilmesini ve y\u00fcksek verimlilikle performans g\u00f6stermesini sa\u011flar<\/span><\/p>\n<\/li>\n<\/ul>\n<\/div>\n<div id=\"ctl00_ContentPlaceHolder1_ProductControl1_MainControl1_TabControl1_ProductDescription1_CustomContentBottom\"><\/div>\n<div id=\"ccs-inline-content\" class=\"cnet-integration\"><\/div>\n<\/div>\n<\/div>\n<\/div>\n<\/div>\n<\/div>\n<\/div>\n<div id=\"techSpecs\" class=\"nXuZT1Pzi4C7_3wEWOdj hbus fcb0629a-43fe-425a-bc53-7a80d2b233ac\" data-test-id=\"KeyFeaturesTable\" data-hbus=\"{&quot;events&quot;:{&quot;view&quot;:[&quot;davinci&quot;]},&quot;data&quot;:{&quot;eventName&quot;:&quot;ComponentView&quot;,&quot;placement&quot;:&quot;Product Description&quot;,&quot;component&quot;:&quot;Key Features Table&quot;,&quot;component_detail&quot;:&quot;\u00dcr\u00fcn Bilgileri&quot;,&quot;category_hierarchy&quot;:&quot;&quot;,&quot;page_type&quot;:&quot;pdp&quot;,&quot;page_value&quot;:&quot;HBCV00006MIS5Y&quot;,&quot;position&quot;:&quot;&quot;,&quot;product_id&quot;:&quot;HBC00006MIS5X&quot;,&quot;merchant_name&quot;:&quot;E-Pool Market&quot;,&quot;merchant_id&quot;:&quot;5862189d-4069-408d-9005-6396f11d2cdd&quot;,&quot;listing_id&quot;:&quot;21289050-0cf4-4da5-a163-71f1d757631f&quot;,&quot;price&quot;:&quot;18553.13&quot;,&quot;componentType&quot;:&quot;&quot;,&quot;component_order&quot;:&quot;&quot;,&quot;url&quot;:&quot;&quot;,&quot;payment_options&quot;:[],&quot;price_range&quot;:&quot;&quot;,&quot;other_seller&quot;:[],&quot;ABTest&quot;:&quot;&quot;,&quot;displayTextType&quot;:&quot;&quot;,&quot;popularSearches&quot;:[],&quot;contentGroupId&quot;:&quot;&quot;,&quot;contentId&quot;:&quot;&quot;},&quot;type&quot;:&quot;componentView&quot;}\">\n<div class=\"EMxlbecD_wwvmQITkhq1\">\u00dcr\u00fcn \u00f6zellikleri<\/div>\n<div class=\"EszDyx7JOHZtHsQ3ga5s\">\n<div class=\"jkj4C4LML4qv2Iq8GkL3\">\n<div class=\"OXP5AzPvafgN_i3y6wGp\">Garanti S\u00fcresi (Ay) 1<\/div>\n<\/div>\n<\/div>\n<\/div>\n","protected":false},"excerpt":{"rendered":"<p>Powerpool 1.00 Hp Majeuerx Trifaze Pompa \u00dcst\u00fcn Kalite ve Dayan\u0131kl\u0131l\u0131k Sunan Pompa Y\u00fcksek Dayan\u0131kl\u0131 Polipropilen G\u00f6vde, Ayak ve Dif\u00fcz\u00f6r:\u00a0Pompa g\u00f6vdesi,<\/p>\n","protected":false},"featured_media":29673,"template":"","meta":[],"product_brand":[638],"product_cat":[313,314],"product_tag":[640,639],"class_list":{"0":"post-29670","1":"product","2":"type-product","3":"status-publish","4":"has-post-thumbnail","6":"product_brand-powerpool","7":"product_cat-havuz-pompalari","8":"product_cat-havuz-pompalari-havuz-pompalari","9":"product_tag-1-hp-havuz-pompasi","10":"product_tag-powerpool-havuz-pompasi","12":"first","13":"instock","14":"taxable","15":"shipping-taxable","16":"purchasable","17":"product-type-simple"},"_links":{"self":[{"href":"https:\/\/tunahavuz.com\/online\/wp-json\/wp\/v2\/product\/29670","targetHints":{"allow":["GET"]}}],"collection":[{"href":"https:\/\/tunahavuz.com\/online\/wp-json\/wp\/v2\/product"}],"about":[{"href":"https:\/\/tunahavuz.com\/online\/wp-json\/wp\/v2\/types\/product"}],"version-history":[{"count":1,"href":"https:\/\/tunahavuz.com\/online\/wp-json\/wp\/v2\/product\/29670\/revisions"}],"predecessor-version":[{"id":29674,"href":"https:\/\/tunahavuz.com\/online\/wp-json\/wp\/v2\/product\/29670\/revisions\/29674"}],"wp:featuredmedia":[{"embeddable":true,"href":"https:\/\/tunahavuz.com\/online\/wp-json\/wp\/v2\/media\/29673"}],"wp:attachment":[{"href":"https:\/\/tunahavuz.com\/online\/wp-json\/wp\/v2\/media?parent=29670"}],"wp:term":[{"taxonomy":"product_brand","embeddable":true,"href":"https:\/\/tunahavuz.com\/online\/wp-json\/wp\/v2\/product_brand?post=29670"},{"taxonomy":"product_cat","embeddable":true,"href":"https:\/\/tunahavuz.com\/online\/wp-json\/wp\/v2\/product_cat?post=29670"},{"taxonomy":"product_tag","embeddable":true,"href":"https:\/\/tunahavuz.com\/online\/wp-json\/wp\/v2\/product_tag?post=29670"}],"curies":[{"name":"wp","href":"https:\/\/api.w.org\/{rel}","templated":true}]}}