{"id":29675,"date":"2025-09-10T17:54:33","date_gmt":"2025-09-10T14:54:33","guid":{"rendered":"https:\/\/tunahavuz.com\/online\/?post_type=product&#038;p=29675"},"modified":"2025-12-08T11:16:54","modified_gmt":"2025-12-08T08:16:54","slug":"powerpool-1-50-hp-majeuerx-trifaze-pompa","status":"publish","type":"product","link":"https:\/\/tunahavuz.com\/online\/urun\/powerpool-1-50-hp-majeuerx-trifaze-pompa\/","title":{"rendered":"Powerpool 1.50 Hp Majeuerx Trifaze Pompa"},"content":{"rendered":"<div data-test-id=\"ProductDescription\">\n<div class=\"container\">\n<div>\n<div id=\"ProductDescription_b9e12f1b-4c2a-4035-2f1d-863e3420f26d\" class=\"sf-voltran-body voltran-body full ProductDescription\">\n<div>\n<div class=\"sf-ProductDescription-ELfL1tuePGs5IVj8XHGy sf-ProductDescription-tYca0g5oi89GEwAF2LCe productDescriptionContent\">\n<div>\n<h3>Powerpool 1.50 Hp Majeuerx Trifaze Pompa<\/h3>\n<p data-end=\"136\" data-start=\"86\"><strong data-end=\"136\" data-start=\"86\"><span style=\"font-family: Cambria;\">Dayan\u0131kl\u0131, Verimli ve Uzun \u00d6m\u00fcrl\u00fc Pompa \u00c7\u00f6z\u00fcm\u00fc<\/span><\/strong><\/p>\n<ul data-end=\"2076\" data-start=\"138\">\n<li data-end=\"542\" data-start=\"138\">\n<p data-end=\"542\" data-start=\"140\"><span style=\"font-family: Cambria;\"><strong data-end=\"213\" data-start=\"140\">Camdan Yap\u0131lm\u0131\u015f Y\u00fcksek Dayan\u0131kl\u0131 Pompa G\u00f6vdesi, Ayaklar\u0131 ve Dif\u00fcz\u00f6r\u00fc:<\/strong>\u00a0Pompa g\u00f6vdesi, ayaklar\u0131 ve dif\u00fcz\u00f6r\u00fc, camdan \u00fcretilmi\u015f y\u00fckl\u00fc polipropilen malzemeden yap\u0131lm\u0131\u015ft\u0131r. Bu malzeme, y\u00fcksek kimyasal dayan\u0131kl\u0131l\u0131\u011f\u0131 ve m\u00fckemmel mekanik \u00f6zellikleri sayesinde uzun s\u00fcreli kullan\u0131mda bile y\u00fcksek performans sunar. Ayr\u0131ca, pompan\u0131n a\u015f\u0131nmaya kar\u015f\u0131 diren\u00e7li olmas\u0131n\u0131 sa\u011flar, b\u00f6ylece bak\u0131m maliyetlerini d\u00fc\u015f\u00fcr\u00fcr.<\/span><\/p>\n<\/li>\n<li data-end=\"847\" data-start=\"544\">\n<p data-end=\"847\" data-start=\"546\"><span style=\"font-family: Cambria;\"><strong data-end=\"592\" data-start=\"546\">PPO\u2019dan \u00dcretilmi\u015f \u00c7ark ve Conta Tertibat\u0131:<\/strong>\u00a0\u00c7ark ve conta tertibat\u0131, PPO malzemesiyle \u00fcretilmi\u015ftir. Bu malzeme, s\u0131zd\u0131rmazl\u0131k ve dayan\u0131kl\u0131l\u0131k sa\u011flamakla kalmaz, ayn\u0131 zamanda pompada verimli bir su sirk\u00fclasyonu sa\u011flar. PPO&#8217;nun m\u00fckemmel \u00f6zellikleri, pompan\u0131n uzun s\u00fcre sorunsuz \u00e7al\u0131\u015fmas\u0131n\u0131 temin eder.<\/span><\/p>\n<\/li>\n<li data-end=\"1141\" data-start=\"849\">\n<p data-end=\"1141\" data-start=\"851\"><span style=\"font-family: Cambria;\"><strong data-end=\"906\" data-start=\"851\">Paslanmaz \u00c7elik AISI-420 Motor Mili ve IP55 Koruma:<\/strong>\u00a0Paslanmaz \u00e7elik AISI-420 motor mili, a\u015f\u0131nmaya kar\u015f\u0131 y\u00fcksek diren\u00e7 g\u00f6sterir ve pompan\u0131n uzun \u00f6m\u00fcrl\u00fc olmas\u0131n\u0131 sa\u011flar. IP55 koruma s\u0131n\u0131f\u0131 ile motor, su ve toz gibi d\u0131\u015f etmenlerden korunur, b\u00f6ylece her t\u00fcrl\u00fc zorlu ko\u015fulda g\u00fcvenle \u00e7al\u0131\u015f\u0131r.<\/span><\/p>\n<\/li>\n<li data-end=\"1492\" data-start=\"1143\">\n<p data-end=\"1492\" data-start=\"1145\"><span style=\"font-family: Cambria;\"><strong data-end=\"1212\" data-start=\"1145\">Burgmann Marka, Grat ve Seramikten \u00dcretilmi\u015f Mekanik Salmastra:<\/strong>\u00a0Pompan\u0131n mekanik salmastras\u0131, Burgmann markas\u0131 taraf\u0131ndan \u00fcretilmi\u015f ve grat ile seramik malzemeler kullan\u0131larak yap\u0131lm\u0131\u015ft\u0131r. Bu salmastra, y\u00fcksek g\u00fcvenlik ve s\u0131zd\u0131rmazl\u0131k sa\u011flar, b\u00f6ylece pompa i\u00e7indeki s\u0131v\u0131 kayb\u0131n\u0131 engeller ve verimli \u00e7al\u0131\u015fman\u0131n uzun s\u00fcre korunmas\u0131n\u0131 temin eder.<\/span><\/p>\n<\/li>\n<li data-end=\"1783\" data-start=\"1494\">\n<p data-end=\"1783\" data-start=\"1496\"><span style=\"font-family: Cambria;\"><strong data-end=\"1544\" data-start=\"1496\">Al\u00fcminyum Motor G\u00f6vdesi ve F S\u0131n\u0131f\u0131 Yal\u0131t\u0131m:<\/strong>\u00a0Motorun al\u00fcminyum g\u00f6vdesi, \u0131s\u0131y\u0131 etkili bir \u015fekilde da\u011f\u0131tarak motorun so\u011fumas\u0131na yard\u0131mc\u0131 olur. F s\u0131n\u0131f\u0131 yal\u0131t\u0131m, motorun y\u00fcksek s\u0131cakl\u0131klara kar\u015f\u0131 dayan\u0131kl\u0131 olmas\u0131n\u0131 sa\u011flar, b\u00f6ylece pompan\u0131n g\u00fcvenli ve uzun s\u00fcreli \u00e7al\u0131\u015fmas\u0131n\u0131 garantiler.<\/span><\/p>\n<\/li>\n<li data-end=\"2076\" data-start=\"1785\">\n<p data-end=\"2076\" data-start=\"1787\"><span style=\"font-family: Cambria;\"><strong data-end=\"1816\" data-start=\"1787\">S\u00fcrekli \u00c7al\u0131\u015fma \u00d6zelli\u011fi:<\/strong>\u00a0Bu pompa, s\u00fcrekli \u00e7al\u0131\u015fmaya uygun olarak tasarlanm\u0131\u015ft\u0131r. Uzun s\u00fcre boyunca kesintisiz \u00e7al\u0131\u015fabilme yetene\u011fi, pompan\u0131n verimli bir \u015fekilde performans\u0131n\u0131 s\u00fcrd\u00fcrebilmesini sa\u011flar. Bu \u00f6zellik, \u00f6zellikle y\u00fcksek kapasite gerektiren sistemlerde \u00f6nemli bir avantajd\u0131r.<\/span><\/p>\n<\/li>\n<\/ul>\n<\/div>\n<div id=\"ctl00_ContentPlaceHolder1_ProductControl1_MainControl1_TabControl1_ProductDescription1_CustomContentBottom\"><\/div>\n<div id=\"ccs-inline-content\" class=\"cnet-integration\"><\/div>\n<\/div>\n<\/div>\n<\/div>\n<\/div>\n<\/div>\n<\/div>\n<div id=\"techSpecs\" class=\"nXuZT1Pzi4C7_3wEWOdj\" data-test-id=\"KeyFeaturesTable\" data-hbus=\"{&quot;events&quot;:{&quot;view&quot;:[&quot;davinci&quot;]},&quot;data&quot;:{&quot;eventName&quot;:&quot;ComponentView&quot;,&quot;placement&quot;:&quot;Product Description&quot;,&quot;component&quot;:&quot;Key Features Table&quot;,&quot;component_detail&quot;:&quot;\u00dcr\u00fcn Bilgileri&quot;,&quot;category_hierarchy&quot;:&quot;&quot;,&quot;page_type&quot;:&quot;pdp&quot;,&quot;page_value&quot;:&quot;HBCV00006MIO4Y&quot;,&quot;position&quot;:&quot;&quot;,&quot;product_id&quot;:&quot;HBC00006MIO4X&quot;,&quot;merchant_name&quot;:&quot;E-Pool Market&quot;,&quot;merchant_id&quot;:&quot;5862189d-4069-408d-9005-6396f11d2cdd&quot;,&quot;listing_id&quot;:&quot;f61cb521-fe87-46b6-a124-7261d5d74063&quot;,&quot;price&quot;:&quot;20526.86&quot;,&quot;componentType&quot;:&quot;&quot;,&quot;component_order&quot;:&quot;&quot;,&quot;url&quot;:&quot;&quot;,&quot;payment_options&quot;:[],&quot;price_range&quot;:&quot;&quot;,&quot;other_seller&quot;:[],&quot;ABTest&quot;:&quot;&quot;,&quot;displayTextType&quot;:&quot;&quot;,&quot;popularSearches&quot;:[],&quot;contentGroupId&quot;:&quot;&quot;,&quot;contentId&quot;:&quot;&quot;},&quot;type&quot;:&quot;componentView&quot;}\">\n<div class=\"EMxlbecD_wwvmQITkhq1\">\u00dcr\u00fcn \u00f6zellikleri<\/div>\n<div class=\"EszDyx7JOHZtHsQ3ga5s\">\n<div class=\"jkj4C4LML4qv2Iq8GkL3\">\n<div class=\"OXP5AzPvafgN_i3y6wGp\">Garanti S\u00fcresi (Ay) 1<\/div>\n<\/div>\n<\/div>\n<\/div>\n","protected":false},"excerpt":{"rendered":"<p>Powerpool 1.50 Hp Majeuerx Trifaze Pompa Dayan\u0131kl\u0131, Verimli ve Uzun \u00d6m\u00fcrl\u00fc Pompa \u00c7\u00f6z\u00fcm\u00fc Camdan Yap\u0131lm\u0131\u015f Y\u00fcksek Dayan\u0131kl\u0131 Pompa G\u00f6vdesi, Ayaklar\u0131<\/p>\n","protected":false},"featured_media":29673,"template":"","meta":[],"product_brand":[638],"product_cat":[313,314],"product_tag":[641,642,639],"class_list":{"0":"post-29675","1":"product","2":"type-product","3":"status-publish","4":"has-post-thumbnail","6":"product_brand-powerpool","7":"product_cat-havuz-pompalari","8":"product_cat-havuz-pompalari-havuz-pompalari","9":"product_tag-641","10":"product_tag-5-hp-havuz-pompasi","11":"product_tag-powerpool-havuz-pompasi","13":"first","14":"instock","15":"taxable","16":"shipping-taxable","17":"purchasable","18":"product-type-simple"},"_links":{"self":[{"href":"https:\/\/tunahavuz.com\/online\/wp-json\/wp\/v2\/product\/29675","targetHints":{"allow":["GET"]}}],"collection":[{"href":"https:\/\/tunahavuz.com\/online\/wp-json\/wp\/v2\/product"}],"about":[{"href":"https:\/\/tunahavuz.com\/online\/wp-json\/wp\/v2\/types\/product"}],"version-history":[{"count":1,"href":"https:\/\/tunahavuz.com\/online\/wp-json\/wp\/v2\/product\/29675\/revisions"}],"predecessor-version":[{"id":29676,"href":"https:\/\/tunahavuz.com\/online\/wp-json\/wp\/v2\/product\/29675\/revisions\/29676"}],"wp:featuredmedia":[{"embeddable":true,"href":"https:\/\/tunahavuz.com\/online\/wp-json\/wp\/v2\/media\/29673"}],"wp:attachment":[{"href":"https:\/\/tunahavuz.com\/online\/wp-json\/wp\/v2\/media?parent=29675"}],"wp:term":[{"taxonomy":"product_brand","embeddable":true,"href":"https:\/\/tunahavuz.com\/online\/wp-json\/wp\/v2\/product_brand?post=29675"},{"taxonomy":"product_cat","embeddable":true,"href":"https:\/\/tunahavuz.com\/online\/wp-json\/wp\/v2\/product_cat?post=29675"},{"taxonomy":"product_tag","embeddable":true,"href":"https:\/\/tunahavuz.com\/online\/wp-json\/wp\/v2\/product_tag?post=29675"}],"curies":[{"name":"wp","href":"https:\/\/api.w.org\/{rel}","templated":true}]}}