{"id":8819,"date":"2022-11-28T04:10:39","date_gmt":"2022-11-28T01:10:39","guid":{"rendered":"http:\/\/tunahavuz.com\/?post_type=product&#038;p=8819"},"modified":"2025-08-07T12:33:29","modified_gmt":"2025-08-07T09:33:29","slug":"antech-lara-aps-2-litre-20-bar-dozaj-pompasi","status":"publish","type":"product","link":"https:\/\/tunahavuz.com\/online\/urun\/antech-lara-aps-2-litre-20-bar-dozaj-pompasi\/","title":{"rendered":"Antech Lara APS 2 Litre 20 Bar Dozaj Pompas\u0131"},"content":{"rendered":"<div class=\"product-detail\">\n<div>\n<h1>Antech LARA APS<\/h1>\n<h2>Antech Dozaj Pompas\u0131<\/h2>\n<h3>Dozaj Pompas\u0131<\/h3>\n<h4>2 Litre 20 Bar Dozaj Pompas\u0131<\/h4>\n<\/div>\n<div>Analog, S\u0131v\u0131 Seviye Kontroll\u00fc &amp; 1\/10 Ayarl\u0131 Dozaj Pompas\u0131<br \/>\n* \u00dczerinde bulunan potansiyometre ile strok h\u0131z\u0131 ayarlanabilen tasar\u0131m<br \/>\n* S\u0131v\u0131 seviye kontrol\u00fc<br \/>\n* 1\/10 ayar butonu<br \/>\n* Dikey monte edilen tasar\u0131m\u0131 sayesinde kolay ve esnek kurulum, kullan\u0131m<br \/>\n* A\u015f\u0131nd\u0131r\u0131c\u0131 kimyasallara kar\u015f\u0131 y\u00fcksek dayan\u0131kl\u0131l\u0131k sa\u011flayan tamam\u0131 plastik g\u00f6vde<br \/>\n* Elektronik devre ile kontrol edilen elektrom\u0131knat\u0131s ve uzun \u00f6m\u00fcrl\u00fc teflon (PTFE) diyafram<br \/>\n* Zirkonyum bilyeli tasar\u0131m\u0131 sayesinde daha az bak\u0131m<br \/>\n* Basma ve emme aksesuarlar\u0131 ile birlikte<\/div>\n<h5>Lara Dozaj Pompas\u0131 Teknik \u00d6zellikleri<\/h5>\n<p>&nbsp;<\/p>\n<p>&nbsp;<\/p>\n<div><img decoding=\"async\" src=\"https:\/\/havuzdan.myideasoft.com\/class\/INNOVAEditor\/assets\/ANTECHLARA\/teknik%C3%B6zellikleriLARA.jpg\" alt=\"\" border=\"0\" \/><\/div>\n<div><\/div>\n<div>Lara Serisi Teknik Resim<\/div>\n<div><img decoding=\"async\" src=\"https:\/\/havuzdan.myideasoft.com\/class\/INNOVAEditor\/assets\/ANTECHLARA\/iskeletLARA.jpg\" alt=\"\" border=\"0\" \/><\/div>\n<div><\/div>\n<h6>Antech Dozaj Pompas\u0131 Montaj \u015eemas\u0131<\/h6>\n<div>3 T\u00fcr Montaj Edilebilmektedir, \u015eemas\u0131 A\u015fa\u011f\u0131daki Gibidir.<\/div>\n<div><\/div>\n<div>1. Montaj \u015eemas\u0131<\/div>\n<div><img decoding=\"async\" src=\"https:\/\/havuzdan.myideasoft.com\/class\/INNOVAEditor\/assets\/ANTECHLARA\/Lara%20Serisi%20Montaj%20%C5%9Eemas%C4%B1.jpg\" alt=\"\" border=\"0\" \/><\/div>\n<div>\n<div><\/div>\n<div><\/div>\n<div><\/div>\n<div>\u00a02. Montaj \u015eemas\u0131<\/div>\n<\/div>\n<div><img decoding=\"async\" src=\"https:\/\/havuzdan.myideasoft.com\/class\/INNOVAEditor\/assets\/ANTECHLARA\/Lara%20Serisi%20Montaj%20%C5%9Eemas%C4%B11.jpg\" alt=\"\" border=\"0\" \/><\/div>\n<div><\/div>\n<div>\n<div>\u00a03. Montaj \u015eemas\u0131<\/div>\n<div><img decoding=\"async\" src=\"https:\/\/havuzdan.myideasoft.com\/class\/INNOVAEditor\/assets\/ANTECHLARA\/Lara%20Serisi%20Montaj%20%C5%9Eemas%C4%B12.jpg\" alt=\"\" border=\"0\" \/><\/div>\n<div><\/div>\n<div>Pakete Dahil Olan \u00dcr\u00fcnler<\/div>\n<div>\u00a0<img decoding=\"async\" src=\"https:\/\/www.havuzdan.com\/class\/INNOVAEditor\/assets\/ANTECHLARA\/PAKETEDAHIL\/paketedahilLARAAPS.jpg\" alt=\"\" border=\"0\" \/><\/div>\n<div><\/div>\n<div>\n<p>2 Y\u0131l Garanti S\u00fcresi<\/p>\n<p>Talep \u00fczerine \u00e7e\u015fitli se\u00e7enekler ve versiyonlar mevcuttur.<\/p>\n<p>Profesyoneller yada Bireyseller i\u00e7in y\u00fcksek kaliteli markalar\u0131, teknolojiye uygun \u00fcr\u00fcnleri <strong>tunahavuz<\/strong> olarak<br \/>\nT\u00fcrkiye\u2019nin d\u00f6rt bir yan\u0131na sunmaktay\u0131z. Ev Havuzu, Y\u00fczme Havuzu, Olimpik Havuzlar, Bah\u00e7e Havuzlar\u0131, G\u00f6letler ve<br \/>\nT\u00fcm Havuz \u0130htiya\u00e7lar\u0131n\u0131z\u0131 tam ve eksiksiz sa\u011flayabilmek i\u00e7in bir telefon kadar yak\u0131n\u0131n\u0131zday\u0131z&#8230;<\/p>\n<\/div>\n<\/div>\n<\/div>\n<div class=\"product-specs-table\">\n<table class=\"table\">\n<tbody>\n<tr>\n<td>Model<\/td>\n<td>:<\/td>\n<td>LARA APS<\/td>\n<\/tr>\n<tr>\n<td>\u00d6zellik<\/td>\n<td>:<\/td>\n<td>2 L\/h 20 Bar<\/td>\n<\/tr>\n<\/tbody>\n<\/table>\n<\/div>\n","protected":false},"excerpt":{"rendered":"<p>..<\/p>\n","protected":false},"featured_media":8825,"template":"","meta":[],"product_brand":[],"product_cat":[254,340],"product_tag":[],"class_list":{"0":"post-8819","1":"product","2":"type-product","3":"status-publish","4":"has-post-thumbnail","6":"product_cat-dozajlama-sistemleri","7":"product_cat-klor-ph-dozajlama","9":"first","10":"instock","11":"taxable","12":"shipping-taxable","13":"product-type-simple"},"_links":{"self":[{"href":"https:\/\/tunahavuz.com\/online\/wp-json\/wp\/v2\/product\/8819","targetHints":{"allow":["GET"]}}],"collection":[{"href":"https:\/\/tunahavuz.com\/online\/wp-json\/wp\/v2\/product"}],"about":[{"href":"https:\/\/tunahavuz.com\/online\/wp-json\/wp\/v2\/types\/product"}],"version-history":[{"count":1,"href":"https:\/\/tunahavuz.com\/online\/wp-json\/wp\/v2\/product\/8819\/revisions"}],"predecessor-version":[{"id":29568,"href":"https:\/\/tunahavuz.com\/online\/wp-json\/wp\/v2\/product\/8819\/revisions\/29568"}],"wp:featuredmedia":[{"embeddable":true,"href":"https:\/\/tunahavuz.com\/online\/wp-json\/wp\/v2\/media\/8825"}],"wp:attachment":[{"href":"https:\/\/tunahavuz.com\/online\/wp-json\/wp\/v2\/media?parent=8819"}],"wp:term":[{"taxonomy":"product_brand","embeddable":true,"href":"https:\/\/tunahavuz.com\/online\/wp-json\/wp\/v2\/product_brand?post=8819"},{"taxonomy":"product_cat","embeddable":true,"href":"https:\/\/tunahavuz.com\/online\/wp-json\/wp\/v2\/product_cat?post=8819"},{"taxonomy":"product_tag","embeddable":true,"href":"https:\/\/tunahavuz.com\/online\/wp-json\/wp\/v2\/product_tag?post=8819"}],"curies":[{"name":"wp","href":"https:\/\/api.w.org\/{rel}","templated":true}]}}