{"id":8861,"date":"2022-12-02T02:06:17","date_gmt":"2022-12-01T23:06:17","guid":{"rendered":"http:\/\/tunahavuz.com\/?post_type=product&#038;p=8861"},"modified":"2025-08-07T12:38:27","modified_gmt":"2025-08-07T09:38:27","slug":"astralpool-dozaj-pompasi-20-litre-5-bar-exactus-manuel-analog","status":"publish","type":"product","link":"https:\/\/tunahavuz.com\/online\/urun\/astralpool-dozaj-pompasi-20-litre-5-bar-exactus-manuel-analog\/","title":{"rendered":"AstralPool Dozaj Pompas\u0131 20 Litre 5 Bar Exactus Manuel Analog"},"content":{"rendered":"<div>\n<h1>AstralPool Exactus manuel analog<\/h1>\n<h2>AstralPool Dozajlama Pompas\u0131<\/h2>\n<h3>Exactus Dozaj Pompalar\u0131<\/h3>\n<h4>AstralPool 20 Litre 5 Bar Dozaj Pompas\u0131<\/h4>\n<h5>Dozaj Pompalar\u0131 \u2013 Halka A\u00e7\u0131k Havuzlar<\/h5>\n<h5>\u00a0Duvara monte elektronik analog manuel dozaj pompalar\u0131. Debisi manuel ayarlanabilir: %0-100 ve %0-20.<\/h5>\n<h6>Astral Dozaj Pompas\u0131 \u00d6zellikleri<\/h6>\n<\/div>\n<div>T\u00fcm sistemler EC y\u00f6netmeliklerine uygundur. IP-65 korumas\u0131.<\/div>\n<div>Elektrik ba\u011flant\u0131s\u0131:\u00a0220\/240 V 50\/60 Hz.<\/div>\n<div>S\u0131v\u0131 ile temas eden malzemeler:Polipropilen, Viton, Teflon ve PVC.<\/div>\n<div>\u0130stek \u00fczerine farkl\u0131 malzemelerde di\u011fer valf modelleri mevcuttur.<\/div>\n<div>Asit \u00f6nleyici plastik muhafaza i\u00e7erir. Dokunmatik neme dayan\u0131kl\u0131 g\u00f6sterge.<\/div>\n<div>Drenaj vanas\u0131 dahildir. Ya\u011flama gerektirmez, minimum bak\u0131m.<\/div>\n<div>Talep \u00fczerine \u00fcniteye \u00e7\u0131k\u0131\u015f, seviye sens\u00f6r\u00fc veya di\u011fer \u00e7al\u0131\u015fma voltajlar\u0131 verilebilir.<\/div>\n<h6>AstralPool Pompa E\u011frileri<\/h6>\n<div><img decoding=\"async\" src=\"https:\/\/havuzdan.myideasoft.com\/class\/INNOVAEditor\/assets\/ASTRALPOOLDOJP\/AstralPompaEgrileri.jpg\" alt=\"\" border=\"0\" \/><\/div>\n<div><\/div>\n<div>Standart i\u00e7erik:<br \/>\nPompa kafas\u0131:\u00a0PP&#8217;den mam\u00fcl, PVDF veya PTFE olarak sipari\u015f verilebilir.<br \/>\nDiyafram:\u00a0PTFE<br \/>\nVanalar:\u00a0FPM dudakl\u0131 valf (Viton) ve EPDM (Dutral), NBR (nitril) ve silikon gibi di\u011fer elastomerler sipari\u015f \u00fczerine mevcuttur. Seramik k\u00fcresel vanalar mevcuttur.<br \/>\nBa\u011flant\u0131:\u00a04 x 6 mm<br \/>\nT\u00fcm pompalarla birlikte verilen montaj kiti: emi\u015f filtresi , viton \u00e7ekvalf, emme\/basma hortumu 2&#8217;\u015fer metre.<\/div>\n<div><\/div>\n<div>\n<p>2 Y\u0131l Garanti S\u00fcresi<\/p>\n<p>Talep \u00fczerine \u00e7e\u015fitli se\u00e7enekler ve versiyonlar mevcuttur.<\/p>\n<p>Profesyoneller yada Bireyseller i\u00e7in y\u00fcksek kaliteli markalar\u0131, teknolojiye uygun \u00fcr\u00fcnleri TUNA HAVUZ olarak<br \/>\nT\u00fcrkiye\u2019nin d\u00f6rt bir yan\u0131na sunmaktay\u0131z. Ev Havuzu, Y\u00fczme Havuzu, Olimpik Havuzlar, Bah\u00e7e Havuzlar\u0131, G\u00f6letler ve<br \/>\nT\u00fcm Havuz \u0130htiya\u00e7lar\u0131n\u0131z\u0131 tam ve eksiksiz sa\u011flayabilmek i\u00e7in bir telefon kadar yak\u0131n\u0131n\u0131zday\u0131z&#8230;<\/p>\n<\/div>\n","protected":false},"excerpt":{"rendered":"<p>AstralPool Exactus manuel analog AstralPool Dozajlama Pompas\u0131 Exactus Dozaj Pompalar\u0131 AstralPool 20 Litre 5 Bar Dozaj Pompas\u0131 Dozaj Pompalar\u0131 \u2013<\/p>\n","protected":false},"featured_media":8863,"template":"","meta":[],"product_brand":[],"product_cat":[254,340],"product_tag":[],"class_list":{"0":"post-8861","1":"product","2":"type-product","3":"status-publish","4":"has-post-thumbnail","6":"product_cat-dozajlama-sistemleri","7":"product_cat-klor-ph-dozajlama","9":"first","10":"instock","11":"taxable","12":"shipping-taxable","13":"product-type-simple"},"_links":{"self":[{"href":"https:\/\/tunahavuz.com\/online\/wp-json\/wp\/v2\/product\/8861","targetHints":{"allow":["GET"]}}],"collection":[{"href":"https:\/\/tunahavuz.com\/online\/wp-json\/wp\/v2\/product"}],"about":[{"href":"https:\/\/tunahavuz.com\/online\/wp-json\/wp\/v2\/types\/product"}],"version-history":[{"count":1,"href":"https:\/\/tunahavuz.com\/online\/wp-json\/wp\/v2\/product\/8861\/revisions"}],"predecessor-version":[{"id":29571,"href":"https:\/\/tunahavuz.com\/online\/wp-json\/wp\/v2\/product\/8861\/revisions\/29571"}],"wp:featuredmedia":[{"embeddable":true,"href":"https:\/\/tunahavuz.com\/online\/wp-json\/wp\/v2\/media\/8863"}],"wp:attachment":[{"href":"https:\/\/tunahavuz.com\/online\/wp-json\/wp\/v2\/media?parent=8861"}],"wp:term":[{"taxonomy":"product_brand","embeddable":true,"href":"https:\/\/tunahavuz.com\/online\/wp-json\/wp\/v2\/product_brand?post=8861"},{"taxonomy":"product_cat","embeddable":true,"href":"https:\/\/tunahavuz.com\/online\/wp-json\/wp\/v2\/product_cat?post=8861"},{"taxonomy":"product_tag","embeddable":true,"href":"https:\/\/tunahavuz.com\/online\/wp-json\/wp\/v2\/product_tag?post=8861"}],"curies":[{"name":"wp","href":"https:\/\/api.w.org\/{rel}","templated":true}]}}