{"id":8933,"date":"2022-12-16T00:56:19","date_gmt":"2022-12-15T21:56:19","guid":{"rendered":"https:\/\/tunahavuz.com\/?post_type=product&#038;p=8933"},"modified":"2025-08-07T12:44:58","modified_gmt":"2025-08-07T09:44:58","slug":"antech-aquatic-havuz-dozajlama-sistemi-28-litre-3-bar-e","status":"publish","type":"product","link":"https:\/\/tunahavuz.com\/online\/urun\/antech-aquatic-havuz-dozajlama-sistemi-28-litre-3-bar-e\/","title":{"rendered":"Antech Aquatic Havuz Dozajlama Sistemi 2,8 Litre 3 Bar E"},"content":{"rendered":"<div>\n<h1>Antech Havuz Dozajlama Sistemi<\/h1>\n<h2>Havuz Klor Ph Dozajlama Sistemi<\/h2>\n<h3>Klor Ph \u00d6l\u00e7\u00fcm Dozaj Sistemi<\/h3>\n<h4>2,8 Litre 3 Bar E AQUATIC Kontrol Sistemi<\/h4>\n<h5>Antech Klor Ph \u00d6l\u00e7\u00fcm Sistemi \u00d6zellikleri<\/h5>\n<p>* 45&#215;60 panel \u00fczerinde ba\u011flant\u0131 elemanlar\u0131 monte edilmi\u015f halde<br \/>\n* AQUATIC 5,1L\/0,5B veya AQUATIC 2,8L\/3B se\u00e7ene\u011fi<br \/>\n* 2 adet seviye sensor giri\u015fi, 1 adet ak\u0131\u015f \u015fartel giri\u015fi \u00c7ift giri\u015fli elektrot haznesi<br \/>\n* Kalibrasyon s\u0131v\u0131lar\u0131 ve kalibrasyon raf\u0131<br \/>\n* PH ve ORP elektrodu<br \/>\n* (S\u0130STEM AQUATIC E\u2019de pH ve ORP elektrotlar\u0131 E modeldir.)<\/p><\/div>\n<div><\/div>\n<div>Pakete Dahil Olan \u00dcr\u00fcnler<\/div>\n<div><img decoding=\"async\" src=\"https:\/\/www.havuzdan.com\/class\/INNOVAEditor\/assets\/ANTECHDOZAJSIS\/dozajsistemiPAKETEHAG%C4%B0L.jpg\" alt=\"\" border=\"0\" \/><\/div>\n<div><\/div>\n<div>\n<p>2 Y\u0131l Garanti S\u00fcresi<\/p>\n<p>Talep \u00fczerine \u00e7e\u015fitli se\u00e7enekler ve versiyonlar mevcuttur.<\/p>\n<p>Profesyoneller yada Bireyseller i\u00e7in y\u00fcksek kaliteli markalar\u0131, teknolojiye uygun \u00fcr\u00fcnleri <strong>Tuna Havuz<\/strong> olarak<br \/>\nT\u00fcrkiye\u2019nin d\u00f6rt bir yan\u0131na sunmaktay\u0131z. Ev Havuzu, Y\u00fczme Havuzu, Olimpik Havuzlar, Bah\u00e7e Havuzlar\u0131, G\u00f6letler ve<br \/>\nT\u00fcm Havuz \u0130htiya\u00e7lar\u0131n\u0131z\u0131 tam ve eksiksiz sa\u011flayabilmek i\u00e7in bir telefon kadar yak\u0131n\u0131n\u0131zday\u0131z&#8230;<\/p>\n<\/div>\n","protected":false},"excerpt":{"rendered":"<p>Antech Havuz Dozajlama Sistemi Havuz Klor Ph Dozajlama Sistemi Klor Ph \u00d6l\u00e7\u00fcm Dozaj Sistemi 2,8 Litre 3 Bar E AQUATIC<\/p>\n","protected":false},"featured_media":8934,"template":"","meta":[],"product_brand":[],"product_cat":[254,340],"product_tag":[],"class_list":{"0":"post-8933","1":"product","2":"type-product","3":"status-publish","4":"has-post-thumbnail","6":"product_cat-dozajlama-sistemleri","7":"product_cat-klor-ph-dozajlama","9":"first","10":"instock","11":"taxable","12":"shipping-taxable","13":"product-type-simple"},"_links":{"self":[{"href":"https:\/\/tunahavuz.com\/online\/wp-json\/wp\/v2\/product\/8933","targetHints":{"allow":["GET"]}}],"collection":[{"href":"https:\/\/tunahavuz.com\/online\/wp-json\/wp\/v2\/product"}],"about":[{"href":"https:\/\/tunahavuz.com\/online\/wp-json\/wp\/v2\/types\/product"}],"version-history":[{"count":1,"href":"https:\/\/tunahavuz.com\/online\/wp-json\/wp\/v2\/product\/8933\/revisions"}],"predecessor-version":[{"id":29611,"href":"https:\/\/tunahavuz.com\/online\/wp-json\/wp\/v2\/product\/8933\/revisions\/29611"}],"wp:featuredmedia":[{"embeddable":true,"href":"https:\/\/tunahavuz.com\/online\/wp-json\/wp\/v2\/media\/8934"}],"wp:attachment":[{"href":"https:\/\/tunahavuz.com\/online\/wp-json\/wp\/v2\/media?parent=8933"}],"wp:term":[{"taxonomy":"product_brand","embeddable":true,"href":"https:\/\/tunahavuz.com\/online\/wp-json\/wp\/v2\/product_brand?post=8933"},{"taxonomy":"product_cat","embeddable":true,"href":"https:\/\/tunahavuz.com\/online\/wp-json\/wp\/v2\/product_cat?post=8933"},{"taxonomy":"product_tag","embeddable":true,"href":"https:\/\/tunahavuz.com\/online\/wp-json\/wp\/v2\/product_tag?post=8933"}],"curies":[{"name":"wp","href":"https:\/\/api.w.org\/{rel}","templated":true}]}}