{"id":8936,"date":"2022-12-16T00:58:17","date_gmt":"2022-12-15T21:58:17","guid":{"rendered":"https:\/\/tunahavuz.com\/?post_type=product&amp;p=8936"},"modified":"2022-12-16T00:58:17","modified_gmt":"2022-12-15T21:58:17","slug":"seko-dozaj-otomatik-kontrol-panosu-tekna-evo-803-aks-pompali-wf-sk","status":"publish","type":"product","link":"https:\/\/tunahavuz.com\/online\/urun\/seko-dozaj-otomatik-kontrol-panosu-tekna-evo-803-aks-pompali-wf-sk\/","title":{"rendered":"Seko Dozaj Otomatik Kontrol Panosu Tekna Evo 803 AKS Pompal\u0131 WF\/SK"},"content":{"rendered":"<h1>Seko Dozaj Otomatik Kontrol Panosu Tekna Evo AKS Pompal\u0131<\/h1>\n<h1><img decoding=\"async\" src=\"https:\/\/www.havuzdan.com\/class\/INNOVAEditor\/assets\/Neta_15515253011_akl800_aks800_6.png\" alt=\"\" border=\"0\" \/><\/h1>\n<p>Talep \u00fczerine \u00e7e\u015fitli se\u00e7enekler ve versiyonlar mevcuttur.<\/p>\n<p>Profesyoneller yada Bireyseller i\u00e7in y\u00fcksek kaliteli markalar\u0131, teknolojiye uygun \u00fcr\u00fcnleri <strong>Tuna Havuz<\/strong> olarak<br \/>\nT\u00fcrkiye\u2019nin d\u00f6rt bir yan\u0131na sunmaktay\u0131z. Ev Havuzu, Y\u00fczme Havuzu, Olimpik Havuzlar, Bah\u00e7e Havuzlar\u0131, G\u00f6letler ve<br \/>\nT\u00fcm Havuz \u0130htiya\u00e7lar\u0131n\u0131z\u0131 tam ve eksiksiz sa\u011flayabilmek i\u00e7in bir telefon kadar yak\u0131n\u0131n\u0131zday\u0131z&#8230;<\/p>\n","protected":false},"excerpt":{"rendered":"<p>Seko Dozaj Otomatik Kontrol Panosu Tekna Evo AKS Pompal\u0131 Talep \u00fczerine \u00e7e\u015fitli se\u00e7enekler ve versiyonlar mevcuttur. Profesyoneller yada Bireyseller i\u00e7in<\/p>\n","protected":false},"featured_media":8937,"template":"","meta":[],"product_brand":[],"product_cat":[254,340],"product_tag":[],"class_list":{"0":"post-8936","1":"product","2":"type-product","3":"status-publish","4":"has-post-thumbnail","6":"product_cat-dozajlama-sistemleri","7":"product_cat-klor-ph-dozajlama","9":"first","10":"instock","11":"taxable","12":"shipping-taxable","13":"product-type-simple"},"_links":{"self":[{"href":"https:\/\/tunahavuz.com\/online\/wp-json\/wp\/v2\/product\/8936","targetHints":{"allow":["GET"]}}],"collection":[{"href":"https:\/\/tunahavuz.com\/online\/wp-json\/wp\/v2\/product"}],"about":[{"href":"https:\/\/tunahavuz.com\/online\/wp-json\/wp\/v2\/types\/product"}],"version-history":[{"count":0,"href":"https:\/\/tunahavuz.com\/online\/wp-json\/wp\/v2\/product\/8936\/revisions"}],"wp:featuredmedia":[{"embeddable":true,"href":"https:\/\/tunahavuz.com\/online\/wp-json\/wp\/v2\/media\/8937"}],"wp:attachment":[{"href":"https:\/\/tunahavuz.com\/online\/wp-json\/wp\/v2\/media?parent=8936"}],"wp:term":[{"taxonomy":"product_brand","embeddable":true,"href":"https:\/\/tunahavuz.com\/online\/wp-json\/wp\/v2\/product_brand?post=8936"},{"taxonomy":"product_cat","embeddable":true,"href":"https:\/\/tunahavuz.com\/online\/wp-json\/wp\/v2\/product_cat?post=8936"},{"taxonomy":"product_tag","embeddable":true,"href":"https:\/\/tunahavuz.com\/online\/wp-json\/wp\/v2\/product_tag?post=8936"}],"curies":[{"name":"wp","href":"https:\/\/api.w.org\/{rel}","templated":true}]}}