{"id":8939,"date":"2022-12-16T01:01:23","date_gmt":"2022-12-15T22:01:23","guid":{"rendered":"https:\/\/tunahavuz.com\/?post_type=product&#038;p=8939"},"modified":"2025-08-07T12:45:06","modified_gmt":"2025-08-07T09:45:06","slug":"gemas-tuz-klor-jeneratoru-30-gr-set","status":"publish","type":"product","link":"https:\/\/tunahavuz.com\/online\/urun\/gemas-tuz-klor-jeneratoru-30-gr-set\/","title":{"rendered":"Gema\u015f Tuz Klor Jenerat\u00f6r\u00fc 30 gr. Set"},"content":{"rendered":"<h2>GEMA\u015e TUZ KLOR JENERAT\u00d6R\u00dc 30 Gr.<\/h2>\n<h2>+ Ph KONTROL S\u0130STEM\u0130<\/h2>\n<div><\/div>\n<div><img decoding=\"async\" src=\"https:\/\/www.havuzdan.com\/class\/INNOVAEditor\/assets\/GEMASTUZKLOR30GR\/G%C4%B0R%C4%B0%C5%9E.png\" alt=\"\" border=\"0\" \/><\/p>\n<div>\n<h3>Tuz Klor Jenerat\u00f6r\u00fc + PH Kontrol Sistemi<\/h3>\n<p>150 M\u00b3 Havuzlar i\u00e7in kullan\u0131ma uygundur.<br \/>\nSaatte 30 gram tuz \u00fcretim kapasitesine sahiptir.<br \/>\nElektrot \u00f6mr\u00fc 14.000 saattir.<\/p><\/div>\n<div>\nBu \u00fcr\u00fcn ikilisinde tuz klor jenerat\u00f6r\u00fc, havuz suyunda<\/div>\n<div>tuzdan klor \u00fcreterek iki ana parametreden biri olan kloru \u00fcretir.<\/div>\n<div>Havuz suyuna 1 ton suya 4 kg tuz eklenerek elektroliz y\u00f6ntemiyle klor \u00fcretir.<\/div>\n<div>Cihaz saatte 30 gram klor \u00fcretme kapasitesine sahiptir.<\/div>\n<div>150 m\u00b3 (ton)&#8217;e kadar olan havuzlar i\u00e7in verimli bir \u015fekilde \u00e7al\u0131\u015f\u0131r.<br \/>\nPh kontrol sistemi ise sudaki ph&#8217;\u0131 otomatik olarak \u00f6l\u00e7er ve ph y\u00fcksek ise ph seviyesini d\u00fc\u015f\u00fcr\u00fcr.<\/div>\n<div>\u0130stenilen ph set de\u011feri ekrana girilerek ( tavsiye edilen en iyi ph aral\u0131\u011f\u0131 7,0-7,4 ) \u00f6rne\u011fin 7,4 girilirse,<\/div>\n<div>havuz suyunun ph&#8217;\u0131 7,5 veya 7,6 oldu\u011funda sistem otomatik olarak \u00e7al\u0131\u015f\u0131r ve ph&#8217;\u0131 7,4&#8217;e d\u00fc\u015f\u00fcr\u00fcr.<\/div>\n<div>Havuz suyunun ph&#8217;\u0131 7,3 ise ph dozajlamas\u0131 yapmaz. Ph sistemi i\u00e7in s\u0131v\u0131 ph d\u00fc\u015f\u00fcr\u00fcc\u00fc kullan\u0131l\u0131r.<\/div>\n<div>Sistem ihtiya\u00e7 olan ph&#8217;\u0131, ph bidonu veya tank\u0131ndan \u00e7ekerek havuz ba\u011flant\u0131s\u0131na enjekte eder.<\/div>\n<div>Ph kontrol sistemi makine dairesine kurulur,<\/div>\n<div>havuz borulama sistemine \u00f6l\u00e7\u00fcm sens\u00f6r\u00fc ve basma enjekt\u00f6r\u00fc ba\u011flan\u0131r.<\/div>\n<div><\/div>\n<div>\n<div>Tuz Klor Jenerat\u00f6r\u00fc \u00d6zellikleri<br \/>\nCihaz, saatte 30 gram klor \u00fcretme kapasitesine sahiptir.<br \/>\n80-150 m\u00b3 (ton) havuzlar i\u00e7in kullan\u0131m\u0131 uygundur.<br \/>\nKire\u00e7lenmeye kar\u015f\u0131 elektrotunu belirli aral\u0131klarla temizleme \u00f6zelli\u011fine sahiptir.<br \/>\nSay\u0131sal ekran, suyun s\u0131cakl\u0131k de\u011ferini ve ekran alt\u0131ndaki LED&#8217;ler ise \u00e7al\u0131\u015fma y\u00fczdesini g\u00f6sterir.<br \/>\nCihaz\u0131n temizlik ama\u00e7l\u0131 kutup de\u011fi\u015fimi, suyun sertlik derecesine g\u00f6re 1-8 saat aral\u0131\u011f\u0131nda ayarlanabilir.<br \/>\nFabrika ayar\u0131 6 saatte birdir.<\/div>\n<div>\u00c7al\u0131\u015fma esnas\u0131nda ak\u0131\u015f h\u00fccresi renkli LED&#8217;ler ile ayd\u0131nlat\u0131l\u0131r.<\/div>\n<div>Kutup de\u011fi\u015fimi s\u0131ras\u0131nda LED&#8217;ler renk de\u011fi\u015ftirir.<br \/>\nAlarm durumunda k\u0131rm\u0131z\u0131 \u0131\u015f\u0131k yan\u0131p s\u00f6ner.<br \/>\nCihaz toplam \u00e7al\u0131\u015fma saatini haf\u0131zas\u0131na kay\u0131t eder.<br \/>\nElektrotlar titanyumdan \u00fcretilmi\u015ftir ve ortalama 14000 saat \u00f6m\u00fcrl\u00fcd\u00fcr.<br \/>\nCihaz mevcut her havuza kolayl\u0131kla monte edilebilir.<br \/>\nCihaz tercihe g\u00f6re sa\u011f ve sol taraftan yap\u0131labilir.<\/div>\n<h1><\/h1>\n<\/div>\n<div><img decoding=\"async\" src=\"https:\/\/www.havuzdan.com\/class\/INNOVAEditor\/assets\/GEMASTUZKLOR30GR\/MALZEMELER.png\" alt=\"\" border=\"0\" \/><\/div>\n<div><\/div>\n<div>PH Kontrol Sistemi<\/div>\n<div>\n<div>Peristaltik dozaj reg\u00fclat\u00f6r\u00fc<br \/>\nOransal \u00e7al\u0131\u015fma %0-%100 aral\u0131\u011f\u0131nda ayar<br \/>\n1,6 lt\/h, 1 bar, 30 rpm, 4\u00d77 santopren hortum<br \/>\nIP 65 koruma s\u0131n\u0131f\u0131<br \/>\n0-14 aral\u0131\u011f\u0131nda PH \u00f6l\u00e7\u00fcm\u00fc<br \/>\n0,1 hassasiyet<br \/>\nYar\u0131 otomatik sens\u00f6r kalibrasyonu<br \/>\nProb kalite kontrol\u00fc<br \/>\nProb, prob tutucu sol\u00fcsyon ve montaj kiti, enjeksiyon vanas\u0131, emi\u015f hortumu ve basma hortumu ile birlikte gelir.<br \/>\nBoyutu 115\u00d7183\u00d7109 mm<br \/>\nDebi 5 lt\/h yada 10 lt\/h<\/div>\n<div><\/div>\n<div><\/div>\n<div><img decoding=\"async\" src=\"https:\/\/havuzdan.myideasoft.com\/class\/INNOVAEditor\/assets\/GEMASTUZKLOR30GR\/MONTAJ%C5%9EEKL%C4%B01.png\" alt=\"\" border=\"0\" \/><\/div>\n<div><\/div>\n<\/div>\n<div>\n<p>Talep \u00fczerine \u00e7e\u015fitli se\u00e7enekler ve versiyonlar mevcuttur.<\/p>\n<p>Profesyoneller yada Bireyseller i\u00e7in y\u00fcksek kaliteli markalar\u0131, teknolojiye uygun \u00fcr\u00fcnleri <strong>Tuna Havuz<\/strong> olarak<br \/>\nT\u00fcrkiye\u2019nin d\u00f6rt bir yan\u0131na sunmaktay\u0131z. Ev Havuzu, Y\u00fczme Havuzu, Olimpik Havuzlar, Bah\u00e7e Havuzlar\u0131, G\u00f6letler ve<br \/>\nT\u00fcm Havuz \u0130htiya\u00e7lar\u0131n\u0131z\u0131 tam ve eksiksiz sa\u011flayabilmek i\u00e7in bir telefon kadar yak\u0131n\u0131n\u0131zday\u0131z&#8230;<\/p>\n<\/div>\n<\/div>\n","protected":false},"excerpt":{"rendered":"<p>GEMA\u015e TUZ KLOR JENERAT\u00d6R\u00dc 30 Gr. + Ph KONTROL S\u0130STEM\u0130 Tuz Klor Jenerat\u00f6r\u00fc + PH Kontrol Sistemi 150 M\u00b3 Havuzlar<\/p>\n","protected":false},"featured_media":8940,"template":"","meta":[],"product_brand":[],"product_cat":[254,340],"product_tag":[],"class_list":{"0":"post-8939","1":"product","2":"type-product","3":"status-publish","4":"has-post-thumbnail","6":"product_cat-dozajlama-sistemleri","7":"product_cat-klor-ph-dozajlama","9":"first","10":"instock","11":"taxable","12":"shipping-taxable","13":"product-type-simple"},"_links":{"self":[{"href":"https:\/\/tunahavuz.com\/online\/wp-json\/wp\/v2\/product\/8939","targetHints":{"allow":["GET"]}}],"collection":[{"href":"https:\/\/tunahavuz.com\/online\/wp-json\/wp\/v2\/product"}],"about":[{"href":"https:\/\/tunahavuz.com\/online\/wp-json\/wp\/v2\/types\/product"}],"version-history":[{"count":1,"href":"https:\/\/tunahavuz.com\/online\/wp-json\/wp\/v2\/product\/8939\/revisions"}],"predecessor-version":[{"id":29612,"href":"https:\/\/tunahavuz.com\/online\/wp-json\/wp\/v2\/product\/8939\/revisions\/29612"}],"wp:featuredmedia":[{"embeddable":true,"href":"https:\/\/tunahavuz.com\/online\/wp-json\/wp\/v2\/media\/8940"}],"wp:attachment":[{"href":"https:\/\/tunahavuz.com\/online\/wp-json\/wp\/v2\/media?parent=8939"}],"wp:term":[{"taxonomy":"product_brand","embeddable":true,"href":"https:\/\/tunahavuz.com\/online\/wp-json\/wp\/v2\/product_brand?post=8939"},{"taxonomy":"product_cat","embeddable":true,"href":"https:\/\/tunahavuz.com\/online\/wp-json\/wp\/v2\/product_cat?post=8939"},{"taxonomy":"product_tag","embeddable":true,"href":"https:\/\/tunahavuz.com\/online\/wp-json\/wp\/v2\/product_tag?post=8939"}],"curies":[{"name":"wp","href":"https:\/\/api.w.org\/{rel}","templated":true}]}}