{"id":8942,"date":"2022-12-16T01:03:56","date_gmt":"2022-12-15T22:03:56","guid":{"rendered":"https:\/\/tunahavuz.com\/?post_type=product&#038;p=8942"},"modified":"2025-08-07T12:45:14","modified_gmt":"2025-08-07T09:45:14","slug":"astral-poolguard-ph-redox-kontrol-paneli","status":"publish","type":"product","link":"https:\/\/tunahavuz.com\/online\/urun\/astral-poolguard-ph-redox-kontrol-paneli\/","title":{"rendered":"Astral Poolguard pH, Redox Kontrol Paneli"},"content":{"rendered":"<h1>Astral Poolguard pH, Redox Kontrol Paneli<\/h1>\n<h1><\/h1>\n<h1>POOLGUARD otomatik kontrol sistemi<\/h1>\n<h1>Bir adet pH Exactus reg\u00fclat\u00f6r, 10 l\/h, 5 bar 1 adet Rx Exactus reg\u00fclat\u00f6r, 10 lt\/h, 5<\/h1>\n<h1>bar. 1 adet \u00f6n filtre 1 adet elektrot ta\u015f\u0131y\u0131c\u0131 \u015feffaf hazne, 1 adet pH elektrotu, 1 adet Rx elektrotu, pH (7) sol\u00fcsyon, pH (9)<\/h1>\n<h1>sol\u00fcsyonu ve redox 650 mV sol\u00fcsyonu ile beraber. Panel \u00fczerine monte edilmi\u015f montaja haz\u0131r tak \u00e7al\u0131\u015ft\u0131r sistem.<\/h1>\n<h1><\/h1>\n<h1><img decoding=\"async\" src=\"https:\/\/www.havuzdan.com\/class\/INNOVAEditor\/assets\/pHRedox\/pH%20redox%20kontrol%20paneli%20modeller.jpg\" alt=\"\" border=\"0\" \/><img decoding=\"async\" src=\"https:\/\/www.havuzdan.com\/class\/INNOVAEditor\/assets\/pHRedox\/pH%20redox%20kontrol%20paneli%20modeller%201.jpg\" alt=\"\" border=\"0\" \/><\/h1>\n<h1><\/h1>\n<h1><\/h1>\n<div>Zodiac<sup>\u00ae<\/sup>\u00a0ve Fluidra i\u00e7in hedef \u00e7ok a\u00e7\u0131k: y\u00fczme havuzu ve wellness alan\u0131nda en iyi tecr\u00fcbeyi yaratmak.<\/div>\n<div><\/div>\n<div>Fluidra hakk\u0131nda:<\/p>\n<p>Fluidra \u0130spanya Borsas\u0131\u2019nda i\u015flem g\u00f6ren ve konut ve ticari havuz pazar\u0131 i\u00e7in \u00fcr\u00fcn, hizmet ve yenilik\u00e7i IDO \u00e7\u00f6z\u00fcmleri geli\u015ftirmekte uzmanla\u015fm\u0131\u015f uluslararas\u0131 bir \u015firkettir. \u015eirket 45\u2019den fazla \u00fclkede faaliyet g\u00f6stermekte ve portf\u00f6y\u00fcnde sekt\u00f6r\u00fcn en \u00e7ok tan\u0131nan ve en g\u00fcvenilir baz\u0131 marklar\u0131n\u0131 bulundurmaktad\u0131r, bunlardan ba\u015fl\u0131ca olanlar\u0131 Jandy<sup>\u00ae<\/sup>, Astralpool<sup>\u00ae<\/sup>, Polaris<sup>\u00ae<\/sup>, Cepex<sup>\u00ae<\/sup>, Zodiac<sup>\u00ae<\/sup>, CTX professional\u00a0ve Gre<sup>\u00ae<\/sup>\u2019dir.<\/div>\n<div>Zodiac<sup>\u00ae<\/sup>\u00a0markas\u0131,\u00a0durmaks\u0131z\u0131n yenilik\u00e7i bir yakla\u015f\u0131mla en iyi teknolojiyi geli\u015ftirir. Zamanla, ke\u015fifler ve bulu\u015flar, \u015firkete g\u00f6ky\u00fcz\u00fcne, ard\u0131ndan da suya, en \u00f6nemlisi de g\u00fcn\u00fcm\u00fczde hala ge\u00e7erli olan markaya \u00f6nemli bir \u00fcne sahip olacak olan ilk kau\u00e7uk bot ilavesiyle \u00fcn kazand\u0131rm\u0131\u015ft\u0131r.<\/div>\n<div>Pazar e\u011filimleri, \u00f6nc\u00fcl\u00fck ruhu, m\u00fckemmel olma kararl\u0131l\u0131\u011f\u0131 &#8230; Bunlar, Zodiac<sup>\u00ae<\/sup>&#8216;\u0131n artan g\u00fcvenlik ve performans i\u00e7in sayg\u0131 g\u00f6stermeye gayret eden kelimelerdir. Bu, ge\u00e7en y\u00fczy\u0131l boyunca markan\u0131n sizin i\u00e7in bir itibar olu\u015fturmas\u0131n\u0131 ve m\u00fc\u015fterilerinizle, sizinle\u00a0g\u00fcvenen bir ili\u015fki\u00a0kurmas\u0131n\u0131 sa\u011flayan bir felsefedir.<\/div>\n<div><\/div>\n<div>\n<p>Talep \u00fczerine \u00e7e\u015fitli se\u00e7enekler ve versiyonlar mevcuttur.<\/p>\n<p>Profesyoneller yada Bireyseller i\u00e7in y\u00fcksek kaliteli markalar\u0131, teknolojiye uygun \u00fcr\u00fcnleri <strong>Tuna Havuz<\/strong> olarak<br \/>\nT\u00fcrkiye\u2019nin d\u00f6rt bir yan\u0131na sunmaktay\u0131z. Ev Havuzu, Y\u00fczme Havuzu, Olimpik Havuzlar, Bah\u00e7e Havuzlar\u0131, G\u00f6letler ve<br \/>\nT\u00fcm Havuz \u0130htiya\u00e7lar\u0131n\u0131z\u0131 tam ve eksiksiz sa\u011flayabilmek i\u00e7in bir telefon kadar yak\u0131n\u0131n\u0131zday\u0131z&#8230;<\/p>\n<\/div>\n","protected":false},"excerpt":{"rendered":"<p>Astral Poolguard pH, Redox Kontrol Paneli POOLGUARD otomatik kontrol sistemi Bir adet pH Exactus reg\u00fclat\u00f6r, 10 l\/h, 5 bar 1<\/p>\n","protected":false},"featured_media":8943,"template":"","meta":[],"product_brand":[],"product_cat":[254,340],"product_tag":[],"class_list":{"0":"post-8942","1":"product","2":"type-product","3":"status-publish","4":"has-post-thumbnail","6":"product_cat-dozajlama-sistemleri","7":"product_cat-klor-ph-dozajlama","9":"first","10":"instock","11":"taxable","12":"shipping-taxable","13":"product-type-simple"},"_links":{"self":[{"href":"https:\/\/tunahavuz.com\/online\/wp-json\/wp\/v2\/product\/8942","targetHints":{"allow":["GET"]}}],"collection":[{"href":"https:\/\/tunahavuz.com\/online\/wp-json\/wp\/v2\/product"}],"about":[{"href":"https:\/\/tunahavuz.com\/online\/wp-json\/wp\/v2\/types\/product"}],"version-history":[{"count":1,"href":"https:\/\/tunahavuz.com\/online\/wp-json\/wp\/v2\/product\/8942\/revisions"}],"predecessor-version":[{"id":29613,"href":"https:\/\/tunahavuz.com\/online\/wp-json\/wp\/v2\/product\/8942\/revisions\/29613"}],"wp:featuredmedia":[{"embeddable":true,"href":"https:\/\/tunahavuz.com\/online\/wp-json\/wp\/v2\/media\/8943"}],"wp:attachment":[{"href":"https:\/\/tunahavuz.com\/online\/wp-json\/wp\/v2\/media?parent=8942"}],"wp:term":[{"taxonomy":"product_brand","embeddable":true,"href":"https:\/\/tunahavuz.com\/online\/wp-json\/wp\/v2\/product_brand?post=8942"},{"taxonomy":"product_cat","embeddable":true,"href":"https:\/\/tunahavuz.com\/online\/wp-json\/wp\/v2\/product_cat?post=8942"},{"taxonomy":"product_tag","embeddable":true,"href":"https:\/\/tunahavuz.com\/online\/wp-json\/wp\/v2\/product_tag?post=8942"}],"curies":[{"name":"wp","href":"https:\/\/api.w.org\/{rel}","templated":true}]}}