{"id":8948,"date":"2022-12-16T01:06:52","date_gmt":"2022-12-15T22:06:52","guid":{"rendered":"https:\/\/tunahavuz.com\/?post_type=product&#038;p=8948"},"modified":"2025-08-07T12:45:30","modified_gmt":"2025-08-07T09:45:30","slug":"zodiac-tuz-elektroliz-cihazi-dual-link","status":"publish","type":"product","link":"https:\/\/tunahavuz.com\/online\/urun\/zodiac-tuz-elektroliz-cihazi-dual-link\/","title":{"rendered":"Zodiac Tuz Elektroliz Cihaz\u0131 Dual Link"},"content":{"rendered":"<div>\n<h1>TUZ ELEKTROL\u0130Z C\u0130HAZLARI<\/h1>\n<h2>Zodiac Elektroliz Cihaz\u0131<\/h2>\n<h3>Zodiac Tuz Elektroliz Cihaz\u0131<\/h3>\n<h4>Dual Link<\/h4>\n<\/div>\n<p>&nbsp;<\/p>\n<p><img decoding=\"async\" src=\"https:\/\/www.havuzdan.com\/class\/INNOVAEditor\/assets\/ZODIACPHDUALLINK\/elektrolizgir%C5%9F%C5%9E.png\" alt=\"\" border=\"0\" \/><\/p>\n<div>+ Dezenfeksiyon ve dozlama sistemlerine adapte<br \/>\n+ Otomatik reg\u00fclasyon<br \/>\n+ Do\u011fru ve kolay okuma (POD kit ile beraber y\u00fcksek kaliteli cam sens\u00f6rler)<\/div>\n<div>\n<div>Tuz Elektroliz Cihaz\u0131 A\u00e7\u0131klama<br \/>\nModel:\u00a0pH Link \/ Dual Link<br \/>\nKullan\u0131c\u0131 Ara Y\u00fcz\u00fc:\u00a0Ana cihaz ara y\u00fcz\u00fcnde (4-sat\u0131r, ayd\u0131nlatmal\u0131 LCD ekran)<br \/>\nKalibrasyon Yar\u0131 otomatik, 2 etapl\u0131 pH 4 ve pH 7 &amp; ORP 470 mV (kalibrasyon s\u0131v\u0131lar\u0131 dahildir)<br \/>\nSet de\u011feri:\u00a0Fabrika ayar\u0131: pH = 7,2 \/ ORP = 700 mV<br \/>\nSens\u00f6r Konumu:\u00a0Dikey, POD kit \u00fczerinde (POD kit \u00fcr\u00fcnle birlikte verilir)<br \/>\nG\u00fcvenlik:\u00a0A\u015f\u0131r\u0131 dozlama emniyeti, d\u00fc\u015f\u00fck \u00f6lc\u00fcm, tak\u0131l\u0131 olmayan sensor, bozuk sensor (pH Link)<\/div>\n<\/div>\n<div><\/div>\n<div><img decoding=\"async\" src=\"https:\/\/www.havuzdan.com\/class\/INNOVAEditor\/assets\/ZODIACPHDUALLINK\/hangi%20havuzlari%C3%A7in.jpg\" alt=\"\" border=\"0\" \/><\/div>\n<div><\/div>\n<div>\n<div>\n<div>Zodiac Elektroliz Cihaz\u0131 Teknik \u00d6zellikleri<br \/>\nModel:\u00a0pH Link<br \/>\nSensor tipi pH veya ORP:\u00a0Kombine sensor, kolay ba\u011flant\u0131 ve basit delikli, O12 mm cam g\u00f6vde<br \/>\nOkuma aral\u0131\u011f\u0131:\u00a00,0 -12,0 pH<br \/>\nOkuma hassasiyeti:\u00a00,1 pH<br \/>\nSensor tolerans\u0131:\u00a00-60 \u00b0C, su h\u0131z\u0131 \u2264 2 m\/s<br \/>\nMaksimum kar\u015f\u0131 bas\u0131n\u00e7 (enjeksiyon noktas\u0131):\u00a01,5 bar<br \/>\nPeristaltik pH pompas\u0131n\u0131n debisi:\u00a01,2 L\/h<br \/>\nH\u00fccre boyutlar\u0131 (L x w x h):\u00a030,5 x 18,1 x 11,5 cm<\/div>\n<div><\/div>\n<\/div>\n<\/div>\n<div>\n<div>\n<h5>Elektroliz Cihaz\u0131 Montaj \u015eemas\u0131<\/h5>\n<p>\u2022 Cihaz\u0131 do\u011frudan tuz elektroliz cihaz\u0131na ba\u011flay\u0131n.<br \/>\n\u2022 Mod\u00fcl ve sensor h\u00fccresi aras\u0131 mesafe 1,5m (3 metre uzatma kablosu opsiyonel)<br \/>\n\u2022 Do\u011fru \u00f6l\u00e7\u00fcm i\u00e7in sensor (ler) dikey olacak \u015fekilde POD Kit \u00fczerine monte edilmelidir.<br \/>\npH Link &amp; Dual Link mod\u00fclleri montaj diyagramlar\u0131:<\/p><\/div>\n<\/div>\n<div><img decoding=\"async\" src=\"https:\/\/www.havuzdan.com\/class\/INNOVAEditor\/assets\/ZODIACPHDUALLINK\/montaj%C5%9Femas%C4%B1.jpg\" alt=\"\" border=\"0\" \/><\/div>\n<div><\/div>\n<div>\n<p>2 y\u0131l garantili sarf malzemeleri hari\u00e7tir. (ORP elektrodu, kalibrasyon kiti, peristaltik hortum, cekvalf )<\/p>\n<p>Talep \u00fczerine \u00e7e\u015fitli se\u00e7enekler ve versiyonlar mevcuttur.<\/p>\n<p>Profesyoneller yada Bireyseller i\u00e7in y\u00fcksek kaliteli markalar\u0131, teknolojiye uygun \u00fcr\u00fcnleri <strong>Tuna Havuz<\/strong> olarak<br \/>\nT\u00fcrkiye\u2019nin d\u00f6rt bir yan\u0131na sunmaktay\u0131z. Ev Havuzu, Y\u00fczme Havuzu, Olimpik Havuzlar, Bah\u00e7e Havuzlar\u0131, G\u00f6letler ve<br \/>\nT\u00fcm Havuz \u0130htiya\u00e7lar\u0131n\u0131z\u0131 tam ve eksiksiz sa\u011flayabilmek i\u00e7in bir telefon kadar yak\u0131n\u0131n\u0131zday\u0131z&#8230;<\/p>\n<\/div>\n","protected":false},"excerpt":{"rendered":"<p>TUZ ELEKTROL\u0130Z C\u0130HAZLARI Zodiac Elektroliz Cihaz\u0131 Zodiac Tuz Elektroliz Cihaz\u0131 Dual Link &nbsp; + Dezenfeksiyon ve dozlama sistemlerine adapte +<\/p>\n","protected":false},"featured_media":8949,"template":"","meta":[],"product_brand":[],"product_cat":[254,340],"product_tag":[],"class_list":{"0":"post-8948","1":"product","2":"type-product","3":"status-publish","4":"has-post-thumbnail","6":"product_cat-dozajlama-sistemleri","7":"product_cat-klor-ph-dozajlama","9":"first","10":"instock","11":"taxable","12":"shipping-taxable","13":"product-type-simple"},"_links":{"self":[{"href":"https:\/\/tunahavuz.com\/online\/wp-json\/wp\/v2\/product\/8948","targetHints":{"allow":["GET"]}}],"collection":[{"href":"https:\/\/tunahavuz.com\/online\/wp-json\/wp\/v2\/product"}],"about":[{"href":"https:\/\/tunahavuz.com\/online\/wp-json\/wp\/v2\/types\/product"}],"version-history":[{"count":1,"href":"https:\/\/tunahavuz.com\/online\/wp-json\/wp\/v2\/product\/8948\/revisions"}],"predecessor-version":[{"id":29615,"href":"https:\/\/tunahavuz.com\/online\/wp-json\/wp\/v2\/product\/8948\/revisions\/29615"}],"wp:featuredmedia":[{"embeddable":true,"href":"https:\/\/tunahavuz.com\/online\/wp-json\/wp\/v2\/media\/8949"}],"wp:attachment":[{"href":"https:\/\/tunahavuz.com\/online\/wp-json\/wp\/v2\/media?parent=8948"}],"wp:term":[{"taxonomy":"product_brand","embeddable":true,"href":"https:\/\/tunahavuz.com\/online\/wp-json\/wp\/v2\/product_brand?post=8948"},{"taxonomy":"product_cat","embeddable":true,"href":"https:\/\/tunahavuz.com\/online\/wp-json\/wp\/v2\/product_cat?post=8948"},{"taxonomy":"product_tag","embeddable":true,"href":"https:\/\/tunahavuz.com\/online\/wp-json\/wp\/v2\/product_tag?post=8948"}],"curies":[{"name":"wp","href":"https:\/\/api.w.org\/{rel}","templated":true}]}}