{"id":8951,"date":"2022-12-16T01:11:42","date_gmt":"2022-12-15T22:11:42","guid":{"rendered":"https:\/\/tunahavuz.com\/?post_type=product&#038;p=8951"},"modified":"2025-08-07T12:45:39","modified_gmt":"2025-08-07T09:45:39","slug":"75-w-ultraviole-ozon-dezenfeksiyon-sistemi","status":"publish","type":"product","link":"https:\/\/tunahavuz.com\/online\/urun\/75-w-ultraviole-ozon-dezenfeksiyon-sistemi\/","title":{"rendered":"75 W UltraViole + Ozon Dezenfeksiyon Sistemi"},"content":{"rendered":"<div>\n<div>\n<h1>75 W UltraViole + Ozon Havuz Dezenfeksiyon Sistemi<\/h1>\n<h2>Gema\u015f UltraViole Havuz Dezenfeksiyon Sistemi<\/h2>\n<\/div>\n<div>\n<h3>Ozon + UltraViole Havuz Dezenfeksiyon Sistemi<\/h3>\n<h4>Ozon + UV-C Cihaz\u0131 (Blue logoon)<\/h4>\n<\/div>\n<h3>\u00a0<img decoding=\"async\" src=\"https:\/\/www.havuzdan.com\/class\/INNOVAEditor\/assets\/gemasDEZENFEKSIYON\/havuzdan1giri%C5%9F.png\" alt=\"\" border=\"0\" \/><\/h3>\n<p>Ozon + UV Cihaz\u0131, bir taraftan \u00f6zel dalga boylu UV ampul\u00fc i\u00e7erisinde olu\u015fturulan ozonu venturi yard\u0131m\u0131yla emip,<\/p><\/div>\n<div>havuz sirk\u00fclasyon suyuna aktar\u0131rken, di\u011fer taraftan ayn\u0131 ozon ampul\u00fcn\u00fcn kuvars k\u0131l\u0131f\u0131ndan<\/div>\n<div>havuz suyuna direkt \u0131\u015f\u0131n\u0131m\u0131yla kombine dezenfeksiyon i\u015flevini ger\u00e7ekle\u015ftirir.<\/div>\n<div>Cihazda \u00fcretilen ozon gaz\u0131 venturi sistemiyle havuz basma hatt\u0131na emdirilir. Cihaz, baypas vanal\u0131 venturisi ile kompledir.<\/div>\n<div>Mevcut havuz tesisatlar\u0131na kolayl\u0131kla tesis edilebilecek \u015fekilde tasarlanm\u0131\u015ft\u0131r. Cihaz g\u00f6vdesi 316L paslanmaz \u00e7eliktir.<\/div>\n<div>Ampul\u00fc \u00f6mr\u00fcn\u00fc tamamlad\u0131\u011f\u0131nda sinyalle haber verir, zaman saatlidir. Venturinin emi\u015f g\u00fcc\u00fc giri\u015fteki manometreyi<\/div>\n<div>0,4 &#8211; 0,7 bar aral\u0131\u011f\u0131nda tutarak vana yard\u0131m\u0131yla ayarlan\u0131r. Ampul g\u00fcc\u00fc 87 wat, \u0131\u015f\u0131n\u0131m g\u00fcc\u00fc 28 wat, ozon \u00e7\u0131k\u0131\u015f\u0131 0,6 g\/h\u2019t\u0131r.<\/div>\n<div>\u00dcretici taraf\u0131ndan tavsiye edilen havuz kapasitesi tablodaki gibidir.<br \/>\nEv havuzlar\u0131nda klor kullan\u0131m\u0131n\u0131 %90\u2019a kadar azaltabilir. Ozon yard\u0131m\u0131yla sudaki g\u00fcne\u015f ya\u011flar\u0131, kozmetikler, \u00fcre ve ter yok edilir.<\/div>\n<div>Bu i\u015flemlerin ard\u0131ndan UV-C \u0131\u015f\u0131n\u0131m\u0131na maruz kalan havuz suyu dezenfeksiyonla birlikte art\u0131k ozonu da s\u0131f\u0131rlar.<\/div>\n<div><\/div>\n<div>\u00a0<img decoding=\"async\" src=\"https:\/\/www.havuzdan.com\/class\/INNOVAEditor\/assets\/gemasDEZENFEKSIYON\/giri%C5%9Fson.png\" alt=\"\" border=\"0\" \/><\/div>\n<div><\/div>\n<div>\n<h5>UltraViole Havuz Dezenfeksiyon Sistemi Teknik \u00d6zellikleri<\/h5>\n<p>Havuz Hacmi (m3):\u00a075<br \/>\nMax. Debi (m3\/h):\u00a025<br \/>\nMax. \u00c7al\u0131\u015fma Bas\u0131nc\u0131 (bar):\u00a02<br \/>\n\u00c7ap (mm):\u00a072<br \/>\nUzunluk (cm):\u00a0100<br \/>\n\u00c7\u0131k\u0131\u015f \u00c7ap\u0131 (mm):\u00a063<br \/>\nPaslanmaz \u00c7elik:\u00a0316L<br \/>\nElektronik Balast:\u00a0230V AC 50\/60Hz<br \/>\nMax. Ak\u0131m (Amper):\u00a00,57<br \/>\nLamba G\u00fcc\u00fc (W):\u00a075<br \/>\nDalga Boyu:\u00a0253,7<br \/>\nLamba Voltaj\u0131:\u00a097<br \/>\nLamba Ak\u0131m\u0131 (Amper):\u00a00,80<br \/>\nUV-C 100h c\u0131k\u0131\u015f (W):\u00a025<br \/>\n\u03bcW\/cm2 1 metre:\u00a0144<br \/>\nLamba Tipi:\u00a0Ozone lamp 75 W<br \/>\nOzon:Var &#8211; 0,6 gr\/h<br \/>\nZaman Ayar\u0131:\u00a0Var<br \/>\nLamba De\u011fi\u015fim Uyar\u0131s\u0131:\u00a0Var<br \/>\nKimyasal Kullan\u0131m Azal\u0131m\u0131:\u00a0%90<br \/>\nA\u011f\u0131rl\u0131k(kg):\u00a07,7<br \/>\nAmbalaj \u00d6l\u00e7\u00fcleri (mm):\u00a0370 x 130 x 1110<\/p><\/div>\n<div><\/div>\n<div>\n<p>Talep \u00fczerine \u00e7e\u015fitli se\u00e7enekler ve versiyonlar mevcuttur.<\/p>\n<p>Profesyoneller yada Bireyseller i\u00e7in y\u00fcksek kaliteli markalar\u0131, teknolojiye uygun \u00fcr\u00fcnleri <strong>Tuna Havuz<\/strong> olarak<br \/>\nT\u00fcrkiye\u2019nin d\u00f6rt bir yan\u0131na sunmaktay\u0131z. Ev Havuzu, Y\u00fczme Havuzu, Olimpik Havuzlar, Bah\u00e7e Havuzlar\u0131, G\u00f6letler ve<br \/>\nT\u00fcm Havuz \u0130htiya\u00e7lar\u0131n\u0131z\u0131 tam ve eksiksiz sa\u011flayabilmek i\u00e7in bir telefon kadar yak\u0131n\u0131n\u0131zday\u0131z&#8230;<\/p>\n<\/div>\n","protected":false},"excerpt":{"rendered":"<p>75 W UltraViole + Ozon Havuz Dezenfeksiyon Sistemi Gema\u015f UltraViole Havuz Dezenfeksiyon Sistemi Ozon + UltraViole Havuz Dezenfeksiyon Sistemi Ozon<\/p>\n","protected":false},"featured_media":8952,"template":"","meta":[],"product_brand":[],"product_cat":[254,522],"product_tag":[],"class_list":{"0":"post-8951","1":"product","2":"type-product","3":"status-publish","4":"has-post-thumbnail","6":"product_cat-dozajlama-sistemleri","7":"product_cat-uv-dezenfeksiyon-cihazlari","9":"first","10":"instock","11":"taxable","12":"shipping-taxable","13":"product-type-simple"},"_links":{"self":[{"href":"https:\/\/tunahavuz.com\/online\/wp-json\/wp\/v2\/product\/8951","targetHints":{"allow":["GET"]}}],"collection":[{"href":"https:\/\/tunahavuz.com\/online\/wp-json\/wp\/v2\/product"}],"about":[{"href":"https:\/\/tunahavuz.com\/online\/wp-json\/wp\/v2\/types\/product"}],"version-history":[{"count":1,"href":"https:\/\/tunahavuz.com\/online\/wp-json\/wp\/v2\/product\/8951\/revisions"}],"predecessor-version":[{"id":29616,"href":"https:\/\/tunahavuz.com\/online\/wp-json\/wp\/v2\/product\/8951\/revisions\/29616"}],"wp:featuredmedia":[{"embeddable":true,"href":"https:\/\/tunahavuz.com\/online\/wp-json\/wp\/v2\/media\/8952"}],"wp:attachment":[{"href":"https:\/\/tunahavuz.com\/online\/wp-json\/wp\/v2\/media?parent=8951"}],"wp:term":[{"taxonomy":"product_brand","embeddable":true,"href":"https:\/\/tunahavuz.com\/online\/wp-json\/wp\/v2\/product_brand?post=8951"},{"taxonomy":"product_cat","embeddable":true,"href":"https:\/\/tunahavuz.com\/online\/wp-json\/wp\/v2\/product_cat?post=8951"},{"taxonomy":"product_tag","embeddable":true,"href":"https:\/\/tunahavuz.com\/online\/wp-json\/wp\/v2\/product_tag?post=8951"}],"curies":[{"name":"wp","href":"https:\/\/api.w.org\/{rel}","templated":true}]}}