{"id":8957,"date":"2022-12-16T01:18:36","date_gmt":"2022-12-15T22:18:36","guid":{"rendered":"https:\/\/tunahavuz.com\/?post_type=product&#038;p=8957"},"modified":"2025-08-07T12:45:55","modified_gmt":"2025-08-07T09:45:55","slug":"gemas-ozon-jeneratoru-icin-gaz-tahliye-vanasi","status":"publish","type":"product","link":"https:\/\/tunahavuz.com\/online\/urun\/gemas-ozon-jeneratoru-icin-gaz-tahliye-vanasi\/","title":{"rendered":"Gema\u015f Ozon Jenerat\u00f6r\u00fc i\u00e7in Gaz Tahliye Vanas\u0131"},"content":{"rendered":"<h2>Gema\u015f CORONA Ozon Jenerat\u00f6r\u00fc<\/h2>\n<h3>Ozan Jenerat\u00f6r\u00fc i\u00e7in Gaz Tahliye Vanas\u0131<\/h3>\n<div>1\/2\u201d, ithal, 316 P.\u00c7elik Flat\u00f6r<br \/>\nGEMA\u015e CORONA Ozon Jenerat\u00f6r\u00fc i\u00e7in Gaz Tahliye Vanas\u0131.<\/div>\n<div>Ozona dayan\u0131kl\u0131 s\u00fclfon g\u00f6vde<\/div>\n<div><\/div>\n<div>\n<p>Talep \u00fczerine \u00e7e\u015fitli se\u00e7enekler ve versiyonlar mevcuttur.<\/p>\n<p>Profesyoneller yada Bireyseller i\u00e7in y\u00fcksek kaliteli markalar\u0131, teknolojiye uygun \u00fcr\u00fcnleri <strong>Tuna Havuz<\/strong> olarak<br \/>\nT\u00fcrkiye\u2019nin d\u00f6rt bir yan\u0131na sunmaktay\u0131z. Ev Havuzu, Y\u00fczme Havuzu, Olimpik Havuzlar, Bah\u00e7e Havuzlar\u0131, G\u00f6letler ve<br \/>\nT\u00fcm Havuz \u0130htiya\u00e7lar\u0131n\u0131z\u0131 tam ve eksiksiz sa\u011flayabilmek i\u00e7in bir telefon kadar yak\u0131n\u0131n\u0131zday\u0131z&#8230;<\/p>\n<\/div>\n","protected":false},"excerpt":{"rendered":"<p>Gema\u015f CORONA Ozon Jenerat\u00f6r\u00fc Ozan Jenerat\u00f6r\u00fc i\u00e7in Gaz Tahliye Vanas\u0131 1\/2\u201d, ithal, 316 P.\u00c7elik Flat\u00f6r GEMA\u015e CORONA Ozon Jenerat\u00f6r\u00fc i\u00e7in<\/p>\n","protected":false},"featured_media":8958,"template":"","meta":[],"product_brand":[],"product_cat":[254,404],"product_tag":[],"class_list":{"0":"post-8957","1":"product","2":"type-product","3":"status-publish","4":"has-post-thumbnail","6":"product_cat-dozajlama-sistemleri","7":"product_cat-ozon-jeneratorleri","9":"first","10":"instock","11":"taxable","12":"shipping-taxable","13":"product-type-simple"},"_links":{"self":[{"href":"https:\/\/tunahavuz.com\/online\/wp-json\/wp\/v2\/product\/8957","targetHints":{"allow":["GET"]}}],"collection":[{"href":"https:\/\/tunahavuz.com\/online\/wp-json\/wp\/v2\/product"}],"about":[{"href":"https:\/\/tunahavuz.com\/online\/wp-json\/wp\/v2\/types\/product"}],"version-history":[{"count":1,"href":"https:\/\/tunahavuz.com\/online\/wp-json\/wp\/v2\/product\/8957\/revisions"}],"predecessor-version":[{"id":29618,"href":"https:\/\/tunahavuz.com\/online\/wp-json\/wp\/v2\/product\/8957\/revisions\/29618"}],"wp:featuredmedia":[{"embeddable":true,"href":"https:\/\/tunahavuz.com\/online\/wp-json\/wp\/v2\/media\/8958"}],"wp:attachment":[{"href":"https:\/\/tunahavuz.com\/online\/wp-json\/wp\/v2\/media?parent=8957"}],"wp:term":[{"taxonomy":"product_brand","embeddable":true,"href":"https:\/\/tunahavuz.com\/online\/wp-json\/wp\/v2\/product_brand?post=8957"},{"taxonomy":"product_cat","embeddable":true,"href":"https:\/\/tunahavuz.com\/online\/wp-json\/wp\/v2\/product_cat?post=8957"},{"taxonomy":"product_tag","embeddable":true,"href":"https:\/\/tunahavuz.com\/online\/wp-json\/wp\/v2\/product_tag?post=8957"}],"curies":[{"name":"wp","href":"https:\/\/api.w.org\/{rel}","templated":true}]}}