{"id":8960,"date":"2022-12-16T01:20:05","date_gmt":"2022-12-15T22:20:05","guid":{"rendered":"https:\/\/tunahavuz.com\/?post_type=product&#038;p=8960"},"modified":"2025-08-07T12:44:13","modified_gmt":"2025-08-07T09:44:13","slug":"neta-ozon-jeneratoru-10-gr-h","status":"publish","type":"product","link":"https:\/\/tunahavuz.com\/online\/urun\/neta-ozon-jeneratoru-10-gr-h\/","title":{"rendered":"Neta Ozon Jenerat\u00f6r\u00fc 10 gr\/h"},"content":{"rendered":"<div>\n<h2>Neta Ozon Jenerat\u00f6r\u00fc<\/h2>\n<h3>Ozon Jenerat\u00f6r\u00fc 10 gr\/h<\/h3>\n<h4>OZON JENERAT\u00d6RLER\u0130<\/h4>\n<p>\u2022 Model 10 Gr\/h<br \/>\n\u2022 Havuz Hacmi 1000 m\u00b3<br \/>\n\u2022 Ayarlanabilir ozon \u00fcretimi<br \/>\n\u2022 Paslanmaz \u00e7elik d\u0131\u015f kabin<br \/>\n\u2022 65 lt hava pompas\u0131<br \/>\n\u2022 Hava so\u011futmal\u0131d\u0131r<br \/>\n\u2022 Hava kaynakl\u0131 ve oksijen kaynakl\u0131 kullan\u0131labilir<br \/>\n\u2022 Portatiftir<\/p>\n<\/div>\n<div>\n<h5>OZONE GENERATORS<\/h5>\n<p>\u2022 Model 10 Gr\/h<br \/>\n\u2022 Pool Volume 1000 m\u00b3<br \/>\n\u2022 Adjustable ozone output<br \/>\n\u2022 Stainless steel outer cabinet<br \/>\n\u2022 Containing 65 lt air compressor inside<br \/>\n\u2022 With air-cooling<br \/>\n\u2022 Both air source and oxygen souorce are acceptable<br \/>\n\u2022 Portable<\/p>\n<\/div>\n<div>Ozon jenerat\u00f6r bi\u00e7imindeki hidroksil t\u00fcplerden olu\u015fan bo\u015faltma haznesi ve korona de\u015farj\u0131ndan \u00fcretilmi\u015ftir.<\/div>\n<div>\u00d6zel anti-durgun yap\u0131daki dizayn\u0131, dayanma s\u00fcresinin di\u011fer fabrikalara oranla \u00e7ok daha uzun olmas\u0131n\u0131 sa\u011flar.<\/div>\n<div>Mod\u00fcler tasar\u0131m, elektrik devresinde kabul g\u00f6rm\u00fc\u015ft\u00fcr. Yal\u0131tkan element, boru hatt\u0131 ve ta\u015f\u0131y\u0131c\u0131 ba\u011flar\u0131n t\u00fcm\u00fc<\/div>\n<div>uzun \u00e7al\u0131\u015fma \u00f6mr\u00fcn\u00fc, korona yo\u011funlu\u011funu, d\u00fc\u015f\u00fck s\u0131cakl\u0131\u011f\u0131 ve daha y\u00fcksek ozon konsantrasyonunu sa\u011flamak i\u00e7in antioksidatif par\u00e7alard\u0131r.<\/div>\n<div>Bile\u015fimi<br \/>\nJenerat\u00f6r \u00fcnitesi (elektrik devresi, y\u00fcksek voltaj jenerat\u00f6r\u00fc, bo\u015faltma haznesi)<br \/>\nPaslanmaz \u00e7elik d\u0131\u015f kabin,65L hava pompas\u0131 (baz\u0131 havuzlarda 65 L hava pompas\u0131 bulunmayabilir)<br \/>\nAmpermetre, vantilat\u00f6r, ba\u011flant\u0131 boru hatt\u0131, ozon cihazlar\u0131, belirtici \u0131\u015f\u0131k.<\/div>\n<div><\/div>\n<div>\n<p>Talep \u00fczerine \u00e7e\u015fitli se\u00e7enekler ve versiyonlar mevcuttur.<\/p>\n<p>Profesyoneller yada Bireyseller i\u00e7in y\u00fcksek kaliteli markalar\u0131, teknolojiye uygun \u00fcr\u00fcnleri <strong>Tuna Havuz<\/strong> olarak<br \/>\nT\u00fcrkiye\u2019nin d\u00f6rt bir yan\u0131na sunmaktay\u0131z. Ev Havuzu, Y\u00fczme Havuzu, Olimpik Havuzlar, Bah\u00e7e Havuzlar\u0131, G\u00f6letler ve<br \/>\nT\u00fcm Havuz \u0130htiya\u00e7lar\u0131n\u0131z\u0131 tam ve eksiksiz sa\u011flayabilmek i\u00e7in bir telefon kadar yak\u0131n\u0131n\u0131zday\u0131z&#8230;<\/p>\n<\/div>\n","protected":false},"excerpt":{"rendered":"<p>Neta Ozon Jenerat\u00f6r\u00fc Ozon Jenerat\u00f6r\u00fc 10 gr\/h OZON JENERAT\u00d6RLER\u0130 \u2022 Model 10 Gr\/h \u2022 Havuz Hacmi 1000 m\u00b3 \u2022 Ayarlanabilir<\/p>\n","protected":false},"featured_media":8961,"template":"","meta":[],"product_brand":[],"product_cat":[254,404],"product_tag":[],"class_list":{"0":"post-8960","1":"product","2":"type-product","3":"status-publish","4":"has-post-thumbnail","6":"product_cat-dozajlama-sistemleri","7":"product_cat-ozon-jeneratorleri","9":"first","10":"instock","11":"taxable","12":"shipping-taxable","13":"product-type-simple"},"_links":{"self":[{"href":"https:\/\/tunahavuz.com\/online\/wp-json\/wp\/v2\/product\/8960","targetHints":{"allow":["GET"]}}],"collection":[{"href":"https:\/\/tunahavuz.com\/online\/wp-json\/wp\/v2\/product"}],"about":[{"href":"https:\/\/tunahavuz.com\/online\/wp-json\/wp\/v2\/types\/product"}],"version-history":[{"count":1,"href":"https:\/\/tunahavuz.com\/online\/wp-json\/wp\/v2\/product\/8960\/revisions"}],"predecessor-version":[{"id":29606,"href":"https:\/\/tunahavuz.com\/online\/wp-json\/wp\/v2\/product\/8960\/revisions\/29606"}],"wp:featuredmedia":[{"embeddable":true,"href":"https:\/\/tunahavuz.com\/online\/wp-json\/wp\/v2\/media\/8961"}],"wp:attachment":[{"href":"https:\/\/tunahavuz.com\/online\/wp-json\/wp\/v2\/media?parent=8960"}],"wp:term":[{"taxonomy":"product_brand","embeddable":true,"href":"https:\/\/tunahavuz.com\/online\/wp-json\/wp\/v2\/product_brand?post=8960"},{"taxonomy":"product_cat","embeddable":true,"href":"https:\/\/tunahavuz.com\/online\/wp-json\/wp\/v2\/product_cat?post=8960"},{"taxonomy":"product_tag","embeddable":true,"href":"https:\/\/tunahavuz.com\/online\/wp-json\/wp\/v2\/product_tag?post=8960"}],"curies":[{"name":"wp","href":"https:\/\/api.w.org\/{rel}","templated":true}]}}