{"id":8967,"date":"2022-12-16T01:25:57","date_gmt":"2022-12-15T22:25:57","guid":{"rendered":"https:\/\/tunahavuz.com\/?post_type=product&#038;p=8967"},"modified":"2025-08-07T12:43:57","modified_gmt":"2025-08-07T09:43:57","slug":"neta-dispenser-wf-mini-200-gr-tablet-kapasiteli","status":"publish","type":"product","link":"https:\/\/tunahavuz.com\/online\/urun\/neta-dispenser-wf-mini-200-gr-tablet-kapasiteli\/","title":{"rendered":"Neta Dispenser WF Mini (200 gr tablet kapasiteli)"},"content":{"rendered":"<div>\n<h1>DISPENSER<\/h1>\n<h2>Neta Dispenser<\/h2>\n<p>\u2022 ABS plastik enjeksiyondan \u00fcretilmi\u015ftir<\/p><\/div>\n<div>\u2022 Tablet klorun havuz suyuna kademeli verilmesini sa\u011flar<\/div>\n<div>\u2022 200 gr. tablet kapesitesi vard\u0131r.<\/div>\n<div><\/div>\n<div>\n<p>Talep \u00fczerine \u00e7e\u015fitli se\u00e7enekler ve versiyonlar mevcuttur.<\/p>\n<p>Profesyoneller yada Bireyseller i\u00e7in y\u00fcksek kaliteli markalar\u0131, teknolojiye uygun \u00fcr\u00fcnleri <strong>Tuna Havuz<\/strong> olarak<br \/>\nT\u00fcrkiye\u2019nin d\u00f6rt bir yan\u0131na sunmaktay\u0131z. Ev Havuzu, Y\u00fczme Havuzu, Olimpik Havuzlar, Bah\u00e7e Havuzlar\u0131, G\u00f6letler ve<br \/>\nT\u00fcm Havuz \u0130htiya\u00e7lar\u0131n\u0131z\u0131 tam ve eksiksiz sa\u011flayabilmek i\u00e7in bir telefon kadar yak\u0131n\u0131n\u0131zday\u0131z&#8230;<\/p>\n<\/div>\n<p>&nbsp;<\/p>\n","protected":false},"excerpt":{"rendered":"<p>DISPENSER Neta Dispenser \u2022 ABS plastik enjeksiyondan \u00fcretilmi\u015ftir \u2022 Tablet klorun havuz suyuna kademeli verilmesini sa\u011flar \u2022 200 gr. tablet<\/p>\n","protected":false},"featured_media":8968,"template":"","meta":[],"product_brand":[],"product_cat":[254,491],"product_tag":[],"class_list":{"0":"post-8967","1":"product","2":"type-product","3":"status-publish","4":"has-post-thumbnail","6":"product_cat-dozajlama-sistemleri","7":"product_cat-tablet-klor-dispenserleri","9":"first","10":"instock","11":"taxable","12":"shipping-taxable","13":"product-type-simple"},"_links":{"self":[{"href":"https:\/\/tunahavuz.com\/online\/wp-json\/wp\/v2\/product\/8967","targetHints":{"allow":["GET"]}}],"collection":[{"href":"https:\/\/tunahavuz.com\/online\/wp-json\/wp\/v2\/product"}],"about":[{"href":"https:\/\/tunahavuz.com\/online\/wp-json\/wp\/v2\/types\/product"}],"version-history":[{"count":1,"href":"https:\/\/tunahavuz.com\/online\/wp-json\/wp\/v2\/product\/8967\/revisions"}],"predecessor-version":[{"id":29604,"href":"https:\/\/tunahavuz.com\/online\/wp-json\/wp\/v2\/product\/8967\/revisions\/29604"}],"wp:featuredmedia":[{"embeddable":true,"href":"https:\/\/tunahavuz.com\/online\/wp-json\/wp\/v2\/media\/8968"}],"wp:attachment":[{"href":"https:\/\/tunahavuz.com\/online\/wp-json\/wp\/v2\/media?parent=8967"}],"wp:term":[{"taxonomy":"product_brand","embeddable":true,"href":"https:\/\/tunahavuz.com\/online\/wp-json\/wp\/v2\/product_brand?post=8967"},{"taxonomy":"product_cat","embeddable":true,"href":"https:\/\/tunahavuz.com\/online\/wp-json\/wp\/v2\/product_cat?post=8967"},{"taxonomy":"product_tag","embeddable":true,"href":"https:\/\/tunahavuz.com\/online\/wp-json\/wp\/v2\/product_tag?post=8967"}],"curies":[{"name":"wp","href":"https:\/\/api.w.org\/{rel}","templated":true}]}}