{"id":8970,"date":"2022-12-16T01:27:29","date_gmt":"2022-12-15T22:27:29","guid":{"rendered":"https:\/\/tunahavuz.com\/?post_type=product&#038;p=8970"},"modified":"2025-08-07T12:43:51","modified_gmt":"2025-08-07T09:43:51","slug":"blue-line-yuzer-dispanser-200-gr-tatlet-astralpool","status":"publish","type":"product","link":"https:\/\/tunahavuz.com\/online\/urun\/blue-line-yuzer-dispanser-200-gr-tatlet-astralpool\/","title":{"rendered":"Blue Line Y\u00fczer Dispanser 200 Gr Tatlet AstralPool"},"content":{"rendered":"<div>\n<h1>Y\u00dcZER D\u0130SPENSER ASTRALPOOL BLUE LINE<\/h1>\n<h2>AstralPool Blue Line Dispanser<\/h2>\n<h3>Dispanser<\/h3>\n<\/div>\n<div>Ergonomik kapa\u011f\u0131 sayesinde kolay kullan\u0131ml\u0131 havuz klor dozaj\u0131 sa\u011flar.<\/div>\n<div>Y\u00fcksek etkili polistirenden \u00fcretilen bu model, mat k\u00f6pekbal\u0131\u011f\u0131 grisi bir kaplamaya sahiptir.<\/div>\n<div>1 tablet 200 gr kapasitelidir.\u00a0Blue Line AstralPool y\u00fczer klor dispenseri\u00a0AstralPool markas\u0131n\u0131n havuz bak\u0131m\u0131 i\u00e7in<\/div>\n<div>Blue Line aksesuar serisinden\u00a0200 \/ 250 gr tabletler i\u00e7in\u00a0y\u00fczer klor dispenseri .<\/div>\n<div><\/div>\n<div>\n<div>Y\u00fczer Dispanser \u00d6zellikleri ve faydalar\u0131<\/div>\n<p>* Suda \u00e7\u00f6z\u00fcnen kimyasal \u00fcr\u00fcn miktar\u0131n\u0131\u00a0d\u00fczenlemenizi sa\u011flayan alt halkaya sahiptir.<br \/>\n* Ayr\u0131ca, havuz merdivenine ba\u011flaman\u0131z\u0131 sa\u011flayan \u00fcst k\u0131sm\u0131nda bir halka bulunur.<br \/>\n* Kimyasal tabletlerin h\u0131zl\u0131 de\u011fi\u015ftirilmesi i\u00e7in\u00a0ergonomik \u00fcst kapak .<br \/>\n* Mavi ve gri renklerin \u00e7ekici bir kombinasyonunda\u00a0y\u00fcksek diren\u00e7li\u00a0termoplastik malzemeden yap\u0131lm\u0131\u015ft\u0131r.<br \/>\n* AstralPool garantisi ile temel havuz bak\u0131m i\u015flerinde en iyi fiyata verimlilik.<br \/>\n* Havuz bak\u0131m\u0131 i\u00e7in\u00a0Blue Line serisi AstralPool aksesuarlar\u0131n\u0131n\u00a0bir par\u00e7as\u0131d\u0131r .<\/p><\/div>\n<div><\/div>\n<div>\n<p>Talep \u00fczerine \u00e7e\u015fitli se\u00e7enekler ve versiyonlar mevcuttur.<\/p>\n<p>Profesyoneller yada Bireyseller i\u00e7in y\u00fcksek kaliteli markalar\u0131, teknolojiye uygun \u00fcr\u00fcnleri <strong>Tuna Havuz<\/strong> olarak<br \/>\nT\u00fcrkiye\u2019nin d\u00f6rt bir yan\u0131na sunmaktay\u0131z. Ev Havuzu, Y\u00fczme Havuzu, Olimpik Havuzlar, Bah\u00e7e Havuzlar\u0131, G\u00f6letler ve<br \/>\nT\u00fcm Havuz \u0130htiya\u00e7lar\u0131n\u0131z\u0131 tam ve eksiksiz sa\u011flayabilmek i\u00e7in bir telefon kadar yak\u0131n\u0131n\u0131zday\u0131z&#8230;<\/p>\n<\/div>\n","protected":false},"excerpt":{"rendered":"<p>Y\u00dcZER D\u0130SPENSER ASTRALPOOL BLUE LINE AstralPool Blue Line Dispanser Dispanser Ergonomik kapa\u011f\u0131 sayesinde kolay kullan\u0131ml\u0131 havuz klor dozaj\u0131 sa\u011flar. Y\u00fcksek<\/p>\n","protected":false},"featured_media":8971,"template":"","meta":[],"product_brand":[],"product_cat":[254,491],"product_tag":[],"class_list":{"0":"post-8970","1":"product","2":"type-product","3":"status-publish","4":"has-post-thumbnail","6":"product_cat-dozajlama-sistemleri","7":"product_cat-tablet-klor-dispenserleri","9":"first","10":"instock","11":"taxable","12":"shipping-taxable","13":"product-type-simple"},"_links":{"self":[{"href":"https:\/\/tunahavuz.com\/online\/wp-json\/wp\/v2\/product\/8970","targetHints":{"allow":["GET"]}}],"collection":[{"href":"https:\/\/tunahavuz.com\/online\/wp-json\/wp\/v2\/product"}],"about":[{"href":"https:\/\/tunahavuz.com\/online\/wp-json\/wp\/v2\/types\/product"}],"version-history":[{"count":1,"href":"https:\/\/tunahavuz.com\/online\/wp-json\/wp\/v2\/product\/8970\/revisions"}],"predecessor-version":[{"id":29603,"href":"https:\/\/tunahavuz.com\/online\/wp-json\/wp\/v2\/product\/8970\/revisions\/29603"}],"wp:featuredmedia":[{"embeddable":true,"href":"https:\/\/tunahavuz.com\/online\/wp-json\/wp\/v2\/media\/8971"}],"wp:attachment":[{"href":"https:\/\/tunahavuz.com\/online\/wp-json\/wp\/v2\/media?parent=8970"}],"wp:term":[{"taxonomy":"product_brand","embeddable":true,"href":"https:\/\/tunahavuz.com\/online\/wp-json\/wp\/v2\/product_brand?post=8970"},{"taxonomy":"product_cat","embeddable":true,"href":"https:\/\/tunahavuz.com\/online\/wp-json\/wp\/v2\/product_cat?post=8970"},{"taxonomy":"product_tag","embeddable":true,"href":"https:\/\/tunahavuz.com\/online\/wp-json\/wp\/v2\/product_tag?post=8970"}],"curies":[{"name":"wp","href":"https:\/\/api.w.org\/{rel}","templated":true}]}}