{"id":8976,"date":"2022-12-16T01:32:14","date_gmt":"2022-12-15T22:32:14","guid":{"rendered":"https:\/\/tunahavuz.com\/?post_type=product&#038;p=8976"},"modified":"2025-08-07T12:43:34","modified_gmt":"2025-08-07T09:43:34","slug":"klorinator-waterfun","status":"publish","type":"product","link":"https:\/\/tunahavuz.com\/online\/urun\/klorinator-waterfun\/","title":{"rendered":"Klorinat\u00f6r Waterfun"},"content":{"rendered":"<h1>Klorinat\u00f6r<\/h1>\n<h1><\/h1>\n<p>KLOR\u0130NAT\u00d6R<strong>\u00a0<\/strong><\/p>\n<p>2 kg. kapasiteli klorinat\u00f6r triklor tabletlerini eriterek havuza venturi sistemiyle enjekte edilmesini sa\u011flar.<\/p>\n<p>&nbsp;<\/p>\n<p><img decoding=\"async\" src=\"https:\/\/www.havuzdan.com\/class\/INNOVAEditor\/assets\/Neta_wf_76_c_klorinat%C3%B6r_2.png\" alt=\"\" border=\"0\" \/><\/p>\n<p>&nbsp;<\/p>\n<p><img decoding=\"async\" src=\"https:\/\/www.havuzdan.com\/class\/INNOVAEditor\/assets\/Neta_wf_76_c_klorinat%C3%B6r_1.png\" alt=\"\" border=\"0\" \/><\/p>\n<p>Talep \u00fczerine \u00e7e\u015fitli se\u00e7enekler ve versiyonlar mevcuttur.<\/p>\n<p>Profesyoneller yada Bireyseller i\u00e7in y\u00fcksek kaliteli markalar\u0131, teknolojiye uygun \u00fcr\u00fcnleri <strong>Tuna Havuz<\/strong> olarak<br \/>\nT\u00fcrkiye\u2019nin d\u00f6rt bir yan\u0131na sunmaktay\u0131z. Ev Havuzu, Y\u00fczme Havuzu, Olimpik Havuzlar, Bah\u00e7e Havuzlar\u0131, G\u00f6letler ve<br \/>\nT\u00fcm Havuz \u0130htiya\u00e7lar\u0131n\u0131z\u0131 tam ve eksiksiz sa\u011flayabilmek i\u00e7in bir telefon kadar yak\u0131n\u0131n\u0131zday\u0131z&#8230;<\/p>\n","protected":false},"excerpt":{"rendered":"<p>Klorinat\u00f6r KLOR\u0130NAT\u00d6R\u00a0 2 kg. kapasiteli klorinat\u00f6r triklor tabletlerini eriterek havuza venturi sistemiyle enjekte edilmesini sa\u011flar. &nbsp; &nbsp; Talep \u00fczerine \u00e7e\u015fitli<\/p>\n","protected":false},"featured_media":8977,"template":"","meta":[],"product_brand":[],"product_cat":[254,458],"product_tag":[],"class_list":{"0":"post-8976","1":"product","2":"type-product","3":"status-publish","4":"has-post-thumbnail","6":"product_cat-dozajlama-sistemleri","7":"product_cat-sensorler-yedek-parcalar","9":"first","10":"instock","11":"taxable","12":"shipping-taxable","13":"product-type-simple"},"_links":{"self":[{"href":"https:\/\/tunahavuz.com\/online\/wp-json\/wp\/v2\/product\/8976","targetHints":{"allow":["GET"]}}],"collection":[{"href":"https:\/\/tunahavuz.com\/online\/wp-json\/wp\/v2\/product"}],"about":[{"href":"https:\/\/tunahavuz.com\/online\/wp-json\/wp\/v2\/types\/product"}],"version-history":[{"count":1,"href":"https:\/\/tunahavuz.com\/online\/wp-json\/wp\/v2\/product\/8976\/revisions"}],"predecessor-version":[{"id":29601,"href":"https:\/\/tunahavuz.com\/online\/wp-json\/wp\/v2\/product\/8976\/revisions\/29601"}],"wp:featuredmedia":[{"embeddable":true,"href":"https:\/\/tunahavuz.com\/online\/wp-json\/wp\/v2\/media\/8977"}],"wp:attachment":[{"href":"https:\/\/tunahavuz.com\/online\/wp-json\/wp\/v2\/media?parent=8976"}],"wp:term":[{"taxonomy":"product_brand","embeddable":true,"href":"https:\/\/tunahavuz.com\/online\/wp-json\/wp\/v2\/product_brand?post=8976"},{"taxonomy":"product_cat","embeddable":true,"href":"https:\/\/tunahavuz.com\/online\/wp-json\/wp\/v2\/product_cat?post=8976"},{"taxonomy":"product_tag","embeddable":true,"href":"https:\/\/tunahavuz.com\/online\/wp-json\/wp\/v2\/product_tag?post=8976"}],"curies":[{"name":"wp","href":"https:\/\/api.w.org\/{rel}","templated":true}]}}