{"id":8982,"date":"2022-12-16T01:37:07","date_gmt":"2022-12-15T22:37:07","guid":{"rendered":"https:\/\/tunahavuz.com\/?post_type=product&#038;p=8982"},"modified":"2025-08-07T12:43:18","modified_gmt":"2025-08-07T09:43:18","slug":"redox-elektrodu-ithal","status":"publish","type":"product","link":"https:\/\/tunahavuz.com\/online\/urun\/redox-elektrodu-ithal\/","title":{"rendered":"Redox Elektrodu \u0130thal"},"content":{"rendered":"<h1>Redox Elektrodu \u0130thal<\/h1>\n<h1><\/h1>\n<h2>Gema\u015f \u0130thal Redox Elektrodu &#8211; Kontrol Sistemleri Aksam\u0131, Sens\u00f6rler<\/h2>\n<h2><\/h2>\n<h2>Redox Elektrodu \u00d6zellikleri :<\/h2>\n<h2>&#8211; Kablosu ile birlikte<\/h2>\n<h2>&#8211; BNC soketli.<\/h2>\n<h2><\/h2>\n<h2><img decoding=\"async\" src=\"https:\/\/www.havuzdan.com\/class\/INNOVAEditor\/assets\/elektrod\/ithal-redox-elektrodu-havuzdan-gemas.jpg\" alt=\"\" border=\"0\" \/><\/h2>\n<h2><\/h2>\n<h2><\/h2>\n<h2>En iyi fiyatla havuzdan.com&#8217; dan sat\u0131n al\u0131n! \u015eimdi indirimli fiyatla online sipari\u015f verin, aya\u011f\u0131n\u0131za gelsin!<\/h2>\n<div>\n<div>\n<h2>Gema\u015f Markas\u0131 Hakk\u0131nda :<\/h2>\n<div>\n<div><\/div>\n<div>GEMA\u015e GENEL M\u00dcHEND\u0130SL\u0130K A\u015e , 23.09.1993 tarihinde halen firman\u0131n Genel M\u00fcd\u00fcrl\u00fck g\u00f6revini s\u00fcrd\u00fcrmekte olan \u0130brahim \u00dcST\u00dcNES&#8217;in \u00f6nc\u00fcl\u00fc\u011f\u00fcnde \u0130stanbul\u2019da kurulmu\u015ftur.\u00a0 GEMA\u015e\u2019\u0131n ana i\u015ftigal konusu, y\u00fczme havuzu ekipmanlar\u0131 ve kimyasallar\u0131n\u0131n \u00fcretimi ve sat\u0131\u015f\u0131d\u0131r.<\/div>\n<div><\/div>\n<div>Firma halen \u00fcretim, lojistik ve sat\u0131\u015f operasyonlar\u0131n\u0131; 7000 m2si kapal\u0131, toplam 8500 m2 \u00fcretim\/depolama sahas\u0131, ayr\u0131ca 500 m2 ofis alan\u0131 ve 150den fazla \u00e7al\u0131\u015fan\u0131 ile 6 farkl\u0131 noktada y\u00fcr\u00fctmektedir.<\/div>\n<div><\/div>\n<div>2011 y\u0131l\u0131ndan bu yana \u0130zmir\/ITOB Fabrika ana \u00fcretim merkezi olup; \u0130stanbul, Antalya, Bodrum, \u0130zmir (Merkez) ve Sofya\u2019da sat\u0131\u015f noktalar\u0131 mevcuttur.<\/div>\n<div><\/div>\n<div>GEMA\u015e, D\u00fcnya Y\u00fczme Havuzu Sekt\u00f6r\u00fcnde e\u015fine az rastlan\u0131r geni\u015flikte bir \u00fcr\u00fcn portf\u00f6y\u00fcne sahiptir. Sekt\u00f6rdeki g\u00fc\u00e7l\u00fc liderlik konumunda b\u00fcy\u00fck etkisi olan bu \u00fcr\u00fcnlerin tamam\u0131, firman\u0131n \u0130zmir \u0130TOB fabrikas\u0131nda \u00fcretilmektedir.<\/div>\n<\/div>\n<div>\n<p>Talep \u00fczerine \u00e7e\u015fitli se\u00e7enekler ve versiyonlar mevcuttur.<\/p>\n<p>Profesyoneller yada Bireyseller i\u00e7in y\u00fcksek kaliteli markalar\u0131, teknolojiye uygun \u00fcr\u00fcnleri <strong>Tuna Havuz<\/strong> olarak<br \/>\nT\u00fcrkiye\u2019nin d\u00f6rt bir yan\u0131na sunmaktay\u0131z. Ev Havuzu, Y\u00fczme Havuzu, Olimpik Havuzlar, Bah\u00e7e Havuzlar\u0131, G\u00f6letler ve<br \/>\nT\u00fcm Havuz \u0130htiya\u00e7lar\u0131n\u0131z\u0131 tam ve eksiksiz sa\u011flayabilmek i\u00e7in bir telefon kadar yak\u0131n\u0131n\u0131zday\u0131z&#8230;<\/p>\n<\/div>\n<\/div>\n<\/div>\n","protected":false},"excerpt":{"rendered":"<p>Redox Elektrodu \u0130thal Gema\u015f \u0130thal Redox Elektrodu &#8211; Kontrol Sistemleri Aksam\u0131, Sens\u00f6rler Redox Elektrodu \u00d6zellikleri : &#8211; Kablosu ile birlikte<\/p>\n","protected":false},"featured_media":8983,"template":"","meta":[],"product_brand":[],"product_cat":[254,458],"product_tag":[],"class_list":{"0":"post-8982","1":"product","2":"type-product","3":"status-publish","4":"has-post-thumbnail","6":"product_cat-dozajlama-sistemleri","7":"product_cat-sensorler-yedek-parcalar","9":"first","10":"instock","11":"taxable","12":"shipping-taxable","13":"product-type-simple"},"_links":{"self":[{"href":"https:\/\/tunahavuz.com\/online\/wp-json\/wp\/v2\/product\/8982","targetHints":{"allow":["GET"]}}],"collection":[{"href":"https:\/\/tunahavuz.com\/online\/wp-json\/wp\/v2\/product"}],"about":[{"href":"https:\/\/tunahavuz.com\/online\/wp-json\/wp\/v2\/types\/product"}],"version-history":[{"count":1,"href":"https:\/\/tunahavuz.com\/online\/wp-json\/wp\/v2\/product\/8982\/revisions"}],"predecessor-version":[{"id":29599,"href":"https:\/\/tunahavuz.com\/online\/wp-json\/wp\/v2\/product\/8982\/revisions\/29599"}],"wp:featuredmedia":[{"embeddable":true,"href":"https:\/\/tunahavuz.com\/online\/wp-json\/wp\/v2\/media\/8983"}],"wp:attachment":[{"href":"https:\/\/tunahavuz.com\/online\/wp-json\/wp\/v2\/media?parent=8982"}],"wp:term":[{"taxonomy":"product_brand","embeddable":true,"href":"https:\/\/tunahavuz.com\/online\/wp-json\/wp\/v2\/product_brand?post=8982"},{"taxonomy":"product_cat","embeddable":true,"href":"https:\/\/tunahavuz.com\/online\/wp-json\/wp\/v2\/product_cat?post=8982"},{"taxonomy":"product_tag","embeddable":true,"href":"https:\/\/tunahavuz.com\/online\/wp-json\/wp\/v2\/product_tag?post=8982"}],"curies":[{"name":"wp","href":"https:\/\/api.w.org\/{rel}","templated":true}]}}