{"id":8985,"date":"2022-12-16T01:38:16","date_gmt":"2022-12-15T22:38:16","guid":{"rendered":"https:\/\/tunahavuz.com\/?post_type=product&#038;p=8985"},"modified":"2025-08-07T12:43:11","modified_gmt":"2025-08-07T09:43:11","slug":"antech-kombine-orp-elektrodu-1-metre-kablolu","status":"publish","type":"product","link":"https:\/\/tunahavuz.com\/online\/urun\/antech-kombine-orp-elektrodu-1-metre-kablolu\/","title":{"rendered":"Antech Kombine ORP Elektrodu (1 Metre Kablolu)"},"content":{"rendered":"<div>\n<div>\n<h2>ELEKTROD ORP E<\/h2>\n<h3>Polikarbon G\u00f6vdeli Tek Referansl\u0131 Saplama Tip pH Sens\u00f6r\u00fc<\/h3>\n<\/div>\n<h3><img decoding=\"async\" src=\"data:image\/png;base64,iVBORw0KGgoAAAANSUhEUgAAANIAAAFkCAYAAABVfWWeAAAAAXNSR0IArs4c6QAAAARnQU1BAACxjwv8YQUAAAAJcEhZcwAADsMAAA7DAcdvqGQAAEK7SURBVHhe7Z1ZjCTLdZ5PZtbWe\/f0bHeZuQt5uYqiuJiUaW2UAANeYFiAZRjyg2HD9pv94Ae9+MWCBRkWDBiCYPhBMAxvgJ4M2QIsSNZOStRCyiIpruJdeNfZ7sz0Xltm+f9PRFRlVVf39L3TnRXVff6eqIyMiMyprIwvz4nIyMhkAInJZHospX5pMpkeQwaSyXQKMpBMplOQgWQynYIMJJPpFGQgmUynIAPJZDoFGUgm0ynIQDKZTkEGksl0CjKQTKZTkIFkMp2C5m7Q6v7+PsKBvP32PVlaWpJGoyFXr171uedT29vb0u125eHDh7K5uSmLi4vSbDZ9rikGzR1I3W5P+nkuRVFImqZSIL68vORzz6fa7Y4e62DgjjnLMl2a4tHcnQ2tTEkiCeIMXD\/vKorcLwsN\/X6O47anX2LS3IGUJCmuxgAJFOlScTrfIjM83jI8BlJcmkP\/YKCVKMdVmW5dcQEsEq0uLRGPeYDlRbDC86Y5dO0Akq9Mek2+CFdmHKIetweKx2+KS\/MHUjFwbQVao35fcizPu9zx+mNmMJCi09yBxIY34en1erq8CJVKLVHe12Nmj+VFuHjMm+bTtUPQq7Quz79rVz5mdWvNIkWnuQMph4vTh0vX7XSdVUL8vMsdc+6PGZYJcVNcmkOLBEuEKzLdmwHbDRfg6hysEY85V4tkIMWmOWwjuQrV67O90Mf6BehswMUjx3HymHMGXEBMcWnuQKJb14dL1+l0XOP7Irh2OEYeK4+5iyWBMsWl+XPtvEUiQMHVOe\/SzgYcJ485dIGb4tL8WSS6dbgqtw\/2dUQ0rdN5Fy0Sj5XHHCyxKS7NbRtJLZJapfPv2rlufmeR1ApfgGOeN80dSAEitUbscED8vGvsmHs8bgMpNs0fSKhEdOfaBwfq5lwI1w4WqHzMPQBlikvz19mg95HcMJkQzrs4vpDd3zxWdW0vQAfLvGnuQGL3b6fTlf09NLzbHXV3zrt6dOv8MbfbbT1uU1yav86GHFdk317Qm7IXYLiMs8ChjcQbstZGik1zCBIa3lqpXPvoQvTahbF2OOaLchN63jR3INEKddHg3t\/fg4vXvhCuHXsne4CIx0zXjsdvikvzZ5G0se26g3mVvhidDa6DgcdMC3wRjnneNHcg0Z1jZ8PeLq7Ovjv4vMt1NnT0mA8O2jo9lykuzR1IvBrT1dHOhgvSXtB2IWHSY3Y3ok1xaf5AopvDhjcqlD5WcAE6G9StYweLH9VwES4e86b562zAVbmtnQ28j8SG9wXobOj13b0zHLN1NsSpuexsoKtDt87d6b8A95H8aI5wzDayIT7NX2eDbyscHBzAMnWl0z3\/7YWxY253cMxmkWLTnHY2+IY32kgXoeHtOht4Q9Z3sMDVM8Wl+XTt6OawowFAXYT5C\/TeGd1ZXjjyvj7caIpL89fZAHg6JTeHV+nzLoLD4UE8Zo7msMco4tPcgVS+y0\/LdCE6G9QKD\/SY874b2WGKS\/PX2cD2gnYHO2vEynXeFW5Cu\/kaXDvJFJfmso3Em7CccfSizIM9bCPxmPs2i1CMmkvXjm4OK5aLX4zpuAJMdGXtPlJ8mk\/XDm4O3To3TOiiuHau+1sniDTXLjrNn0XSyRLdFVovzFg\/71KL5Oc857Fz3RSX5q+NxHmwEXTebw0X4D6Sd+14zHlxMY553jSXFkkb3nDpenR5LkB7IctSSZLEdTTQIrmXfpoi0hyCxF4sd4U+726OurEaSsfMdfyFuCkOzR9I\/EhSSRESRBu1uqaxYp03vfnWLfnGX7wkn\/\/CH8pXv\/Z1qdUyefW1V+XLX\/6y\/N7v\/a4uTXEoepA4HGb74UN545VX5KVvfF1aD+7L9W5bPrW6Is8e7Mvm\/buyd\/uu3Hnlu\/Iy8h\/cuyu7Ozt+6\/kULwrsoXv51dflT\/\/sK3L71i3Z3tqSNE01fX\/\/QL4CiF55+SXZ3d2Fy2eDWGet7F9BPh6l9vf2pNntSe3ebWnduSWLX\/uqPLm\/Ky\/0e\/Legz15+sHbkr3xogzeeE1ag0IW1tZhsFJpLC37Pcyf2AY86PTk137z9+R\/\/\/Ivy4vf\/BouDltqkdrtruztHcgrL70iq4sL8rGPfZ+kWSb1RsNvbZqFEvjZ0TnawU37zm\/\/phR378jaN78t+StvSnH\/gXRfeV2KTle6gGmQ5HDvCkmvbMqgtSSyellqH35OZHNd5Pu\/X9bf+165+vQzui821udFfAL4\/sMd+c\/\/\/Zfk137lf8ne1tu+PZToPSTekG3W6\/LDP\/AZ+Sf\/9B\/L9RvPyObmptvYNBNF6dpxTgY2fDa3t2Qdlqb9W78hnc\/9vvQ+\/0Wpv\/KWNN68J0sPdmVhC9Zqe1\/y774h\/W+\/Ip0vfU32\/uCLcvDHX5Kl+\/ekAavFucIZ5kkcsdEBMHyknCFJM7h1NVwMMo0naB\/y8RGOBt\/Z3jHXLgJFBZLrkcIV+dVX5d7\/+K9y\/5\/\/S9n9mV+Q5Evfluz2Pcm6+1IMuigDQJKRIU0HidRgcRr1RNLv3pX8i9+Rl3\/638nrv\/Af5dav\/6q8ffeeLzkfokXudfvS7\/EiQCvEMYWwvHBZa1kNx9mQft6TrZ1t7Xw42N\/3W5pmpahA0qc\/0Qbovfa6dL\/xLUnQNkoKApOBMn5V93UDQlxqnF6bBnykCTv1JOnk0rt1V3a++S3poZ3FOfDmSW4iyPAgnwvq8uIQ1U3FgROu9kEbSxvEOmtFBVJ7\/wCV\/5Z0vvglaf\/f35EMlSTLB6g7AIlfVWFywoVaQ4EwAgihhlUUTw960vnOK\/Lgc1+QZVovVMR5kVokXlT8HHYah\/sWnr3icbLJxNHgu3v7Ov7ONFtFBdLBwb7033pLBnDj0u09pMC10eBcPoKjEZWmaAz4OIPEdbqHbBMBqH67I+1b92TrG1+Xe3\/xLS07D6KLSyvDY8rgzjXhyjXqdXXt9MFGQoVjJGA7O9b9HYOiAkkrCNwwQQNbJseTsVZNaMgUNQkYyg+4Pz6O\/uC+tB88cNlzIILE8XSEhm6cDhECRMM8pPMo+yjDB\/1YzjRbRQUSe6gG+7uoIR1JGjW4aPh6qEBFWsCFy32gO4crdupgoXSoEIfQsPLBFWRIaJn6uba5dl9\/U3befMsVngMRFs7RwHYSjyOr1WCZ2E7kDeqeThLJcXdcPsAFwly72SsqkLQRncB90UBHbWSGnPNG8Vo8IWah3cCguaEIKqFuxSs24vMigkR3je4d7xlxyfYR01NcXOpw87KM7Ub3fNbGulmkWSsqkNhpQIBohXSpGIQWkIcpJJelACKXFgwNKTLDSqdFEdeevzkCia6bAwlLguShYruoBuvUaDS0G5zjDZl3+RJBmp\/jO4+KCiRWkmRhQXDJxRq+GioPfDbES\/Q4SoSeXag7vI+U0OjApdNisExpjTcvkY6yzuWbn6u2c+04yQkClpz3m4E9eDy8GqwR2028SvAp4e7BErYxqzRLRQUSXTttVOuNIM+Jh6Usj9RhsSwynYvIUr6ktqHmCyTtUCh9Zz2cCfGaQksFlqb+TqbqFBVIrBh8OIIgFNrJgMAaxAxfUwZsByEtoRXSFNf5wJEOcAjRKIc1oiXyebopLdtcWSS0fXp9\/A4DadRrsrS0KAuw1DVY6hyZXeTpvSZYKL547OEWJ9c3izRLRQMSr8K11qL04coUrETa8wb3TBAGwIvgaMDVGQHo6HYEJqSrYH0SVLIQUqzn7bY0aenmRISEE+UTDu1g4IUBFw8OFyJg+iJqQMReTr7qhTdmaZlMs1NEtSuR+tIKGs89GXQ9SLRPOpqBuLilAuOhCVApTPoJ8XLuYSJE2kbCVbvle7nmQWptum40g3aa4CLA9h7FoUJsPzGvizJ8zKSnw4cMpFkqHouEvyao6N+7K8WDLZH9jrsS1xDAgOvYxtW5yPCl8cdR0PWGpPWWK4fArmEeEF081C5JELJ+Lp1bt2Xru9\/VyjYPkyvyex7AiuojEwCmgwsBQ7fTlnqNrt4SXL1FdfXo0DmobD7wWSoekNS6AKd2RxL2TsGajCnAsrokKdoMSRMQNZq6VHsUWuN+odzxgxapA3exfSCFTh4Sf1tCOxsAPDsbNF4KPE7eQ+JwoVTbjwAPLiCBM81O0YDECq9d1A+3JEHFZ0UhTISLAGX1TLJmXZoff7\/UP\/SspNc2Jbt6WWqXL+v9FHUDGdjj5ysZD44P\/g3296S\/tS09LNm+iF2ujdTVdo\/OZxdA4u+B4+NvQ5jCc0kdXCT4GlDT7BQPSBQb1\/pQH8eYuauvgwNX3hq+agOVaH0NFmlZ3ToCQws0bCehnMLYR\/uolJbDLepvb8v+vTuyB6BiF0Giu0Zzw0GrHMlQr7nRDHT71OUDZOy1a8Pd293d0baSaXaKByS6YnTn6HpxSUD452gQyRDQXkrRPtCbtlkN314LlYQVbguYmBxCwccRDvbl4MF9OYBVil0wPq4thyXbf2wXcb4G3oSlZSJkBIlLQuVe0jxfz1udN8VlkaAUgCQNuC2wPpIBKpqbApZmpyeDex3pfPMb0v\/uyzLYvi+DbhvGC+6P8gPXh88ckRxAx3XdH3bTP+hKd+cAFumuHOzuanrMoqV5uL2joxboonLEBztX2BbiW9w5WJWveGHgfaS7d+\/J3Tt3\/NamWSgekAgAan1SB0gcKsTuarVQISAfYfBwV4rtfRHAwY4JPibhtsWCw2bYKUELpiHs2IltitCNHKvYuZDVmwqMtpFw7M4CuZuwPCzXRiJc7vQRPEJlmp2iAUkreKMm2cqKpMtoA7UWYHFyDdKlu6elpP\/ibSlefRvWaU+Kuw8kv3dPWSFEaZMQ4pBgkXSpFc3Fk3omtYVFaTSa3FG0oh1tbVyBRdqFy9bRqZn58N7e3j6A6mk7qdlsyuLiojQbLb1oHOy3ZWcOLO15VjwgIexs3Zf69auSbqyKNOv6ZPkAGeWR4LzfxD+tcrwJybYE21XaUYGAKzi9OveMErNwhW+2pLG6IqtPPiVLa2vYNl7l+L5tAMRJINn+4WDUoYHFB4N2fdN6e+vLIUNmkWareEBCheCohnQF1mihxSHOCtFheYg0OtARDMH90x47n60w4YPLlF3nsHDN1VVpsqMiYrE7myMW3GhvtPl4jB4gKsSHafjHd8pymJBpdooGJIqzhWbrGyJw7Qq4eahCyoXeS0KEIS3qw5AtLEkNcKSc7w1\/HBI0fHAW1kmHCcEnTFtwgRYXpLa8Ik0AFbM6gGh3Z1sevH0HEBWysrIqS\/g99Hujjcf7S3t7e7KLsLe\/L\/sHbe1w4GxCptkpKpD0Cst2DQOvuIqEYuGXiWRX1zWkV7CEdUlrgEr\/wg1YbE6YEHF7oCuEoPuLX7xPpFNxYakuLA+ERxG+P5J0tAMuEgyMa1c4XVzTzBQVSCreH2KPHXvY\/F9oI3GUd+N7n5P6RxA+\/JzULm9KrbUstUEmNYH7hjI1BC51ZAMD436dlU5rYsSii9brtHUUPL9v2Y3TCw3xQjo7HggchxGxLWVtpNkqOovEuq6PTdBdwzJlQLz2zBWpf9+zUnvf+6T2\/POSPXkdLuCCDFo1qT99SWqbK5I2G1JH+UY\/kVYP0PUGknUR4OZlvHqzO5ntqIgVxtfpWyfgvu3s7Mj21kN9wwZhoZXK0H5swV1lD6TO3YDfjNbJNDvFZZGGxsJfgbW3wUGVbixL+iRcustXJL10SdK1FZGFpgzQlkrXlyVZWZCkWUdZ5+bVsG1WwBKh3ZSw50srqKukMUu\/Hb6jDgHyloYhzCpE0VXlTVodbwc32B2XgTRLxQWSui9YsKJkdVidTZEXrsreZ27KwY98VDo\/9hnZ+cGPy86PfEK2\/+onpfsv\/r4UP\/vPpPtv\/7Xs\/fRPyb2f+ofy\/370Bfmjj65L+yMA7j0bsn5lWVYA1wKn6eqz\/RF3W4IdB\/t7+7CcPfwWsD7axR3gccOEtPsbia7dl8hBpyt7+zZEaJaKCiR9rghX2ZRz2i02pPf+m\/Lw6avyLVynHywuSn9jXXr1BenVGpKj3KBeQ6jDKjWltrYhizeel87ymmw1WvJqWsjDK+siH32\/1DZWpc4RE\/g\/GGJWB+0jBlolTnLCGYN4AzYEDl7lDEJl9WG5OL0xrW3sFve8Ki6QUHEyVPhsAdZofUH2P\/sJefNj75PfGuTy+iVYmaeflPbCqnRaS9JFubwF126pJYPFJWk8eVMufewzsnvlCXlrcVm+lOXy2gtPS\/K3fkwWn7wqC4stPVhexWPWzs627O8+VCvEUd98gG95eUUDu8Fd22j0UjG6wAftAx1\/F\/mhnWtFBZJOfMgbps2G9JcbMrh5Q+rPPCPXnntebr36qvzp7\/y2tN9+Q0dy15evSH3pmtQWrklnb1ve\/NZX5Qv\/87\/JrZe\/Ix3kf+AHf0guP3NTuh24PKhgdIlqrYXo32x3663bcvvOXbVK6oaW4KAbx0\/O3RCsD8Pbb9+XN954Uw72dudidPt5VFQg8dmbBBU9adBdo+uWofI3ZZUuXbcrD+\/dk97BnvS7benniXTR9u70BrK3vSX3b78lr3\/r69JFPqHZuH5NFgAO5xLXKb44EBZWLMUyZvGdsGwj6YBV3zkyHuj1jdbZO8G3eLB3bx\/bWjf4bJTgZETjVLMLN8XXOfjCH8rOr\/2q3HvxT2Rw7aqkP\/TD8qAHFwbw9Iu+znf9yssvyx4qDmfSuXPrruxvb8vWndvyj\/7B35X3PHdD1nbaUnz1O1L8wVdk8+\/9hBzAut38yZ\/0\/1O8+tmf+3l57bXX5bd\/\/f\/Q9rhE7VTgYmSJwg1ZAteoZXABm\/Jz\/+ZnZOPqdfnkpz7ttjNVpqgsEsV52\/ZXVmThE5+SVm1DGvd7Uvzhn0rjq1+VhW9\/XdZ278mlzo5cy0SuJgO5iiN478aafBBtqI9uXpaVN+5I+ucvSvat16U1qMvyX\/q4JJ\/+tLQ+8r3+f4hTvDgQoPtYbm2hjQQrysnzOcEJOx3YWbLQbOrrXdjh4B6lgMVmZwu27\/VzeQkXF95z4isxY++dPG+KCiStHKg8rRs3ZPEzn5HFpSel+RBX3l\/5DWl+7nOy8id\/IJcfvCnXD+7LM\/WB3ABMN9NEPn7tsnz6+nX5kaeels1vvybZ739Z6l9+WVrNZVn94R+UpY9\/QjY\/9EH\/v8Sp+w+25O6DHbl167bcuX1bZ0QiJA2FB78JXN6VxUVZbC4g3hz+Vux44MiPLkD68le+Jp12R\/CTGEgVKyrXLojduawI6da+DOCytb\/0R9J57TXJcbXee+lF4cuae\/vs7mVjPJHWE1elfuWKNOG+NZdWJGu1pP7ss7K10JLBxoZcuop8VEpWvtjE4+RA1K\/8+Tfl2y+\/Kv\/pF39Rth7cR0bXdXfTAoGMJuC5tLYh+3zfU68v97fe1mMnNQ8fbmsb8kPvfU5+9Ec\/K3\/9b\/4NuXLtuhvsGnnnynlRfDUL4pW4CRiyzTVJYG2K556T3o2b0n7iKWleui4LG9dkZeOyrF29JuuwRCsbV6Rx6Yrkl69K\/tRTkt+8Kdl73iNr2O4JWDdWyBghYhuHj0xsbe\/Kwy1njfb2doWT57Pjhd\/ZzRrEG7HOzct4H8lfFDTAvdNjA1A7u3ty+84deeP1N3QeB7p4pmoUpUU6TgNUPJgi1ELOz4ArMlvhA84Tnkg2Z1ff\/XZXHmzvy7\/\/+f8gL7\/4bXn1lZe015GHxPtFrkNhIE0d0ZDBuiwIXzDGh\/8ebj\/Qzoc0S9SqsYePbh3nCd9YX5e\/8+N\/W5586kn58Z\/4Cfefmc5UUVqk40RgOLl+jis0RzfknBQE7Qmd42HORFD4+AOfLWoDArq0vEhwhIeOo4M14sWCbt1ia1HWVlb1+aSVlRW4fA2pN9CGwsWD98b0\/hjKh1mG+Bb3NqySqRrNHUj6Gkg0vmuoODVUJoaMrs4cgkRngCDtbO\/ojVQ+OqFGFkCEAamEY6HZkqXFJVlfW0dYk7XVNQWHo7+bTTeESOeiQHkYK3UN97E\/unemajR3IJ030Y1j17a+ZI0ggASO5B7ejOW9Ih+cq8eZhfj\nQH0D0fxz3TW+X81ToU8TYz\/BlZKZKZL\/0DEWIXMcbTwPXKIJETFxcpVkBGxcfE4HzUUqLY8dsQ5mqkYE0Y\/HZKTduAW0mhDJDTEVzCdaFPXRuVINLG41wGG2A7RGHHdO\/4BaaqpH90rOUtxq8+UoFJrgINsYZlZCBJYKzWA5Abs8yGjTVK+zMVIkMpBlKK76CwBBOxRCFcTACTFOkQOmyXB4ymCqTgTRDKUBwwXgvSCd71FRvdQo6aVpILRADZxZiPt09unrMc50Tbhvuj2ku3XVYmKqRgRSByMFJRNDo8vGPcYaRxte0FPvCTZXIQJqxWNWdVUFErY8mq3UZGhiuI+hQIOTT2mgZpqGAzt0Qgv\/jDSWbEKU6GUizFEkAOQ4e55rhn2a4DgXNZg6SkMeeO\/yxd4652kPn42UxTXvwuLGpEhlIEUhhQJ0nRM6qhHQfUREylxNAYf5hVFyKgng403RGMpBmqFDXFSBNcADwbwQN8uDScZSCPtSnY+wayOeQKNepwE6InCMhsImyozs+bKlMZycDKQLpy6QVnFHVPwoC5\/6xfIjTgvEPmthIrZKpEhlIsxQquo6Ny9hhADC8JVFrwqBkhDQXZYeDvq0P5Tl5JCeN1FEMQEm38YGgsYypGhlIsxRqO8Fww3ngpiGJvLDXmj15LrjBq664t0AIvM8UBrY6uPjYhSNH94HQivxdUOdJBtIMxWrvuq4dSATAIYOltyyhh44qu3Gus6EEmMKoK5qGTJ0kxVSNDKQZS1EIsACoTB8rz6TOxyAAB62NPkqR5zpXBR\/a4wOA7BInRzlf1Mw5Lnpd3Y\/ui0HvIznQTGcvA2mGYj0f3u\/BP7Ul+HBLWioXfIoDxLtzwY1TaZFROYq7NFUnA2mGoh1iO4fWhnC4UQquzURQxts+aEMN+FCfe7hvCJnPU5XiCigbW6ZKZCDNULQaGuiGcZyC54FS6xPijLF7D\/mOnfKwIIKHpcI3yjdVKwMpAo2QocrxkTSVfHiAdHUYPwwOk30xUwUykGYo1+YZSEarglNB6wTPzbtkCGqu8I9d4HmhU3HpnA1wB8v4BKCCldI2FHONpMpkIM1SWtdHFV4\/+eFWh3JYeThKmUx3GsWC1MoRRFMlMpBmKCKRASJ2KmgnA9OwrnB5YGhd3E1ZnCzm+b\/gDmpZMqPtLLddeXtTNTKQZiiiEKbZYrc26z8R4VAhBcgvCYYbDlQDdAEU7mAEk04qybimeAB9vunsZSDNUrQkXJTqOzvnmEAQdEmwXI4CEyDS\/JKYGgLlIPQrpjOXgTRDEQZ2ImgPg0dGY0NgEAADrVa\/yKXLKY3hAnIS\/fKwIi4ZOKMDt6d0kkmd48H9P6azlYE0Q6n18CZkVNdpScYrPqFiW6ruJ9Mv36RVksbKj+J+16YKZCDNULRBruKPurMDBrqODwLDTgbCwxeO1Tn3ecb34DpMhtBh6VJ8GkLYl+nsZSDNVHThOCKBbhrXR1VfRysQIo5Y4FChFCA1mhrnbaZQkvluYwYHkxsJHrAyVSEDKWZ5GBwco1e9ADFND9JiE+Bo+ytYK9OZy0CauYCFB0Tj\/CMUWCcH7H0DQ\/pIBd+T1OAb+\/jmCpRxlgebYenG2mW6Hc0VtzWMqpOBFIEcOH7FV3+uunSC5Z5L4iswh8Axz5Vyf1gP4DA1tJNM1chAmqVKlT1AQwpc1MHBEEY+sJ0U0lhwGPfrfk8uHbHAkbl4Zy8DaYZi9dZ5F\/wQIAIQZhSiq0aACE\/5pWEcwaAdEB4WN2yI+Ljt8U+X3G+R90c0mc5UBlKMUhoCGA4OynUgMMt3dft0vxguiQ7LjSyRwXTWMpAiEOwRPglMqqMaQlwJQuBbzPsIPU4Eycco\/EgIDicKsLAoOyW4tY7dY9nc7dk4OnsZSDOU6xBg5edpABgeBCpYnyEoCOy5Y49dzc8ONLyhy0wPHUWLxc1cq8ltbzpbGUgzlIPFA+QhCHL8jCBgvraZMvfi5iPld+M2dy6goXT2MpBmKO2N4\/thUd11ltXcDzLFXx\/uWbffR+hJu+dCh8vOgey396WXu7yDbhfpXekicLquos9BsOAp0GMUVSIDaYZib1yzUZcbTz0hzz\/zjLzw3PNyeXFZ1upNaQKkFuBqAYQWAGkColqnI2m3J2mvL4vIX0beGizVKsqtYf36woLcvHJZ3v\/CC\/LU00\/L5StXacqCx2c6Q+FC6JwIU\/Xi3Ay0PG++8ZY8fPu+bCH87n\/5Jdl++67cvvOGDADaAFbrKk7RIiC5cvWKvJ1nsj9IZOe1l2ShlslGsy55t8OdyeaTT8nlj35U3v9jn5UrTz4hyyvLgOmK\/99MZymzSDMULUUyKGRleUGuX78qH\/meD8uHL23KB+qL8oFOIR9L6\/L9C4vy4awpH2q05EMrK\/KBtTV53\/qGfCityYeR\/731lryvm8jz+4W8f2lRvufZm\/KBD7xPVlZXpNFsahvMdPYykGYodiDU63XZ3NyU9fU1Wb+0Ic8sr8mNekNudAfyXsDywWZLnsvq8mytKc8sLsrN5SW5sbwsz6SZPIvwfNaQp\/uJPNkZyNOtptyA1VpeX5c1ALe6uqr\/h+nsZSBFIk611UH7516\/K9uSS4Ezw1EO9SSTAi5eP0ukmwwk4QvHGpksApAFlGmkOUIh9ayQ7gD76BxIwY4HuHqm6mQgRSR6YZzAhJ3b4dE9xQEZ4d1J6g7iA1ypekjuy0By5Gl3uj6s5OKm6mQgxSKAwZEJq3DXVmGJlgaJpISE8BS5C7A4BKiGgjXARMi2AM4+8tp+xIMb+eBgMlUnAykWsd4j1PHRpNuGsIizs4TlMqBa4L0huH9pzlDIFuLb\/b4cwI3LAM4CACvSFFsjYhapchlIkYmjuWlt6uChASgaWLa4BBcJLA5DirCP0AZQXYCVAR8OGuI4PXXvDKLKZSBFIg4v7QKANwDG3aIvrYQhB0TuFZdJMpDFRiabzYZcX2jKE7BCNxBe6BeyxO1xJr\/R6cldwMXxEQZTtTKQIlKCvxrbQAh08xgY5UmipdLZVGscuJqp+1dH4HNLdbh+zSKRFbVi3M4gqloGUiQiROxsWAYc7NpO8oGkAIJBe\/GQl9UBTbMuDViklVpNWgiDel0WcRrX8lSeyVJZYSvJQKpcBlIkUssDgBYAx0KSSQ1Whu0etpEY6qBMR4AjnsLNa8ISNQEO21JI1jlPmFZH0ARTpTKQIhEh0ZEOIIKdDTwxGfDifSV2eXOdeIRQAzCcfZV5gRvdDoGrZpOqlYEUiwiELrQDW1K0eRJYJf5xenA+JeueeGXBTHLECEuSEjWHGTsk\/OzhCKYqZSDFJjUvDBSAmGzv0OIEE8Slt0Ajja+ZqpGBFJPIhVuADweRdmO7BM3hXA46MWQoGdJpwRBTwZKZqpWBFJPADIf3EB61OsrDqPeOnQxJDaesXtOHaenuKWjeaPGRDHf\/yG7KVi0DKSK5Vo\/XmFFxcDjjgw9YJM\/LFAWYTFXKQIpMygmD72hg90Ef1oddCEk9lRTWKK3XpQbrw5F13IA9dezB42sqdCvuwFSpDKSIxOrvOhJ0Qi1YHGdZlAumo33EFHX9mMRMHxn4M1lqKZkqlIEUiVybiNYEpySj6+YcPeWEN2MROH8D2eIzR654SHcFdXJJ\/cetTFXKQIpKiRRpBiAADFnwPBTw6zTkhbp4BYDpI+jgVEClxosFCZpz+EwVy0CKTLQybtriCZEONUdudSifNJlsqlYGUmTi28gVC8LkCdHOBETrsEj1ZCDsAW9iyTjPIB+hyFmeA+7IoALHjU1VyUCKTI4BB4K+7gWBLhznZOgBpD6y+OpmHTI0ZIUQYRPEjJ\/ZyECKTAoCAts+DEWe67g6zt3Ap2EJTwHL00fEzc2A8rRCasG4ju2MpsplIEUo5QFc3C1yebHXl893O\/LHva681CvkzW4udzp9+bN+X76JcIvTePknaAsEbkeMDKZqZSDFJloXLz56foBwH0A9hIu3Bwu0r2kibwOehz6frp\/DJ6i0E1MlMpCikbsnJGmm4+l4S7aL1T2E2\/2e3IZFervblfswOQ\/SmnwTIL2McB9WqKPWCLtQU8R9mTWqWgZSJAo93rwhG2YDYqcckzWLlgduXAF3LgdY+koY3rwN5RlYDH\/czlStDKSIFEYquGFCTgoS1wFHAZBygMSXLOsLmQmSdnl7mLgBPgiTqVoZSJFIYfH88MlYXYEVcm88h+sGNy7Pc98lDlCG1ijViSFzjbsd+N2YKpSBFI189VdjwpuyI4X7SgpWWDLdZUMePH4aRTORgRSJAgAc2TAclOqMzhAgWiV9og\/uXZ8uXpE7zw5F9PWZ+HPjwrnJCDPT2ctAikSh2isAChHfLYsThHWdSQhLTlXsJopECphKEDjRvkMI2xKykp0yVScDKRIpCGTAc6CdDvgjKGGeIIKkqYAs9MxxO2eDPIRsP1Eh0VSJDKSIRHeO0xKHbu3LSHseXPyVtCafhhX6UFbIc7VcbtRz+cuNunysVte39i3pNg447bsjUJ4nUzUykCKRdn0DpGCJCAKnKm4irA4SWcVyEcktBM68uobAub6bKMiT6LZCAgMXpkplIMUiZSCVWr0hWS1D+2egr3JZQLiOcBUFNjIABbOzjLN2E77dNTSUFgAS5wXXTgdtPzmgzCBVKwMpGjlLosODMu+kgYYCH1xyYnwHSiZpVpOMwCg0OIlM11Ppevdc57ipShlIEUmNEkyLjrmDiINDwn2GfB3VoPC4ci5doyiKssZR5TKQIpEb2QAr5Dsa6NqlIIJMtWChGkirYV1f74I433iuFgkhjLXT17kU4Cj03Jkqk4EUiYYWRa1RWPHCquYrHy6fzIAeJmBtlGZu3WxkIEUiZ5E0oig4RJzU8tDicMQD\/2CNBoBIYfIl+elGMyDwJpPLNFUkAykiOY6c26aWSc1QCBD54KDVPAdUhXPlQjFkujf1GUCzkIEUicYQUHZKAJXk5nLwEJWgcSMdRuumamUgxSTCU4PbxtfwEQrSgah2fbuoSN6TQbcj6aDQcXh09cgUx4szzm5wLk3VykCKTK4nLpwWUuRio7tDTGM7iVGX6fscTDOUgRSJghVJsprecCU05ISdDASF68OR4QSJXeSa7vAasBtcy7D\/G6ksa6pMBlJEIkophwcxeGtDKBQaWil2QuCUuftGiBIohUtXFB73BC0dPVOVMpAik+MnQOQWQ7HLWyPID6CNCbkEy6xR5TKQIlGwQHx9GCHRV2A6Z03T+ZzRoN0V6fY0FH1neco86dsqWI5P2RpMlcpAikx0yoYI+IjiRDCKXIFyFsdneusV1gJEBlK1MpAiEzu0GYLIg8MGfwDJhVIbKJgkltPCLhhI1cpAik3a\/V3y1wAV1\/SGKwHSzgRYJsKCpND1rfghLRnQauUlFE1VyECKTMcCQGPjYeLKqGzJ+njXz2FmqkoGUmRKs9Q92KdmyKWp+0Y++gCo3xfpdSUFMAnvGREoZDNwpIN2StBqmWtXqQyk6BTogUZ+mxMh6aON1O2XS0FhjUuUMYgql4EUmXTUAkOAA0wM43Tben2A1HNWiNlkxpfRcrqODy5NlclAikQEg9JugjT1r\/wnDXDfuAQcdO2Kg44Ue3tw3xwsLAZnTzoId3uFtFGGA1qNo2plIEWtMg6IEx6dspi9dj4ZogfI1lIXbSO+a5aunbl31cpAiki0SuEJCoVG+xKw9NZKx6PCtSs6XS2iqGAjFstRpp\/zjRVw\/RB0O1NlMpCikaOFkxJrFBwEWDRwHa7boNND6MAKweogfSgU0NtPLMdOCQOpUhlIkYmGaGiChkq8NQJIHGtHkEiMtqEoLt19Je0SB0QGUrUykCJTjb6ddskhkAX6bRTh6OUy2N2X4uG2JDruzncqII+jGrQ4l3DxDKRqZSBFI1fxdRQ4TcukCAZHNOgNWfbTjeQ7vocKD1uYqpOBFJsUJE4NyXgIHhNCdNAV2T3Qh\/8k47RczHZTGbOsK2kgVS0DKSah\/ndgdA4ZJQUJgZ0IHP2d527aYqaBJJ8rwxcyB\/BMlclAikmo\/z3X2zAmN9IBYpZ2i\/OBPqQNgeHSxxWmkG6qSgZSJBrCsr+FswIY2JetCSOwCAjH2Q0OOiJduHh09ZAdbsByIOvwMQtTpTKQolMJHEZ11fXIqTXiCPBe6MqjkOYBGq6zsG5sqkoGUnTCKdHZgmCOyEQAgpamC0vTRtiHVQoWi\/kcydDraxc45wfXm06mSmUgRSbXYeAgclL\/zi0BShi1QANEhnQ6LoKU9yTTNhO2ZzmmmyqTgRSdHAzjIkRYBDaw1PaSrtMKgSr25LGdNbmpqRIZSJGJXh07HsILx3QAHc+S74DQMXYJXTeOAOdEKFhXi9RHsYF7StZUuQykyKR9dxNnRV09WprwfBKHturMq0gkOBpcu8gwmo0MpNikfIR7RD7QQjGaFljCCsEaZXXOEQ4blAMgunbsjECRYRvLVKkMpMik\/EBw2PST1kafhlUXjlg5yNSl044HB5G2k1icC25qqlQGUpTyEGlwUjh01Vur4To+1LUL62NRU0UykGITJ8onKME7AyS66jsZBmkuRcaRC0PTpTE6dKl2QnBkA5emKmUgxSb17QJFZQVwYJEKYMO5G9RMhbLBHGGp6aYqZSDFphSgsJvbA6JcBRGiHKHvQGJHg+uUcFJ+tD1lDaWqZSBFJ4IBWBgFDK5DQRnC2WIES1gk8b114Q19THcuIQM3NlUpAykyHWJALYsPIZOrIW3S8hhHM5GBFJsIgo5mwKnx1kXvK+GPyfDtYHn6eluW1irpw71jtzislHvUz3dWmCqVgRSZRjdiveEpi64ee+U4H6u6c8EiuRaV4TM7GUixiSCFzgblpISTxp1Fcu9CYhsKFgnJCpKHcKANKlOVMpCilQPIOWuOr\/CYUqlPzxVj0L6HXIN2QJgqlYEUmRw+R8sBBE1rB9FihWCqVAZSbAIgxMA9TuHBYYKyQQuUwZWrDVlxOPEzkRxuXj60SgZTlTKQIpMiMc3aDG2VWyooQ1hQ3m\/jPg2iqmUgRaYEpqgMk7MsAQwskax9CUhXlgJECOGGLE8q+\/dM1clAikzKj++1U4Sw7pBIkNcQqbVEGguS1GtutlUPD31B7ZgIG5kqlYEUm8iA0uTjJ5IrOLZpiJgqkYEUmZI0Q8BpgVVSMIKHhhV9OnbQk0HecS9l5ng7l6WBswjpVgZR5TKQIhOHB7Gd5B4Zp+DkcWyQsoEUTnjCR2X1XhGCtqEKZDOP7SY39sFvbKpIBlJkmmZR6KaNOh8IjwdJYQrEeHg0GEVVy0CKTWqJCIUbvaD8eECSQRiWisQeYOL0xaUH\/Djnt45u4LNKBlOlMpBiExg5sqNgLNnBRu\/Ob+SBY5ommiqUgRSbCIsGWBi1TghkBkkwSEijvXIP9HHAqs7PkCGjVnPxPi1V3yxSxTKQopODR2EKAlDOSrkwurfki6WpDAAT3x\/rVu20Vi37xWOTkjFuTYYMUWFZFgsQJm6GaBglbqpOBlJsSjNYl5rkCZZY1e5suGxFzqXr3qbcm8vZFkIaR0JkiRQKEIcI+ddimiqTgRSZ3H0kundExMEwbp8mRGukxRw6hs9sZCDFJvpltDBDmJzYxTDegUCAAA8sEZcsb1ZodjKQIpOOYlAkDkNB4xOkpQYAiPPYMY4EcubmBKfbV4bOdNYykGJUmRhqChND0JinVLmog8nuI1UtAykyseuaLwzLEs7l7RjhSWL3gXYiwArpQNbQNUdwGBBnWQ4fKngvyVSpDKTIpDBoe8fHvdxzRi6uCgWQptHgyulisj1lOmsZSBGKvXb6PljGAUSYw05fNgHpDVmcOaJCYAiZ2qfAjjFUuQykyMRnkXRkQmgnYalcKDUkSPFy3eS+q1xLACh9HknLGUlVy0CKTMpPCSJVAGPIB9IJDRc+hVKr5KKmimUgxSZ2IoAQ3jdy5Ljbsgnn+dY3UCB\/kMkgZzd3KOG0IoW0UDilpfJppmpkIMUmpcZFaYgCJLpUyzQZgkZtKXPtqpeBFJnYRtJHzUGTolKCx8VhhpIC5VACwJWfXVKrxXtIpTF5pmpkIEUnAETXDnzQvVMgfHB\/TE\/0eT4GxcUlalnejOUTsqZqZSDFJgUoyBEyMi6M0AKVwxSZRapcBlKMIkza4eDcO4UJ9qfgW811REMdoCBI5n\nK1PF\/4wmkcCukP+ppuqk4GUmzSNk+wNMBI3ToXdWIe2lGZn\/+OKhWDMdJgqlYGUnQCKKEDgUAoIQwuyZ2yVNJ6XWHSdpHL8FYMIJlrV7kMpMikIxUQ2gDqADAcaC8cgj4Ni\/w6IGrVJGk14OFlsD5w+TQMpIfQB0p86bmpWhlIkank1KkhopvmrIu3MBwSnrnJTjQOMYeYsY3kS5kqloEUmXT+BbR96ljWwUmdIAETBxPy6jUpFurShzXqoxzduC7yOgi0SDnLazCkqpSBFJ1AjzdLruMA7R1t87g0toMK3xYKgeVojYYn0yCqXAZSbFKICBNgARB8naVaFwamwVIVvrfOQYQyWCpI2Cz1ZQ2lamUgRSYCoBAQGkLUzyXhHN\/scICLR874rFK4x8QUTcMKH6FI2CmhZXUvpopkIEUnNUkOAyXFdWUzsDdOH0eiSpwoQEhgktvOlTdVJwMpMrH6q+0hMICBg1DzPJceLM1+NpAe0hUowsLGkXaLoxyi2g3ON1HoGyqQbKpMBlKMUlhgYzgKPOW9okT6OFWdrC79Wl3yet23lZCOcizLuOuEcC6fqVoZSLHJu24KBDsVABNaSZJj2c1qAKkmOWBiXoE0jqojRDqJvkLkd2CqVAZSZGL3Nuf9LjIsi1zyPmxRryeNfk8uwWVrIS1DaDMMctlH2EV8N+9LF\/kc2eAA9Ds0VSIDKTKpJaJrh7jeH0IbqeCE+XzMnHPWoR2Usy2ENlIfoYcyXWzVQdBtdB+mqmUgRSa2i+jKtXFq2oCo04flOejIQbcju8BlP+\/KAaxTD3ldhH2ELQD1ANv2EAhXX99UobszVSQDKUrRvUtgaQATlu10gADLg\/gBwj5CB6UIDsVZWPlkEtlRfmjKzC5VKgMpMukcDAjsOOgj2sWyoxABHKQTpjbKMU7LRXFEA+e0U3TUFBlEVctAilDaRoKL12NPHcI+0hjaiBOYRS49K+y1ayAsIOgsQnD1BjlSjaVKZSDFJkAUrJJfUSbYCeEGCDGMxDyOsyt3NIyXMFUhAykyBVTYDa7TF8P6BIhynC69V6SgsQwgQmB76QBB7ykh6A5MlcpAilDkhC\/iq6HxUyNMIKOG9CbIqQMspukbzBF4AgM3cOqw4tJomUzVyUCKTerSuRPDUd6cfljjwKWOJdtIbvS3k4LETRBGrl1Ay1SVDKTIxDdRJKmfIYhDf7AgIOyh60omBfKkVpMm6GEnQwOZLYRFEMTQgNWiM2g3kqqVgRSpCI8DyLWDGFc0aH4YAApHfPME0u2rIc4lH+yzRyiql4EUm+i2IRAe3nBl6Pql9tohT2caKtAWAi91pLWwXGBAOqeN5KMXBlO1MpAiE1DRkPl7RjWERaRoQLwBd48To9C1a6HcAoDhBCkMHN2gzyUBsuvXr2PNVJUMpAjFrgRaHe1sIDxIa4CuOuJoPWkaoWGgO8clT2SAkG7f8vIyY6aKZCBFJjCilmgBS45WoNvWYEC8maVSzzKppTUAxK5wWijAhLIwUjrEbjCgWzdsUZkqkoEUmVzXtfvkyaG1CSIaDLxfxOeOdKQ3Qo6g03aFMsoQ92CqSgZShBpCNEAbSbuzXZqDqJAcoYvQQWjnDiaCxLkc2CFBe+RKm6qSgRSZ9AYsOxTgtqnrBjDqIKOmYeCWgIbd3Ry4Slz4oF+\/yLWnLswDbhxVKwMpNgGe0NEQOhQITAi82Rri7KGjyI1rFSGCFddGMlUpAykyhZ46diA0sNRu7iKThQFCVpOFJJUW0tjtvYiwBHa0N48B6wqa35epOhlI0QkEAQq96coozlACqpKMQ4d8OkrxxIXALnCOw2MIoxtcDx5WTJXIQIpN3l9T9w5nRwPficRAmIYguVHeDASIbSkGdk7QIvGtFNZQqk4GUmQiJJw9lR0OUgMSfDPfAhBpYdmoASbn+nFQqz6vlGZSr9WlUW\/o0j12wf0YRFXKQIpMnDjfTYIP0a+jSSJQDJkLfOWlNJoIDRnoKzBr6vqF9pXCaKpUBlJk6nUO5GD3IWAopIAF6i+0pFheRFiSZHFJZH1Disubkn\/4I5K\/\/wPSe\/am9NdWJQdY+ogFtmSng6laGUiRidaEr2apwcIQi5SjvJFKS8PnkAabGzJ46rpkV65JdhXh+jWRVks4Hx5HhOsEKAZS5TKQohMhGOiYOh2gCjj0qVh9oK8ugyubUjzzlNSuPSm1JxCeekJkARZLQSo0aJedqVIZSJEpJUAa3L0hTn6ibCE+aCIdbl396ae1F087HxYXRJpoL9Ub7j4SymbsqDBVKgMpOgECwkN66M65FL2HxA6HpNUEPGgrsSscwKVw98Jj6aFsOKlml6qTgRSZFAqA1C\/0vRK6TmCSOqzPckvSS5dgldAuagAotI3qCwuSNurafuIDfboNCNJmkpFUmQyk6AQXDhQUfQ5CdWDpBJCwQMIePK4PChlsrMpgdUUGtE60StyO7t+AgfvRkXemimQgRSb15kBADpAYIUj6eASsksCtowvHEd6DdUC0uiyDhUW4eQCJELktdOkcPUOpKhlIsYm9c3Dt8k5H3xHLzocEViapNyW7dE3qV69J89KG7Ce5tJNC8hrndsikMcCSbSjsghDmHCNkHFUmAykyhTYS3xvLJee4SwFKCqujbSK4c83lZWnAzas3G+5eEy1SWlMI2SmBrXRfxlF1MpAiU8YhP40G2kWAIqvDytSlngGaxqLUANDyjadl49o1efqF98i155+V1Y1LUltdl0FrERy58g12PgAo3+lnqkAGUmRqrMDaXL0iy5\/5QcmevCGDtAHTkmFZkwJW6MH2Nty23D1eDuAWn31elj75SVn67A8AvRpARDsKlosUsd1kqkYGUmRqLC5Ic31VFl54QWqbVwAE3DbOWwz3Tlp1afe64KQla+vrsn5lUxZvXpGF9z4rix98ASDRtUN5AKZuoXfxTGevZGBTckYlno5+vy+9fiJv\/tFXpPf535fWgweS3nxCVv\/aZyXZ3JD1zU1f2qnX7WmHxL3P\/7HU1pak9cQVSdfXZHFpyZcwnbXMIkUm90Bfqk9NdBczuX99Q9qf+pS03\/eCunZ1Pj4xIQ4p4pk8WF2U3sqiJLBqNbS1TNXJLNIcqOdHdXNEuClO2ZmZA+lj5dbciVpmkUymU5BZJJPpFGQgmUynIAPJZDoFGUgm0ynIQDKZTkHnqtfOOiAvrmY9rvDcWCSDyDRLRW2RTuurGWTnQ6dhdc7Kcs0EpJP+lwaSqazHheCk27+b\/+fcgXQah\/PY+yifiJPsi+Uny02eTM1+\/GM7VU373u9Q7xaOs9wuGpDeyS5PUnZamUdt9+7yH\/1dTKcnnoJplfbYiuw2ck9ahXI+DR\/6T9e59g72fVJ4jtweFerUa8872eW0spNpJykzroHO8UbxwE++\/XH7DD\/gcWVMR2uyAuJ35E85UTHd6nFpfLWnuNfehDQmsBACU8K5naz073R9mo4q89ggvZvNp21TTntUPlb0HDDwsMbLu\/gojSCNv1N1yu7HdPgdrP4EafwRG5uO0Pjzuu4MIu0RlZfZrsz41kky6nDmudYyCFoqLDU62m5YDgrlgqZ9j2lpZZXzTwzSCYupjis7LS+kjeUhPl7SXYk0ppFRLlcP7yOsl+NcTlqoaWlH66TlTCM9ukL6iGq8LLed3J6rozQuHSA8NeXyk0sVosSMSaF80NTyEzoq70QgvdPKc1z5ybywXk5nnF+Yy8PlC4QQZ2QSMI0wNUSHcpbm8UAa26HpZDqmYlLj2aOVaRU7REdph0HjE8bU9O1L5bnE+dR1nxZKlrcp68h0VKBja8ajKthx+dPyymmMM\/DLjdJHYBT+zXXlvHJaSA\/ZIY2HWgzzwral+LS0kjRNf6\/wo2H9cLGTCbsY\/w4+AoVzMuUrHKlHbTN5nt\/JvoP0XUynJd0VP\/BFpnyXUSV2+ZMVlfP88fdzyS6PZTS4FU0rt5nCPkK5cnwyLeikaWWNlcWXPPKnPiZrqKPKlNMny4R1LvlduDoqMw7SqGwZoLAMeaO4ZkIKEtN1bVQuqLztpMbT+GMdLnNSTdt\/7Dqq4py2Rv9PWHrrAE0uqXJ5xnTdpyn8IT60SLrQcmxTuaVLnIwHHZVWXi9rWB4neuqZPq4CPKpyhPxyufFtRvkh2eU7IELayPqUgXL5bumCJgzzRnHKWSYGWj23P2qyXFnjaeEHHO3bdDIdVfnKmiwzrJi6ZAXWT3cGNY0eRwkCb4m4HtIIksbwUU6jXDkXH0\/T6DCvrLDvsK9JaR4qx6HaMZl0kgpULnNUHCv6gyDiPn0Wy4zCyPI4kJzbxxDSQwigYYXVfJjuksbjYTktbaqQzH068Qc8otyjNLaf+RCqRYicqiYrIn\/6cpL+v1phfQIUKjbTXNxZLf3Tsq5wiOu6T1Ogyul6HhLJdBKZUfoo3ynEh2nML69Dk\/FDIE2rWEdWtpLKZY6KY8VXKf+Jhcsf3fcpWx\/n2mnUpSHQwjCuwYPEtzNQrohPG1qzsF+3TYiHpY8OxZ8HqfwYk6a9S4X\/b15UriSnpen7LFVG\/zGyCJNuXqjwmgRXzkGi27gN1b1zaaHs4aDb6nTODAE0bjKyRKFcWLIAY8N1aDL+2CCV8ybL6dpYmqvMIcnFD1f8sJ8iH09jqoMLsVK5vOArUCa2nbK\/ySVVjgedNO2kepxtZ6FyJTlNTdvvZFpYd1UXvxsrqa\/k9OL4S2rFnQj40G0Upgl3z6U5d495Wh46bLFCXLNdGr+CdwGDRuVHGi9x2jrFyse1kMZDUKz0OF0as8ImR4KggSsurSzmhxA0LS2onPeoMG+adgzvJkxqWvq0chRKulOFj6G7r59HCAWHVXui4FHbuX2PwuPobEE6U02\/9zPtBzlUbvxicsR+jv5lj8szPVrv7vc7Zhtk0UIQvXDbo3yKT\/r\/Pc55PVPXjgpp\/NRDxXoopgvfJgppznUru2VhOQpM5HLYNvLvTh3mM83Hx9NcuvvJnTSPK6VfflraSRT+n4umSTfnpIKD5H9jfrjeOLc+0njPmsssx\/Wt71wvpQ\/zEcL9Jbd0ZSb36YJPo+unMeaPygWFeDmNOhFI1EnTj1rnkv91qMJM1hgiDhxnYUZtmxFM+pJhbuDXNe7LDvfBv5BXKjeepgss3b4pl88fhis+jREfH\/6qkwr5VCjDzcJ\/Mk1H7SsWHfPVj5NrkzxCU39PX2l9mq5N7Gq80oe4W3dxtnM0Nuxs0Lxh3JUdpkOhbUSV8zSNS2bg+4a2UShLDctN6MQgUcdWEmgyn+tTt2EavouzJCHJxYadCcgJ27ug2dpTp7mlvJCp68PtNAnLsD+X75b66eO+IFSOB01LO79iBTm7451WAanJilqWA8WlqVXh18M6k1jlh+U1LZSb7ETw20Jcd3AyT5OwTEf5\/A1ChlfYBxXALkv\/H1SUqb\/cSSvQUeVCejl\/erxc6ce3KcZ64zRaslgBGGT4zOE6jnsY93LrGjuUHlSOB01JKomZ4z\/6YZV2cOy+IpBWmJN+yXLZR\/0GftdHqFxRD8cZXFd4CJrn\/09d92ludANXRyBRXJYBCHFXRqOl8qNtgo6KU2H9zECiynmPik9LK7t55XKMuqXfhvFh3qicjwxPt0tDcP9UwzT\/AwaV3b\/Hlv5\/4X+MV8NK8qivGn6qwz\/biRXctJHczsJXGFVYn4bscjf0sAJjyZgu1aqM72NYju\/X1dg4SG4Z4qHEKI8q76essTKoSMf+bI\/IHtNxZct5IX5U+VH7SBe6Prm9W+WHa1u5\/BFImuUXIb\/8U2g20\/2yrLG8E+rwzzyu0Js0C4Xv9qhvEBrmk7\/HSfROt9DK6eNDldLGKq7GaZU8APoRgHHlRuVL5XyZUZ4DIqRzXeuFTwsqx6nJdepQGezo2N\/gEdmHdFT5yfRp5UZpbslOBn5dro2Xdx0QLsf9GJo6BJDgaHRMx\/+fI01Le7c6zX1VIVc\/Dlecs9KJKqmu83ccpTur4tLGyzuQQhoXLs7gyjsX0OVT0\/+\/kR61Tj0SpGl6J5scV3ZaHtMY+GXL+ZNlx\/NGAAVNFFcd5a4dt++YxMsKfhW\/Ns8qV2IfgaZVUOqwGzjajr8IV6ZWbqb5dH7yvDJtsuyj1qlpaUG6T+z81M\/Mo3Z5VH5In5Z\/3D5d3rgVGpUfJR6zi0M67v8zvTsdVxmnicV5GnSr0Ycq7MstRumUy+P5m5Y+WgZN+17T0so6tA9UmFOvMY\/a5XH50\/I05R1sM17eL7EYL3W8zuBnufB6VOWcFFupanEgt2lpe7+vaXvU\/4fnb8r\/V\/4OR32fk3zPyTJnAtI0vZP\/5qRljyv3uIc13L78g5XTHnP\/j63J7xC+52TaO\/2ep7XNlLSTVNBxcfvp27ybyj6pk36fE\/1fqDDv8Fd7d3qn\/827\/VqP2q6iwzWdko6rxCcF4SjNJUiP0ml9jdPYj8F2dnrcyh90WvuhTmNf0YD0KFX5NQ2ks9NpAvBOdNb\/r4FkuhAykGYk+1lOX7OyRlXo8J0uk+o8n\/RZ6Lz\/nmaRTKZTkFkkk+mxJfL\/Abix+eZoAq6LAAAAAElFTkSuQmCC\" alt=\"\" \/><\/h3>\n<h4>ELEKTROD ORP EKONOM\u0130K<\/h4>\n<p>Polikarbon g\u00f6vde yap\u0131s\u0131 ile y\u00fcksek dayan\u0131m<br \/>\nG\u00fcvenilir ve do\u011fru ORP\/Redox \u00f6l\u00e7\u00fcm\u00fc<br \/>\nAn\u0131nda kullan\u0131ma haz\u0131r yap\u0131 ve uzun raf \u00f6mr\u00fc i\u00e7in saklama \u015fi\u015fesi<br \/>\nDirekt BNC konekt\u00f6r\u00fc ile kolay ba\u011flant\u0131<br \/>\nM\u00fch\u00fcrl\u00fc jel d\u00f6ng\u00fcl\u00fc tasar\u0131m\u0131 sayesinde yeniden doldurma veya bak\u0131m gerektirmeyen yap\u0131<br \/>\nS\u0131zd\u0131rmaz referans tasar\u0131m\u0131 sayesinde bilinmeyen ve zorlu numunelerde do\u011fru \u00f6l\u00e7\u00fcm<\/p><\/div>\n<div>1 metre, kablo uzunlu\u011fu<\/div>\n<div><\/div>\n<div>\n<p>Talep \u00fczerine \u00e7e\u015fitli se\u00e7enekler ve versiyonlar mevcuttur.<\/p>\n<p>Profesyoneller yada Bireyseller i\u00e7in y\u00fcksek kaliteli markalar\u0131, teknolojiye uygun \u00fcr\u00fcnleri <strong>Tuna Havuz<\/strong> olarak<br \/>\nT\u00fcrkiye\u2019nin d\u00f6rt bir yan\u0131na sunmaktay\u0131z. Ev Havuzu, Y\u00fczme Havuzu, Olimpik Havuzlar, Bah\u00e7e Havuzlar\u0131, G\u00f6letler ve<br \/>\nT\u00fcm Havuz \u0130htiya\u00e7lar\u0131n\u0131z\u0131 tam ve eksiksiz sa\u011flayabilmek i\u00e7in bir telefon kadar yak\u0131n\u0131n\u0131zday\u0131z&#8230;<\/p>\n<\/div>\n","protected":false},"excerpt":{"rendered":"<p>ELEKTROD ORP E Polikarbon G\u00f6vdeli Tek Referansl\u0131 Saplama Tip pH Sens\u00f6r\u00fc ELEKTROD ORP EKONOM\u0130K Polikarbon g\u00f6vde yap\u0131s\u0131 ile y\u00fcksek dayan\u0131m<\/p>\n","protected":false},"featured_media":8986,"template":"","meta":[],"product_brand":[],"product_cat":[254,458],"product_tag":[],"class_list":{"0":"post-8985","1":"product","2":"type-product","3":"status-publish","4":"has-post-thumbnail","6":"product_cat-dozajlama-sistemleri","7":"product_cat-sensorler-yedek-parcalar","9":"first","10":"instock","11":"taxable","12":"shipping-taxable","13":"product-type-simple"},"_links":{"self":[{"href":"https:\/\/tunahavuz.com\/online\/wp-json\/wp\/v2\/product\/8985","targetHints":{"allow":["GET"]}}],"collection":[{"href":"https:\/\/tunahavuz.com\/online\/wp-json\/wp\/v2\/product"}],"about":[{"href":"https:\/\/tunahavuz.com\/online\/wp-json\/wp\/v2\/types\/product"}],"version-history":[{"count":1,"href":"https:\/\/tunahavuz.com\/online\/wp-json\/wp\/v2\/product\/8985\/revisions"}],"predecessor-version":[{"id":29598,"href":"https:\/\/tunahavuz.com\/online\/wp-json\/wp\/v2\/product\/8985\/revisions\/29598"}],"wp:featuredmedia":[{"embeddable":true,"href":"https:\/\/tunahavuz.com\/online\/wp-json\/wp\/v2\/media\/8986"}],"wp:attachment":[{"href":"https:\/\/tunahavuz.com\/online\/wp-json\/wp\/v2\/media?parent=8985"}],"wp:term":[{"taxonomy":"product_brand","embeddable":true,"href":"https:\/\/tunahavuz.com\/online\/wp-json\/wp\/v2\/product_brand?post=8985"},{"taxonomy":"product_cat","embeddable":true,"href":"https:\/\/tunahavuz.com\/online\/wp-json\/wp\/v2\/product_cat?post=8985"},{"taxonomy":"product_tag","embeddable":true,"href":"https:\/\/tunahavuz.com\/online\/wp-json\/wp\/v2\/product_tag?post=8985"}],"curies":[{"name":"wp","href":"https:\/\/api.w.org\/{rel}","templated":true}]}}