{"id":8994,"date":"2022-12-16T01:42:56","date_gmt":"2022-12-15T22:42:56","guid":{"rendered":"https:\/\/tunahavuz.com\/?post_type=product&#038;p=8994"},"modified":"2025-08-07T12:42:47","modified_gmt":"2025-08-07T09:42:47","slug":"dozaj-pompasi-seviye-sensoru-wf-sk-15-metre-kablolu","status":"publish","type":"product","link":"https:\/\/tunahavuz.com\/online\/urun\/dozaj-pompasi-seviye-sensoru-wf-sk-15-metre-kablolu\/","title":{"rendered":"Dozaj Pompas\u0131 Seviye Sens\u00f6r\u00fc WF\/SK ( 1,5 metre kablolu)"},"content":{"rendered":"<h1>Seko Dozaj Pompas\u0131 Seviye Sens\u00f6r\u00fc<\/h1>\n<h1><\/h1>\n<h1><img decoding=\"async\" src=\"https:\/\/www.havuzdan.com\/class\/INNOVAEditor\/assets\/Neta_otomatik_kontrol_sistemi_ekipmanlar%C4%B1_8.png\" alt=\"\" border=\"0\" \/><\/h1>\n<h1><\/h1>\n<h1><img decoding=\"async\" src=\"https:\/\/www.havuzdan.com\/class\/INNOVAEditor\/assets\/Neta_seviye_sans%C3%B6r%C3%BC_6.png\" alt=\"\" border=\"0\" \/><\/h1>\n<p>Talep \u00fczerine \u00e7e\u015fitli se\u00e7enekler ve versiyonlar mevcuttur.<\/p>\n<p>Profesyoneller yada Bireyseller i\u00e7in y\u00fcksek kaliteli markalar\u0131, teknolojiye uygun \u00fcr\u00fcnleri <strong>Tuna Havuz<\/strong> olarak<br \/>\nT\u00fcrkiye\u2019nin d\u00f6rt bir yan\u0131na sunmaktay\u0131z. Ev Havuzu, Y\u00fczme Havuzu, Olimpik Havuzlar, Bah\u00e7e Havuzlar\u0131, G\u00f6letler ve<br \/>\nT\u00fcm Havuz \u0130htiya\u00e7lar\u0131n\u0131z\u0131 tam ve eksiksiz sa\u011flayabilmek i\u00e7in bir telefon kadar yak\u0131n\u0131n\u0131zday\u0131z&#8230;<\/p>\n","protected":false},"excerpt":{"rendered":"<p>Seko Dozaj Pompas\u0131 Seviye Sens\u00f6r\u00fc Talep \u00fczerine \u00e7e\u015fitli se\u00e7enekler ve versiyonlar mevcuttur. Profesyoneller yada Bireyseller i\u00e7in y\u00fcksek kaliteli markalar\u0131, teknolojiye<\/p>\n","protected":false},"featured_media":8995,"template":"","meta":[],"product_brand":[],"product_cat":[254,458],"product_tag":[],"class_list":{"0":"post-8994","1":"product","2":"type-product","3":"status-publish","4":"has-post-thumbnail","6":"product_cat-dozajlama-sistemleri","7":"product_cat-sensorler-yedek-parcalar","9":"first","10":"instock","11":"taxable","12":"shipping-taxable","13":"product-type-simple"},"_links":{"self":[{"href":"https:\/\/tunahavuz.com\/online\/wp-json\/wp\/v2\/product\/8994","targetHints":{"allow":["GET"]}}],"collection":[{"href":"https:\/\/tunahavuz.com\/online\/wp-json\/wp\/v2\/product"}],"about":[{"href":"https:\/\/tunahavuz.com\/online\/wp-json\/wp\/v2\/types\/product"}],"version-history":[{"count":1,"href":"https:\/\/tunahavuz.com\/online\/wp-json\/wp\/v2\/product\/8994\/revisions"}],"predecessor-version":[{"id":29595,"href":"https:\/\/tunahavuz.com\/online\/wp-json\/wp\/v2\/product\/8994\/revisions\/29595"}],"wp:featuredmedia":[{"embeddable":true,"href":"https:\/\/tunahavuz.com\/online\/wp-json\/wp\/v2\/media\/8995"}],"wp:attachment":[{"href":"https:\/\/tunahavuz.com\/online\/wp-json\/wp\/v2\/media?parent=8994"}],"wp:term":[{"taxonomy":"product_brand","embeddable":true,"href":"https:\/\/tunahavuz.com\/online\/wp-json\/wp\/v2\/product_brand?post=8994"},{"taxonomy":"product_cat","embeddable":true,"href":"https:\/\/tunahavuz.com\/online\/wp-json\/wp\/v2\/product_cat?post=8994"},{"taxonomy":"product_tag","embeddable":true,"href":"https:\/\/tunahavuz.com\/online\/wp-json\/wp\/v2\/product_tag?post=8994"}],"curies":[{"name":"wp","href":"https:\/\/api.w.org\/{rel}","templated":true}]}}