{"id":8998,"date":"2022-12-16T02:02:10","date_gmt":"2022-12-15T23:02:10","guid":{"rendered":"https:\/\/tunahavuz.com\/?post_type=product&#038;p=8998"},"modified":"2025-08-07T12:42:40","modified_gmt":"2025-08-07T09:42:40","slug":"tuz-klor-jeneratorleri-anodik-koruma","status":"publish","type":"product","link":"https:\/\/tunahavuz.com\/online\/urun\/tuz-klor-jeneratorleri-anodik-koruma\/","title":{"rendered":"Tuz-Klor Jenerat\u00f6rleri &#8211; Anodik Koruma"},"content":{"rendered":"<h1>\u00d8 63 Anodik Koruma<\/h1>\n<div><\/div>\n<h2>Tuz-Klor Jenerat\u00f6rleri \u0130\u00e7in<\/h2>\n<div><\/div>\n<div><\/div>\n<div><\/div>\n<div><\/div>\n<div><\/div>\n<div>\n<div>Tuz-Klor jenerat\u00f6r\u00fc kullanan havuzlarda, havuz i\u00e7i &#8211; tesisat\u0131 paslanmaz \u00e7elik malzemelerin elektrolitik korozyonunu \u00f6nlemek amac\u0131yla kullan\u0131l\u0131r.<\/div>\n<div>\nElektrik ba\u011flant\u0131s\u0131 pompa kontrol panosu toprak hatt\u0131na yap\u0131l\u0131r.\n<\/div>\n<\/div>\n<div>\n<ul>\n<li>Tesisi kolayd\u0131r.<\/li>\n<\/ul>\n<ul>\n<li>Fiberglas havuzlarda &#8220;Elektrik \u015foku\u201d korumas\u0131 sa\u011flar.<\/li>\n<\/ul>\n<ul>\n<li>Maksimum 4 bar &#8211; \u00d8 63 g\u00f6vde.<\/li>\n<li><\/li>\n<li>\u00a0Anod kontrolu i\u00e7in \u015feffaf kapak.<\/li>\n<\/ul>\n<ul>\n<li>Saf \u00e7inkodur, ortalama \u00f6mr\u00fc 3 y\u0131ld\u0131r.<\/li>\n<li><\/li>\n<\/ul>\n<div><\/div>\n<div><\/div>\n<div>\n<p>Talep \u00fczerine \u00e7e\u015fitli se\u00e7enekler ve versiyonlar mevcuttur.<\/p>\n<p>Profesyoneller yada Bireyseller i\u00e7in y\u00fcksek kaliteli markalar\u0131, teknolojiye uygun \u00fcr\u00fcnleri <strong>Tuna Havuz<\/strong> olarak<br \/>\nT\u00fcrkiye\u2019nin d\u00f6rt bir yan\u0131na sunmaktay\u0131z. Ev Havuzu, Y\u00fczme Havuzu, Olimpik Havuzlar, Bah\u00e7e Havuzlar\u0131, G\u00f6letler ve<br \/>\nT\u00fcm Havuz \u0130htiya\u00e7lar\u0131n\u0131z\u0131 tam ve eksiksiz sa\u011flayabilmek i\u00e7in bir telefon kadar yak\u0131n\u0131n\u0131zday\u0131z&#8230;<\/p>\n<\/div>\n<div><\/div>\n<\/div>\n","protected":false},"excerpt":{"rendered":"<p>\u00d8 63 Anodik Koruma Tuz-Klor Jenerat\u00f6rleri \u0130\u00e7in Tuz-Klor jenerat\u00f6r\u00fc kullanan havuzlarda, havuz i\u00e7i &#8211; tesisat\u0131 paslanmaz \u00e7elik malzemelerin elektrolitik korozyonunu<\/p>\n","protected":false},"featured_media":8999,"template":"","meta":[],"product_brand":[],"product_cat":[578,514],"product_tag":[],"class_list":{"0":"post-8998","1":"product","2":"type-product","3":"status-publish","4":"has-post-thumbnail","6":"product_cat-gemas-tuz-klor-jeneratorleri","7":"product_cat-tuz-klor-jenaratorleri","9":"first","10":"instock","11":"taxable","12":"shipping-taxable","13":"product-type-simple"},"_links":{"self":[{"href":"https:\/\/tunahavuz.com\/online\/wp-json\/wp\/v2\/product\/8998","targetHints":{"allow":["GET"]}}],"collection":[{"href":"https:\/\/tunahavuz.com\/online\/wp-json\/wp\/v2\/product"}],"about":[{"href":"https:\/\/tunahavuz.com\/online\/wp-json\/wp\/v2\/types\/product"}],"version-history":[{"count":1,"href":"https:\/\/tunahavuz.com\/online\/wp-json\/wp\/v2\/product\/8998\/revisions"}],"predecessor-version":[{"id":29594,"href":"https:\/\/tunahavuz.com\/online\/wp-json\/wp\/v2\/product\/8998\/revisions\/29594"}],"wp:featuredmedia":[{"embeddable":true,"href":"https:\/\/tunahavuz.com\/online\/wp-json\/wp\/v2\/media\/8999"}],"wp:attachment":[{"href":"https:\/\/tunahavuz.com\/online\/wp-json\/wp\/v2\/media?parent=8998"}],"wp:term":[{"taxonomy":"product_brand","embeddable":true,"href":"https:\/\/tunahavuz.com\/online\/wp-json\/wp\/v2\/product_brand?post=8998"},{"taxonomy":"product_cat","embeddable":true,"href":"https:\/\/tunahavuz.com\/online\/wp-json\/wp\/v2\/product_cat?post=8998"},{"taxonomy":"product_tag","embeddable":true,"href":"https:\/\/tunahavuz.com\/online\/wp-json\/wp\/v2\/product_tag?post=8998"}],"curies":[{"name":"wp","href":"https:\/\/api.w.org\/{rel}","templated":true}]}}