{"id":9007,"date":"2022-12-16T02:10:28","date_gmt":"2022-12-15T23:10:28","guid":{"rendered":"https:\/\/tunahavuz.com\/?post_type=product&#038;p=9007"},"modified":"2025-08-07T12:42:15","modified_gmt":"2025-08-07T09:42:15","slug":"zodiac-ei2-25-tuz-klor-jeneratoru","status":"publish","type":"product","link":"https:\/\/tunahavuz.com\/online\/urun\/zodiac-ei2-25-tuz-klor-jeneratoru\/","title":{"rendered":"Zodiac ei2 25 Tuz Klor Jenerat\u00f6r\u00fc"},"content":{"rendered":"<div>\n<h1>ZODIAC Ei2 25 TUZ KLOR JENERAT\u00d6R\u00dc<\/h1>\n<h2>ZODIAC TUZ KLOR JENERAT\u00d6R\u00dc<\/h2>\n<\/div>\n<div><\/div>\n<div>\u00a0<img decoding=\"async\" src=\"https:\/\/www.havuzdan.com\/class\/INNOVAEditor\/assets\/ZODIACEi225GR\/ZODIACE%C4%B0225G%C4%B0R%C4%B0%C5%9E1.png\" alt=\"\" border=\"0\" \/><\/div>\n<div><\/div>\n<div>\n<h4>ZODIAC Ei2 25 TUZ KLOR JENERAT\u00d6R\u00dc<\/h4>\n<div>Uzun \u00d6m\u00fcrl\u00fc<br \/>\nT\u00fcm montaj tiplerine uyumlu<br \/>\nKolay monta<\/div>\n<div><\/div>\n<div>\n<div>Model Ei2 25<\/div>\n<div>Havuz Hacmi 8 Saat\/g\u00fcn : 110m\u00b3<\/div>\n<div>Klor \u00dcretimi: 25 g\/h<\/div>\n<div>Amper \u00c7\u0131k\u0131\u015f De\u011feri 5,0 A<\/div>\n<\/div>\n<div><\/div>\n<div>\n<div>A\u00c7IKLAMA<br \/>\nKullan\u0131c\u0131 aray\u00fcz\u00fc:\u00a0Led<br \/>\n\u00c7al\u0131\u015fma modlar\u0131:\u00a0Normal; D\u00fc\u015f\u00fck (0 ila 20%)<br \/>\nZaman saati (timer):\u00a0Filtrasyon zaman saati ile birlikte<br \/>\nKutup de\u011fi\u015fim s\u00fcresi:\u00a0Evet 5 h<br \/>\nG\u00fcvenlik:<\/div>\n<div>\u00abD\u00fc\u015f\u00fck tuz\u00bb ikaz \u0131\u015f\u0131\u011f\u0131:Elektrodu korumak i\u00e7in \u00fcretim miktar\u0131 d\u00fc\u015f\u00fcr\u00fcl\u00fcr.<\/div>\n<div>\u00abAk\u0131\u015f yok\u00bb ikaz \u0131\u015f\u0131\u011f\u0131:\u00a0Durum d\u00fczelene kadar \u00fcretim durdurulur.<br \/>\nH\u00fccre montaj pozisyonu:\u00a0Diket<br \/>\nTesisat uyumu:\u00a0DN50 mm, DN63 mm, 1 \u00bd\u2019\u2019 (48 mm)<\/div>\n<div><\/div>\n<div><img decoding=\"async\" src=\"https:\/\/www.havuzdan.com\/class\/INNOVAEditor\/assets\/ZODIACE2IPH\/E2%C4%B0%20TUZ%20KLOR%20JENERAT%C3%96R%C3%9Cmontaj%20program%C4%B1.png\" alt=\"\" border=\"0\" \/><\/div>\n<div><\/div>\n<div>\n<div><\/div>\n<div>\n<div>2 Y\u0131l Garanti S\u00fcresi<\/div>\n<div>Profesyoneller yada Bireyseller i\u00e7in y\u00fcksek kaliteli markalar\u0131,\u00a0teknolojiye uygun \u00fcr\u00fcnleri\u00a0havuzdan.com\u00a0olarak<br \/>\nT\u00fcrkiye\u2019nin d\u00f6rt bir yan\u0131na sunmaktay\u0131z.\u00a0Ev Havuzu, Y\u00fczme Havuzu, Olimpik Havuzlar, Bah\u00e7e Havuzlar\u0131,\u00a0G\u00f6letler ve<br \/>\nT\u00fcm Havuz \u0130htiya\u00e7lar\u0131n\u0131z\u0131 tam ve eksiksiz sa\u011flayabilmek i\u00e7in bir telefon kadar yak\u0131n\u0131n\u0131zday\u0131z&#8230;<\/div>\n<\/div>\n<\/div>\n<div><\/div>\n<div><img decoding=\"async\" src=\"https:\/\/www.havuzdan.com\/class\/INNOVAEditor\/assets\/ZODIACEi225GR\/ZODIACE%C4%B0225PAKETEDAH%C4%B0L.png\" alt=\"\" border=\"0\" \/><\/div>\n<div>\n<p>Talep \u00fczerine \u00e7e\u015fitli se\u00e7enekler ve versiyonlar mevcuttur.<\/p>\n<p>Profesyoneller yada Bireyseller i\u00e7in y\u00fcksek kaliteli markalar\u0131, teknolojiye uygun \u00fcr\u00fcnleri <strong>Tuna Havuz<\/strong> olarak<br \/>\nT\u00fcrkiye\u2019nin d\u00f6rt bir yan\u0131na sunmaktay\u0131z. Ev Havuzu, Y\u00fczme Havuzu, Olimpik Havuzlar, Bah\u00e7e Havuzlar\u0131, G\u00f6letler ve<br \/>\nT\u00fcm Havuz \u0130htiya\u00e7lar\u0131n\u0131z\u0131 tam ve eksiksiz sa\u011flayabilmek i\u00e7in bir telefon kadar yak\u0131n\u0131n\u0131zday\u0131z&#8230;<\/p>\n<\/div>\n<\/div>\n<\/div>\n","protected":false},"excerpt":{"rendered":"<p>ZODIAC Ei2 25 TUZ KLOR JENERAT\u00d6R\u00dc ZODIAC TUZ KLOR JENERAT\u00d6R\u00dc \u00a0 ZODIAC Ei2 25 TUZ KLOR JENERAT\u00d6R\u00dc Uzun \u00d6m\u00fcrl\u00fc T\u00fcm<\/p>\n","protected":false},"featured_media":9002,"template":"","meta":[],"product_brand":[],"product_cat":[514,546],"product_tag":[],"class_list":{"0":"post-9007","1":"product","2":"type-product","3":"status-publish","4":"has-post-thumbnail","6":"product_cat-tuz-klor-jenaratorleri","7":"product_cat-zodiac-tuz-klor-jeneratorleri","9":"first","10":"instock","11":"taxable","12":"shipping-taxable","13":"product-type-simple"},"_links":{"self":[{"href":"https:\/\/tunahavuz.com\/online\/wp-json\/wp\/v2\/product\/9007","targetHints":{"allow":["GET"]}}],"collection":[{"href":"https:\/\/tunahavuz.com\/online\/wp-json\/wp\/v2\/product"}],"about":[{"href":"https:\/\/tunahavuz.com\/online\/wp-json\/wp\/v2\/types\/product"}],"version-history":[{"count":1,"href":"https:\/\/tunahavuz.com\/online\/wp-json\/wp\/v2\/product\/9007\/revisions"}],"predecessor-version":[{"id":29591,"href":"https:\/\/tunahavuz.com\/online\/wp-json\/wp\/v2\/product\/9007\/revisions\/29591"}],"wp:featuredmedia":[{"embeddable":true,"href":"https:\/\/tunahavuz.com\/online\/wp-json\/wp\/v2\/media\/9002"}],"wp:attachment":[{"href":"https:\/\/tunahavuz.com\/online\/wp-json\/wp\/v2\/media?parent=9007"}],"wp:term":[{"taxonomy":"product_brand","embeddable":true,"href":"https:\/\/tunahavuz.com\/online\/wp-json\/wp\/v2\/product_brand?post=9007"},{"taxonomy":"product_cat","embeddable":true,"href":"https:\/\/tunahavuz.com\/online\/wp-json\/wp\/v2\/product_cat?post=9007"},{"taxonomy":"product_tag","embeddable":true,"href":"https:\/\/tunahavuz.com\/online\/wp-json\/wp\/v2\/product_tag?post=9007"}],"curies":[{"name":"wp","href":"https:\/\/api.w.org\/{rel}","templated":true}]}}