{"id":9013,"date":"2022-12-16T02:16:20","date_gmt":"2022-12-15T23:16:20","guid":{"rendered":"https:\/\/tunahavuz.com\/?post_type=product&#038;p=9013"},"modified":"2025-08-07T12:41:22","modified_gmt":"2025-08-07T09:41:22","slug":"astral-pool-smart-next-ph-180m%c2%b3-40gr-saat-elektroliz-cihazi","status":"publish","type":"product","link":"https:\/\/tunahavuz.com\/online\/urun\/astral-pool-smart-next-ph-180m%c2%b3-40gr-saat-elektroliz-cihazi\/","title":{"rendered":"Astral Pool Smart Next pH 180m\u00b3 40gr\/saat Elektroliz Cihaz\u0131"},"content":{"rendered":"<h1>ASTRALPOOL SMART NEXT<\/h1>\n<div><img decoding=\"async\" src=\"https:\/\/havuzdan.myideasoft.com\/class\/INNOVAEditor\/assets\/ASTRALPOOLNEXT\/havuzdangiri%C5%9F.png\" alt=\"\" border=\"0\" \/><\/div>\n<div><\/div>\n<div>Saatte 40 Gram Klor \u00dcretim Kapasitesi<br \/>\n180 M\u00b3&#8217;e Kadar Olan Havuzlar \u0130\u00e7in.<\/div>\n<div>\n<div><\/div>\n<div><\/div>\n<div>*\u00a0\u00d6zel havuzlar i\u00e7in uygundur!<br \/>\n*\u00a0\u00d6zel havuzlarda (Ta\u015fmal\u0131 havuzlar, Tur havuzlar\u0131,<\/div>\n<div>Hidroterapi havuzlar\u0131, Halka a\u00e7\u0131k \/ Ticari havuzlar)<\/div>\n<div>veya daha fazla klor gerektiren durumlarda<\/div>\n<div>(daha s\u0131cak iklimler, fazla y\u00fcz\u00fcc\u00fc vb.),<\/div>\n<div>daha b\u00fcy\u00fck bir model se\u00e7ilmesi \u00f6nerilir.<\/div>\n<div>\n<p>Opsiyonel otomatik kontroll\u00fc tuz elektroliz cihaz\u0131.<\/p>\n<\/div>\n<div><\/div>\n<div><\/div>\n<\/div>\n<div><\/div>\n<div><\/div>\n<div>\n<h2>Smart Next pH ASTRALPOOL<\/h2>\n<div>pH 7 g\/h 30 m3 &#8216;e kadar havuzlar i\u00e7in \u00f6nerilir<br \/>\npH\u00a012 g\/h 50 m3 &#8216;e kadar havuzlar i\u00e7in \u00f6nerilir<br \/>\npH\u00a021 g\/h 90 m3 &#8216;e kadar\u00a0havuzlar i\u00e7in \u00f6nerilir<\/div>\n<div>pH\u00a030 g\/h 140 m3 &#8216;e kadar\u00a0havuzlar i\u00e7in \u00f6nerilir<\/div>\n<div>pH\u00a040 g\/h 180 m3 &#8216;e kadar\u00a0havuzlar i\u00e7in \u00f6nerilir<\/div>\n<div><\/div>\n<div><\/div>\n<div>pH ve pH\/Rx se\u00e7enekleriyle birlikte\u00a0pH dozajlama pompas\u0131 dahildir.<\/div>\n<div><\/div>\n<div><img decoding=\"async\" src=\"https:\/\/havuzdan.myideasoft.com\/class\/INNOVAEditor\/assets\/ASTRALPOOLNEXT\/paketedahildir1.png\" alt=\"\" border=\"0\" \/><\/div>\n<div><\/div>\n<div>\n<div>NN Thing: Fluidra Connect havuz otomasyonu ve NN uygulamas\u0131 i\u00e7inde ak\u0131ll\u0131 kontrol (iOS ve aOS&#8217;ta mevcuttur).<\/div>\n<div>2022 i\u00e7in YEN\u0130: 24 saatlik Boost modu.<\/div>\n<div>\n<div>YEN\u0130 2022 i\u00e7in: Belirli pH ve ORP ayar noktas\u0131 e\u015fiklerine sahip &#8220;Bio pool&#8221; modu.<\/div>\n<div>\nSmart Next, Tuz elektroliz sistemi klorlama kontrol\u00fc i\u00e7in yaln\u0131zca pH veya pH ve Redox.<\/div>\n<p>Standart olarak bir gaz sens\u00f6r\u00fc (Opsiyonel debi sens\u00f6r\u00fc) ve kompakt elektrot tutucusu (pH ve pH\/Rx se\u00e7enekleri) ile donat\u0131lm\u0131\u015ft\u0131r.<br \/>\nS\u0131cakl\u0131k ve tuzlulu\u011fu izler.<br \/>\nNormal ko\u015fullar alt\u0131nda 10.000 saat hizmet \u00f6mr\u00fcne sahip y\u00fcksek kaliteli elektrotlarla donat\u0131lm\u0131\u015ft\u0131r.<br \/>\n0&#8217;dan %100&#8217;e \u00e7\u0131k\u0131\u015f kontrol\u00fc.<\/p><\/div>\n<p>&nbsp;<\/p>\n<\/div>\n<div><img decoding=\"async\" src=\"https:\/\/havuzdan.myideasoft.com\/class\/INNOVAEditor\/assets\/ASTRALPOOLNEXT\/havuzdangiri%C5%9F2.png\" alt=\"\" border=\"0\" \/><\/div>\n<div>\n<p>2 Y\u0131l Garanti S\u00fcresi<\/p>\n<p>Talep \u00fczerine \u00e7e\u015fitli se\u00e7enekler ve versiyonlar mevcuttur.<\/p>\n<p>Profesyoneller yada Bireyseller i\u00e7in y\u00fcksek kaliteli markalar\u0131, teknolojiye uygun \u00fcr\u00fcnleri <strong>Tuna Havuz<\/strong> olarak<br \/>\nT\u00fcrkiye\u2019nin d\u00f6rt bir yan\u0131na sunmaktay\u0131z. Ev Havuzu, Y\u00fczme Havuzu, Olimpik Havuzlar, Bah\u00e7e Havuzlar\u0131, G\u00f6letler ve<br \/>\nT\u00fcm Havuz \u0130htiya\u00e7lar\u0131n\u0131z\u0131 tam ve eksiksiz sa\u011flayabilmek i\u00e7in bir telefon kadar yak\u0131n\u0131n\u0131zday\u0131z&#8230;<\/p>\n<\/div>\n<\/div>\n","protected":false},"excerpt":{"rendered":"<p>ASTRALPOOL SMART NEXT Saatte 40 Gram Klor \u00dcretim Kapasitesi 180 M\u00b3&#8217;e Kadar Olan Havuzlar \u0130\u00e7in. *\u00a0\u00d6zel havuzlar i\u00e7in uygundur! *\u00a0\u00d6zel<\/p>\n","protected":false},"featured_media":9014,"template":"","meta":[],"product_brand":[],"product_cat":[552,514],"product_tag":[],"class_list":{"0":"post-9013","1":"product","2":"type-product","3":"status-publish","4":"has-post-thumbnail","6":"product_cat-astral-tuz-klor-jeneratorleri","7":"product_cat-tuz-klor-jenaratorleri","9":"first","10":"instock","11":"taxable","12":"shipping-taxable","13":"product-type-simple"},"_links":{"self":[{"href":"https:\/\/tunahavuz.com\/online\/wp-json\/wp\/v2\/product\/9013","targetHints":{"allow":["GET"]}}],"collection":[{"href":"https:\/\/tunahavuz.com\/online\/wp-json\/wp\/v2\/product"}],"about":[{"href":"https:\/\/tunahavuz.com\/online\/wp-json\/wp\/v2\/types\/product"}],"version-history":[{"count":1,"href":"https:\/\/tunahavuz.com\/online\/wp-json\/wp\/v2\/product\/9013\/revisions"}],"predecessor-version":[{"id":29589,"href":"https:\/\/tunahavuz.com\/online\/wp-json\/wp\/v2\/product\/9013\/revisions\/29589"}],"wp:featuredmedia":[{"embeddable":true,"href":"https:\/\/tunahavuz.com\/online\/wp-json\/wp\/v2\/media\/9014"}],"wp:attachment":[{"href":"https:\/\/tunahavuz.com\/online\/wp-json\/wp\/v2\/media?parent=9013"}],"wp:term":[{"taxonomy":"product_brand","embeddable":true,"href":"https:\/\/tunahavuz.com\/online\/wp-json\/wp\/v2\/product_brand?post=9013"},{"taxonomy":"product_cat","embeddable":true,"href":"https:\/\/tunahavuz.com\/online\/wp-json\/wp\/v2\/product_cat?post=9013"},{"taxonomy":"product_tag","embeddable":true,"href":"https:\/\/tunahavuz.com\/online\/wp-json\/wp\/v2\/product_tag?post=9013"}],"curies":[{"name":"wp","href":"https:\/\/api.w.org\/{rel}","templated":true}]}}