{"id":9016,"date":"2022-12-16T02:18:26","date_gmt":"2022-12-15T23:18:26","guid":{"rendered":"https:\/\/tunahavuz.com\/?post_type=product&#038;p=9016"},"modified":"2025-08-07T12:41:03","modified_gmt":"2025-08-07T09:41:03","slug":"seko-s60-36-gr-tuz-klor-jeneratoru-set","status":"publish","type":"product","link":"https:\/\/tunahavuz.com\/online\/urun\/seko-s60-36-gr-tuz-klor-jeneratoru-set\/","title":{"rendered":"Seko S60 36 Gr Tuz Klor Jenerat\u00f6r\u00fc Set"},"content":{"rendered":"<div>SEKO S60 36 Gr TUZ KLOR JENERAT\u00d6R\u00dc<\/div>\n<div>+ PH KONTROL S\u0130STEM\u0130 SET HAL\u0130NDED\u0130R<\/div>\n<div><\/div>\n<div>\u00a0<img decoding=\"async\" src=\"https:\/\/www.havuzdan.com\/class\/INNOVAEditor\/assets\/SEKOS60S40S18\/G%C4%B0R%C4%B0%C5%9E.png\" alt=\"\" border=\"0\" \/><\/p>\n<div><\/div>\n<div><\/div>\n<div><img decoding=\"async\" src=\"https:\/\/havuzdan.myideasoft.com\/class\/INNOVAEditor\/assets\/OKBASLIK\/OK%20BONCUK%20MAV%C4%B0.png\" alt=\"\" border=\"0\" \/>SEKO TUZ KLOR JENERAT\u00d6R\u00dc BENZERS\u0130Z \u00d6ZELL\u0130\u011e\u0130<br \/>\nSekt\u00f6rdeki en basit kurulum<br \/>\nDe\u011fi\u015fken h\u0131zl\u0131 pompalarla \u00e7al\u0131\u015fmak \u00fczere tasarlanm\u0131\u015f<br \/>\n\u00c7ift y\u00f6nl\u00fc ak\u0131\u015f sens\u00f6r\u00fc<br \/>\n\u00c7ift &#8220;d\u00fc\u015f\u00fck ak\u0131\u015f\u201d korumas\u0131<br \/>\nTam aral\u0131kl\u0131 giri\u015f voltaj\u0131 110 &#8211; 220 Vac<br \/>\nDahili tuzluluk ve su s\u0131cakl\u0131k sens\u00f6rleri<br \/>\n63\/50 cm PVC boru i\u00e7in tesisat adapt\u00f6rleri<\/div>\n<div>\n<img decoding=\"async\" src=\"https:\/\/havuzdan.myideasoft.com\/class\/INNOVAEditor\/assets\/OKBASLIK\/OK%20BONCUK%20MAV%C4%B0.png\" alt=\"\" border=\"0\" \/>KONTROL \u0130\u00c7\u0130N KOLAY PANEL<br \/>\n24 saat s\u00fcper klorlama modu<br \/>\nServis ve bak\u0131m alarmlar\u0131<br \/>\n4 tu\u015flu i\u015flem<br \/>\nLED g\u00f6stergesi<br \/>\nOtomatik polarizasyon ile h\u00fccre temizli\u011fi<\/div>\n<\/div>\n<div><\/div>\n<div><\/div>\n<div><\/div>\n<div><\/div>\n<div>\n<div><\/div>\n<div><\/div>\n<div>Saatte 36 Gram Klor \u00dcretim Kapasitesi<br \/>\nOtomatik PH \u00d6l\u00e7\u00fcm\u00fc<br \/>\n10.000 Saat Elektrot \u00d6mr\u00fc<br \/>\n160 M\u00b3 Havuzlara Kadar Uygun<\/div>\n<div><\/div>\n<div>*\u00a0Maksimum havuz boyutu, havuz suyunu dengelemek i\u00e7in Siyan\u00fcrik asit kullan\u0131m\u0131na tabi tutulur.<br \/>\n*\u00a0\u00d6zel havuzlar i\u00e7in uygundur!<br \/>\n*\u00a0\u00d6zel havuzlarda (Ta\u015fmal\u0131 havuzlar, Tur havuzlar\u0131, Hidroterapi havuzlar\u0131, Halka a\u00e7\u0131k \/ Ticari havuzlar)<\/div>\n<div>veya daha fazla klor gerektiren durumlarda (daha s\u0131cak iklimler, fazla y\u00fcz\u00fcc\u00fc vb.),<\/div>\n<div>daha b\u00fcy\u00fck bir model se\u00e7ilmesi \u00f6nerilir.<\/div>\n<div><\/div>\n<div>\n<div><img decoding=\"async\" src=\"https:\/\/www.havuzdan.com\/class\/INNOVAEditor\/assets\/OKBASLIK\/OK%20BONCUK%20MAV%C4%B0.png\" alt=\"\" border=\"0\" \/>\u00d6ZELL\u0130KLER<br \/>\nOrtalama 15 dakikada basit ve h\u0131zl\u0131 kurulum.<br \/>\nBak\u0131m\u0131 kolayd\u0131r.\u00a0S-Serisi, \u00e7e\u015fitli klor \u00e7\u0131k\u0131\u015f seviyelerini g\u00f6steren kolay kullan\u0131labilir bir ekranla donat\u0131lm\u0131\u015ft\u0131r.<\/div>\n<div>Bak\u0131m ve servis uyar\u0131lar\u0131 ve havuzdaki d\u00fc\u015f\u00fck tuz seviyelerini bildirir.<br \/>\nEn \u00f6nemlisi, bu benzersiz cihaz, kartu\u015fun temizlenmesi gerekti\u011finde veya kullan\u0131m \u00f6mr\u00fcn\u00fcn sonuna yakla\u015ft\u0131\u011f\u0131nda uyar\u0131 verir.<\/div>\n<div>H\u0131zl\u0131 de\u011fi\u015ftirilen kartu\u015f y\u00f6ntemi, servis veya de\u011fi\u015fimde kolayl\u0131k sa\u011flar.<\/div>\n<div>\n<img decoding=\"async\" src=\"https:\/\/havuzdan.myideasoft.com\/class\/INNOVAEditor\/assets\/OKBASLIK\/OK%20BONCUK%20MAV%C4%B0.png\" alt=\"\" border=\"0\" \/>TEKN\u0130K \u00d6ZELL\u0130KLER<br \/>\nS-Serisi tuzdan klor jenerat\u00f6r\u00fc, hava \u015fartlar\u0131na dayan\u0131kl\u0131l\u0131\u011f\u0131na katk\u0131da bulunan IP-66 koruma s\u0131n\u0131f\u0131na sahip malzemeler kullan\u0131larak \u00fcretilmi\u015ftir.<br \/>\nS-Serisi, hem kapal\u0131 havuzlara hem de a\u00e7\u0131k havuzlara kurulabilen dayan\u0131kl\u0131 ve g\u00fcvenilir bir tuz klor jenerat\u00f6r\u00fcd\u00fcr.<br \/>\nOtomatik olarak 110V veya 220V g\u00fc\u00e7 kayna\u011f\u0131 ile uyumlu.<br \/>\nKendi kendini temizleme \u00f6zelli\u011fi olan ve standart bir prize tak\u0131lan,<\/div>\n<div>de\u011fi\u015fken h\u0131zl\u0131 pompalarla m\u00fckemmel \u015fekilde \u00e7al\u0131\u015fabilen ters polarite ile tasarlanm\u0131\u015f bir anahtar modlu g\u00fc\u00e7 kayna\u011f\u0131 ile donat\u0131lm\u0131\u015ft\u0131r.<\/div>\n<\/div>\n<div><\/div>\n<div>\n<div><img decoding=\"async\" src=\"https:\/\/havuzdan.myideasoft.com\/class\/INNOVAEditor\/assets\/OKBASLIK\/OK%20BONCUK%20MAV%C4%B0.png\" alt=\"\" border=\"0\" \/>Havuzlar i\u00e7in Devrim Niteli\u011finde Tuz Klor Jenerat\u00f6r\u00fc<br \/>\nGeleneksel klor, sudaki y\u00fcz\u00fcc\u00fc at\u0131klar\u0131 ve bakterilerle birle\u015fti\u011finde kloraminler olu\u015fturur.<\/div>\n<div>Kloraminler, klor ile ili\u015fkili istenmeyen yan etkilere neden olur. Tuz klor jenerat\u00f6r\u00fc, sudaki tuzu,<\/div>\n<div>kloraminleri s\u00fcrekli olarak oksitleyen veya ortadan kald\u0131ran &#8220;serbest klor\u201d kayna\u011f\u0131na d\u00f6n\u00fc\u015ft\u00fcr\u00fcr.<\/div>\n<div>Tuz klor jenerat\u00f6r\u00fc kullan\u0131m\u0131 ile g\u00f6zleri ve cildi tahri\u015f etmeyen, sa\u00e7 ve mayolarda keskin klor kokusuna sebep olmayan,<\/div>\n<div>ger\u00e7ekten hissedebilece\u011finiz ipeksi yumu\u015fakl\u0131kta e\u015fsiz su kalitesinin keyfine varacaks\u0131n\u0131z.<\/div>\n<\/div>\n<div><\/div>\n<div><img decoding=\"async\" src=\"https:\/\/www.havuzdan.com\/class\/INNOVAEditor\/assets\/SEKOS60S40S18\/ALT%C4%B0%C3%87ER%C4%B0K.png\" alt=\"\" border=\"0\" \/><\/div>\n<div>\n<div>PH\/ORP Entegre Kontrol\u00f6rlere Sahip Bir Peristaltik Dozaj Sistemi<br \/>\nSeko PH Kontrel Sistemi \u00d6zellikleri<br \/>\nPH : 3.8 &#8211; 8.2<br \/>\nORP : 400 &#8211; 999 Mv<br \/>\nDebi 1.5 Litre\/Saat 1.5 Bar<br \/>\n7 Segmentli LCD ekran<br \/>\nGalvanizli elektrik yal\u0131t\u0131m\u0131na sahip g\u00fc\u00e7 kayna\u011f\u0131<br \/>\n100 &#8211; 240 VAC<br \/>\n50-60 Hz<br \/>\nIP65 Kasa<br \/>\nBoyutlar 204\u00d776\u00d7124 mm<br \/>\nFibercam PP malzeme<\/div>\n<div><\/div>\n<div><img decoding=\"async\" src=\"https:\/\/havuzdan.myideasoft.com\/class\/INNOVAEditor\/assets\/SEKOS60S40S18\/alti%C3%A7erik.png\" alt=\"\" border=\"0\" \/><\/div>\n<div><\/div>\n<div>2 Y\u0131l Garanti S\u00fcresi<br \/>\nTalep \u00fczerine \u00e7e\u015fitli se\u00e7enekler ve versiyonlar mevcuttur.<\/p>\n<p>Profesyoneller yada Bireyseller i\u00e7in y\u00fcksek kaliteli markalar\u0131, teknolojiye uygun \u00fcr\u00fcnleri <strong>Tuna Havuz<\/strong> olarak<br \/>\nT\u00fcrkiye\u2019nin d\u00f6rt bir yan\u0131na sunmaktay\u0131z. Ev Havuzu, Y\u00fczme Havuzu, Olimpik Havuzlar, Bah\u00e7e Havuzlar\u0131, G\u00f6letler ve<br \/>\nT\u00fcm Havuz \u0130htiya\u00e7lar\u0131n\u0131z\u0131 tam ve eksiksiz sa\u011flayabilmek i\u00e7in bir telefon kadar yak\u0131n\u0131n\u0131zday\u0131z&#8230;<\/p>\n<\/div>\n<\/div>\n<\/div>\n","protected":false},"excerpt":{"rendered":"<p>SEKO S60 36 Gr TUZ KLOR JENERAT\u00d6R\u00dc + PH KONTROL S\u0130STEM\u0130 SET HAL\u0130NDED\u0130R \u00a0 SEKO TUZ KLOR JENERAT\u00d6R\u00dc BENZERS\u0130Z \u00d6ZELL\u0130\u011e\u0130<\/p>\n","protected":false},"featured_media":9017,"template":"","meta":[],"product_brand":[],"product_cat":[605,514],"product_tag":[],"class_list":{"0":"post-9016","1":"product","2":"type-product","3":"status-publish","4":"has-post-thumbnail","6":"product_cat-seko-tuz-klor-jeneratorleri","7":"product_cat-tuz-klor-jenaratorleri","9":"first","10":"instock","11":"taxable","12":"shipping-taxable","13":"product-type-simple"},"_links":{"self":[{"href":"https:\/\/tunahavuz.com\/online\/wp-json\/wp\/v2\/product\/9016","targetHints":{"allow":["GET"]}}],"collection":[{"href":"https:\/\/tunahavuz.com\/online\/wp-json\/wp\/v2\/product"}],"about":[{"href":"https:\/\/tunahavuz.com\/online\/wp-json\/wp\/v2\/types\/product"}],"version-history":[{"count":1,"href":"https:\/\/tunahavuz.com\/online\/wp-json\/wp\/v2\/product\/9016\/revisions"}],"predecessor-version":[{"id":29588,"href":"https:\/\/tunahavuz.com\/online\/wp-json\/wp\/v2\/product\/9016\/revisions\/29588"}],"wp:featuredmedia":[{"embeddable":true,"href":"https:\/\/tunahavuz.com\/online\/wp-json\/wp\/v2\/media\/9017"}],"wp:attachment":[{"href":"https:\/\/tunahavuz.com\/online\/wp-json\/wp\/v2\/media?parent=9016"}],"wp:term":[{"taxonomy":"product_brand","embeddable":true,"href":"https:\/\/tunahavuz.com\/online\/wp-json\/wp\/v2\/product_brand?post=9016"},{"taxonomy":"product_cat","embeddable":true,"href":"https:\/\/tunahavuz.com\/online\/wp-json\/wp\/v2\/product_cat?post=9016"},{"taxonomy":"product_tag","embeddable":true,"href":"https:\/\/tunahavuz.com\/online\/wp-json\/wp\/v2\/product_tag?post=9016"}],"curies":[{"name":"wp","href":"https:\/\/api.w.org\/{rel}","templated":true}]}}