{"id":9019,"date":"2022-12-16T02:21:43","date_gmt":"2022-12-15T23:21:43","guid":{"rendered":"https:\/\/tunahavuz.com\/?post_type=product&#038;p=9019"},"modified":"2025-08-07T12:40:55","modified_gmt":"2025-08-07T09:40:55","slug":"salt-ionic-pr-36-gr-tuz-klor-jeneratoru-seti","status":"publish","type":"product","link":"https:\/\/tunahavuz.com\/online\/urun\/salt-ionic-pr-36-gr-tuz-klor-jeneratoru-seti\/","title":{"rendered":"Salt Ionic pr 36 gr. Tuz Klor Jenerat\u00f6r\u00fc Seti"},"content":{"rendered":"<div>\n<h1>SALT IONIC PR 36 GR.<\/h1>\n<h2>TUZ KLOR JENERAT\u00d6R\u00dc SET\u0130<\/h2>\n<\/div>\n<h3>+\u00a0pH &amp; ORP \u00d6l\u00e7\u00fcml\u00fc Tuz Klor Jenerat\u00f6r\u00fc i\u00e7in Yard\u0131mc\u0131 Sistemi<\/h3>\n<div><\/div>\n<div>BU \u00dcR\u00dcN SET HAL\u0130NDE SATILMAKTADIR.<\/div>\n<div><\/div>\n<div><img decoding=\"async\" src=\"https:\/\/havuzdan.myideasoft.com\/class\/INNOVAEditor\/assets\/ANTECH122436\/G%C4%B0R%C4%B0%C5%9E.png\" alt=\"\" border=\"0\" \/><\/p>\n<div><\/div>\n<div><\/div>\n<div>Dokunmatik Ekranl\u0131, pH &amp; ORP \u00d6l\u00e7\u00fcm ve Kontroll\u00fc, Tuz Klor Jenerat\u00f6r\u00fc<\/div>\n<div><\/div>\n<div><\/div>\n<h4><img decoding=\"async\" src=\"https:\/\/havuzdan.myideasoft.com\/class\/INNOVAEditor\/assets\/OKBASLIK\/OK%20BONCUK%20MAV%C4%B0.png\" alt=\"\" border=\"0\" \/>SALT IONIC Ph 36GR\/H<\/h4>\n<div>Klor \u00fcretim kapasitesi saatte 36 gr.\u2019d\u0131r<br \/>\n150 M\u00b3\u2019e kadar olan havuzlar i\u00e7in \u00f6nerilir.<\/div>\n<div>\u00dcretim Kapasitesi: 36 gr\/saat<\/div>\n<div>H\u00fccre Ak\u0131m\u0131: 7,2 A<\/div>\n<div>H\u00fccre Voltaj\u0131: 25<\/div>\n<div>G\u00fc\u00e7: 180 W<\/div>\n<div>Besleme: 190-240V AC 47 ~ 63 Hz.<\/div>\n<div>Anma Ak\u0131m\u0131: 2,2 A<\/div>\n<div>Tuz \u0130htiyac\u0131: 4 gr \/ I<\/div>\n<div>Kullan\u0131c\u0131 Aray\u00fcz\u00fc: 320&#215;240 65K Renkli TFT Rezistif Dokunmatik Ekran.<\/div>\n<div><\/div>\n<div>Bu \u00fcr\u00fcn\u00fcn en \u00f6nemli \u00f6zelli\u011fi\u00a0T\u00fcrk\u00e7e Men\u00fc deste\u011fi ve<\/div>\n<div>ekran panelinin tamamen dokunmatik olmas\u0131d\u0131r.<\/div>\n<div><\/div>\n<div>\n<div><img decoding=\"async\" src=\"https:\/\/havuzdan.myideasoft.com\/class\/INNOVAEditor\/assets\/OKBASLIK\/OK%20BONCUK%20MAV%C4%B0.png\" alt=\"\" border=\"0\" \/>\u00d6zellikler:<\/div>\n<div>\n<div>Dokunmatik ekran ile kolay ve esnek kullan\u0131m<br \/>\nManuel ve otomatik \u00e7al\u0131\u015fma modlar\u0131<br \/>\nManuel modda iken G\u00fcn Ortas\u0131 i\u00e7in \u00f6zel \u00fcretim h\u0131z\u0131 ayar\u0131<br \/>\npH ve ORP (Redox) \u00f6l\u00e7\u00fcm\u00fcne g\u00f6re otomatik \u00e7al\u0131\u015fma<br \/>\n\u00dcretim g\u00f6stergesi, tuz miktar\u0131 g\u00f6stergesi ve h\u00fccre \u00e7al\u0131\u015fma s\u00fcresi g\u00f6stergesi<br \/>\npH \u00f6l\u00e7\u00fcm\u00fcne ba\u011fl\u0131 asit pompas\u0131 \u00e7\u0131k\u0131\u015f\u0131<br \/>\nZamanlay\u0131c\u0131 fonksiyonlu filtre \u00e7\u0131k\u0131\u015f\u0131 ve harici \u00e7\u0131k\u0131\u015f<br \/>\nFiltre takip, su ak\u0131\u015f\u0131 alg\u0131lama, havuz \u00f6rt\u00fcs\u00fc alg\u0131lama, gaz sens\u00f6r\u00fc giri\u015fleri<br \/>\nAsit seviyesi giri\u015fi ve su s\u0131cakl\u0131k sens\u00f6r giri\u015fi<br \/>\nBipolar h\u00fccre teknolojisi ile y\u00fcksek verim ve d\u00fc\u015f\u00fck enerji sarfiyat\u0131<br \/>\n10.000 saat h\u00fccre \u00f6mr\u00fc<br \/>\nUyar\u0131 \/ Alarm \/ Hata durumlar\u0131 i\u00e7in g\u00f6r\u00fcnt\u00fcleme ve sesli uyar\u0131<br \/>\nMobil uygulama \u00fczerinden izleme ve kontrol (Opsiyonel)<br \/>\nIOT teknolojisi ile bulut sunucu ba\u011flant\u0131s\u0131 (Opsiyonel)<\/div>\n<\/div>\n<div><img decoding=\"async\" src=\"https:\/\/havuzdan.myideasoft.com\/class\/INNOVAEditor\/assets\/ANTECH122436\/ALT%C4%B0%C3%87ER%C4%B0K.png\" alt=\"\" border=\"0\" \/><\/div>\n<div><\/div>\n<\/div>\n<div><\/div>\n<div><\/div>\n<div><\/div>\n<div>SISTEM I4<\/div>\n<div>pH &amp; ORP \u00d6l\u00e7\u00fcml\u00fc Tuz Klor Jenerat\u00f6r\u00fc i\u00e7in Yard\u0131mc\u0131 Sistem\u00a0ve<\/div>\n<div>tuz klor jenerat\u00f6r\u00fc.<\/div>\n<div><\/div>\n<div><img decoding=\"async\" src=\"https:\/\/havuzdan.myideasoft.com\/class\/INNOVAEditor\/assets\/PRPH122436.png\" alt=\"\" border=\"0\" \/><\/div>\n<div>\n<div><\/div>\n<div>\u00d6zellikler:<br \/>\n50&#215;75 panel \u00fczerinde ba\u011flant\u0131 elemanlar\u0131 monte edilmi\u015f halde<br \/>\n1 adet 2.8L\/3B Aspendose A Peristaltik Dozaj Pompas\u0131<br \/>\nTek giri\u015fli filtreli elektrod haznesi ve ba\u011flant\u0131 par\u00e7alar\u0131<br \/>\nKalibrasyon s\u0131v\u0131lar\u0131 ve kalibrasyon raf\u0131<br \/>\npH elektrodu<\/div>\n<\/div>\n<div><\/div>\n<div>\n<p>2 Y\u0131l Garanti S\u00fcresi<\/p>\n<p>Talep \u00fczerine \u00e7e\u015fitli se\u00e7enekler ve versiyonlar mevcuttur.<\/p>\n<p>Profesyoneller yada Bireyseller i\u00e7in y\u00fcksek kaliteli markalar\u0131, teknolojiye uygun \u00fcr\u00fcnleri <strong>Tuna Havuz<\/strong> olarak<br \/>\nT\u00fcrkiye\u2019nin d\u00f6rt bir yan\u0131na sunmaktay\u0131z. Ev Havuzu, Y\u00fczme Havuzu, Olimpik Havuzlar, Bah\u00e7e Havuzlar\u0131, G\u00f6letler ve<br \/>\nT\u00fcm Havuz \u0130htiya\u00e7lar\u0131n\u0131z\u0131 tam ve eksiksiz sa\u011flayabilmek i\u00e7in bir telefon kadar yak\u0131n\u0131n\u0131zday\u0131z&#8230;<\/p>\n<\/div>\n<\/div>\n","protected":false},"excerpt":{"rendered":"<p>SALT IONIC PR 36 GR. TUZ KLOR JENERAT\u00d6R\u00dc SET\u0130 +\u00a0pH &amp; ORP \u00d6l\u00e7\u00fcml\u00fc Tuz Klor Jenerat\u00f6r\u00fc i\u00e7in Yard\u0131mc\u0131 Sistemi BU<\/p>\n","protected":false},"featured_media":9020,"template":"","meta":[],"product_brand":[],"product_cat":[549,514],"product_tag":[],"class_list":{"0":"post-9019","1":"product","2":"type-product","3":"status-publish","4":"has-post-thumbnail","6":"product_cat-antech-tuz-klor-jeneratorleri","7":"product_cat-tuz-klor-jenaratorleri","9":"first","10":"instock","11":"taxable","12":"shipping-taxable","13":"product-type-simple"},"_links":{"self":[{"href":"https:\/\/tunahavuz.com\/online\/wp-json\/wp\/v2\/product\/9019","targetHints":{"allow":["GET"]}}],"collection":[{"href":"https:\/\/tunahavuz.com\/online\/wp-json\/wp\/v2\/product"}],"about":[{"href":"https:\/\/tunahavuz.com\/online\/wp-json\/wp\/v2\/types\/product"}],"version-history":[{"count":1,"href":"https:\/\/tunahavuz.com\/online\/wp-json\/wp\/v2\/product\/9019\/revisions"}],"predecessor-version":[{"id":29587,"href":"https:\/\/tunahavuz.com\/online\/wp-json\/wp\/v2\/product\/9019\/revisions\/29587"}],"wp:featuredmedia":[{"embeddable":true,"href":"https:\/\/tunahavuz.com\/online\/wp-json\/wp\/v2\/media\/9020"}],"wp:attachment":[{"href":"https:\/\/tunahavuz.com\/online\/wp-json\/wp\/v2\/media?parent=9019"}],"wp:term":[{"taxonomy":"product_brand","embeddable":true,"href":"https:\/\/tunahavuz.com\/online\/wp-json\/wp\/v2\/product_brand?post=9019"},{"taxonomy":"product_cat","embeddable":true,"href":"https:\/\/tunahavuz.com\/online\/wp-json\/wp\/v2\/product_cat?post=9019"},{"taxonomy":"product_tag","embeddable":true,"href":"https:\/\/tunahavuz.com\/online\/wp-json\/wp\/v2\/product_tag?post=9019"}],"curies":[{"name":"wp","href":"https:\/\/api.w.org\/{rel}","templated":true}]}}