{"id":9022,"date":"2022-12-16T02:23:14","date_gmt":"2022-12-15T23:23:14","guid":{"rendered":"https:\/\/tunahavuz.com\/?post_type=product&#038;p=9022"},"modified":"2025-08-07T12:40:45","modified_gmt":"2025-08-07T09:40:45","slug":"tuzlu-havuz-kimyasal-seti-150-m%c2%b3","status":"publish","type":"product","link":"https:\/\/tunahavuz.com\/online\/urun\/tuzlu-havuz-kimyasal-seti-150-m%c2%b3\/","title":{"rendered":"Tuzlu Havuz Kimyasal Seti &#8211; 150 M\u00b3"},"content":{"rendered":"<div>\n<h2>Tuzlu Havuz Kimyasal Seti 150 M\u00b3<\/h2>\n<h3>Tuz Klor Jenerat\u00f6rl\u00fc Havuzlara Bak\u0131m Seti<\/h3>\n<p>Tuz klor jenerat\u00f6r\u00fc bulunan havuzlarda havuza ilave edilmesi \u00f6nerilen tuz miktar\u0131 1 m\u00b3 (ton) su i\u00e7in 4 kg tuzdur.<\/p>\n<p>150 m\u00b3 (ton) hacme sahip havuzlar i\u00e7in 600 kg tuz ilave edilmesi gerekmektedir.<br \/>\nHavuzunuzda tuz miktar\u0131 bitti\u011finde tuz klor jenerat\u00f6r\u00fc sizi uyaracakt\u0131r ve tekrardan havuza tuz ilavesi yapman\u0131z gerekecektir.<\/p>\n<p>Full multi 3&#8217;l\u00fc etki ile havuzunuz temizler, parlat\u0131r.<br \/>\n\u00c7\u00f6kt\u00fcr\u00fcc\u00fc gibi suyu buland\u0131rmaz, kullan\u0131m\u0131 kolayd\u0131r.<br \/>\nTuz klor sistemi ile uyumludur.<br \/>\nYosun olu\u015fumunu \u00f6nler.<br \/>\nHavuz suyunda bulan\u0131kl\u0131\u011fa sebep olan kir ve birikintileri toparlayarak filtreye ta\u015f\u0131r.<\/p>\n<p>S\u0131v\u0131 pH d\u00fc\u015f\u00fcr\u00fcc\u00fc ile dozaj pompas\u0131 yard\u0131m\u0131yla havuzunuzun pH de\u011ferini stabil tutabilirsiniz.<br \/>\nY\u00fczme havuzlar\u0131nda \u00f6nerdi\u011fimiz pH aral\u0131\u011f\u0131 7.2 &#8211; 7,4 aras\u0131nda olmal\u0131d\u0131r.<\/p>\n<p>Paket i\u00e7eri\u011fi:<br \/>\n&#8211; 24&#215;25 kg havuz tuz<br \/>\n&#8211; 20 kg full multi 3&#8217;l\u00fc etki<br \/>\n&#8211; 6&#215;25 kg s\u0131v\u0131 pH d\u00fc\u015f\u00fcr\u00fcc\u00fc<\/p><\/div>\n<div><\/div>\n<div>Talep \u00fczerine \u00e7e\u015fitli se\u00e7enekler ve versiyonlar mevcuttur.<\/div>\n<div>\n<p>Profesyoneller yada Bireyseller i\u00e7in y\u00fcksek kaliteli markalar\u0131, teknolojiye uygun \u00fcr\u00fcnleri <strong>Tuna Havuz<\/strong> olarak<br \/>\nT\u00fcrkiye\u2019nin d\u00f6rt bir yan\u0131na sunmaktay\u0131z. Ev Havuzu, Y\u00fczme Havuzu, Olimpik Havuzlar, Bah\u00e7e Havuzlar\u0131, G\u00f6letler ve<br \/>\nT\u00fcm Havuz \u0130htiya\u00e7lar\u0131n\u0131z\u0131 tam ve eksiksiz sa\u011flayabilmek i\u00e7in bir telefon kadar yak\u0131n\u0131n\u0131zday\u0131z&#8230;<\/p>\n<\/div>\n","protected":false},"excerpt":{"rendered":"<p>Tuzlu Havuz Kimyasal Seti 150 M\u00b3 Tuz Klor Jenerat\u00f6rl\u00fc Havuzlara Bak\u0131m Seti Tuz klor jenerat\u00f6r\u00fc bulunan havuzlarda havuza ilave edilmesi<\/p>\n","protected":false},"featured_media":9023,"template":"","meta":[],"product_brand":[],"product_cat":[514,515],"product_tag":[],"class_list":{"0":"post-9022","1":"product","2":"type-product","3":"status-publish","4":"has-post-thumbnail","6":"product_cat-tuz-klor-jenaratorleri","7":"product_cat-tuzlu-havuz-kimyasal-setleri","9":"first","10":"instock","11":"taxable","12":"shipping-taxable","13":"product-type-simple"},"_links":{"self":[{"href":"https:\/\/tunahavuz.com\/online\/wp-json\/wp\/v2\/product\/9022","targetHints":{"allow":["GET"]}}],"collection":[{"href":"https:\/\/tunahavuz.com\/online\/wp-json\/wp\/v2\/product"}],"about":[{"href":"https:\/\/tunahavuz.com\/online\/wp-json\/wp\/v2\/types\/product"}],"version-history":[{"count":1,"href":"https:\/\/tunahavuz.com\/online\/wp-json\/wp\/v2\/product\/9022\/revisions"}],"predecessor-version":[{"id":29586,"href":"https:\/\/tunahavuz.com\/online\/wp-json\/wp\/v2\/product\/9022\/revisions\/29586"}],"wp:featuredmedia":[{"embeddable":true,"href":"https:\/\/tunahavuz.com\/online\/wp-json\/wp\/v2\/media\/9023"}],"wp:attachment":[{"href":"https:\/\/tunahavuz.com\/online\/wp-json\/wp\/v2\/media?parent=9022"}],"wp:term":[{"taxonomy":"product_brand","embeddable":true,"href":"https:\/\/tunahavuz.com\/online\/wp-json\/wp\/v2\/product_brand?post=9022"},{"taxonomy":"product_cat","embeddable":true,"href":"https:\/\/tunahavuz.com\/online\/wp-json\/wp\/v2\/product_cat?post=9022"},{"taxonomy":"product_tag","embeddable":true,"href":"https:\/\/tunahavuz.com\/online\/wp-json\/wp\/v2\/product_tag?post=9022"}],"curies":[{"name":"wp","href":"https:\/\/api.w.org\/{rel}","templated":true}]}}