{"id":9025,"date":"2022-12-16T02:25:12","date_gmt":"2022-12-15T23:25:12","guid":{"rendered":"https:\/\/tunahavuz.com\/?post_type=product&#038;p=9025"},"modified":"2025-08-07T12:40:37","modified_gmt":"2025-08-07T09:40:37","slug":"gemas-gsc-250-sc-500-elektrod-yedek-parca","status":"publish","type":"product","link":"https:\/\/tunahavuz.com\/online\/urun\/gemas-gsc-250-sc-500-elektrod-yedek-parca\/","title":{"rendered":"Gema\u015f GSC 250 &#8211; SC 500 Elektrod Yedek Par\u00e7a"},"content":{"rendered":"<h2>Gema\u015f GSC 250 &#8211; SC 500 Elektrod<\/h2>\n<div>\n<h3>Gema\u015f Elektrod Yedek Par\u00e7a<\/h3>\n<p>TUZ KLOR JENERATORU KAPAS\u0130TE HESABI:<br \/>\nG\u00fcnl\u00fck Klor ihtiyac\u0131 Hesab\u0131:<br \/>\n1- Y\u00fcz\u00fcc\u00fclerden Kaynaklanan Kay\u0131plar: Havuza g\u00fcnl\u00fck olarak giren insan say\u0131s\u0131 bilinmeli veya tahmin edilmelidir.<\/p><\/div>\n<div>Bu say\u0131 en kalabal\u0131k g\u00fcne g\u00f6re d\u00fc\u015f\u00fcn\u00fclmelidir. Y\u00fcz\u00fcc\u00fc ba\u015f\u0131na g\u00fcnl\u00fck kay\u0131p Akdeniz Ku\u015fa\u011f\u0131nda 10 gr \/ g\u00fcn\u2019d\u00fcr.<br \/>\n2- G\u00fcne\u015f Kayb\u0131 (UV \u0131\u015f\u0131nlar\u0131n\u0131n Kloru Par\u00e7alay\u0131c\u0131 Etkisiyle): Bu kay\u0131p Akdeniz Ku\u015fa\u011f\u0131nda ortalama havuz m3\u2019\u00fc ba\u015f\u0131na 2,5 gr al\u0131nmal\u0131d\u0131r.<br \/>\nG\u00fcnl\u00fck Saf Klor ihtiyac\u0131 (gr)\u00a0= Y\u00fcz\u00fcc\u00fc Say\u0131s\u0131 x 10 gr + Havuz Hacmi (m3) x 2,5 gr\/m3<br \/>\n\u00d6rnek:<br \/>\nG\u00fcnl\u00fck 250 ki\u015finin kulland\u0131\u011f\u0131 1000 m3 hacmindeki bir havuzdaki;<br \/>\nG\u00fcnl\u00fck Klor ihtiyac\u0131 = 250 ki\u015fi x 10 gr\/ki\u015fi + 1000 m3 x 2,5 gr\/m3 = 5000 gr<br \/>\nYukar\u0131da bahsedilen \u00f6zellikleri ilaveten; elektronik ak\u0131m kontrol\u00fc, s\u0131cakl\u0131k ve ak\u0131\u015f kontrol\u00fc mevcuttur. \u00c7al\u0131\u015fma i\u00e7in gerekli<br \/>\ntuzluluk menzili 500 &#8211; 35.000 ppm aral\u0131\u011f\u0131ndad\u0131r. Elektrod \u00f6mr\u00fc 20.000 saattir.<\/div>\n<div><\/div>\n<div>Talep \u00fczerine \u00e7e\u015fitli se\u00e7enekler ve versiyonlar mevcuttur.<\/div>\n<div>\n<p>Profesyoneller yada Bireyseller i\u00e7in y\u00fcksek kaliteli markalar\u0131, teknolojiye uygun \u00fcr\u00fcnleri <strong>Tuna Havuz<\/strong> olarak<br \/>\nT\u00fcrkiye\u2019nin d\u00f6rt bir yan\u0131na sunmaktay\u0131z. Ev Havuzu, Y\u00fczme Havuzu, Olimpik Havuzlar, Bah\u00e7e Havuzlar\u0131, G\u00f6letler ve<br \/>\nT\u00fcm Havuz \u0130htiya\u00e7lar\u0131n\u0131z\u0131 tam ve eksiksiz sa\u011flayabilmek i\u00e7in bir telefon kadar yak\u0131n\u0131n\u0131zday\u0131z&#8230;<\/p>\n<\/div>\n","protected":false},"excerpt":{"rendered":"<p>Gema\u015f GSC 250 &#8211; SC 500 Elektrod Gema\u015f Elektrod Yedek Par\u00e7a TUZ KLOR JENERATORU KAPAS\u0130TE HESABI: G\u00fcnl\u00fck Klor ihtiyac\u0131 Hesab\u0131:<\/p>\n","protected":false},"featured_media":9026,"template":"","meta":[],"product_brand":[],"product_cat":[602,514],"product_tag":[],"class_list":{"0":"post-9025","1":"product","2":"type-product","3":"status-publish","4":"has-post-thumbnail","6":"product_cat-puritron-yedek-elektrod","7":"product_cat-tuz-klor-jenaratorleri","9":"first","10":"instock","11":"taxable","12":"shipping-taxable","13":"product-type-simple"},"_links":{"self":[{"href":"https:\/\/tunahavuz.com\/online\/wp-json\/wp\/v2\/product\/9025","targetHints":{"allow":["GET"]}}],"collection":[{"href":"https:\/\/tunahavuz.com\/online\/wp-json\/wp\/v2\/product"}],"about":[{"href":"https:\/\/tunahavuz.com\/online\/wp-json\/wp\/v2\/types\/product"}],"version-history":[{"count":1,"href":"https:\/\/tunahavuz.com\/online\/wp-json\/wp\/v2\/product\/9025\/revisions"}],"predecessor-version":[{"id":29585,"href":"https:\/\/tunahavuz.com\/online\/wp-json\/wp\/v2\/product\/9025\/revisions\/29585"}],"wp:featuredmedia":[{"embeddable":true,"href":"https:\/\/tunahavuz.com\/online\/wp-json\/wp\/v2\/media\/9026"}],"wp:attachment":[{"href":"https:\/\/tunahavuz.com\/online\/wp-json\/wp\/v2\/media?parent=9025"}],"wp:term":[{"taxonomy":"product_brand","embeddable":true,"href":"https:\/\/tunahavuz.com\/online\/wp-json\/wp\/v2\/product_brand?post=9025"},{"taxonomy":"product_cat","embeddable":true,"href":"https:\/\/tunahavuz.com\/online\/wp-json\/wp\/v2\/product_cat?post=9025"},{"taxonomy":"product_tag","embeddable":true,"href":"https:\/\/tunahavuz.com\/online\/wp-json\/wp\/v2\/product_tag?post=9025"}],"curies":[{"name":"wp","href":"https:\/\/api.w.org\/{rel}","templated":true}]}}