{"id":9028,"date":"2022-12-16T02:26:31","date_gmt":"2022-12-15T23:26:31","guid":{"rendered":"https:\/\/tunahavuz.com\/?post_type=product&#038;p=9028"},"modified":"2025-08-07T12:40:28","modified_gmt":"2025-08-07T09:40:28","slug":"havuz-tuzu-rafine-1-sinif-25-kg","status":"publish","type":"product","link":"https:\/\/tunahavuz.com\/online\/urun\/havuz-tuzu-rafine-1-sinif-25-kg\/","title":{"rendered":"Havuz Tuzu Rafine 1.s\u0131n\u0131f 25 kg"},"content":{"rendered":"<div>\n<h2>Havuz Tuzu &#8211; Tuz Klor Jenerat\u00f6rleri \u0130\u00e7in<\/h2>\n<h3>Rafine 1. s\u0131n\u0131f havuz tuzu<\/h3>\n<p>Tuz klor jenerat\u00f6r sistemi ile \u00e7al\u0131\u015fan havuzlarda kullan\u0131lan rafine tuzdur.<br \/>\nTuz klor jenerat\u00f6rleri havuzun dezenfeksiyonu i\u00e7in gerekli kloru rafine tuzu elektrolize ederek sa\u011flar.<br \/>\n&#8211; Kolay \u00e7\u00f6z\u00fcn\u00fcr.<br \/>\n&#8211; Havuzda tortu ve kirlilik b\u0131rakmaz.<br \/>\n&#8211; 25 kg torbalarda ta\u015f\u0131nmas\u0131 kolayd\u0131r.<br \/>\n&#8211; G\u0131da tipidir.<br \/>\n&#8211; Kaya tuzundan \u00fcretilmi\u015ftir.<br \/>\n&#8211; Saf tuzdur.<\/p><\/div>\n<div>\n100 m\u00b3 havuz suyu i\u00e7in havuzda hi\u00e7 tuz yoksa 400 kg havuz tuzu at\u0131l\u0131r.<br \/>\nHavuz tuzunu do\u011frudan havuz suyuna atabilirsiniz, su i\u00e7erisinde tuz \u00e7\u00f6z\u00fclecektir.<\/div>\n<div>\nKullan\u0131m Miktarlar\u0131;<br \/>\n100 m\u00b3 havuz suyu i\u00e7in 400 kg havuz tuzu<br \/>\n90 m\u00b3 havuz suyu i\u00e7in 360 kg havuz tuzu<br \/>\n80 m\u00b3 havuz suyu i\u00e7in 320 kg havuz tuzu<br \/>\n70 m\u00b3 havuz suyu i\u00e7in 280 kg havuz tuzu<br \/>\n60 m\u00b3 havuz suyu i\u00e7in 240 kg havuz tuzu<br \/>\n50 m\u00b3 havuz suyu i\u00e7in 200 kg havuz tuzu<br \/>\n40 m\u00b3 havuz suyu i\u00e7in 160 kg havuz tuzu<br \/>\n30 m\u00b3 havuz suyu i\u00e7in 120 kg havuz tuzu<\/div>\n<div><\/div>\n<div>\n<p>Talep \u00fczerine \u00e7e\u015fitli se\u00e7enekler ve versiyonlar mevcuttur.<\/p>\n<p>Profesyoneller yada Bireyseller i\u00e7in y\u00fcksek kaliteli markalar\u0131, teknolojiye uygun \u00fcr\u00fcnleri <strong>Tuna Havuz<\/strong> olarak<br \/>\nT\u00fcrkiye\u2019nin d\u00f6rt bir yan\u0131na sunmaktay\u0131z. Ev Havuzu, Y\u00fczme Havuzu, Olimpik Havuzlar, Bah\u00e7e Havuzlar\u0131, G\u00f6letler ve<br \/>\nT\u00fcm Havuz \u0130htiya\u00e7lar\u0131n\u0131z\u0131 tam ve eksiksiz sa\u011flayabilmek i\u00e7in bir telefon kadar yak\u0131n\u0131n\u0131zday\u0131z&#8230;<\/p>\n<\/div>\n","protected":false},"excerpt":{"rendered":"<p>Havuz Tuzu &#8211; Tuz Klor Jenerat\u00f6rleri \u0130\u00e7in Rafine 1. s\u0131n\u0131f havuz tuzu Tuz klor jenerat\u00f6r sistemi ile \u00e7al\u0131\u015fan havuzlarda kullan\u0131lan<\/p>\n","protected":false},"featured_media":9029,"template":"","meta":[],"product_brand":[],"product_cat":[591,514],"product_tag":[],"class_list":{"0":"post-9028","1":"product","2":"type-product","3":"status-publish","4":"has-post-thumbnail","6":"product_cat-havuz-tuzu","7":"product_cat-tuz-klor-jenaratorleri","9":"first","10":"instock","11":"taxable","12":"shipping-taxable","13":"product-type-simple"},"_links":{"self":[{"href":"https:\/\/tunahavuz.com\/online\/wp-json\/wp\/v2\/product\/9028","targetHints":{"allow":["GET"]}}],"collection":[{"href":"https:\/\/tunahavuz.com\/online\/wp-json\/wp\/v2\/product"}],"about":[{"href":"https:\/\/tunahavuz.com\/online\/wp-json\/wp\/v2\/types\/product"}],"version-history":[{"count":1,"href":"https:\/\/tunahavuz.com\/online\/wp-json\/wp\/v2\/product\/9028\/revisions"}],"predecessor-version":[{"id":29584,"href":"https:\/\/tunahavuz.com\/online\/wp-json\/wp\/v2\/product\/9028\/revisions\/29584"}],"wp:featuredmedia":[{"embeddable":true,"href":"https:\/\/tunahavuz.com\/online\/wp-json\/wp\/v2\/media\/9029"}],"wp:attachment":[{"href":"https:\/\/tunahavuz.com\/online\/wp-json\/wp\/v2\/media?parent=9028"}],"wp:term":[{"taxonomy":"product_brand","embeddable":true,"href":"https:\/\/tunahavuz.com\/online\/wp-json\/wp\/v2\/product_brand?post=9028"},{"taxonomy":"product_cat","embeddable":true,"href":"https:\/\/tunahavuz.com\/online\/wp-json\/wp\/v2\/product_cat?post=9028"},{"taxonomy":"product_tag","embeddable":true,"href":"https:\/\/tunahavuz.com\/online\/wp-json\/wp\/v2\/product_tag?post=9028"}],"curies":[{"name":"wp","href":"https:\/\/api.w.org\/{rel}","templated":true}]}}