{"id":9031,"date":"2022-12-16T03:05:31","date_gmt":"2022-12-16T00:05:31","guid":{"rendered":"https:\/\/tunahavuz.com\/?post_type=product&#038;p=9031"},"modified":"2025-08-07T12:40:18","modified_gmt":"2025-08-07T09:40:18","slug":"aquacheck-olcum-cubuklu-test-aleti","status":"publish","type":"product","link":"https:\/\/tunahavuz.com\/online\/urun\/aquacheck-olcum-cubuklu-test-aleti\/","title":{"rendered":"Aquacheck \u00d6l\u00e7\u00fcm \u00c7ubuklu Test Aleti"},"content":{"rendered":"<div>\n<h2>Gema\u015f Aquacheck Dijital pH, Serbest Klor ve Alkali \u00d6l\u00e7\u00fcm Aleti<\/h2>\n<h3>Aquacheck \u00d6l\u00e7\u00fcm \u00c7ubu\u011fu<\/h3>\n<h4>Aquacheck \u00d6l\u00e7\u00fcm \u00c7ubuklu Test Aleti<\/h4>\n<\/div>\n<div>pH, Serbest Klor ve Toplam Alkalili\u011fi g\u00f6sterir.<br \/>\nAQUACHECK TRUTEST test \u00e7ubuklar\u0131 havuz suyuna dald\u0131r\u0131ld\u0131ktan sonra cihaz \u00fczerine yerle\u015ftirilerek \u00f6l\u00e7\u00fcm yap\u0131l\u0131r.<br \/>\nG\u00f6z yan\u0131lmalar\u0131 ve skala farkl\u0131l\u0131klar\u0131ndan kaynaklanan yanl\u0131\u015f \u00f6l\u00e7\u00fcm yapma riskini ortadan kald\u0131r\u0131r.<br \/>\n2 adet alkalin kalem pille \u00e7al\u0131\u015f\u0131r. Ekran\u0131n solunda \u00f6l\u00e7\u00fcm yap\u0131lan de\u011ferlerin d\u00fc\u015f\u00fck,<br \/>\nideal, y\u00fcksek oldu\u011funa dair bildirimde bulunur. Son 9 \u00f6l\u00e7\u00fcm\u00fc haf\u0131zas\u0131nda tutar.<br \/>\nBrom \u00f6l\u00e7\u00fcm\u00fc i\u00e7in elde edilen Klor \u00f6l\u00e7\u00fcm\u00fcn\u00fcn 2,2 ile \u00e7arp\u0131lmas\u0131 yeterlidir.<\/div>\n<div>\n<h1><\/h1>\n<h4>Gema\u015f AQUACHECK Dijital pH, Serbest Klor ve Alkali \u00d6l\u00e7\u00fcm Aleti<\/h4>\n<\/div>\n<div><img decoding=\"async\" src=\"https:\/\/havuzdan.myideasoft.com\/class\/INNOVAEditor\/assets\/gemas-aquacheck-trutest-cubuklu-sayisal-test-aleti-0841.jpg\" alt=\"Gema\u015f Klor Alkali \u00d6l\u00e7\u00fcm Aleti Dijital\" border=\"0\" \/><\/div>\n<div><\/div>\n<div><\/div>\n<div>\n<p>Talep \u00fczerine \u00e7e\u015fitli se\u00e7enekler ve versiyonlar mevcuttur.<\/p>\n<p>Profesyoneller yada Bireyseller i\u00e7in y\u00fcksek kaliteli markalar\u0131, teknolojiye uygun \u00fcr\u00fcnleri <strong>Tuna Havuz<\/strong> olarak<br \/>\nT\u00fcrkiye\u2019nin d\u00f6rt bir yan\u0131na sunmaktay\u0131z. Ev Havuzu, Y\u00fczme Havuzu, Olimpik Havuzlar, Bah\u00e7e Havuzlar\u0131, G\u00f6letler ve<br \/>\nT\u00fcm Havuz \u0130htiya\u00e7lar\u0131n\u0131z\u0131 tam ve eksiksiz sa\u011flayabilmek i\u00e7in bir telefon kadar yak\u0131n\u0131n\u0131zday\u0131z&#8230;<\/p>\n<\/div>\n","protected":false},"excerpt":{"rendered":"<p>Gema\u015f Aquacheck Dijital pH, Serbest Klor ve Alkali \u00d6l\u00e7\u00fcm Aleti Aquacheck \u00d6l\u00e7\u00fcm \u00c7ubu\u011fu Aquacheck \u00d6l\u00e7\u00fcm \u00c7ubuklu Test Aleti pH, Serbest<\/p>\n","protected":false},"featured_media":9032,"template":"","meta":[],"product_brand":[],"product_cat":[567,308,398],"product_tag":[],"class_list":{"0":"post-9031","1":"product","2":"type-product","3":"status-publish","4":"has-post-thumbnail","6":"product_cat-dijital-havuz-olcum-aletleri","7":"product_cat-havuz-kimyasallari","8":"product_cat-olcum-aletleri","10":"first","11":"instock","12":"taxable","13":"shipping-taxable","14":"product-type-simple"},"_links":{"self":[{"href":"https:\/\/tunahavuz.com\/online\/wp-json\/wp\/v2\/product\/9031","targetHints":{"allow":["GET"]}}],"collection":[{"href":"https:\/\/tunahavuz.com\/online\/wp-json\/wp\/v2\/product"}],"about":[{"href":"https:\/\/tunahavuz.com\/online\/wp-json\/wp\/v2\/types\/product"}],"version-history":[{"count":1,"href":"https:\/\/tunahavuz.com\/online\/wp-json\/wp\/v2\/product\/9031\/revisions"}],"predecessor-version":[{"id":29583,"href":"https:\/\/tunahavuz.com\/online\/wp-json\/wp\/v2\/product\/9031\/revisions\/29583"}],"wp:featuredmedia":[{"embeddable":true,"href":"https:\/\/tunahavuz.com\/online\/wp-json\/wp\/v2\/media\/9032"}],"wp:attachment":[{"href":"https:\/\/tunahavuz.com\/online\/wp-json\/wp\/v2\/media?parent=9031"}],"wp:term":[{"taxonomy":"product_brand","embeddable":true,"href":"https:\/\/tunahavuz.com\/online\/wp-json\/wp\/v2\/product_brand?post=9031"},{"taxonomy":"product_cat","embeddable":true,"href":"https:\/\/tunahavuz.com\/online\/wp-json\/wp\/v2\/product_cat?post=9031"},{"taxonomy":"product_tag","embeddable":true,"href":"https:\/\/tunahavuz.com\/online\/wp-json\/wp\/v2\/product_tag?post=9031"}],"curies":[{"name":"wp","href":"https:\/\/api.w.org\/{rel}","templated":true}]}}