{"id":9034,"date":"2022-12-16T03:06:48","date_gmt":"2022-12-16T00:06:48","guid":{"rendered":"https:\/\/tunahavuz.com\/?post_type=product&#038;p=9034"},"modified":"2025-08-07T12:40:11","modified_gmt":"2025-08-07T09:40:11","slug":"scuba-2-havuz-kimyasal-olcum-cihaz","status":"publish","type":"product","link":"https:\/\/tunahavuz.com\/online\/urun\/scuba-2-havuz-kimyasal-olcum-cihaz\/","title":{"rendered":"Scuba 2 Havuz Kimyasal \u00d6l\u00e7\u00fcm Cihaz"},"content":{"rendered":"<h1>Scuba 2 Havuz Kimyasal \u00d6l\u00e7\u00fcm Cihaz<\/h1>\n<h1><img decoding=\"async\" src=\"https:\/\/www.havuzdan.com\/class\/INNOVAEditor\/assets\/scuva2.png\" alt=\"\" border=\"0\" \/><\/h1>\n<div><\/div>\n<h2>Havuz \u00d6l\u00e7\u00fcm Cihaz\u0131<\/h2>\n<div>Serbest Klor,<br \/>\nToplam Klor-Ba\u011fl\u0131 Klor<br \/>\nPh De\u011feri,<br \/>\nSiyan\u00fcrik Asit,<br \/>\nAlkalinite olmak \u00fczere<br \/>\n5 parametre \u00f6l\u00e7\u00fcm\u00fc yap\u0131l\u0131r.<\/div>\n<div><\/div>\n<div>\n<div>Paket \u0130\u00e7eri\u011fi<\/div>\n<div>2 adet pil<\/div>\n<div>20 adet DPD1 tableti<\/div>\n<div>20 adet pH tableti<\/div>\n<div>10 adet DPD3 tableti<\/div>\n<div>10 adet alkalinite tableti<\/div>\n<div>10 adet siyan\u00fcrik asit tableti<\/div>\n<div><\/div>\n<div>Teknik \u00d6zellikler:<\/div>\n<div>Cl : 0.1 &#8211; 6.0 mg\/l Cl2 (0-1 mg\/l \u00b1 0.1; 1-2 mg\/l \u00b1 0.2; 2-3 mg\/l \u00b1 0.4; 3-6 mg\/l \u00b1 0.5)<\/div>\n<div>pH : 6.5 &#8211; 8.4 pH (\u00b1 0.2 pH)<\/div>\n<div>CyA : 1 &#8211; 50 mg\/l Cys (\u00b1 10 mg\/l), 50 &#8211; 160 mg\/l Cys (\u00b1 20 mg\/l)<\/div>\n<div>TA : 0 &#8211; 300 mg\/l CaCO3 (\u00b1 50 mg\/l)<\/div>\n<div><\/div>\n<div>I\u015f\u0131k Kayna\u011f\u0131:<\/div>\n<div>LED: \u03bb = 530 nm<\/div>\n<div>Pil: 2 x AAA (1.5 V), LR03<\/div>\n<div><\/div>\n<div>Otomatik Kapanma:<\/div>\n<div>300 saniye<\/div>\n<div><\/div>\n<div>Ortam \u00c7al\u0131\u015fma \u015eartlar\u0131:<\/div>\n<div>T = 5-40\u00b0C<\/div>\n<div><\/div>\n<div>Su Ge\u00e7irmezlik:<\/div>\n<div>Analog IP68, 1 h @ 0.1 m<\/div>\n<div><\/div>\n<div>Kalite Belgesi: CE<\/div>\n<div>Lovibond \u00fcr\u00fcn ailesine kat\u0131lan\u00a0\u00a0Scuba 2 Elektronik havuz test cihaz\u0131\u00a0modeli kar\u015f\u0131n\u0131zda. \u00d6d\u00fcll\u00fc Lovibond Pool Tester Scuba II\u00a0 Elektronik test cihaz\u0131 2013 y\u0131l\u0131ndan itibar\u0131yla be\u011feni ile kullan\u0131ma ba\u015flam\u0131\u015f olup \u00f6zellik ve kullan\u0131c\u0131 dostu kullan\u0131m\u0131 ile b\u00fcy\u00fck be\u011feni kazanm\u0131\u015ft\u0131r. Y\u00fczme havuzlar\u0131n\u0131n sa\u011fl\u0131kl\u0131 kullan\u0131m\u0131 i\u00e7in d\u00fczenli olarak havuzundaki \u00f6nemli parametrelerin \u00f6l\u00e7\u00fcm\u00fc s\u00fcrekli yap\u0131lmak zorundad\u0131r. Y\u00fczme havuzunda suyun kalitesini m\u00fckemmel durumda tutmak ancak bu \u015fekilde m\u00fcmk\u00fcn olabilmektedir. Havuz suyu hijyenini koruyucu kimyasal \u00fcr\u00fcnlerini dozaj pompas\u0131 arac\u0131l\u0131\u011f\u0131 ile verildi\u011finde optimal olarak ayarlanabilir. Scuba II Pool Tester ile \u00f6zel y\u00fczme havuz sahipleri h\u0131zl\u0131 ve kesin sonu\u00e7larla havuz suyunu test edebilir.<\/div>\n<div>Scuba II modeli, \u00f6zel villa havuzlar\u0131, k\u00fc\u00e7\u00fck y\u00fczme havuzlar\u0131, sportif havuzlar,\u00a0 kamu havuzlar\u0131nda vb. bir \u00e7ok havuzda kullan\u0131l\u0131r. Entegre edilmi\u015f \u00f6l\u00e7\u00fcm kasas\u0131 cihaz\u0131n havuz suyuna bat\u0131r\u0131lmas\u0131 ile doldurulur. \u00d6l\u00e7\u00fcm yap\u0131lmak istenen parametreye ait tablet su i\u00e7ine eklenerek karakteristik renk elde edilerek \u00f6l\u00e7\u00fcm yap\u0131l\u0131r ve okunan sonu\u00e7 ekranda elektronik olarak\u00a0 g\u00f6sterilir.<\/div>\n<div>Scuba II Elektronik Pool Tester modeli ile Serbest Klor, Toplam Klor, pH, Toplam Alkalinite, Siyan\u00fcrik Asit ve Brom parametreleri \u00f6l\u00e7\u00fclebilmektedir. Scuba II Elektronik Pool Tester,\u00a0 y\u00fczme havuzlar\u0131nda ihtiyac\u0131n\u0131z olan \u00f6nemli parametreleri k\u0131sa s\u00fcre i\u00e7inde yap\u0131lan testler ile \u00e7ok b\u00fcy\u00fck bir keyfe d\u00f6n\u00fc\u015fmektedir.<\/div>\n<div>Scuba II modeli ile test yaparken cihaz\u0131n\u0131z suya d\u00fc\u015ferse endi\u015felenmenize hi\u00e7 gerek yoktur. Suya d\u00fc\u015fmesi cihaza hi\u00e7 bir zarar vermez ayn\u0131 zamanda suya dayan\u0131kl\u0131 yap\u0131s\u0131ndan dolay\u0131 su \u00fczerinde y\u00fczebilmektedir. K\u00fc\u00e7\u00fck havuz yard\u0131mc\u0131n\u0131z\u0131n sizi \u015fa\u015f\u0131rtmas\u0131na izin verin, \u00e7\u00fcnk\u00fc hijyenik a\u00e7\u0131dan m\u00fckemmel havuz suyunda y\u00fczme g\u00fcvenli\u011fi sizin i\u00e7in de\u011ferli olmal\u0131d\u0131r.<\/div>\n<div><\/div>\n<div><strong>Montaj Bilgileri<br \/>\n<\/strong>Sat\u0131n alm\u0131\u015f oldu\u011funuz \u00fcr\u00fcn\u00fc kullan\u0131m ve kurulum k\u0131lavuzunda yer alan talimatlara g\u00f6re kullanabilirsiniz. \u00dcr\u00fcn g\u00f6rselinde yer alan aksesuarlar te\u015fhir ama\u00e7l\u0131d\u0131r. Fiyata dahil de\u011fildir.<\/div>\n<div><\/div>\n<div>\n<div>\n<p>\u00dcretim ve i\u015f\u00e7ilik hatalar\u0131na kar\u015f\u0131\u00a02\u00a0 Y\u0131l Garanti S\u00fcresi<\/p>\n<\/div>\n<div>\n<p>Talep \u00fczerine \u00e7e\u015fitli se\u00e7enekler ve versiyonlar mevcuttur.<\/p>\n<p>Profesyoneller yada Bireyseller i\u00e7in y\u00fcksek kaliteli markalar\u0131, teknolojiye uygun \u00fcr\u00fcnleri <strong>Tuna Havuz<\/strong> olarak<br \/>\nT\u00fcrkiye\u2019nin d\u00f6rt bir yan\u0131na sunmaktay\u0131z. Ev Havuzu, Y\u00fczme Havuzu, Olimpik Havuzlar, Bah\u00e7e Havuzlar\u0131, G\u00f6letler ve<br \/>\nT\u00fcm Havuz \u0130htiya\u00e7lar\u0131n\u0131z\u0131 tam ve eksiksiz sa\u011flayabilmek i\u00e7in bir telefon kadar yak\u0131n\u0131n\u0131zday\u0131z&#8230;<\/p>\n<\/div>\n<\/div>\n<\/div>\n","protected":false},"excerpt":{"rendered":"<p>Scuba 2 Havuz Kimyasal \u00d6l\u00e7\u00fcm Cihaz Havuz \u00d6l\u00e7\u00fcm Cihaz\u0131 Serbest Klor, Toplam Klor-Ba\u011fl\u0131 Klor Ph De\u011feri, Siyan\u00fcrik Asit, Alkalinite olmak<\/p>\n","protected":false},"featured_media":9035,"template":"","meta":[],"product_brand":[],"product_cat":[567,308,398],"product_tag":[],"class_list":{"0":"post-9034","1":"product","2":"type-product","3":"status-publish","4":"has-post-thumbnail","6":"product_cat-dijital-havuz-olcum-aletleri","7":"product_cat-havuz-kimyasallari","8":"product_cat-olcum-aletleri","10":"first","11":"instock","12":"taxable","13":"shipping-taxable","14":"product-type-simple"},"_links":{"self":[{"href":"https:\/\/tunahavuz.com\/online\/wp-json\/wp\/v2\/product\/9034","targetHints":{"allow":["GET"]}}],"collection":[{"href":"https:\/\/tunahavuz.com\/online\/wp-json\/wp\/v2\/product"}],"about":[{"href":"https:\/\/tunahavuz.com\/online\/wp-json\/wp\/v2\/types\/product"}],"version-history":[{"count":1,"href":"https:\/\/tunahavuz.com\/online\/wp-json\/wp\/v2\/product\/9034\/revisions"}],"predecessor-version":[{"id":29582,"href":"https:\/\/tunahavuz.com\/online\/wp-json\/wp\/v2\/product\/9034\/revisions\/29582"}],"wp:featuredmedia":[{"embeddable":true,"href":"https:\/\/tunahavuz.com\/online\/wp-json\/wp\/v2\/media\/9035"}],"wp:attachment":[{"href":"https:\/\/tunahavuz.com\/online\/wp-json\/wp\/v2\/media?parent=9034"}],"wp:term":[{"taxonomy":"product_brand","embeddable":true,"href":"https:\/\/tunahavuz.com\/online\/wp-json\/wp\/v2\/product_brand?post=9034"},{"taxonomy":"product_cat","embeddable":true,"href":"https:\/\/tunahavuz.com\/online\/wp-json\/wp\/v2\/product_cat?post=9034"},{"taxonomy":"product_tag","embeddable":true,"href":"https:\/\/tunahavuz.com\/online\/wp-json\/wp\/v2\/product_tag?post=9034"}],"curies":[{"name":"wp","href":"https:\/\/api.w.org\/{rel}","templated":true}]}}