{"id":9037,"date":"2022-12-16T03:08:04","date_gmt":"2022-12-16T00:08:04","guid":{"rendered":"https:\/\/tunahavuz.com\/?post_type=product&#038;p=9037"},"modified":"2025-08-07T12:40:04","modified_gmt":"2025-08-07T09:40:04","slug":"wid-pool-lab-1-0-havuz-olcum-cihazi","status":"publish","type":"product","link":"https:\/\/tunahavuz.com\/online\/urun\/wid-pool-lab-1-0-havuz-olcum-cihazi\/","title":{"rendered":"W\u0131d Pool Lab 1.0 Havuz \u00d6l\u00e7\u00fcm Cihaz\u0131"},"content":{"rendered":"<h1>Dijital Havuz \u00d6l\u00e7\u00fcm Cihaz\u0131<\/h1>\n<div><img decoding=\"async\" src=\"https:\/\/havuzdan.myideasoft.com\/class\/INNOVAEditor\/assets\/PoolLab.1.0_1.jpg\" alt=\"Havuz \u00d6l\u00e7\u00fcm Aleti\" border=\"0\" \/><\/div>\n<h2>PoolLAB 1.0 Multitest Fotometre<\/h2>\n<div>Do\u011fru ve g\u00fcvenilir su testi<br \/>\nSerbest saklama alan\u0131 (Cloud)<br \/>\n6 butonla direkt ba\u011flant\u0131<br \/>\nH\u0131zl\u0131 Bluetooth\u00ae- PC Ba\u011flant\u0131s\u0131 ve detayl\u0131 raporlama \u00f6zelli\u011fi<br \/>\nG\u00fc\u00e7l\u00fc ve yenilik\u00e7i software<br \/>\nIP68 Su ge\u00e7irmezlik<\/div>\n<div><\/div>\n<div>\n<div>C\u0130HAZ \u00d6ZELL\u0130KLER\u0130<br \/>\nYeni\u00a0Pool LAB 1.0\u00a0\u00fc\u00e7l\u00fc dalga boyu \u00f6l\u00e7\u00fcm aral\u0131\u011f\u0131yla (530\/570\/620nm) havuz ve SPA sular\u0131n\u0131n profesyonel olarak analizinin yap\u0131lmas\u0131n\u0131 sa\u011flar.<\/div>\n<p>Pool LAB 1.0\u00a0deki dahili ancak de\u011fi\u015ftirilebilir numune su k\u00fcveti, P68 su ge\u00e7irmezlik \u00f6zelli\u011fi sayesinde direkt suya dald\u0131r\u0131larak h\u0131zl\u0131 \u015fekilde su analizine olanak tan\u0131r.<br \/>\nPool LAB 1.0,\u00a06 k\u0131sa yol d\u00fc\u011fmesiyle kurulu olan parametrelere an\u0131nda eri\u015fmek i\u00e7in tasarlanm\u0131\u015ft\u0131r;\u00a0<em>pH, Klor (serbest\/ba\u011fl\u0131\/toplam}, Alkalinite {Asit kapasitesi}, Siyan\u00fcrik Asit (Stabilizat\u00f6r). Aktif Oksijen(MPS), Brom, Klor Dioksit, Ozon, Hidrojen Peroxit , Toplam Sertlik ve Kalsiyum Sertli\u011fi<br \/>\n<\/em>Kablosuz Bluetooth 4.0 teknolojisi olan Pool LAB 1.0, test sonucu y\u00f6netimi i\u00e7in \u00fccretsiz yaz\u0131l\u0131m ve uygulamaya kolayca ba\u011flanabilir.<br \/>\nTest sonu\u00e7lar\u0131 senkronize edildi\u011finde, yaz\u0131l\u0131m ve uygulama, tek tek girilen su ar\u0131tma kimyasallar\u0131na dayanan dozaj \u00f6nerilerine izin verir. Kullan\u0131c\u0131, test raporunu yazd\u0131rabilir, LSI gibi endeks hesaplama ve daha bir \u00e7ok endeksleme yapabilir.<\/p>\n<\/div>\n<div>\n<p>Talep \u00fczerine \u00e7e\u015fitli se\u00e7enekler ve versiyonlar mevcuttur.<\/p>\n<p>Profesyoneller yada Bireyseller i\u00e7in y\u00fcksek kaliteli markalar\u0131, teknolojiye uygun \u00fcr\u00fcnleri <strong>Tuna Havuz<\/strong> olarak<br \/>\nT\u00fcrkiye\u2019nin d\u00f6rt bir yan\u0131na sunmaktay\u0131z. Ev Havuzu, Y\u00fczme Havuzu, Olimpik Havuzlar, Bah\u00e7e Havuzlar\u0131, G\u00f6letler ve<br \/>\nT\u00fcm Havuz \u0130htiya\u00e7lar\u0131n\u0131z\u0131 tam ve eksiksiz sa\u011flayabilmek i\u00e7in bir telefon kadar yak\u0131n\u0131n\u0131zday\u0131z&#8230;<\/p>\n<\/div>\n","protected":false},"excerpt":{"rendered":"<p>Dijital Havuz \u00d6l\u00e7\u00fcm Cihaz\u0131 PoolLAB 1.0 Multitest Fotometre Do\u011fru ve g\u00fcvenilir su testi Serbest saklama alan\u0131 (Cloud) 6 butonla direkt<\/p>\n","protected":false},"featured_media":9038,"template":"","meta":[],"product_brand":[],"product_cat":[567,308,398],"product_tag":[],"class_list":{"0":"post-9037","1":"product","2":"type-product","3":"status-publish","4":"has-post-thumbnail","6":"product_cat-dijital-havuz-olcum-aletleri","7":"product_cat-havuz-kimyasallari","8":"product_cat-olcum-aletleri","10":"first","11":"instock","12":"taxable","13":"shipping-taxable","14":"product-type-simple"},"_links":{"self":[{"href":"https:\/\/tunahavuz.com\/online\/wp-json\/wp\/v2\/product\/9037","targetHints":{"allow":["GET"]}}],"collection":[{"href":"https:\/\/tunahavuz.com\/online\/wp-json\/wp\/v2\/product"}],"about":[{"href":"https:\/\/tunahavuz.com\/online\/wp-json\/wp\/v2\/types\/product"}],"version-history":[{"count":1,"href":"https:\/\/tunahavuz.com\/online\/wp-json\/wp\/v2\/product\/9037\/revisions"}],"predecessor-version":[{"id":29581,"href":"https:\/\/tunahavuz.com\/online\/wp-json\/wp\/v2\/product\/9037\/revisions\/29581"}],"wp:featuredmedia":[{"embeddable":true,"href":"https:\/\/tunahavuz.com\/online\/wp-json\/wp\/v2\/media\/9038"}],"wp:attachment":[{"href":"https:\/\/tunahavuz.com\/online\/wp-json\/wp\/v2\/media?parent=9037"}],"wp:term":[{"taxonomy":"product_brand","embeddable":true,"href":"https:\/\/tunahavuz.com\/online\/wp-json\/wp\/v2\/product_brand?post=9037"},{"taxonomy":"product_cat","embeddable":true,"href":"https:\/\/tunahavuz.com\/online\/wp-json\/wp\/v2\/product_cat?post=9037"},{"taxonomy":"product_tag","embeddable":true,"href":"https:\/\/tunahavuz.com\/online\/wp-json\/wp\/v2\/product_tag?post=9037"}],"curies":[{"name":"wp","href":"https:\/\/api.w.org\/{rel}","templated":true}]}}