{"id":9040,"date":"2022-12-16T03:10:09","date_gmt":"2022-12-16T00:10:09","guid":{"rendered":"https:\/\/tunahavuz.com\/?post_type=product&#038;p=9040"},"modified":"2025-08-07T12:39:56","modified_gmt":"2025-08-07T09:39:56","slug":"toplam-sertlik-test-aleti","status":"publish","type":"product","link":"https:\/\/tunahavuz.com\/online\/urun\/toplam-sertlik-test-aleti\/","title":{"rendered":"Toplam Sertlik Test Aleti"},"content":{"rendered":"<h1>Gema\u015f Toplam Sertlik Test Aleti<\/h1>\n<div>Titrasyon metodu ile.<\/div>\n<div><\/div>\n<div><img decoding=\"async\" src=\"https:\/\/www.havuzdan.com\/class\/INNOVAEditor\/assets\/gemas-toplam-sertlik-test-aleti-08221.jpg\" alt=\"Gema\u015f Test Aletleri\" border=\"0\" \/><\/div>\n<div><\/div>\n<div>\n<p>Talep \u00fczerine \u00e7e\u015fitli se\u00e7enekler ve versiyonlar mevcuttur.<\/p>\n<p>Profesyoneller yada Bireyseller i\u00e7in y\u00fcksek kaliteli markalar\u0131, teknolojiye uygun \u00fcr\u00fcnleri <strong>Tuna Havuz<\/strong> olarak<br \/>\nT\u00fcrkiye\u2019nin d\u00f6rt bir yan\u0131na sunmaktay\u0131z. Ev Havuzu, Y\u00fczme Havuzu, Olimpik Havuzlar, Bah\u00e7e Havuzlar\u0131, G\u00f6letler ve<br \/>\nT\u00fcm Havuz \u0130htiya\u00e7lar\u0131n\u0131z\u0131 tam ve eksiksiz sa\u011flayabilmek i\u00e7in bir telefon kadar yak\u0131n\u0131n\u0131zday\u0131z&#8230;<\/p>\n<\/div>\n","protected":false},"excerpt":{"rendered":"<p>Gema\u015f Toplam Sertlik Test Aleti Titrasyon metodu ile. Talep \u00fczerine \u00e7e\u015fitli se\u00e7enekler ve versiyonlar mevcuttur. Profesyoneller yada Bireyseller i\u00e7in y\u00fcksek<\/p>\n","protected":false},"featured_media":9041,"template":"","meta":[],"product_brand":[],"product_cat":[308,599,398],"product_tag":[],"class_list":{"0":"post-9040","1":"product","2":"type-product","3":"status-publish","4":"has-post-thumbnail","6":"product_cat-havuz-kimyasallari","7":"product_cat-manuel-olcum-aletleri","8":"product_cat-olcum-aletleri","10":"first","11":"instock","12":"taxable","13":"shipping-taxable","14":"product-type-simple"},"_links":{"self":[{"href":"https:\/\/tunahavuz.com\/online\/wp-json\/wp\/v2\/product\/9040","targetHints":{"allow":["GET"]}}],"collection":[{"href":"https:\/\/tunahavuz.com\/online\/wp-json\/wp\/v2\/product"}],"about":[{"href":"https:\/\/tunahavuz.com\/online\/wp-json\/wp\/v2\/types\/product"}],"version-history":[{"count":1,"href":"https:\/\/tunahavuz.com\/online\/wp-json\/wp\/v2\/product\/9040\/revisions"}],"predecessor-version":[{"id":29580,"href":"https:\/\/tunahavuz.com\/online\/wp-json\/wp\/v2\/product\/9040\/revisions\/29580"}],"wp:featuredmedia":[{"embeddable":true,"href":"https:\/\/tunahavuz.com\/online\/wp-json\/wp\/v2\/media\/9041"}],"wp:attachment":[{"href":"https:\/\/tunahavuz.com\/online\/wp-json\/wp\/v2\/media?parent=9040"}],"wp:term":[{"taxonomy":"product_brand","embeddable":true,"href":"https:\/\/tunahavuz.com\/online\/wp-json\/wp\/v2\/product_brand?post=9040"},{"taxonomy":"product_cat","embeddable":true,"href":"https:\/\/tunahavuz.com\/online\/wp-json\/wp\/v2\/product_cat?post=9040"},{"taxonomy":"product_tag","embeddable":true,"href":"https:\/\/tunahavuz.com\/online\/wp-json\/wp\/v2\/product_tag?post=9040"}],"curies":[{"name":"wp","href":"https:\/\/api.w.org\/{rel}","templated":true}]}}