{"id":9043,"date":"2022-12-16T03:11:58","date_gmt":"2022-12-16T00:11:58","guid":{"rendered":"https:\/\/tunahavuz.com\/?post_type=product&#038;p=9043"},"modified":"2025-08-07T12:39:47","modified_gmt":"2025-08-07T09:39:47","slug":"tabletli-havuz-test-kiti","status":"publish","type":"product","link":"https:\/\/tunahavuz.com\/online\/urun\/tabletli-havuz-test-kiti\/","title":{"rendered":"Tabletli Havuz Test Kiti"},"content":{"rendered":"<div>\n<h1>Havuz Suyu Test Kiti<\/h1>\n<h2>Tabletli Havuz Suyu Test Kiti<\/h2>\n<p>Test haznesini, test edilecek havuz suyu ile birka\u00e7 kere a\u015fa\u011f\u0131 yukar\u0131, sa\u011fa sola \u00e7alkalay\u0131n.<br \/>\nTest haznesini, t\u00fcp\u00fcn her iki taraf\u0131n\u0131n i\u015faretli yerlerine kadar test edilecek su ile doldurunuz.<br \/>\nDPD1 yazan folyodan 1 adet tableti \u00f6l\u00e7\u00fcm haznesinin klor yazan b\u00f6l\u00fcm\u00fcne at\u0131n.<br \/>\nPh yazan b\u00f6l\u00fcme de phenol red yazan \u00f6l\u00e7\u00fcm tabletinden bir adet at\u0131n.<br \/>\nFolyonun i\u00e7erisinden \u00e7\u0131kan tabletlerin elle temas\u0131ndan ka\u00e7\u0131n\u0131n.<br \/>\nTest kab\u0131n\u0131n b\u00f6l\u00fcmlerinin kapaklar\u0131n\u0131 kapat\u0131n ve kuvvetlice sallay\u0131n.<br \/>\nOlu\u015fan renkleri orta k\u0131s\u0131mdaki renk e\u015fleri ile kar\u015f\u0131la\u015ft\u0131r\u0131n.<br \/>\nBenzer renkler klor miktar\u0131n\u0131 ppm ve pH de\u011feri olarak verir.<br \/>\n\u00d6l\u00e7\u00fcm yapt\u0131ktan sonra ellerinizi bol su ile y\u0131kaman\u0131z\u0131 tavsiye ederiz.<\/p>\n<p>\u0130\u00e7indekiler;<br \/>\n20 adet DPD Tableti<br \/>\n20 adet pH Tableti<br \/>\n1 adet Klor- pH renk e\u015fleri i\u00e7eren \u00f6zel su haznesi<br \/>\n1 adet bilgilendirme formu<\/p><\/div>\n<div><\/div>\n<div><img decoding=\"async\" src=\"https:\/\/www.havuzdan.com\/class\/INNOVAEditor\/assets\/testkitleri\/TEST%20K%C4%B0T%C4%B01.jpg\" alt=\"\" border=\"0\" \/><\/p>\n<\/div>\n<div>\n<p>Talep \u00fczerine \u00e7e\u015fitli se\u00e7enekler ve versiyonlar mevcuttur.<\/p>\n<p>Profesyoneller yada Bireyseller i\u00e7in y\u00fcksek kaliteli markalar\u0131, teknolojiye uygun \u00fcr\u00fcnleri <strong>Tuna Havuz<\/strong> olarak<br \/>\nT\u00fcrkiye\u2019nin d\u00f6rt bir yan\u0131na sunmaktay\u0131z. Ev Havuzu, Y\u00fczme Havuzu, Olimpik Havuzlar, Bah\u00e7e Havuzlar\u0131, G\u00f6letler ve<br \/>\nT\u00fcm Havuz \u0130htiya\u00e7lar\u0131n\u0131z\u0131 tam ve eksiksiz sa\u011flayabilmek i\u00e7in bir telefon kadar yak\u0131n\u0131n\u0131zday\u0131z&#8230;<\/p>\n<\/div>\n","protected":false},"excerpt":{"rendered":"<p>Havuz Suyu Test Kiti Tabletli Havuz Suyu Test Kiti Test haznesini, test edilecek havuz suyu ile birka\u00e7 kere a\u015fa\u011f\u0131 yukar\u0131,<\/p>\n","protected":false},"featured_media":9044,"template":"","meta":[],"product_brand":[],"product_cat":[308,599,398],"product_tag":[],"class_list":{"0":"post-9043","1":"product","2":"type-product","3":"status-publish","4":"has-post-thumbnail","6":"product_cat-havuz-kimyasallari","7":"product_cat-manuel-olcum-aletleri","8":"product_cat-olcum-aletleri","10":"first","11":"instock","12":"taxable","13":"shipping-taxable","14":"product-type-simple"},"_links":{"self":[{"href":"https:\/\/tunahavuz.com\/online\/wp-json\/wp\/v2\/product\/9043","targetHints":{"allow":["GET"]}}],"collection":[{"href":"https:\/\/tunahavuz.com\/online\/wp-json\/wp\/v2\/product"}],"about":[{"href":"https:\/\/tunahavuz.com\/online\/wp-json\/wp\/v2\/types\/product"}],"version-history":[{"count":1,"href":"https:\/\/tunahavuz.com\/online\/wp-json\/wp\/v2\/product\/9043\/revisions"}],"predecessor-version":[{"id":29579,"href":"https:\/\/tunahavuz.com\/online\/wp-json\/wp\/v2\/product\/9043\/revisions\/29579"}],"wp:featuredmedia":[{"embeddable":true,"href":"https:\/\/tunahavuz.com\/online\/wp-json\/wp\/v2\/media\/9044"}],"wp:attachment":[{"href":"https:\/\/tunahavuz.com\/online\/wp-json\/wp\/v2\/media?parent=9043"}],"wp:term":[{"taxonomy":"product_brand","embeddable":true,"href":"https:\/\/tunahavuz.com\/online\/wp-json\/wp\/v2\/product_brand?post=9043"},{"taxonomy":"product_cat","embeddable":true,"href":"https:\/\/tunahavuz.com\/online\/wp-json\/wp\/v2\/product_cat?post=9043"},{"taxonomy":"product_tag","embeddable":true,"href":"https:\/\/tunahavuz.com\/online\/wp-json\/wp\/v2\/product_tag?post=9043"}],"curies":[{"name":"wp","href":"https:\/\/api.w.org\/{rel}","templated":true}]}}