{"id":9055,"date":"2022-12-16T03:18:08","date_gmt":"2022-12-16T00:18:08","guid":{"rendered":"https:\/\/tunahavuz.com\/?post_type=product&#038;p=9055"},"modified":"2025-08-07T12:33:18","modified_gmt":"2025-08-07T09:33:18","slug":"6-fonksiyonlu-test-cubuklari-50-cubuk","status":"publish","type":"product","link":"https:\/\/tunahavuz.com\/online\/urun\/6-fonksiyonlu-test-cubuklari-50-cubuk\/","title":{"rendered":"6 Fonksiyonlu Test \u00c7ubuklar\u0131 50 \u00c7ubuk"},"content":{"rendered":"<div>\n<h2>AstralPool Havuz \u00d6l\u00e7\u00fcm Aletleri<\/h2>\n<h3>6 Fonksiyonlu Havuz Test \u00c7ubuklar\u0131<\/h3>\n<h4>Havuz Test \u00c7ubuklar\u0131<\/h4>\n<h5>Serbest klor, pH, alkalinite, brom, su sertli\u011fi ve siyan\u00fcrik asit \u00f6l\u00e7\u00fcm\u00fc \u0130\u00e7in Test \u00c7ubu\u011fu<\/h5>\n<\/div>\n<div><\/div>\n<div>Serbest klor, pH, alkalinite, brom, su sertli\u011fi ve siyan\u00fcrik asit i\u00e7in h\u0131zl\u0131 ve kolay test.<\/div>\n<div>50 \u00e7ubuk i\u00e7erir.<\/div>\n<div><\/div>\n<div>\n<div>Talep \u00fczerine \u00e7e\u015fitli se\u00e7enekler ve versiyonlar mevcuttur.<\/div>\n<div>\nTalep \u00fczerine \u00e7e\u015fitli se\u00e7enekler ve versiyonlar mevcuttur.<\/p>\n<p>Profesyoneller yada Bireyseller i\u00e7in y\u00fcksek kaliteli markalar\u0131, teknolojiye uygun \u00fcr\u00fcnleri <strong>Tuna Havuz<\/strong> olarak<br \/>\nT\u00fcrkiye\u2019nin d\u00f6rt bir yan\u0131na sunmaktay\u0131z. Ev Havuzu, Y\u00fczme Havuzu, Olimpik Havuzlar, Bah\u00e7e Havuzlar\u0131, G\u00f6letler ve<br \/>\nT\u00fcm Havuz \u0130htiya\u00e7lar\u0131n\u0131z\u0131 tam ve eksiksiz sa\u011flayabilmek i\u00e7in bir telefon kadar yak\u0131n\u0131n\u0131zday\u0131z&#8230;<\/p>\n<\/div>\n<\/div>\n","protected":false},"excerpt":{"rendered":"<p>AstralPool Havuz \u00d6l\u00e7\u00fcm Aletleri 6 Fonksiyonlu Havuz Test \u00c7ubuklar\u0131 Havuz Test \u00c7ubuklar\u0131 Serbest klor, pH, alkalinite, brom, su sertli\u011fi ve<\/p>\n","protected":false},"featured_media":9056,"template":"","meta":[],"product_brand":[],"product_cat":[308,599,398],"product_tag":[],"class_list":{"0":"post-9055","1":"product","2":"type-product","3":"status-publish","4":"has-post-thumbnail","6":"product_cat-havuz-kimyasallari","7":"product_cat-manuel-olcum-aletleri","8":"product_cat-olcum-aletleri","10":"first","11":"instock","12":"taxable","13":"shipping-taxable","14":"product-type-simple"},"_links":{"self":[{"href":"https:\/\/tunahavuz.com\/online\/wp-json\/wp\/v2\/product\/9055","targetHints":{"allow":["GET"]}}],"collection":[{"href":"https:\/\/tunahavuz.com\/online\/wp-json\/wp\/v2\/product"}],"about":[{"href":"https:\/\/tunahavuz.com\/online\/wp-json\/wp\/v2\/types\/product"}],"version-history":[{"count":1,"href":"https:\/\/tunahavuz.com\/online\/wp-json\/wp\/v2\/product\/9055\/revisions"}],"predecessor-version":[{"id":29567,"href":"https:\/\/tunahavuz.com\/online\/wp-json\/wp\/v2\/product\/9055\/revisions\/29567"}],"wp:featuredmedia":[{"embeddable":true,"href":"https:\/\/tunahavuz.com\/online\/wp-json\/wp\/v2\/media\/9056"}],"wp:attachment":[{"href":"https:\/\/tunahavuz.com\/online\/wp-json\/wp\/v2\/media?parent=9055"}],"wp:term":[{"taxonomy":"product_brand","embeddable":true,"href":"https:\/\/tunahavuz.com\/online\/wp-json\/wp\/v2\/product_brand?post=9055"},{"taxonomy":"product_cat","embeddable":true,"href":"https:\/\/tunahavuz.com\/online\/wp-json\/wp\/v2\/product_cat?post=9055"},{"taxonomy":"product_tag","embeddable":true,"href":"https:\/\/tunahavuz.com\/online\/wp-json\/wp\/v2\/product_tag?post=9055"}],"curies":[{"name":"wp","href":"https:\/\/api.w.org\/{rel}","templated":true}]}}