{"id":9158,"date":"2022-12-20T02:50:31","date_gmt":"2022-12-19T23:50:31","guid":{"rendered":"https:\/\/tunahavuz.com\/?post_type=product&#038;p=9158"},"modified":"2025-08-07T12:27:36","modified_gmt":"2025-08-07T09:27:36","slug":"zodiac-re-4400-iq-elektrikli-otomatik-havuz-robotu","status":"publish","type":"product","link":"https:\/\/tunahavuz.com\/online\/urun\/zodiac-re-4400-iq-elektrikli-otomatik-havuz-robotu\/","title":{"rendered":"Zodiac RE 4400 iQ Elektrikli Otomatik Havuz Robotu"},"content":{"rendered":"<h1>ZODIAC RE 4400 iQ<\/h1>\n<h2>ELEKTR\u0130KL\u0130 OTOMAT\u0130K HAVUZ ROBOTU<\/h2>\n<div><\/div>\n<div><img decoding=\"async\" src=\"https:\/\/havuzdan.myideasoft.com\/class\/INNOVAEditor\/assets\/RE4600iQ.png\" alt=\"\" border=\"0\" \/><\/div>\n<div><\/div>\n<div><\/div>\n<h3>ZODIAC RE 4400 iQ HAVUZ ROBOTU<\/h3>\n<div><img decoding=\"async\" src=\"https:\/\/havuzdan.myideasoft.com\/class\/INNOVAEditor\/assets\/OKBASLIK\/OK%20MAV%C4%B0.png\" alt=\"\" border=\"0\" \/><\/p>\n<div>\u00a0BECER\u0130KL\u0130 VE \u00c7EV\u0130K<\/div>\n<\/div>\n<div>+Optimum temizleme performans\u0131:\u00a0Patantli siklonik emi\u015f \/ Helezon \u015fekilli f\u0131r\u00e7alar \/ \u00e7ift kademeli filtreleme 150 \/ 60\u03bc<\/div>\n<div>+Ak\u0131ll\u0131 \u00e7eviklik:\u00a0T\u00fcm havuz \u015fekillerinde ve y\u00fczeylerinde \u00e7al\u0131\u015fmak \u00fczere tasarlanm\u0131\u015ft\u0131r \/ Paletli \/ ivme\u00f6l\u00e7er ve jiroskop sens\u00f6rleri<\/div>\n<div>+iAqualink\u2122 uygulamas\u0131yla kontrol:\u00a0\u00a0Geli\u015fmi\u015f \u00f6zellikler<\/div>\n<div>+Kolay Kullan\u0131m:\u00a0\u00dcstten eri\u015fimli filtre \/ \u015eeffaf filtre penceresi<\/div>\n<div><\/div>\n<div>Hangi havuzlar i\u00e7in uygundur?<\/div>\n<div>Havuz \u00f6zellikleri:\u00a0Toprakalt\u0131 ve toprak\u00fcst\u00fc rijit duvarl\u0131 havuzlar, maksimum 12 x 6 m<\/div>\n<div>Havuz \u015fekli:\u00a0Dikd\u00f6rtgen, oval, serbest<\/div>\n<div>Zemin \u015fekli:\u00a0D\u00fcz, yumu\u015fak e\u011fim, muhtelif e\u011fim, dik e\u011fim<\/div>\n<div>Havuz y\u00fczeyi:\u00a0Seramik, Liner, Polyester, PVC, Betonarme<\/div>\n<div>Kablo uzunlu\u011fu:\u00a018 mt.<\/div>\n<div>\n<div><img decoding=\"async\" src=\"https:\/\/havuzdan.myideasoft.com\/class\/INNOVAEditor\/assets\/OKBASLIK\/OK%20MAV%C4%B0.png\" alt=\"\" border=\"0\" \/>A\u00e7\u0131klama:<br \/>\n\u00b7Temizlik alanlar\u0131:Zemin \/ duvarlar \/ su hatt\u0131<br \/>\n\u00b7Temizleme d\u00f6ng\u00fclerinin say\u0131s\u0131\/uzunlu\u011fu: 2 d\u00f6ng\u00fc<br \/>\n&#8211; &#8220;Derin Temizlik\u201d Zemin: 1,5 saat<br \/>\n&#8211; Zemin\/duvarlar\/su hatt\u0131: 2,5 saat<br \/>\n\u00b7G\u00fc\u00e7 kayna\u011f\u0131:\u00a0Otonom, transformat\u00f6rden \u00f6nce 230V \u015febeke beslemesine ba\u011fl\u0131<br \/>\n\u00b7Direksiyon:\u00a0\u00d6nceden programlanm\u0131\u015f<br \/>\n\u00b7Tahrik sistemi:\u00a0Raylar<br \/>\n\u00b7\u015eanz\u0131man:\u00a0Di\u015fli \u015fanz\u0131man<br \/>\n\u00b7Bas\u0131n\u00e7 sens\u00f6r\u00fc:\u00a0Hay\u0131r<br \/>\n\u00b7F\u0131r\u00e7alar:\u00a0Evet \u00f6n ve arka f\u0131r\u00e7alar<br \/>\n\u00b7Asans\u00f6r Sistemi :\u00a0Var<br \/>\n\u00b7\u015eeffaf pencere:\u00a0Evet<br \/>\n\u00b7Tam filtre g\u00f6stergesi:\u00a0Hay\u0131r<br \/>\n\u00b7Uzaktan kumanda:\u00a0Evet, uygulama arac\u0131l\u0131\u011f\u0131yla<br \/>\n\u00b7G\u00fcvenlik:\u00a0G\u00fcverte sistemi, su d\u0131\u015f\u0131 g\u00fcvenlik, te\u015fhis, elektronik motor koruyucu<br \/>\n\u00b7Filtreleme sistemi \/ eri\u015fim:\u00a0Temizleyici \u00fczerinden eri\u015fime sahip Sert Filtre kab\u0131<\/div>\n<\/div>\n<div><\/div>\n<div><\/div>\n<div><img decoding=\"async\" src=\"https:\/\/bahcehavuz.com\/f\/2021\/01\/Voyager-RE-4400-AQ-teknik.jpg\" alt=\"Zodiac Voyager RE 4400 IQ Havuz Robotu\" \/><\/div>\n<div><\/div>\n<div>\n<div>Siklonik performans<br \/>\nPatentli siklonik emi\u015f g\u00fcc\u00fc g\u00fc\u00e7l\u00fc ve uzun \u00f6m\u00fcrl\u00fcd\u00fcr. Helis \u015fekilli f\u0131r\u00e7alar\u0131 ve \u00e7ift a\u015famal\u0131 a\u015famal\u0131 filtrelemesi,<\/div>\n<div>en k\u00fc\u00e7\u00fck olanlar\u0131 bile daha verimli bir \u015fekilde toplar. VOYAGER\u2122 ile havuzunuz t\u00fcm y\u0131l boyunca m\u00fckemmel temiz olacakt\u0131r.<\/div>\n<div>\nEntegre \u00e7eviklik<br \/>\nG\u00f6m\u00fcl\u00fc ak\u0131ll\u0131 sens\u00f6rleri ve benzersiz tasar\u0131m\u0131yla VOYAGER\u2122, m\u00fckemmel havuz kapsama alan\u0131 ve<\/div>\n<div>s\u0131n\u0131rs\u0131z \u00e7eviklik sunar. Bu nedenle t\u00fcm havuz \u015fekilleri ve y\u00fczeyleri i\u00e7in idealdir.<\/div>\n<div>\nKullan\u0131m kolayl\u0131\u011f\u0131<br \/>\niAquaLink\u2122 uygulamas\u0131 sayesinde robotik temizleyicinizin \u00f6zelliklerine ak\u0131ll\u0131 telefonunuz kullan\u0131larak uzaktan eri\u015filebilir.<\/div>\n<div>Temizleme ilerlemesi herhangi bir zamanda izlenebilir. VOYAGER\u2122, otomatik yaz\u0131l\u0131m g\u00fcncellemeleri sayesinde de y\u00fckseltilebilir.<\/div>\n<div>Arkadan ayd\u0131nlatmal\u0131 \u00fcst eri\u015fim filtresi ve \u015feffaf penceresi, ger\u00e7ek g\u00fcnl\u00fck kullan\u0131m kolayl\u0131\u011f\u0131 sa\u011flar.<\/div>\n<div><\/div>\n<div>\n<p><img decoding=\"async\" src=\"https:\/\/havuzdan.myideasoft.com\/class\/INNOVAEditor\/assets\/OKBASLIK\/OK%20MAV%C4%B0.png\" alt=\"\" border=\"0\" \/><\/p>\n<div>Teknik \u00f6zellikler<\/div>\n<p>&nbsp;<\/p>\n<table border=\"0\" width=\"520\" cellspacing=\"0\" cellpadding=\"0\">\n<tbody>\n<tr>\n<td>Motor say\u0131s\u0131<\/td>\n<td>3<\/td>\n<\/tr>\n<tr>\n<td>Kontrol kutusu kayna\u011f\u0131<\/td>\n<td>200-240 VAC ;50 \/ 60Hz<\/td>\n<\/tr>\n<tr>\n<td>G\u00fc\u00e7 kayna\u011f\u0131<\/td>\n<td>30 VDC<\/td>\n<\/tr>\n<tr>\n<td>\u00c7al\u0131\u015fma g\u00fcc\u00fc<\/td>\n<td>150W<\/td>\n<\/tr>\n<tr>\n<td>Kablo uzunlu\u011fu \/ Hortum uzunlu\u011fu<\/td>\n<td>18m<\/td>\n<\/tr>\n<tr>\n<td>Temizleyici boyutu (U x G x y)<\/td>\n<td>43x40x30 cm<\/td>\n<\/tr>\n<tr>\n<td>Ambalaj boyutu (U x G x y)<\/td>\n<td>56x56x37 cm<\/td>\n<\/tr>\n<tr>\n<td>Daha temiz a\u011f\u0131rl\u0131k<\/td>\n<td>8 kg<\/td>\n<\/tr>\n<tr>\n<td>Ambalaj a\u011f\u0131rl\u0131\u011f\u0131<\/td>\n<td>15 kg<\/td>\n<\/tr>\n<tr>\n<td>Filtreleme y\u00fczeyi ve seviyesi<\/td>\n<td>1.066 cm\u00b2,150\/60 \u00b5<\/td>\n<\/tr>\n<tr>\n<td>Filtre<\/td>\n<td>4 L\/iki katman 150\/60 \u03bc<\/td>\n<\/tr>\n<tr>\n<td>Giri\u015f emi\u015f boyutu \/ Temizlenmi\u015f geni\u015flik<\/td>\n<td>23 cm<\/td>\n<\/tr>\n<\/tbody>\n<\/table>\n<\/div>\n<div><\/div>\n<p><img decoding=\"async\" src=\"https:\/\/havuzdan.myideasoft.com\/class\/INNOVAEditor\/assets\/re4600iQpaketedahil.png\" alt=\"\" border=\"0\" \/><\/p>\n<p>&nbsp;<\/p>\n<\/div>\n<div>Profesyoneller yada Bireyseller i\u00e7in y\u00fcksek kaliteli markalar\u0131, teknolojiye uygun \u00fcr\u00fcnleri <strong>Tuna Havuz<\/strong> olarak<br \/>\nT\u00fcrkiye\u2019nin d\u00f6rt bir yan\u0131na sunmaktay\u0131z. Ev Havuzu, Y\u00fczme Havuzu, Olimpik Havuzlar, Bah\u00e7e Havuzlar\u0131, G\u00f6letler ve<br \/>\nT\u00fcm Havuz \u0130htiya\u00e7lar\u0131n\u0131z\u0131 tam ve eksiksiz sa\u011flayabilmek i\u00e7in bir telefon kadar yak\u0131n\u0131n\u0131zday\u0131z&#8230;<\/div>\n","protected":false},"excerpt":{"rendered":"<p>ZODIAC RE 4400 iQ ELEKTR\u0130KL\u0130 OTOMAT\u0130K HAVUZ ROBOTU ZODIAC RE 4400 iQ HAVUZ ROBOTU \u00a0BECER\u0130KL\u0130 VE \u00c7EV\u0130K +Optimum temizleme performans\u0131:\u00a0Patantli<\/p>\n","protected":false},"featured_media":9159,"template":"","meta":[],"product_brand":[],"product_cat":[315,545],"product_tag":[],"class_list":{"0":"post-9158","1":"product","2":"type-product","3":"status-publish","4":"has-post-thumbnail","6":"product_cat-havuz-robotlari","7":"product_cat-zodiac-havuz-robotu","9":"first","10":"instock","11":"taxable","12":"shipping-taxable","13":"product-type-simple"},"_links":{"self":[{"href":"https:\/\/tunahavuz.com\/online\/wp-json\/wp\/v2\/product\/9158","targetHints":{"allow":["GET"]}}],"collection":[{"href":"https:\/\/tunahavuz.com\/online\/wp-json\/wp\/v2\/product"}],"about":[{"href":"https:\/\/tunahavuz.com\/online\/wp-json\/wp\/v2\/types\/product"}],"version-history":[{"count":1,"href":"https:\/\/tunahavuz.com\/online\/wp-json\/wp\/v2\/product\/9158\/revisions"}],"predecessor-version":[{"id":29533,"href":"https:\/\/tunahavuz.com\/online\/wp-json\/wp\/v2\/product\/9158\/revisions\/29533"}],"wp:featuredmedia":[{"embeddable":true,"href":"https:\/\/tunahavuz.com\/online\/wp-json\/wp\/v2\/media\/9159"}],"wp:attachment":[{"href":"https:\/\/tunahavuz.com\/online\/wp-json\/wp\/v2\/media?parent=9158"}],"wp:term":[{"taxonomy":"product_brand","embeddable":true,"href":"https:\/\/tunahavuz.com\/online\/wp-json\/wp\/v2\/product_brand?post=9158"},{"taxonomy":"product_cat","embeddable":true,"href":"https:\/\/tunahavuz.com\/online\/wp-json\/wp\/v2\/product_cat?post=9158"},{"taxonomy":"product_tag","embeddable":true,"href":"https:\/\/tunahavuz.com\/online\/wp-json\/wp\/v2\/product_tag?post=9158"}],"curies":[{"name":"wp","href":"https:\/\/api.w.org\/{rel}","templated":true}]}}