{"id":9161,"date":"2022-12-20T02:52:59","date_gmt":"2022-12-19T23:52:59","guid":{"rendered":"https:\/\/tunahavuz.com\/?post_type=product&#038;p=9161"},"modified":"2025-08-07T12:27:28","modified_gmt":"2025-08-07T09:27:28","slug":"zodiac-cnx-20-otomatik-havuz-robotu","status":"publish","type":"product","link":"https:\/\/tunahavuz.com\/online\/urun\/zodiac-cnx-20-otomatik-havuz-robotu\/","title":{"rendered":"Zodiac CNX 20 Otomatik Havuz Robotu"},"content":{"rendered":"<div>\n<h1>ZODIAC CNX20<\/h1>\n<h2>HAVUZ ROBOTU<\/h2>\n<\/div>\n<p><img decoding=\"async\" src=\"https:\/\/www.havuzdan.com\/class\/INNOVAEditor\/assets\/cnx20zodiac\/CNX20G%C4%B0R%C4%B0%C5%9E.png\" alt=\"\" border=\"0\" \/><\/p>\n<h3>\u00a0ZODIAC CNX20<\/h3>\n<div>\n<div>\u00a0 \u00a0Hangi havuzlar i\u00e7in?<br \/>\nHavuz t\u00fcrleri: Toprakalt\u0131 ve toprak\u00fcst\u00fc rijit duvarl\u0131 havuzlar<br \/>\nHavuz \u015fekilleri: Dikd\u00f6rtgen, oval, serbest \u015fekilli.<br \/>\nHavuz zeminleri: D\u00fcz, hafif e\u011fimli, kompozit e\u011fimli, elmas \u015fekilli.<\/div>\n<div>\u00a0 \u00a0Havuz y\u00fczeyi: Seramik, Liner, Polyester, PVC, Betonarme<br \/>\nHavuz boyutu: 10 x 5 m\u2019ye kadar<\/div>\n<div>\u00a0 \u00a0Kablo uzunlu\u011fu: 15 Mt.<\/div>\n<div>\u00a0 \u00a0Ta\u015f\u0131ma Arabas\u0131: Yok<\/div>\n<\/div>\n<div><\/div>\n<h4>ZODIAC CNX20 HAVUZ ROBOTU \u00d6ZELL\u0130KLER\u0130<\/h4>\n<div>\n<div>\n<div><img decoding=\"async\" src=\"https:\/\/havuzdan.myideasoft.com\/class\/INNOVAEditor\/assets\/OKBASLIK\/OK%20MAV%C4%B0.png\" alt=\"\" border=\"0\" \/><\/div>\n<p>Siklonik performans<\/p><\/div>\n<div>\u00a0 \u00a0Patentli siklonik emi\u015f \u00f6zelli\u011fi g\u00fc\u00e7l\u00fc ve uzun s\u00fcrelidir.<br \/>\nSarmal f\u0131r\u00e7alar\u0131, geni\u015f emi\u015f a\u011fz\u0131 ve 4L\u2019lik filtresi ile<\/div>\n<div>\u00a0 \u00a0en b\u00fcy\u00fck at\u0131klar\u0131 dahi etkili \u015fekilde temizler.<\/div>\n<div>\u00a0 \u00a0CNX\u2122 ile havuzunuz t\u00fcm y\u0131l boyunca temiz kal\u0131r.<\/div>\n<div><\/div>\n<div>\n<div><img decoding=\"async\" src=\"https:\/\/havuzdan.myideasoft.com\/class\/INNOVAEditor\/assets\/OKBASLIK\/OK%20MAV%C4%B0.png\" alt=\"\" border=\"0\" \/>Entegre \u00e7eviklik<\/div>\n<div>\u00a0 \u00a0Entegre ak\u0131ll\u0131 sens\u00f6rleri ve \u00f6zel tasar\u0131m\u0131 sayesinde CNX\u2122<\/div>\n<div>\u00a0 \u00a0m\u00fckemmel havuz temizli\u011fi ve s\u0131n\u0131rs\u0131z \u00e7eviklik sunar.<\/div>\n<div>\u00a0 \u00a0Bu nedenle t\u00fcm havuz \u015fekilleri ve t\u00fcm kaplama t\u00fcrleri i\u00e7in idealdir.<\/div>\n<div><\/div>\n<\/div>\n<\/div>\n<div><img decoding=\"async\" src=\"https:\/\/www.havuzdan.com\/class\/INNOVAEditor\/assets\/cnx20zodiac\/CNX20%20MET%C4%B0N%20%C4%B0%C3%87%C4%B0.png\" alt=\"\" border=\"0\" \/><\/div>\n<div><\/div>\n<div>\n<div>\n<div><\/div>\n<div>\n<div>\u00a0BECER\u0130KL\u0130 VE \u00c7EV\u0130K<img decoding=\"async\" src=\"https:\/\/havuzdan.myideasoft.com\/class\/INNOVAEditor\/assets\/OKBASLIK\/OK%20MAV%C4%B0.png\" alt=\"\" border=\"0\" \/><\/div>\n<div>\u00a0 \u00a0\u00a0+ Optimum temizleme performans\u0131:<\/div>\n<div>\u00a0 \u00a0 \u00a0 \u00a0 Patentli siklonik emi\u015f\/ helezon<\/div>\n<div>\u00a0 \u00a0 \u00a0 \u00a0 \u015fekilli f\u0131r\u00e7alar\/ B\u00fcy\u00fck emi\u015f kapasitesi<\/div>\n<div>\n+ Ak\u0131ll\u0131 \u00e7eviklik:<\/div>\n<div>\u00a0 \u00a0 \u00a0 \u00a0T\u00fcm havuz \u015fekillerinde ve y\u00fczeylerinde \u00e7al\u0131\u015fmak<br \/>\n\u00fczere tasarlanm\u0131\u015ft\u0131r \/ Paletli \/ ivme\u00f6l\u00e7er ve jiroskop sens\u00f6rleri<\/div>\n<div>\n+ Kolay Kullan\u0131m:<\/div>\n<div>\u00a0 \u00a0 \u00a0 \u00a0\u00dcstten eri\u015fimli filtre\/ \u015eeffaf filtre penceresi<\/div>\n<div><\/div>\n<\/div>\n<\/div>\n<div>\nA\u00e7\u0131klama :<br \/>\n\u00b7 Temizleme alanlar\u0131: Zemin \/ duvarlar \/ su hatt\u0131<br \/>\n\u00b7 Temizleme d\u00f6ng\u00fcs\u00fcn\u00fcn\u00a0say\u0131s\u0131 \/ uzunlu\u011fu: 2 d\u00f6ng\u00fc (Yal\u0131nzca zemin ve Zemin \/ duvarlar \/ su hatt\u0131) \/ 1s30d ve 2s30d<\/div>\n<div>\u00b7 G\u00fc\u00e7 beslemesi: Otonom, trafodan \u00f6nce 230V \u015febeke beslemesine ba\u011flan\u0131r<br \/>\n\u00b7 Y\u00f6nlendirme: \u00d6nceden programlanm\u0131\u015f<br \/>\n\u00b7 Tahrik sistemi: Palet zinciri<br \/>\n\u00b7 Aktarma: Di\u015fli<br \/>\n\u00b7 Bas\u0131n\u00e7 sens\u00f6r\u00fc: Yok<br \/>\n\u00b7 F\u0131r\u00e7alar: \u00d6n f\u0131r\u00e7a<br \/>\n\u00b7 Lift Sistemi: Hay\u0131r<br \/>\n\u00b7 \u015eeffaf pencere: Var<br \/>\n\u00b7 Filtre dolu g\u00f6stergesi: Hay\u0131r<br \/>\n\u00b7 Uzaktan kumanda: Yok<br \/>\n\u00b7 G\u00fcvenlik: Su d\u0131\u015f\u0131na \u00e7\u0131k\u0131nca motor durur, elektronik motor korumas\u0131<br \/>\n\u00b7 Filtrasyon sistemi\/eri\u015fimi: \u00dcstten kolay eri\u015fimli rijit filtre haznesi<\/div>\n<div>\u00b7 Ta\u015f\u0131ma Arabas\u0131: Yok<\/div>\n<div><\/div>\n<\/div>\n<div>\n<p><img decoding=\"async\" src=\"https:\/\/havuzdan.myideasoft.com\/class\/INNOVAEditor\/assets\/OKBASLIK\/OK%20MAV%C4%B0.png\" alt=\"\" border=\"0\" \/>Zodiac CNX20 Teknik \u00d6zellikleri<\/p>\n<div>Motor say\u0131s\u0131: 3<br \/>\nKabin besleme gerilimi: 200-240 VAC; 50 Hz \/ 60 Hz<br \/>\nRobot besleme gerilimi: 30 VDC<br \/>\n\u00c7ekilen g\u00fc\u00e7: 150 W<br \/>\nKablo uzunlu\u011fu: 15 m<br \/>\nTemizleyici boyutu (U x G x Y): 43 x 40 x 30 cm<br \/>\nPaketin boyutu (U X G X Y): 56 x 56 x 37 cm<br \/>\nTemizleyici a\u011f\u0131rl\u0131\u011f\u0131: 8 kg<br \/>\nPaketli a\u011f\u0131rl\u0131k: 14 kg<br \/>\nFiltreleme y\u00fczeyi ve seviyesi: 1066 cm\u00b2\/100\u03bc<br \/>\nFiltre: 4 L<br \/>\nEmi\u015f ve Temizleme Geni\u015fli\u011fi: 23 cm<\/div>\n<p>&nbsp;<\/p>\n<div><img decoding=\"async\" src=\"https:\/\/havuzdan.myideasoft.com\/class\/INNOVAEditor\/assets\/OKBASLIK\/OK%20MAV%C4%B0.png\" alt=\"\" border=\"0\" \/><\/p>\n<div>Genel<\/div>\n<\/div>\n<div>Pakete dahil olan aksesuarlar:<br \/>\n-G\u00fc\u00e7 kayna\u011f\u0131 kaidesi<br \/>\n-G\u00fc\u00e7 kayna\u011f\u0131<br \/>\n-\u0130nce Partik\u00fcl Filtre Haznesi 100\u03bc<br \/>\nOpsiyonel aksesuarlar (pakete dahil de\u011fildir):<br \/>\n-\u00c7ift kademeli filtreleme i\u00e7in ana filtre haznesi 150\u03bc<br \/>\n-Tek Kademeli 200\u03bc ana filtre haznesi<br \/>\n-\u00c7ift kademeli filtreleme i\u00e7in tamamlay\u0131c\u0131 \u00fcst filtre haznesi 60\u03bc<br \/>\n-Robot muhafaza \u00f6rt\u00fcs\u00fc<\/div>\n<div><\/div>\n<div><\/div>\n<div><img decoding=\"async\" src=\"https:\/\/www.havuzdan.com\/class\/INNOVAEditor\/assets\/cnx20zodiac\/CNX20%20FOTO.png\" alt=\"\" border=\"0\" \/><\/div>\n<div><\/div>\n<\/div>\n<div>\n<div>Talep \u00fczerine \u00e7e\u015fitli se\u00e7enekler ve versiyonlar mevcuttur.<\/div>\n<div>\nProfesyoneller yada Bireyseller i\u00e7in y\u00fcksek kaliteli markalar\u0131, teknolojiye uygun \u00fcr\u00fcnleri <strong>Tuna Havuz<\/strong> olarak<br \/>\nT\u00fcrkiye\u2019nin d\u00f6rt bir yan\u0131na sunmaktay\u0131z. Ev Havuzu, Y\u00fczme Havuzu, Olimpik Havuzlar, Bah\u00e7e Havuzlar\u0131, G\u00f6letler ve<br \/>\nT\u00fcm Havuz \u0130htiya\u00e7lar\u0131n\u0131z\u0131 tam ve eksiksiz sa\u011flayabilmek i\u00e7in bir telefon kadar yak\u0131n\u0131n\u0131zday\u0131z&#8230;<\/div>\n<\/div>\n","protected":false},"excerpt":{"rendered":"<p>ZODIAC CNX20 HAVUZ ROBOTU \u00a0ZODIAC CNX20 \u00a0 \u00a0Hangi havuzlar i\u00e7in? Havuz t\u00fcrleri: Toprakalt\u0131 ve toprak\u00fcst\u00fc rijit duvarl\u0131 havuzlar Havuz \u015fekilleri:<\/p>\n","protected":false},"featured_media":9162,"template":"","meta":[],"product_brand":[],"product_cat":[315,545],"product_tag":[],"class_list":{"0":"post-9161","1":"product","2":"type-product","3":"status-publish","4":"has-post-thumbnail","6":"product_cat-havuz-robotlari","7":"product_cat-zodiac-havuz-robotu","9":"first","10":"instock","11":"taxable","12":"shipping-taxable","13":"product-type-simple"},"_links":{"self":[{"href":"https:\/\/tunahavuz.com\/online\/wp-json\/wp\/v2\/product\/9161","targetHints":{"allow":["GET"]}}],"collection":[{"href":"https:\/\/tunahavuz.com\/online\/wp-json\/wp\/v2\/product"}],"about":[{"href":"https:\/\/tunahavuz.com\/online\/wp-json\/wp\/v2\/types\/product"}],"version-history":[{"count":1,"href":"https:\/\/tunahavuz.com\/online\/wp-json\/wp\/v2\/product\/9161\/revisions"}],"predecessor-version":[{"id":29532,"href":"https:\/\/tunahavuz.com\/online\/wp-json\/wp\/v2\/product\/9161\/revisions\/29532"}],"wp:featuredmedia":[{"embeddable":true,"href":"https:\/\/tunahavuz.com\/online\/wp-json\/wp\/v2\/media\/9162"}],"wp:attachment":[{"href":"https:\/\/tunahavuz.com\/online\/wp-json\/wp\/v2\/media?parent=9161"}],"wp:term":[{"taxonomy":"product_brand","embeddable":true,"href":"https:\/\/tunahavuz.com\/online\/wp-json\/wp\/v2\/product_brand?post=9161"},{"taxonomy":"product_cat","embeddable":true,"href":"https:\/\/tunahavuz.com\/online\/wp-json\/wp\/v2\/product_cat?post=9161"},{"taxonomy":"product_tag","embeddable":true,"href":"https:\/\/tunahavuz.com\/online\/wp-json\/wp\/v2\/product_tag?post=9161"}],"curies":[{"name":"wp","href":"https:\/\/api.w.org\/{rel}","templated":true}]}}