{"id":9164,"date":"2022-12-20T02:55:44","date_gmt":"2022-12-19T23:55:44","guid":{"rendered":"https:\/\/tunahavuz.com\/?post_type=product&#038;p=9164"},"modified":"2025-08-07T12:27:19","modified_gmt":"2025-08-07T09:27:19","slug":"zodiac-trx-7700-iq-otomatik-havuz-robotu","status":"publish","type":"product","link":"https:\/\/tunahavuz.com\/online\/urun\/zodiac-trx-7700-iq-otomatik-havuz-robotu\/","title":{"rendered":"Zodiac Trx 7700 iQ Otomatik Havuz Robotu"},"content":{"rendered":"<h1>ZODIAC TRX 7700 \u0130Q<\/h1>\n<h2>OTOMAT\u0130K HAVUZ ROBOTU<\/h2>\n<div>\n<p><img decoding=\"async\" src=\"https:\/\/www.havuzdan.com\/class\/INNOVAEditor\/assets\/G%C4%B0R%C4%B0%C5%9E7500%20iQ.png\" alt=\"\" border=\"0\" \/><\/p>\n<p>&nbsp;<\/p>\n<h3>ZODIAC TRX 7700 iQ<\/h3>\n<div>25 metreye kadar ticari profesyonel kullan\u0131m i\u00e7in\u00a0tasarlanm\u0131\u015ft\u0131r.<\/div>\n<div>VORTRAX serisi, g\u00fc\u00e7l\u00fc ve uzun s\u00fcreli siklonik emi\u015f sayesinde<\/div>\n<div>havuzdaki t\u00fcm kal\u0131nt\u0131lar\u0131 \u00e7ok verimli bir \u015fekilde emer.<\/div>\n<div>Robot, k\u00fc\u00e7\u00fck ve orta \u00f6l\u00e7ekli halka a\u00e7\u0131k\u00a0y\u00fczme havuzlar\u0131nda yo\u011fun kullan\u0131m i\u00e7in \u00f6zel olarak tasarlanm\u0131\u015ft\u0131r.<\/div>\n<div>\n<div>Havuz \u00d6zellikleri:\u00a0Toprakalt\u0131 ve toprak\u00fcst\u00fc rijit duvarl\u0131 havuzlar, 25 mt uzunlu\u011fa kadar<br \/>\nHavuz \u015eekli:\u00a0Did\u00f6rtgen, oval, serbest<br \/>\nZemin \u015eekli:\u00a0D\u00fcz, yumu\u015fak e\u011fim, Polyester, PVC, Betonarme<br \/>\nKablo Boyu:\u00a025 Mt<\/div>\n<div>60 mikron plastik filtre + 150 mikron paslanmaz filtreli sepet.\u00a0\u00d6nceden programlanm\u0131\u015f d\u00f6ng\u00fclerle 30&#8242; ila 6 saat aras\u0131nda \u00e7oklu temizleme d\u00f6ng\u00fcleri.<\/div>\n<div><\/div>\n<div><img decoding=\"async\" src=\"https:\/\/www.havuzdan.com\/class\/INNOVAEditor\/assets\/OKBASLIK\/OK%20BONCUK%20MAV%C4%B0.png\" alt=\"\" border=\"0\" \/><\/p>\n<h4>ZODIAC TRX 7700 iQ\u00a0 \u00d6ZELL\u0130KLER\u0130<\/h4>\n<\/div>\n<div>\n<div>Havuz t\u00fcrleri:\u00a0Orta ila k\u00fc\u00e7\u00fck (25 m uzunlu\u011fa kadar)<br \/>\nHavuz \u015fekli:\u00a0Dikd\u00f6rtgen, oval, serbest \u015fekil<br \/>\nZemin ve Duvar Tipi:\u00a0Her t\u00fcrl\u00fc<br \/>\nTemizlik alanlar\u0131:\u00a0Su hatt\u0131, zemin ve duvarlar<br \/>\nTemizleme d\u00f6ng\u00fcleri:\u00a00:30 ile 6:00 aras\u0131nda de\u011fi\u015fir<br \/>\nH\u0131zl\u0131: Sadece kat 1s15dk<br \/>\nAk\u0131ll\u0131: Zemin \/ Duvarlar \/ Su Hatt\u0131<br \/>\nUltra: Zemin \/ Duvarlar \/ Su Hatt\u0131 (2s45dk)<br \/>\nKronometre \/ Gecikmeli ba\u015flatma:\u00a07 g\u00fcn \/ 3 saate kadar gecikmeli ba\u015flatma<br \/>\nBesleme:\u00a0Otonom, transformat\u00f6rden \u00f6nce 230V&#8217;a ba\u011flay\u0131n<br \/>\nY\u00f6n:\u00a0\u00d6nceden planlanm\u0131\u015f<br \/>\n\u00c7eki\u015f sistemi:\u00a02 motor (di\u015fliler)<br \/>\nBula\u015fma:\u00a0G\u00fc\u00e7lendirilmi\u015f bile\u015fenlerle paletli \u015fanz\u0131man<br \/>\nBas\u0131n\u00e7 sens\u00f6r\u00fc:\u00a0Evet<br \/>\nF\u0131r\u00e7alamak:\u00a0Evet (\u0130leti\u015fim + F\u0131r\u00e7alar ZZ)<br \/>\nKald\u0131rma sistemi:\u00a0Evet<br \/>\nFiltre g\u00f6stergesi dolu:\u00a0Evet<br \/>\nKontrol:\u00a0Uygulamaya g\u00f6re<br \/>\nTermometre:\u00a0Evet<br \/>\nBas\u0131n\u00e7 derinli\u011fi sens\u00f6r\u00fc:\u00a0Evet<br \/>\nEmniyet:\u00a0G\u00fcverte sistemi, su g\u00fcvenli\u011fi, te\u015fhis, elektronik motor korumas\u0131<br \/>\nFiltre eri\u015fimi:\u00a0Yukardan<\/div>\n<\/div>\n<div><\/div>\n<div>\n<p><img decoding=\"async\" src=\"https:\/\/havuzdan.myideasoft.com\/class\/INNOVAEditor\/assets\/OKBASLIK\/OK%20BONCUK%20MAV%C4%B0.png\" alt=\"\" border=\"0\" \/><\/p>\n<div>FAYDALARI<\/div>\n<div><\/div>\n<div>\n<div>Dayan\u0131kl\u0131, ak\u0131ll\u0131 ve ultra verimli<br \/>\nNav SytemTM sens\u00f6r\u00fc: d\u00f6nmeye gerek kalmadan, s\u0131k\u0131\u015fma \u00f6nleyici pusula sistemi ile ak\u0131ll\u0131 ve ki\u015fiselle\u015ftirilmi\u015f temizlik<br \/>\nAkrilonitril stiren akrilattan (ASA) yap\u0131lm\u0131\u015f, ABS&#8217;den daha g\u00fc\u00e7l\u00fc olmas\u0131n\u0131 sa\u011flayan yeni ve dayan\u0131kl\u0131 malzemeler<br \/>\nYo\u011fun kullan\u0131m i\u00e7in \u00e7eki\u015f sistemi ile donat\u0131lm\u0131\u015ft\u0131r<br \/>\nUltra g\u00fc\u00e7l\u00fc ve uzun \u00f6m\u00fcrl\u00fc emi\u015f<br \/>\nOteller ve spor merkezleri i\u00e7in halka a\u00e7\u0131k y\u00fczme havuzlar\u0131nda profesyonel kullan\u0131m i\u00e7in tasarlanm\u0131\u015ft\u0131r<br \/>\nLift SystemTM teknolojisi (kolay drenaj sa\u011flar)<br \/>\n5 litre kapasiteli filtre, Push&#8217;n&#8217;Go d\u00fc\u011fmesi \u2122 sayesinde kolayca ve d\u00fczenli olarak de\u011fi\u015ftirilebilir.<br \/>\nSensor Nav SystemTM ile donat\u0131lm\u0131\u015f TRX 7700 iQ temizleyici, ultrason ve alt\u0131 sens\u00f6rden kaynaklanan engelleri tan\u0131mlar.<br \/>\nBir bas\u0131n\u00e7 sens\u00f6r\u00fc, havuzun derinli\u011fine ba\u011fl\u0131 olarak t\u0131rmanma duvarlar\u0131n\u0131n y\u00f6netimini ve su hatt\u0131n\u0131n temizlenmesini kolayla\u015ft\u0131r\u0131r.<br \/>\nB\u00fct\u00fcn bunlar, TRX 7700 iQ ile k\u0131sa s\u00fcrede optimum temizlik elde etmeyi m\u00fcmk\u00fcn k\u0131lar.<br \/>\nG\u00fc\u00e7l\u00fc, uzun \u00f6m\u00fcrl\u00fc siklonik emi\u015f sistemi ve \u00e7ift filtrasyonu, havuzu en b\u00fcy\u00fck kal\u0131nt\u0131lardan en ince kal\u0131nt\u0131lara kadar temizler.<br \/>\nZ \u015feklindeki b\u00fcy\u00fck temizleme f\u0131r\u00e7as\u0131, kaplamas\u0131ndan ba\u011f\u0131ms\u0131z olarak herhangi bir havuzun zeminini ve duvarlar\u0131n\u0131 aktif olarak ovalar.<br \/>\nG\u00fc\u00e7l\u00fc tahrik zincirleri robota daha iyi \u00e7eki\u015f sa\u011flar ve hareketlerini daha hassas hale getirir.<br \/>\nDaha hassas hareketler, temizleme cihaz\u0131n\u0131n \u00f6mr\u00fc boyunca optimum verimlilik sa\u011flar.<\/div>\n<\/div>\n<div>\n<p>&nbsp;<\/p>\n<\/div>\n<\/div>\n<div><img decoding=\"async\" src=\"https:\/\/www.havuzdan.com\/class\/INNOVAEditor\/assets\/%C4%B0%C3%87ER%C4%B0KLER%C4%B0.png\" alt=\"\" border=\"0\" \/><\/div>\n<div><\/div>\n<div><\/div>\n<div><img decoding=\"async\" src=\"https:\/\/havuzdan.myideasoft.com\/class\/INNOVAEditor\/assets\/OKBASLIK\/OK%20BONCUK%20MAV%C4%B0.png\" alt=\"\" border=\"0\" \/>TEKN\u0130K \u00d6ZELL\u0130KLER\u0130<\/div>\n<div>\n<div>Motor say\u0131s\u0131:\u00a03<br \/>\nKontrol kutusu g\u00fc\u00e7 kayna\u011f\u0131:\u00a0200-240 vac;50\/60hz<br \/>\nG\u00fc\u00e7 kayna\u011f\u0131:\u00a030 vdc<br \/>\n\u00c7al\u0131\u015fma g\u00fcc\u00fc:\u00a0150 w<br \/>\nKablo uzunlu\u011fu:\u00a030 m<br \/>\nRobot boyutlar\u0131 (u x g x y):\u00a047 x 51 x 29 cm<br \/>\nAmbalaj boyutlar\u0131 (u x g x y):\u00a056 x 56 x 46 cm<br \/>\nRobot a\u011f\u0131rl\u0131\u011f\u0131:\u00a013 kg<br \/>\nAmbalajl\u0131 a\u011f\u0131rl\u0131k:\u00a024 kg<br \/>\nY\u00fczey ve filtrasyon seviyesi:\u00a01180 cm\u00b3<br \/>\nFiltre kapasitesi:\u00a05L<br \/>\nTeorik temizlik geni\u015fli\u011fi:\u00a024,5 cm<\/div>\n<\/div>\n<div>\n<p>Talep \u00fczerine \u00e7e\u015fitli se\u00e7enekler ve versiyonlar mevcuttur.<\/p>\n<p>Profesyoneller yada Bireyseller i\u00e7in y\u00fcksek kaliteli markalar\u0131, teknolojiye uygun \u00fcr\u00fcnleri <strong>Tuna Havuz<\/strong> olarak<br \/>\nT\u00fcrkiye\u2019nin d\u00f6rt bir yan\u0131na sunmaktay\u0131z. Ev Havuzu, Y\u00fczme Havuzu, Olimpik Havuzlar, Bah\u00e7e Havuzlar\u0131, G\u00f6letler ve<br \/>\nT\u00fcm Havuz \u0130htiya\u00e7lar\u0131n\u0131z\u0131 tam ve eksiksiz sa\u011flayabilmek i\u00e7in bir telefon kadar yak\u0131n\u0131n\u0131zday\u0131z&#8230;<\/p>\n<\/div>\n<\/div>\n<\/div>\n","protected":false},"excerpt":{"rendered":"<p>ZODIAC TRX 7700 \u0130Q OTOMAT\u0130K HAVUZ ROBOTU &nbsp; ZODIAC TRX 7700 iQ 25 metreye kadar ticari profesyonel kullan\u0131m i\u00e7in\u00a0tasarlanm\u0131\u015ft\u0131r. VORTRAX<\/p>\n","protected":false},"featured_media":9165,"template":"","meta":[],"product_brand":[],"product_cat":[315,545],"product_tag":[],"class_list":{"0":"post-9164","1":"product","2":"type-product","3":"status-publish","4":"has-post-thumbnail","6":"product_cat-havuz-robotlari","7":"product_cat-zodiac-havuz-robotu","9":"first","10":"instock","11":"taxable","12":"shipping-taxable","13":"product-type-simple"},"_links":{"self":[{"href":"https:\/\/tunahavuz.com\/online\/wp-json\/wp\/v2\/product\/9164","targetHints":{"allow":["GET"]}}],"collection":[{"href":"https:\/\/tunahavuz.com\/online\/wp-json\/wp\/v2\/product"}],"about":[{"href":"https:\/\/tunahavuz.com\/online\/wp-json\/wp\/v2\/types\/product"}],"version-history":[{"count":1,"href":"https:\/\/tunahavuz.com\/online\/wp-json\/wp\/v2\/product\/9164\/revisions"}],"predecessor-version":[{"id":29531,"href":"https:\/\/tunahavuz.com\/online\/wp-json\/wp\/v2\/product\/9164\/revisions\/29531"}],"wp:featuredmedia":[{"embeddable":true,"href":"https:\/\/tunahavuz.com\/online\/wp-json\/wp\/v2\/media\/9165"}],"wp:attachment":[{"href":"https:\/\/tunahavuz.com\/online\/wp-json\/wp\/v2\/media?parent=9164"}],"wp:term":[{"taxonomy":"product_brand","embeddable":true,"href":"https:\/\/tunahavuz.com\/online\/wp-json\/wp\/v2\/product_brand?post=9164"},{"taxonomy":"product_cat","embeddable":true,"href":"https:\/\/tunahavuz.com\/online\/wp-json\/wp\/v2\/product_cat?post=9164"},{"taxonomy":"product_tag","embeddable":true,"href":"https:\/\/tunahavuz.com\/online\/wp-json\/wp\/v2\/product_tag?post=9164"}],"curies":[{"name":"wp","href":"https:\/\/api.w.org\/{rel}","templated":true}]}}