{"id":9167,"date":"2022-12-20T02:58:07","date_gmt":"2022-12-19T23:58:07","guid":{"rendered":"https:\/\/tunahavuz.com\/?post_type=product&#038;p=9167"},"modified":"2025-08-07T12:27:11","modified_gmt":"2025-08-07T09:27:11","slug":"zodiac-rt-2100-t-otomatik-havuz-robotu-tornax-pro","status":"publish","type":"product","link":"https:\/\/tunahavuz.com\/online\/urun\/zodiac-rt-2100-t-otomatik-havuz-robotu-tornax-pro\/","title":{"rendered":"Zodiac RT 2100 T Otomatik Havuz Robotu Tornax Pro"},"content":{"rendered":"<div>\n<h1>ZOD\u0130AC RT 2100 T TORNAX PRO<\/h1>\n<h2>OTOMAT\u0130K HAVUZ ROBOTU<\/h2>\n<\/div>\n<div><img decoding=\"async\" src=\"https:\/\/www.havuzdan.com\/class\/INNOVAEditor\/assets\/ZODIACRT2100T\/giri%C5%9F.png\" alt=\"\" border=\"0\" \/><\/div>\n<div>\n<h4>\u00a0VER\u0130ML\u0130 VE KOLAY KULLANIM<\/h4>\n<div>+\u00a0Verimli zemin temizleme<br \/>\n+\u00a0Kolay kullan\u0131m i\u00e7in hafif<br \/>\n+\u00a0Kolay temizlenebilen filtre<br \/>\n+\u00a0Seramik havuzlar i\u00e7in<\/div>\n<h3>Zodiac RT 2100 T Tornax Pro<\/h3>\n<p>Hangi Havuzlar \u0130\u00e7in Uygundur<br \/>\nHavuz \u00f6zellikleri:\u00a0Toprakalt\u0131 ve toprak \u00fcst\u00fc rijit duvarl\u0131 havuzlar, maksimum 8 x 4 m<br \/>\nHavuz \u015fekli:\u00a0Dikd\u00f6rtgen, oval, serbest<br \/>\nZemin \u015fekli:\u00a0D\u00fcz, yumu\u015fak e\u011fim, muhtelif e\u011fim<br \/>\nHavuz y\u00fczeyi:\u00a0Seramik, Liner, Polyester, PVC, Betonarme&nbsp;<\/p>\n<p>&nbsp;<\/p>\n<div>\n<h4>Zoadiac RT 2100 Tornax Pro Teknik \u00d6zellikleri<\/h4>\n<p>Motor say\u0131s\u0131:\u00a02<br \/>\nG\u00fc\u00e7 kayna\u011f\u0131 beslemesi:\u00a0100-240 VAC ; 50 \/ 60 Hz<br \/>\nG\u00fc\u00e7 kayna\u011f\u0131:\u00a030 VDC<br \/>\n\u00c7al\u0131\u015fma g\u00fcc\u00fc:\u00a0100 W<br \/>\nKablo uzunlu\u011fu\u00a014 m<br \/>\nRobot boyutlar\u0131 (L x W x h)\u00a037 x 29 x 30 cm<br \/>\nPaket boyutlar\u0131 (L x W x h)\u00a056 x 37 x 38 cm<br \/>\nRobot a\u011f\u0131rl\u0131\u011f\u0131\u00a05,5 kg<br \/>\nPaket a\u011f\u0131rl\u0131\u011f\u0131\u00a010 kg<br \/>\nFiltreleme alan\u0131 ve seviyesi\u00a0480 cm\u00b2 \/ 100\u03bc<br \/>\nFiltre kapasitesi\u00a03 L<br \/>\nEmi\u015f a\u011fz\u0131 geni\u015fli\u011fi\u00a017 cm<\/p><\/div>\n<div><\/div>\n<div>Zodiac RT 2100 Tornax Pro A\u00e7\u0131klama<br \/>\nTemizleme alanlar\u0131:\u00a0Zemin<br \/>\nTemizleme \u00e7evrim say\u0131s\u0131 ve s\u00fcresi:\u00a01 \u00e7evrim-Zemin: 2h30<br \/>\nG\u00fc\u00e7 kayna\u011f\u0131:\u00a0Trafo \u00f6ncesi, 230 V \u015febekeye ba\u011fl\u0131, otonom<br \/>\nY\u00f6nlendirme:\u00a0\u00d6n-programl\u0131<br \/>\n\u00c7eki\u015f Sistemi:\u00a0Palet-1 motor<br \/>\nDi\u015fli:\u00a0Di\u015fli<br \/>\nF\u0131r\u00e7alar:\u00a0Evet<br \/>\n\u015eeffaf filtre penceresi\u00a0Hay\u0131r<br \/>\nG\u00fcvenlik\u00a0Havuz \u00e7evresi, su d\u0131\u015f\u0131 \u00e7al\u0131\u015fma g\u00fcvenli\u011fi, tan\u0131, elektronik motor korumas\u0131<br \/>\nFiltre sistemi, eri\u015fim:\u00a0\u00dcstten kolay eri\u015fimli rijit filtre haznesi<br \/>\nAdet \/ Palet:\u00a036<\/div>\n<div><\/div>\n<div><img decoding=\"async\" src=\"https:\/\/www.havuzdan.com\/class\/INNOVAEditor\/assets\/ZODIACRT2100T\/alt%20i%C3%A7erik.png\" alt=\"\" border=\"0\" \/><\/div>\n<div><\/div>\n<div>\n<div>Etkili Zemin Temizli\u011fi<br \/>\nAk\u0131ll\u0131 hareket sistemi bulunan temizleyici zahmetsizce t\u00fcm havuzu temizler.<\/div>\n<div>F\u0131r\u00e7a \u00f6zelli\u011fi, i\u00e7ine \u00e7ekmeden \u00f6nce s\u0131k\u0131\u015fm\u0131\u015f kirleri h\u0131zl\u0131ca \u00e7\u0131kard\u0131\u011f\u0131ndan optimum temizlik sa\u011flar. En y\u00fcksek verimlilik i\u00e7in konsantre Zodiac\u00ae uzmanl\u0131\u011f\u0131.<\/div>\n<div><\/div>\n<div><\/div>\n<div>Hafif Ve Kolayca Ta\u015finabilir<br \/>\nYaln\u0131zca 5,5 kg olan son derece hafif RT 2100 TILE, kendi alan\u0131nda piyasadaki en hafif \u00fcr\u00fcnlerden biridir. B\u00f6ylece basit, h\u0131zl\u0131 ve zahmetsiz \u015fekilde ta\u015f\u0131nabilir.<\/div>\n<div>\nKolay Temizlenebilir Filtre<br \/>\nFiltreye robotun \u00fcst k\u0131sm\u0131ndan kolayl\u0131kla eri\u015filebilir. B\u00f6ylece i\u015fler sizin i\u00e7in kolayla\u015f\u0131r ve kirlere temas etmenize gerek kalmaz.<\/div>\n<\/div>\n<div><\/div>\n<div><img decoding=\"async\" src=\"https:\/\/www.havuzdan.com\/class\/INNOVAEditor\/assets\/ZODIACRT2100T\/paketedahil.jpg\" alt=\"\" border=\"0\" \/><\/div>\n<div><\/div>\n<div><\/div>\n<div>Talep \u00fczerine \u00e7e\u015fitli se\u00e7enekler ve versiyonlar mevcuttur.<\/div>\n<div><\/div>\n<div>Profesyoneller yada Bireyseller i\u00e7in y\u00fcksek kaliteli markalar\u0131, teknolojiye uygun \u00fcr\u00fcnleri <strong>Tuna Havuz<\/strong> olarak<br \/>\nT\u00fcrkiye\u2019nin d\u00f6rt bir yan\u0131na sunmaktay\u0131z. Ev Havuzu, Y\u00fczme Havuzu, Olimpik Havuzlar, Bah\u00e7e Havuzlar\u0131, G\u00f6letler ve<br \/>\nT\u00fcm Havuz \u0130htiya\u00e7lar\u0131n\u0131z\u0131 tam ve eksiksiz sa\u011flayabilmek i\u00e7in bir telefon kadar yak\u0131n\u0131n\u0131zday\u0131z&#8230;<\/div>\n<\/div>\n","protected":false},"excerpt":{"rendered":"<p>ZOD\u0130AC RT 2100 T TORNAX PRO OTOMAT\u0130K HAVUZ ROBOTU \u00a0VER\u0130ML\u0130 VE KOLAY KULLANIM +\u00a0Verimli zemin temizleme +\u00a0Kolay kullan\u0131m i\u00e7in hafif<\/p>\n","protected":false},"featured_media":9168,"template":"","meta":[],"product_brand":[],"product_cat":[315,545],"product_tag":[],"class_list":{"0":"post-9167","1":"product","2":"type-product","3":"status-publish","4":"has-post-thumbnail","6":"product_cat-havuz-robotlari","7":"product_cat-zodiac-havuz-robotu","9":"first","10":"instock","11":"taxable","12":"shipping-taxable","13":"product-type-simple"},"_links":{"self":[{"href":"https:\/\/tunahavuz.com\/online\/wp-json\/wp\/v2\/product\/9167","targetHints":{"allow":["GET"]}}],"collection":[{"href":"https:\/\/tunahavuz.com\/online\/wp-json\/wp\/v2\/product"}],"about":[{"href":"https:\/\/tunahavuz.com\/online\/wp-json\/wp\/v2\/types\/product"}],"version-history":[{"count":1,"href":"https:\/\/tunahavuz.com\/online\/wp-json\/wp\/v2\/product\/9167\/revisions"}],"predecessor-version":[{"id":29530,"href":"https:\/\/tunahavuz.com\/online\/wp-json\/wp\/v2\/product\/9167\/revisions\/29530"}],"wp:featuredmedia":[{"embeddable":true,"href":"https:\/\/tunahavuz.com\/online\/wp-json\/wp\/v2\/media\/9168"}],"wp:attachment":[{"href":"https:\/\/tunahavuz.com\/online\/wp-json\/wp\/v2\/media?parent=9167"}],"wp:term":[{"taxonomy":"product_brand","embeddable":true,"href":"https:\/\/tunahavuz.com\/online\/wp-json\/wp\/v2\/product_brand?post=9167"},{"taxonomy":"product_cat","embeddable":true,"href":"https:\/\/tunahavuz.com\/online\/wp-json\/wp\/v2\/product_cat?post=9167"},{"taxonomy":"product_tag","embeddable":true,"href":"https:\/\/tunahavuz.com\/online\/wp-json\/wp\/v2\/product_tag?post=9167"}],"curies":[{"name":"wp","href":"https:\/\/api.w.org\/{rel}","templated":true}]}}