{"id":9170,"date":"2022-12-20T03:00:35","date_gmt":"2022-12-20T00:00:35","guid":{"rendered":"https:\/\/tunahavuz.com\/?post_type=product&#038;p=9170"},"modified":"2025-08-07T12:27:00","modified_gmt":"2025-08-07T09:27:00","slug":"zodiac-rt-3200-t-tornax-pro-havuz-robotu","status":"publish","type":"product","link":"https:\/\/tunahavuz.com\/online\/urun\/zodiac-rt-3200-t-tornax-pro-havuz-robotu\/","title":{"rendered":"Zodiac RT 3200 T Tornax Pro Havuz Robotu"},"content":{"rendered":"<div>\n<h1>ZODIAC RT 3200 T TORNAX PRO<\/h1>\n<h2>Havuz Robotu<\/h2>\n<\/div>\n<h1><img decoding=\"async\" src=\"https:\/\/havuzdan.myideasoft.com\/class\/INNOVAEditor\/assets\/RT3200TG%C4%B0R%C4%B0%C5%9E.jpg\" alt=\"\" border=\"0\" \/><\/h1>\n<div><\/div>\n<div>\n<p>\u00a0Verimli ve kolay kullan\u0131m<\/p>\n<div>+Verimli zemin ve duvar temizleme<\/div>\n<\/div>\n<div>+ Kolay kullan\u0131m i\u00e7in hafif<\/div>\n<div>+ Kolay temizlenebilen filtre<\/div>\n<div>+Seramik havuzlar i\u00e7in<\/div>\n<div><\/div>\n<div>Havuz \u00f6zellikleri:\u00a0Toprakalt\u0131 ve toprak\u00fcst\u00fc rijit duvarl\u0131 havuzlar, maksimum 9&#215;4 m<\/div>\n<div>Havuz \u015fekli:\u00a0Dikd\u00f6rtgen, oval, serbest<\/div>\n<div>Zemin \u015fekli:\u00a0D\u00fcz, yumu\u015fak e\u011fim, muhtelif e\u011fim<\/div>\n<div>Havuz y\u00fczeyi:\u00a0Seramik, polyester, PVC, betonarme<\/div>\n<div><\/div>\n<div><\/div>\n<div>\n<div>\n<p>Zodiac Tornax RT3200 T Havuz Temizlik Robotu<\/p>\n<div>\n<p>Zodiac Tornax RT3200 T havuz temizlik robotu,36 m2 taban alan\u0131na sahip havuzlar\u0131 temizler. Zemin ve duvar temizli\u011fi yapar.<\/p>\n<div>Zodiac RT3200 T havuz temizlik robotu, liner, seramik, mozaik, epoksi ve polyester havuzlarda rahatl\u0131kla \u00e7al\u0131\u015f\u0131r.<br \/>\nAk\u0131ll\u0131 hareket sistemi sayesinde Zodiac RT 3200T robot, b\u00fct\u00fcn havuzda kendi kendine dola\u015fabilir.<br \/>\nDaha fazla etkinlik i\u00e7in ger\u00e7ek Zodiac\u00ae uzmanl\u0131\u011f\u0131. Zodiac TornaX\u2122 RT 3200 T havuz temizlik robotu,<br \/>\nZodiac robotun \u00fczerindeki kolay eri\u015filen filtreyi temizlemek kolayd\u0131r ve kirlili\u011fe temas etmeniz \u00f6nlenir.<\/div>\n<\/div>\n<\/div>\n<div>F\u0131r\u00e7a fonksiyonuyla emmeden \u00f6nce kirleri h\u0131zla kald\u0131rarak maksimum temizlik sa\u011flar.<\/div>\n<div>yaln\u0131zca 5.5 kg a\u011f\u0131rl\u0131\u011f\u0131yla kategorisindeki en hafif robotlardan biridir. Bu \u00f6zelli\u011fi onu h\u0131zl\u0131 ve ta\u015f\u0131mas\u0131 kolay bir robot yapmaktad\u0131r.<\/div>\n<\/div>\n<div><\/div>\n<div><img decoding=\"async\" src=\"https:\/\/havuzdan.myideasoft.com\/class\/INNOVAEditor\/assets\/RT3200TALT1233.jpg\" alt=\"\" border=\"0\" \/><\/div>\n<div>\n<div><\/div>\n<div>\n<p>A\u00e7\u0131klama:<\/p>\n<div>Temizleme alanlar\u0131:Zemin+Duvar<br \/>\nTemizleme d\u00f6ng\u00fcs\u00fcn\u00fcn say\u0131s\u0131 \/ uzunlu\u011fu:\u00a01 d\u00f6ng\u00fc \u2013 2,5 saat (zemin+duvar)<br \/>\nEnerji kayna\u011f\u0131:Kendinden destekli, 230V kayna\u011fa ba\u011flanm\u0131\u015f trafo, 16.5 mt kablo<br \/>\nHareket:\u00a0\u00d6nceden programlanm\u0131\u015f<br \/>\nTahrik sistemi:\u00a0Palet zinciri<br \/>\nAktarma:\u00a0Di\u015fliler<br \/>\nF\u0131r\u00e7alar:\u00a0Evet<br \/>\nG\u00fcvenlik:\u00a0K\u0131y\u0131 sistemi, su d\u0131\u015f\u0131 g\u00fcvenlik, elektronik motor korumas\u0131<br \/>\nFiltrasyon sistemi \/ eri\u015fimi:\u00a0Robotun \u00fcst\u00fcnden eri\u015filen sabit filtre 3lt hacimli<\/div>\n<div><\/div>\n<\/div>\n<p><img decoding=\"async\" src=\"https:\/\/havuzdan.myideasoft.com\/class\/INNOVAEditor\/assets\/rt2100paketedahil.jpg\" alt=\"\" border=\"0\" \/><\/p>\n<\/div>\n<div><\/div>\n<div><\/div>\n<div>Profesyoneller yada Bireyseller i\u00e7in y\u00fcksek kaliteli markalar\u0131, teknolojiye uygun \u00fcr\u00fcnleri <strong>Tuna Havuz<\/strong> olarak<br \/>\nT\u00fcrkiye\u2019nin d\u00f6rt bir yan\u0131na sunmaktay\u0131z. Ev Havuzu, Y\u00fczme Havuzu, Olimpik Havuzlar, Bah\u00e7e Havuzlar\u0131, G\u00f6letler ve<br \/>\nT\u00fcm Havuz \u0130htiya\u00e7lar\u0131n\u0131z\u0131 tam ve eksiksiz sa\u011flayabilmek i\u00e7in bir telefon kadar yak\u0131n\u0131n\u0131zday\u0131z&#8230;<\/div>\n","protected":false},"excerpt":{"rendered":"<p>ZODIAC RT 3200 T TORNAX PRO Havuz Robotu \u00a0Verimli ve kolay kullan\u0131m +Verimli zemin ve duvar temizleme + Kolay kullan\u0131m<\/p>\n","protected":false},"featured_media":9171,"template":"","meta":[],"product_brand":[],"product_cat":[315,545],"product_tag":[],"class_list":{"0":"post-9170","1":"product","2":"type-product","3":"status-publish","4":"has-post-thumbnail","6":"product_cat-havuz-robotlari","7":"product_cat-zodiac-havuz-robotu","9":"first","10":"instock","11":"taxable","12":"shipping-taxable","13":"product-type-simple"},"_links":{"self":[{"href":"https:\/\/tunahavuz.com\/online\/wp-json\/wp\/v2\/product\/9170","targetHints":{"allow":["GET"]}}],"collection":[{"href":"https:\/\/tunahavuz.com\/online\/wp-json\/wp\/v2\/product"}],"about":[{"href":"https:\/\/tunahavuz.com\/online\/wp-json\/wp\/v2\/types\/product"}],"version-history":[{"count":1,"href":"https:\/\/tunahavuz.com\/online\/wp-json\/wp\/v2\/product\/9170\/revisions"}],"predecessor-version":[{"id":29529,"href":"https:\/\/tunahavuz.com\/online\/wp-json\/wp\/v2\/product\/9170\/revisions\/29529"}],"wp:featuredmedia":[{"embeddable":true,"href":"https:\/\/tunahavuz.com\/online\/wp-json\/wp\/v2\/media\/9171"}],"wp:attachment":[{"href":"https:\/\/tunahavuz.com\/online\/wp-json\/wp\/v2\/media?parent=9170"}],"wp:term":[{"taxonomy":"product_brand","embeddable":true,"href":"https:\/\/tunahavuz.com\/online\/wp-json\/wp\/v2\/product_brand?post=9170"},{"taxonomy":"product_cat","embeddable":true,"href":"https:\/\/tunahavuz.com\/online\/wp-json\/wp\/v2\/product_cat?post=9170"},{"taxonomy":"product_tag","embeddable":true,"href":"https:\/\/tunahavuz.com\/online\/wp-json\/wp\/v2\/product_tag?post=9170"}],"curies":[{"name":"wp","href":"https:\/\/api.w.org\/{rel}","templated":true}]}}