{"id":9174,"date":"2022-12-20T03:04:03","date_gmt":"2022-12-20T00:04:03","guid":{"rendered":"https:\/\/tunahavuz.com\/?post_type=product&#038;p=9174"},"modified":"2025-08-07T12:26:52","modified_gmt":"2025-08-07T09:26:52","slug":"zodiac-ra-6700-iq-elektrikli-otomatik-havuz-robotu","status":"publish","type":"product","link":"https:\/\/tunahavuz.com\/online\/urun\/zodiac-ra-6700-iq-elektrikli-otomatik-havuz-robotu\/","title":{"rendered":"Zodiac RA 6700 iQ Elektrikli Otomatik Havuz Robotu"},"content":{"rendered":"<div>\n<h1>ZODIAC RA 6700 iQ\u00a0 ALPHA iQ PRO<\/h1>\n<h2>ELEKTR\u0130KL\u0130 OTOMAT\u0130K HAVUZ ROBOTU<\/h2>\n<\/div>\n<div>\n<div>\n<div><img decoding=\"async\" src=\"https:\/\/havuzdan.myideasoft.com\/class\/INNOVAEditor\/assets\/ra6300iqgiri%C5%9F.png\" alt=\"\" border=\"0\" \/><\/div>\n<div><\/div>\n<div>AKILLI SSTEM \u0130LE ULTRA VER\u0130ML\u0130L\u0130K<\/div>\n<div>+Sensor Nav Sistemi: Ak\u0131ll\u0131 ve havuzunuza \u00f6zel temizlik sistemi<\/div>\n<div>+Ultra g\u00fc\u00e7l\u00fc ve uzun s\u00fcreli vakum<\/div>\n<div>+Zahmetsizce sudan \u00e7\u0131kartma<\/div>\n<div>+Wi-Fi ba\u011flant\u0131l\u0131: Ak\u0131ll\u0131 telefon \/ tablet uygulamas\u0131, kolay aray\u00fcz ile<\/div>\n<div>her yerden kontrol imkan\u0131<\/div>\n<div><\/div>\n<div>Hangi Havuzlar \u0130\u00e7in Uygundur?<\/div>\n<div>Havuz \u00f6zellikleri:\u00a0\u00a0Toprakalt\u0131 ve toprak\u00fcst\u00fc rijit duvarl\u0131 havuzlar, maksimum 15 x 7 mt.<\/div>\n<div>Havuz \u015fekli:\u00a0Dikd\u00f6rtgen, oval, serbest<\/div>\n<div>Zemin \u015fekli:\u00a0D\u00fcz, yumu\u015fak e\u011fim, muhtelif e\u011fim, dik e\u011fim<\/div>\n<div>Havuz y\u00fczeyi:\u00a0Seramik, Liner, Polyester, PVC, Betonarme<\/div>\n<div>Kablo uzunlu\u011fu:\u00a021 mt. Swivel&#8217;li (f\u0131rd\u00f6nd\u00fc)<\/div>\n<div><\/div>\n<div><\/div>\n<div>\n<div>A\u00e7\u0131klama:<br \/>\n\u00b7\u00a0Temizleme alanlar\u0131:\u00a0Zemin \/ duvarlar \/ su hatt\u0131<br \/>\n\u00b7\u00a0Temizleme d\u00f6ng\u00fcs\u00fcn\u00fcn say\u0131s\u0131 \/ uzunlu\u011fu:\u00a0Zemin, Zemin \/ duvarlar \/ su hatt\u0131 ve yaln\u0131zca su hatt\u0131 i\u00e7in \u00e7oklu programlar<br \/>\n\u00b7\u00a0G\u00fc\u00e7 beslemesi: Otonom, trafodan \u00f6nce 230V \u015febeke beslemesine ba\u011flan\u0131r<br \/>\n\u00b7\u00a0Y\u00f6nlendirme:\u00a0\u00d6nceden programlanm\u0131\u015f<br \/>\n\u00b7\u00a0Tahrik sistemi:\u00a04 tekerlekten tahrik<br \/>\n\u00b7\u00a0Aktarma :Di\u015fli<br \/>\n\u00b7\u00a0Bas\u0131n\u00e7 sens\u00f6r\u00fc:\u00a0Var<br \/>\n\u00b7\u00a0F\u0131r\u00e7alar:\u00a0Evet (Kontak + f\u0131r\u00e7alar)<br \/>\n\u00b7\u00a0Kald\u0131rma sistemi:\u00a0Evet<br \/>\n\u00b7\u00a0\u015eeffaf pencere:\u00a0var<br \/>\n\u00b7\u00a0Filtre dolu g\u00f6stergesi:\u00a0Evet<br \/>\n\u00b7\u00a0Uzaktan kumanda:\u00a0Evet<br \/>\n\u00b7\u00a0Havuz Suyu s\u0131cakl\u0131\u011f\u0131 izleme:\u00a0Var (mobil uygulama ile)<\/div>\n<div>\u00b7\u00a0Su s\u0131cakl\u0131k \u00f6l\u00e7\u00fcm\u00fc:\u00a0Var(uygulama i\u00e7inde okuyucu)<br \/>\n\u00b7\u00a0D\u00f6ner cihaz:\u00a0Art\u0131k kablo kar\u0131\u015f\u0131kl\u0131\u011f\u0131 yok<br \/>\n\u00b7\u00a0G\u00fcvenlik:\u00a0Havuz \u00e7evresi, su d\u0131\u015f\u0131 \u00e7al\u0131\u015fma g\u00fcvenli\u011fi, tan\u0131, elektronik motor korumas\u0131<br \/>\n\u00b7\u00a0Filtrasyon sistemi \/ eri\u015fimi:\u00a0Temizleyici \u00fczerinden eri\u015fimi olan sa\u011flam filtre tepsisi<\/div>\n<div>\n<h2>ZODIAC RA 6700 iQ \u00d6ZELL\u0130KLER\u0130<\/h2>\n<div>Motor say\u0131s\u0131: 3<br \/>\nKabin besleme gerilimi: 200-240 VAC; 50 Hz \/ 60 Hz<br \/>\nRobot besleme gerilimi: 30 VDC<br \/>\n\u00c7ekilen g\u00fc\u00e7: 150 W<br \/>\nKablo uzunlu\u011fu: 21 m Swivel (F\u0131rd\u00f6nd\u00fc)<br \/>\nTemizleyici boyutu (U x G x Y): 43 x 40 x 27 cm<br \/>\nPaketin Boyutu (U X G X Y ): 56 x 56 x 46 cm<br \/>\nTemizleyici a\u011f\u0131rl\u0131\u011f\u0131: 22,3 kg<br \/>\nFiltreleme y\u00fczeyi ve seviyesi: 1180 cm\u00b2\/60\/\u03bc<br \/>\nFiltreleme kapasitesi: 5L<\/div>\n<\/div>\n<\/div>\n<\/div>\n<div><\/div>\n<div><img decoding=\"async\" src=\"https:\/\/havuzdan.myideasoft.com\/class\/INNOVAEditor\/assets\/ra6500%C4%B0Q%C3%9CR%C3%9CN%C4%B0%C3%87ER%C4%B0%C4%9E%C4%B0.png\" alt=\"\" border=\"0\" \/><\/div>\n<\/div>\n<div><\/div>\n<div>\n<div>Ki\u015fiye \u00f6zel temizlik<br \/>\nSensor Nav System\u2122\u201d\u00a0ile donat\u0131lan temizlik robotu\u00a0ALPHA iQ\u2122, hareketlerini ve temizlik s\u00fcresini optimize etmek i\u00e7in<\/div>\n<div>havuzunuzun yap\u0131s\u0131n\u0131 tan\u0131mlar. Bas\u0131n\u00e7 sens\u00f6r\u00fc sayesinde, duvarlara t\u0131rmanmave<\/div>\n<div>havuzun derinli\u011fine g\u00f6re su hatt\u0131n\u0131n temizli\u011fi y\u00f6netiminde daha etkilidir.<\/div>\n<div>\nUltra g\u00fc\u00e7l\u00fc, daimi siklon emi\u015f<br \/>\nHavuz temizlik robotlar\u0131 i\u00e7in Siklon emi\u015f Zodiac\u00ae m\u00fchendisleri taraf\u0131ndan tasarlanm\u0131\u015f ve geli\u015ftirilmi\u015f bir yeniliktir.<\/div>\n<div>Bu teknoloji filtre i\u00e7erisinde \u00e7ok g\u00fc\u00e7l\u00fc bir girdap olu\u015fturarak, kirleri ask\u0131da tutar.<\/div>\n<div>Bu sayede filtrenin t\u0131kanmas\u0131 azalt\u0131l\u0131r ve temizlik performans\u0131 korunur.<\/div>\n<div>\nSudan \u00e7\u0131karmak i\u00e7in daha hafif<br \/>\nPatentli Kald\u0131rma Sistemi<br \/>\nKald\u0131rma Sistemi teknolojisi robotu havuzdan \u00e7\u0131karmay\u0131 kolayla\u015ft\u0131ran bir yeniliktir.<\/div>\n<div>Temizleme robotu sudan \u00e7\u0131kar\u0131l\u0131rken g\u00fc\u00e7l\u00fc bir su p\u00fcsk\u00fcrtme i\u015flemi yap\u0131l\u0131r.<\/div>\n<div>Bu sayede robot hafifler ve sudan \u00e7\u0131kar\u0131lmas\u0131 kolayla\u015f\u0131r.<\/div>\n<div>\nSezgisel kontrol<br \/>\niAquaLink\u2122 uygulamas\u0131n\u0131n sezgisel aray\u00fcz\u00fc arac\u0131l\u0131\u011f\u0131yla uzaktan kontrol edilmesi her an temizlik s\u00fcrecini takip etmenizi sa\u011flar.<\/div>\n<div>ALPHA iQ\u2122, olas\u0131 optimizasyonlar ve i\u015flevlerinin otomatik ve uzaktan g\u00fcncellemeleri sayesinde evrimseldir.<\/div>\n<\/div>\n<div><\/div>\n<div><\/div>\n<div>\n<div><img decoding=\"async\" src=\"https:\/\/havuzdan.myideasoft.com\/class\/INNOVAEditor\/assets\/ra6300iqpaketedahil.png\" alt=\"\" border=\"0\" \/><\/div>\n<div><\/div>\n<div>\n<div>Talep \u00fczerine \u00e7e\u015fitli se\u00e7enekler ve versiyonlar mevcuttur.<\/div>\n<div><\/div>\n<div>Profesyoneller yada Bireyseller i\u00e7in y\u00fcksek kaliteli markalar\u0131, teknolojiye uygun \u00fcr\u00fcnleri <strong>Tuna Havuz<\/strong> olarak<br \/>\nT\u00fcrkiye\u2019nin d\u00f6rt bir yan\u0131na sunmaktay\u0131z. Ev Havuzu, Y\u00fczme Havuzu, Olimpik Havuzlar, Bah\u00e7e Havuzlar\u0131, G\u00f6letler ve<br \/>\nT\u00fcm Havuz \u0130htiya\u00e7lar\u0131n\u0131z\u0131 tam ve eksiksiz sa\u011flayabilmek i\u00e7in bir telefon kadar yak\u0131n\u0131n\u0131zday\u0131z&#8230;<\/div>\n<\/div>\n<\/div>\n","protected":false},"excerpt":{"rendered":"<p>ZODIAC RA 6700 iQ\u00a0 ALPHA iQ PRO ELEKTR\u0130KL\u0130 OTOMAT\u0130K HAVUZ ROBOTU AKILLI SSTEM \u0130LE ULTRA VER\u0130ML\u0130L\u0130K +Sensor Nav Sistemi: Ak\u0131ll\u0131<\/p>\n","protected":false},"featured_media":9175,"template":"","meta":[],"product_brand":[],"product_cat":[315,545],"product_tag":[],"class_list":{"0":"post-9174","1":"product","2":"type-product","3":"status-publish","4":"has-post-thumbnail","6":"product_cat-havuz-robotlari","7":"product_cat-zodiac-havuz-robotu","9":"first","10":"instock","11":"taxable","12":"shipping-taxable","13":"product-type-simple"},"_links":{"self":[{"href":"https:\/\/tunahavuz.com\/online\/wp-json\/wp\/v2\/product\/9174","targetHints":{"allow":["GET"]}}],"collection":[{"href":"https:\/\/tunahavuz.com\/online\/wp-json\/wp\/v2\/product"}],"about":[{"href":"https:\/\/tunahavuz.com\/online\/wp-json\/wp\/v2\/types\/product"}],"version-history":[{"count":1,"href":"https:\/\/tunahavuz.com\/online\/wp-json\/wp\/v2\/product\/9174\/revisions"}],"predecessor-version":[{"id":29528,"href":"https:\/\/tunahavuz.com\/online\/wp-json\/wp\/v2\/product\/9174\/revisions\/29528"}],"wp:featuredmedia":[{"embeddable":true,"href":"https:\/\/tunahavuz.com\/online\/wp-json\/wp\/v2\/media\/9175"}],"wp:attachment":[{"href":"https:\/\/tunahavuz.com\/online\/wp-json\/wp\/v2\/media?parent=9174"}],"wp:term":[{"taxonomy":"product_brand","embeddable":true,"href":"https:\/\/tunahavuz.com\/online\/wp-json\/wp\/v2\/product_brand?post=9174"},{"taxonomy":"product_cat","embeddable":true,"href":"https:\/\/tunahavuz.com\/online\/wp-json\/wp\/v2\/product_cat?post=9174"},{"taxonomy":"product_tag","embeddable":true,"href":"https:\/\/tunahavuz.com\/online\/wp-json\/wp\/v2\/product_tag?post=9174"}],"curies":[{"name":"wp","href":"https:\/\/api.w.org\/{rel}","templated":true}]}}