{"id":9183,"date":"2022-12-20T03:15:22","date_gmt":"2022-12-20T00:15:22","guid":{"rendered":"https:\/\/tunahavuz.com\/?post_type=product&#038;p=9183"},"modified":"2025-08-07T12:26:27","modified_gmt":"2025-08-07T09:26:27","slug":"dolphin-m600-otomatik-havuz-robotu","status":"publish","type":"product","link":"https:\/\/tunahavuz.com\/online\/urun\/dolphin-m600-otomatik-havuz-robotu\/","title":{"rendered":"Dolphin M600 Otomatik Havuz Robotu"},"content":{"rendered":"<h1>DOLPHIN M600<\/h1>\n<h2>OTOMAT\u0130K HAVUZ ROBOTU<\/h2>\n<div><img decoding=\"async\" src=\"https:\/\/www.havuzdan.com\/class\/INNOVAEditor\/assets\/1.png\" alt=\"\" border=\"0\" \/><\/p>\n<h3>DOLPHIN M600 HAVUZ ROBOTU<\/h3>\n<div>Rahat ve otomatik temizlik<br \/>\n15 m uzunlu\u011fa kadar havuzlar i\u00e7in \u00f6nerilir<br \/>\nDip, duvarlar ve su hatt\u0131<br \/>\nGer\u00e7ek zamanl\u0131 ba\u011flant\u0131<br \/>\n\u00c7ift aktif f\u0131r\u00e7alama<br \/>\nTemizleme d\u00f6ng\u00fcs\u00fc se\u00e7imi 1 saat 30\/2 saat \/ 2 saat 30<br \/>\nHer t\u00fcrl\u00fc kaplama ile uyumludur<br \/>\nKablonun b\u00fck\u00fclmesini \u00f6nleyen bir f\u0131rd\u00f6nd\u00fc ile donat\u0131lm\u0131\u015f robot<br \/>\nKolay hareket i\u00e7in caddy ile birlikte verilir<\/div>\n<div><\/div>\n<div><\/div>\n<div>\n<div>Havuz temizli\u011fi ba\u015fka bir seviyede.Yeni tasarlanan M600, maksimum havuz temizleme performans\u0131nda<\/div>\n<div>yeni bir \u00e7a\u011f\u0131 ba\u015flatan \u00e7\u0131\u011f\u0131r a\u00e7an teknolojiler ve \u00f6zelle\u015ftirilebilir \u00f6zelliklerle tasarland\u0131.<\/div>\n<div>MyDolphin Plus uygulamas\u0131yla M600, havuzunuzu her yerden,<\/div>\n<div>her zaman m\u00fckemmel hale getirmenize olanak tan\u0131r.<\/div>\n<div><\/div>\n<div>\n<div>\n<h4>DOLPHIN M600 Havuz Robotu<\/h4>\n<p>DOLPHIN M600 havuz robotu her \u015feyi sizin i\u00e7in otomatik olarak yapar.<br \/>\nDolphin M600, havuz zemini kir ve yosunlardan temizler.<br \/>\nHavuz suyu temiz ve p\u0131r\u0131l p\u0131r\u0131l, her zaman e\u011flenmeye haz\u0131rd\u0131r.<\/p><\/div>\n<div>\nCLEAVER CLEAN SYSTEM \u2013 HASSAS NAV\u0130GASYON<br \/>\nGeli\u015fmi\u015f tarama yaz\u0131l\u0131m\u0131 ve navigasyon sistemi, zeminlerin ve duvarlar\u0131n ve<\/div>\n<div>su hatt\u0131n\u0131n en verimli rota kullan\u0131larak tamamen kaplanmas\u0131n\u0131 sa\u011flar.<br \/>\nYunus otomatik olarak engellerin etraf\u0131ndan dolan\u0131r ve h\u0131zl\u0131 bir \u015fekilde temizleme d\u00fczenine d\u00f6ner.<\/div>\n<div><\/div>\n<\/div>\n<\/div>\n<div>\u00a0<img decoding=\"async\" src=\"https:\/\/www.havuzdan.com\/class\/INNOVAEditor\/assets\/DOLPHINFOTOLARI.png\" alt=\"\" border=\"0\" \/><\/div>\n<div><\/div>\n<h3>\u00dcR\u00dcN \u00d6ZELL\u0130KLER\u0130<\/h3>\n<div>\u0130deal havuz uzunlu\u011fu:\u00a015 m&#8217;ye kadar<\/div>\n<div>Temizlik kapsam\u0131:\u00a0Zemin, duvarlar ve su hatt\u0131<\/div>\n<div>F\u0131r\u00e7alama:\u00a0\u00c7ift aktif y\u0131kay\u0131c\u0131<\/div>\n<div>Temizleme d\u00f6ng\u00fcs\u00fc s\u00fcresi:\u00a01 \/ 1.5 \/ 2 \/ 2.5 saat<\/div>\n<div>Filtreleme:\u00a0Kaba, ince ve ultra ince d\u00f6k\u00fcnt\u00fcler i\u00e7in \u00e7ok katmanl\u0131 filtre sepeti<\/div>\n<div>Robot a\u011f\u0131rl\u0131\u011f\u0131:\u00a011,5 kg<\/div>\n<div>Kablo uzunlu\u011fu:\u00a018 metre dola\u015fmayan kablo<\/div>\n<div>Navigasyon ve manevra kabiliyeti:\u00a0\u00c7ift tahrikli kombine motor<\/div>\n<div>Mobil uygulama:\u00a0Mydolphin\u2122 plus uygulamas\u0131<\/div>\n<div>Caddy:\u00a0Dahil<\/div>\n<div>Garanti:3 Y\u0131l<\/div>\n<div><\/div>\n<div><img decoding=\"async\" src=\"https:\/\/www.havuzdan.com\/class\/INNOVAEditor\/assets\/DOLPHINANA%C3%96ZELL%C4%B0KLER%C4%B0.png\" alt=\"\" border=\"0\" \/><\/div>\n<div><\/div>\n<div><\/div>\n<div>Profesyoneller yada Bireyseller i\u00e7in y\u00fcksek kaliteli markalar\u0131, teknolojiye uygun \u00fcr\u00fcnleri <strong>Tuna Havuz<\/strong> olarak<br \/>\nT\u00fcrkiye\u2019nin d\u00f6rt bir yan\u0131na sunmaktay\u0131z. Ev Havuzu, Y\u00fczme Havuzu, Olimpik Havuzlar, Bah\u00e7e Havuzlar\u0131, G\u00f6letler ve<br \/>\nT\u00fcm Havuz \u0130htiya\u00e7lar\u0131n\u0131z\u0131 tam ve eksiksiz sa\u011flayabilmek i\u00e7in bir telefon kadar yak\u0131n\u0131n\u0131zday\u0131z&#8230;<\/div>\n<\/div>\n","protected":false},"excerpt":{"rendered":"<p>DOLPHIN M600 OTOMAT\u0130K HAVUZ ROBOTU DOLPHIN M600 HAVUZ ROBOTU Rahat ve otomatik temizlik 15 m uzunlu\u011fa kadar havuzlar i\u00e7in \u00f6nerilir<\/p>\n","protected":false},"featured_media":9184,"template":"","meta":[],"product_brand":[],"product_cat":[569,315],"product_tag":[],"class_list":{"0":"post-9183","1":"product","2":"type-product","3":"status-publish","4":"has-post-thumbnail","6":"product_cat-dolphin-havuz-robotu","7":"product_cat-havuz-robotlari","9":"first","10":"instock","11":"taxable","12":"shipping-taxable","13":"product-type-simple"},"_links":{"self":[{"href":"https:\/\/tunahavuz.com\/online\/wp-json\/wp\/v2\/product\/9183","targetHints":{"allow":["GET"]}}],"collection":[{"href":"https:\/\/tunahavuz.com\/online\/wp-json\/wp\/v2\/product"}],"about":[{"href":"https:\/\/tunahavuz.com\/online\/wp-json\/wp\/v2\/types\/product"}],"version-history":[{"count":1,"href":"https:\/\/tunahavuz.com\/online\/wp-json\/wp\/v2\/product\/9183\/revisions"}],"predecessor-version":[{"id":29525,"href":"https:\/\/tunahavuz.com\/online\/wp-json\/wp\/v2\/product\/9183\/revisions\/29525"}],"wp:featuredmedia":[{"embeddable":true,"href":"https:\/\/tunahavuz.com\/online\/wp-json\/wp\/v2\/media\/9184"}],"wp:attachment":[{"href":"https:\/\/tunahavuz.com\/online\/wp-json\/wp\/v2\/media?parent=9183"}],"wp:term":[{"taxonomy":"product_brand","embeddable":true,"href":"https:\/\/tunahavuz.com\/online\/wp-json\/wp\/v2\/product_brand?post=9183"},{"taxonomy":"product_cat","embeddable":true,"href":"https:\/\/tunahavuz.com\/online\/wp-json\/wp\/v2\/product_cat?post=9183"},{"taxonomy":"product_tag","embeddable":true,"href":"https:\/\/tunahavuz.com\/online\/wp-json\/wp\/v2\/product_tag?post=9183"}],"curies":[{"name":"wp","href":"https:\/\/api.w.org\/{rel}","templated":true}]}}