{"id":9186,"date":"2022-12-20T03:20:03","date_gmt":"2022-12-20T00:20:03","guid":{"rendered":"https:\/\/tunahavuz.com\/?post_type=product&#038;p=9186"},"modified":"2025-08-07T12:26:18","modified_gmt":"2025-08-07T09:26:18","slug":"dolphin-wave-300-xl-otomatik-havuz-robotu","status":"publish","type":"product","link":"https:\/\/tunahavuz.com\/online\/urun\/dolphin-wave-300-xl-otomatik-havuz-robotu\/","title":{"rendered":"Dolphin Wave 300 Xl Otomatik Havuz Robotu"},"content":{"rendered":"<h1>DOLPHIN WAVE 300 XL<\/h1>\n<h2>OTOMAT\u0130K HAVUZ ROBOTU<\/h2>\n<p><img decoding=\"async\" src=\"https:\/\/www.havuzdan.com\/class\/INNOVAEditor\/assets\/XL300DOLPH%C4%B0N.png\" alt=\"\" border=\"0\" \/><\/p>\n<div><\/div>\n<div>\n<div>G\u00dc\u00c7L\u00dc NOKTALAR:<br \/>\nOtonom ve zahmetsiz temizlik<br \/>\n40 m uzunlu\u011fundaki havuzlar i\u00e7in \u00f6nerilir<br \/>\nHavuz taban\u0131<\/div>\n<div>Yaln\u0131zca Taban:\u00a0Evet<br \/>\nTemizleme d\u00f6ng\u00fcs\u00fc se\u00e7imi: 1 ila 8 saat<br \/>\nHer t\u00fcrl\u00fc kaplama ile uyumludur<br \/>\nKolay hareket i\u00e7in caddy ile birlikte verilir<\/div>\n<div><\/div>\n<h3>Dolphin Wave 300XL profesyonel havuz temizleyicisi<\/h3>\n<div>25 ila 60 m uzunlu\u011fundaki toplu y\u00fczme havuzlar\u0131yla donat\u0131lm\u0131\u015f olimpik merkezler,<\/div>\n<div>su parklar\u0131 ve di\u011fer alanlar i\u00e7in s\u0131n\u0131f\u0131n\u0131n en iyisi bir ekipmand\u0131r.<\/div>\n<div>Bu tam otomatik robot, havuz temizli\u011finde en iyi performans\u0131 sunar.<br \/>\nProfesyoneller i\u00e7in \u00fcst\u00fcn temizleme performans\u0131<\/div>\n<div><\/div>\n<div><img decoding=\"async\" src=\"https:\/\/www.havuzdan.com\/class\/INNOVAEditor\/assets\/OKBASLIK\/OK%20SARI.png\" alt=\"\" border=\"0\" \/><\/p>\n<h4>DOLPHIN WAVE 300 XL \u00d6zellikleri<\/h4>\n<p>D\u00f6ng\u00fc S\u00fcresi:\u00a01-8 saat<br \/>\nKablo uzunlu\u011fu:\u00a050 m<br \/>\nSu Derinli\u011fi:\u00a00,4 &#8211; 7m<br \/>\nFiltrasyon \u0130nce ve kaba kirler i\u00e7in \u00e7ift seviyeli filtreleme<br \/>\nEmme h\u0131z\u0131:\u00a040m3\/saat<br \/>\nEmme geni\u015fli\u011fi:\u00a0700 mm<br \/>\nH\u0131z:\u00a0Dakikada 15m<br \/>\nF\u0131r\u00e7alar:\u00a0\u00c7ift aktif f\u0131r\u00e7alar ve yo\u011fun temizlik i\u00e7in 4 yan f\u0131r\u00e7a, t\u00fcm havuz arazilerine uygundur<br \/>\nMMI:\u00a0Etkile\u015fimli dijital aray\u00fcz \u2013 se\u00e7ilebilir temizleme modlar\u0131 ve \u00e7evrimi\u00e7i teknik te\u015fhis<br \/>\nUzaktan Kumanda:\u00a0Manuel navigasyon<br \/>\nOtomatik Direkt Nav Sistemi:\u00a0Do\u011fru jiroskop ve pusula sistemi ve tarama modlar\u0131<br \/>\nMotor \u00fcnitesi voltaj\u0131:\u00a040 VDC<br \/>\nG\u00fc\u00e7 Kayna\u011f\u0131 &#8211; Dijital Anahtarlama Modu:\u00a0\u00c7\u0131k\u0131\u015f &lt;40 VDC<br \/>\nCaddy:\u00a0Otomatik Kablo Serbest B\u0131rakmal\u0131 \u00c7ok Ama\u00e7l\u0131 Caddy<br \/>\nBirim a\u011f\u0131rl\u0131\u011f\u0131: 25 kg<br \/>\n\u00dcnite boyutlar\u0131:\u00a0700 x 580 x 300 mm (G x U x Y)<br \/>\nGaranti:\u00a0T\u00fcm par\u00e7alarda tam 2 y\u0131ll\u0131k \u00fcreticiler<\/p>\n<div><\/div>\n<\/div>\n<div>\n<div>\n<div>DOLPHIN WAVE 300 XL T\u0130CAR\u0130 OTOMAT\u0130K HAVUZ TEM\u0130ZLEY\u0130C\u0130<\/div>\n<p>Maytronics Dolphin Wave 300 XL, 25 m ila 60 m aras\u0131ndaki b\u00fcy\u00fck ticari havuzlar\u0131n g\u00fcvenilir sistematik robotik temizli\u011fi i\u00e7in \u00f6d\u00fcn vermeyen bir yan\u0131tt\u0131r.<\/p><\/div>\n<div>G\u00fcnl\u00fck ticari kullan\u0131m\u0131n zorlu taleplerini kar\u015f\u0131lamak i\u00e7in a\u011f\u0131r hizmet tipi tasar\u0131m.<\/div>\n<div>\nTarama<br \/>\nYeni ve geli\u015ftirilmi\u015f bir ak\u0131ll\u0131 navigasyon sistemi, her havuz tipi ve \u015feklinin tam olarak kapsanmas\u0131n\u0131 sa\u011flar.<br \/>\nF\u0131r\u00e7alama<br \/>\nHavuz zemini, e\u011fimler ve k\u00f6\u015felerdeki kiri f\u0131r\u00e7alamak, f\u0131r\u00e7alamak ve temizlemek i\u00e7in \u00f6zel olarak tasarlanm\u0131\u015f d\u00f6ner f\u0131r\u00e7alara sahip aktif f\u0131r\u00e7alama sistemi.<br \/>\nFiltrasyon<br \/>\nY\u00fcksek filtrasyon kapasitesi ve iki benzersiz 50 mikronluk, de\u011fi\u015ftirilmesi kolay tek kullan\u0131ml\u0131k filtre torbas\u0131 ile 40m3\/sa s\u00fcper emi\u015f g\u00fcc\u00fc.<br \/>\nFiltre torbalar\u0131na \u00fcnitenin \u00fcst\u00fcnden kolayca eri\u015filebilir.<br \/>\nKontrol<br \/>\nT\u00fcm kontrol parametrelerine eri\u015fim, \u00e7evrim s\u00fcresini, 4 adede kadar havuz profilini, i\u015flem gecikmesini,<\/div>\n<div>tarama sistemini kontrol etmenizi sa\u011flayan etkile\u015fimli, son teknoloji, kullan\u0131c\u0131 dostu bir kontrol paneli olan dijital MMI<\/div>\n<div>(Man Machine Interface) kullan\u0131larak yap\u0131l\u0131r ( navigasyon, mant\u0131ksal), teknik fonksiyon ve parametrelerin te\u015fhisi.<\/div>\n<div>Manuel manevra i\u00e7in bir uzaktan kumanda dahildir.<br \/>\nKendi kendine giri\u015f ve havuza dald\u0131rma.<br \/>\n38 voltluk d\u00fc\u015f\u00fck voltajla uzun s\u00fcreli g\u00fcvenli \u00e7al\u0131\u015fma i\u00e7in tasarlanm\u0131\u015f G\u00fcvenlik A\u015f\u0131r\u0131 Y\u00fck alg\u0131lama.<\/div>\n<div><\/div>\n<div><img decoding=\"async\" src=\"https:\/\/www.havuzdan.com\/class\/INNOVAEditor\/assets\/XL300ALT%20%C4%B0%C3%87ER%C4%B0K.png\" alt=\"\" border=\"0\" \/><\/div>\n<div><\/div>\n<div><\/div>\n<div>\n<div><img decoding=\"async\" src=\"https:\/\/havuzdan.myideasoft.com\/class\/INNOVAEditor\/assets\/OKBASLIK\/OK%20SARI.png\" alt=\"\" border=\"0\" \/><\/p>\n<div>BAKIM<\/div>\n<p>Y\u0131kama:\u00a0Her havuz temizleme d\u00f6ng\u00fcs\u00fcnden sonra filtreyi (torba veya kartu\u015f) temiz suyla y\u0131kay\u0131n.<br \/>\n\u0130yi filtre bak\u0131m\u0131, robotunuzun emi\u015f verimlili\u011fini ve y\u00fczme havuzunun temizli\u011fini garanti eder.<br \/>\nTorbal\u0131 filtreler i\u00e7in, \u00e7ama\u015f\u0131r makinesinde her iki ayda bir normal bir sentetik y\u0131kama d\u00f6ng\u00fcs\u00fc kullanarak y\u0131kaman\u0131z\u0131 \u00f6neririz.<\/p><\/div>\n<div>\nSaklama:\u00a0Her havuz temizleme d\u00f6ng\u00fcs\u00fcnden sonra, Dolphin&#8217;i sudan \u00e7\u0131kar\u0131n ve<\/div>\n<div>y\u0131pranmay\u0131 \u00f6nlemek i\u00e7in do\u011frudan g\u00fcne\u015f \u0131\u015f\u0131\u011f\u0131ndan, a\u015f\u0131r\u0131 s\u0131caktan veya so\u011fuktan uzakta saklay\u0131n.<br \/>\nDolphin&#8217;i arabas\u0131 veya sehpas\u0131 \u00fczerinde g\u00f6lgeli bir yerde saklay\u0131n veya aksesuarlar\u0131 kullan\u0131lm\u0131yorsa,<br \/>\nDolphin&#8217;i ba\u015f a\u015fa\u011f\u0131 saklay\u0131n. Haftada bir kez, kabloyu g\u00fc\u00e7 kayna\u011f\u0131ndan \u00e7\u0131kar\u0131n,<br \/>\nkar\u0131\u015f\u0131k k\u0131s\u0131mlar\u0131 \u00e7\u00f6z\u00fcn, ard\u0131ndan d\u00fczeltin ve birka\u00e7 saat g\u00fcne\u015fte b\u0131rak\u0131n.<\/div>\n<div><\/div>\n<div><\/div>\n<div>Profesyoneller yada Bireyseller i\u00e7in y\u00fcksek kaliteli markalar\u0131, teknolojiye uygun \u00fcr\u00fcnleri <strong>Tuna Havuz<\/strong> olarak<br \/>\nT\u00fcrkiye\u2019nin d\u00f6rt bir yan\u0131na sunmaktay\u0131z. Ev Havuzu, Y\u00fczme Havuzu, Olimpik Havuzlar, Bah\u00e7e Havuzlar\u0131, G\u00f6letler ve<br \/>\nT\u00fcm Havuz \u0130htiya\u00e7lar\u0131n\u0131z\u0131 tam ve eksiksiz sa\u011flayabilmek i\u00e7in bir telefon kadar yak\u0131n\u0131n\u0131zday\u0131z&#8230;<\/div>\n<\/div>\n<\/div>\n<\/div>\n","protected":false},"excerpt":{"rendered":"<p>DOLPHIN WAVE 300 XL OTOMAT\u0130K HAVUZ ROBOTU G\u00dc\u00c7L\u00dc NOKTALAR: Otonom ve zahmetsiz temizlik 40 m uzunlu\u011fundaki havuzlar i\u00e7in \u00f6nerilir Havuz<\/p>\n","protected":false},"featured_media":9187,"template":"","meta":[],"product_brand":[],"product_cat":[569,315],"product_tag":[],"class_list":{"0":"post-9186","1":"product","2":"type-product","3":"status-publish","4":"has-post-thumbnail","6":"product_cat-dolphin-havuz-robotu","7":"product_cat-havuz-robotlari","9":"first","10":"instock","11":"taxable","12":"shipping-taxable","13":"product-type-simple"},"_links":{"self":[{"href":"https:\/\/tunahavuz.com\/online\/wp-json\/wp\/v2\/product\/9186","targetHints":{"allow":["GET"]}}],"collection":[{"href":"https:\/\/tunahavuz.com\/online\/wp-json\/wp\/v2\/product"}],"about":[{"href":"https:\/\/tunahavuz.com\/online\/wp-json\/wp\/v2\/types\/product"}],"version-history":[{"count":1,"href":"https:\/\/tunahavuz.com\/online\/wp-json\/wp\/v2\/product\/9186\/revisions"}],"predecessor-version":[{"id":29524,"href":"https:\/\/tunahavuz.com\/online\/wp-json\/wp\/v2\/product\/9186\/revisions\/29524"}],"wp:featuredmedia":[{"embeddable":true,"href":"https:\/\/tunahavuz.com\/online\/wp-json\/wp\/v2\/media\/9187"}],"wp:attachment":[{"href":"https:\/\/tunahavuz.com\/online\/wp-json\/wp\/v2\/media?parent=9186"}],"wp:term":[{"taxonomy":"product_brand","embeddable":true,"href":"https:\/\/tunahavuz.com\/online\/wp-json\/wp\/v2\/product_brand?post=9186"},{"taxonomy":"product_cat","embeddable":true,"href":"https:\/\/tunahavuz.com\/online\/wp-json\/wp\/v2\/product_cat?post=9186"},{"taxonomy":"product_tag","embeddable":true,"href":"https:\/\/tunahavuz.com\/online\/wp-json\/wp\/v2\/product_tag?post=9186"}],"curies":[{"name":"wp","href":"https:\/\/api.w.org\/{rel}","templated":true}]}}