{"id":9189,"date":"2022-12-20T03:21:45","date_gmt":"2022-12-20T00:21:45","guid":{"rendered":"https:\/\/tunahavuz.com\/?post_type=product&#038;p=9189"},"modified":"2025-08-07T12:26:08","modified_gmt":"2025-08-07T09:26:08","slug":"dolphin-e10-otomatik-havuz-robotu","status":"publish","type":"product","link":"https:\/\/tunahavuz.com\/online\/urun\/dolphin-e10-otomatik-havuz-robotu\/","title":{"rendered":"Dolphin E10 Otomatik Havuz Robotu"},"content":{"rendered":"<h1>DOLPHIN E10<\/h1>\n<h2>OTOMAT\u0130K HAVUZ ROBOTU<\/h2>\n<div><\/div>\n<div><img decoding=\"async\" src=\"https:\/\/www.havuzdan.com\/class\/INNOVAEditor\/assets\/DOLPHINE10\/DOLPHINE10G%C4%B0R%C4%B0%C5%9E.png\" alt=\"\" border=\"0\" \/><\/p>\n<div>\n<h3>DOLPHINE E10 HAVUZ ROBOTU \u00d6ZELL\u0130KLER\u0130<\/h3>\n<p>Temizlik Kapsam\u0131:\u00a0Sadece Zemin<br \/>\n12 m Kablolu ve 8 m Boya kadar ev havuzlar\u0131 i\u00e7in tavsiye edilir<br \/>\nKendinden programl\u0131<br \/>\nD\u00fc\u015f\u00fck a\u011f\u0131rl\u0131\u011f\u0131 nedeniyle kolay ta\u015f\u0131n\u0131r<br \/>\nMobil Uygulama:\u00a0Yok<br \/>\nTemizleme D\u00f6ng\u00fcs\u00fc:1.5 saat<br \/>\nFiltrasyon \u0130nce Filtre Sepeti<br \/>\nTa\u015f\u0131ma Arabas\u0131:\u00a0Yok<br \/>\n24 ay garanti<br \/>\nDuvar t\u0131rman\u0131\u015f\u0131:\u00a0Yok<br \/>\nUzaktan Kumanda:\u00a0Yok<\/p><\/div>\n<div><\/div>\n<div>\n<div>\n<h3>DOLPHIN E10 Havuz Robotu<\/h3>\n<p>DOLPHIN E 10 havuz robotu her \u015feyi sizin i\u00e7in otomatik olarak yapar.<br \/>\nDolphin E 10 havuz robot, havuz zemini kir ve yosunlardan temizler.<br \/>\nHavuz suyu temiz ve p\u0131r\u0131l p\u0131r\u0131l, her zaman e\u011flenmeye haz\u0131rd\u0131r.<\/p><\/div>\n<div>\nCLEAVER CLEAN SYSTEM \u2013 HASSAS NAV\u0130GASYON<br \/>\nGeli\u015fmi\u015f tarama yaz\u0131l\u0131m\u0131 ve navigasyon sistemi, zeminlerin ve duvarlar\u0131n ve su hatt\u0131n\u0131n en verimli rota kullan\u0131larak tamamen kaplanmas\u0131n\u0131 sa\u011flar.<br \/>\nYunus otomatik olarak engellerin etraf\u0131ndan dolan\u0131r ve h\u0131zl\u0131 bir \u015fekilde temizleme d\u00fczenine d\u00f6ner.<\/div>\n<div><\/div>\n<div><img decoding=\"async\" src=\"https:\/\/www.havuzdan.com\/class\/INNOVAEditor\/assets\/DOLPHINE10\/ALT%C4%B0%C3%87ER%C4%B0K.png\" alt=\"\" border=\"0\" \/><\/div>\n<div><\/div>\n<div>\n<div>\n<div>HIZLI SU TAHL\u0130YES\u0130<\/div>\n<div>Hafif kald\u0131rma i\u00e7in fazla su a\u011f\u0131rl\u0131\u011f\u0131n\u0131 bo\u015falt\u0131r<\/div>\n<\/div>\n<div>\n<div><\/div>\n<div>AKT\u0130F TEM\u0130ZL\u0130K<\/div>\n<div>Yosunlar\u0131 ve bakterileri aktif olarak temizler ve yok eder<\/div>\n<\/div>\n<div>\n<div><\/div>\n<div>HAF\u0130F<\/div>\n<div>Hafif tasar\u0131m, al\u0131c\u0131y\u0131 bir esinti haline getirir<\/div>\n<\/div>\n<div>\n<div><\/div>\n<div>YER \u00dcST\u00dc HAVUZLAR<\/div>\n<div>Yer \u00fcst\u00fc havuzlar i\u00e7in \u00f6zel olarak tasarlanm\u0131\u015ft\u0131r<\/div>\n<\/div>\n<div>\n<div><\/div>\n<div>HIZLI D\u00dcZELTME &#8211; KOLAY ONARIM<\/div>\n<div>H\u0131zl\u0131 d\u00fczeltme, Kolay bak\u0131m ve onar\u0131m\u0131 \u00e7ok basit<\/div>\n<\/div>\n<div><\/div>\n<div><\/div>\n<div>\n<div>Talep \u00fczerine \u00e7e\u015fitli se\u00e7enekler ve versiyonlar mevcuttur.<\/div>\n<div><\/div>\n<div>Profesyoneller yada Bireyseller i\u00e7in y\u00fcksek kaliteli markalar\u0131, teknolojiye uygun \u00fcr\u00fcnleri <strong>Tuna Havuz<\/strong> olarak<br \/>\nT\u00fcrkiye\u2019nin d\u00f6rt bir yan\u0131na sunmaktay\u0131z. Ev Havuzu, Y\u00fczme Havuzu, Olimpik Havuzlar, Bah\u00e7e Havuzlar\u0131, G\u00f6letler ve<br \/>\nT\u00fcm Havuz \u0130htiya\u00e7lar\u0131n\u0131z\u0131 tam ve eksiksiz sa\u011flayabilmek i\u00e7in bir telefon kadar yak\u0131n\u0131n\u0131zday\u0131z&#8230;<\/div>\n<\/div>\n<\/div>\n<\/div>\n<\/div>\n","protected":false},"excerpt":{"rendered":"<p>DOLPHIN E10 OTOMAT\u0130K HAVUZ ROBOTU DOLPHINE E10 HAVUZ ROBOTU \u00d6ZELL\u0130KLER\u0130 Temizlik Kapsam\u0131:\u00a0Sadece Zemin 12 m Kablolu ve 8 m Boya<\/p>\n","protected":false},"featured_media":9190,"template":"","meta":[],"product_brand":[],"product_cat":[569,315],"product_tag":[],"class_list":{"0":"post-9189","1":"product","2":"type-product","3":"status-publish","4":"has-post-thumbnail","6":"product_cat-dolphin-havuz-robotu","7":"product_cat-havuz-robotlari","9":"first","10":"instock","11":"taxable","12":"shipping-taxable","13":"product-type-simple"},"_links":{"self":[{"href":"https:\/\/tunahavuz.com\/online\/wp-json\/wp\/v2\/product\/9189","targetHints":{"allow":["GET"]}}],"collection":[{"href":"https:\/\/tunahavuz.com\/online\/wp-json\/wp\/v2\/product"}],"about":[{"href":"https:\/\/tunahavuz.com\/online\/wp-json\/wp\/v2\/types\/product"}],"version-history":[{"count":1,"href":"https:\/\/tunahavuz.com\/online\/wp-json\/wp\/v2\/product\/9189\/revisions"}],"predecessor-version":[{"id":29523,"href":"https:\/\/tunahavuz.com\/online\/wp-json\/wp\/v2\/product\/9189\/revisions\/29523"}],"wp:featuredmedia":[{"embeddable":true,"href":"https:\/\/tunahavuz.com\/online\/wp-json\/wp\/v2\/media\/9190"}],"wp:attachment":[{"href":"https:\/\/tunahavuz.com\/online\/wp-json\/wp\/v2\/media?parent=9189"}],"wp:term":[{"taxonomy":"product_brand","embeddable":true,"href":"https:\/\/tunahavuz.com\/online\/wp-json\/wp\/v2\/product_brand?post=9189"},{"taxonomy":"product_cat","embeddable":true,"href":"https:\/\/tunahavuz.com\/online\/wp-json\/wp\/v2\/product_cat?post=9189"},{"taxonomy":"product_tag","embeddable":true,"href":"https:\/\/tunahavuz.com\/online\/wp-json\/wp\/v2\/product_tag?post=9189"}],"curies":[{"name":"wp","href":"https:\/\/api.w.org\/{rel}","templated":true}]}}