{"id":9192,"date":"2022-12-20T03:23:38","date_gmt":"2022-12-20T00:23:38","guid":{"rendered":"https:\/\/tunahavuz.com\/?post_type=product&#038;p=9192"},"modified":"2025-08-07T12:25:59","modified_gmt":"2025-08-07T09:25:59","slug":"dolphin-s100-otomatik-havuz-robotu","status":"publish","type":"product","link":"https:\/\/tunahavuz.com\/online\/urun\/dolphin-s100-otomatik-havuz-robotu\/","title":{"rendered":"Dolphin S100 Otomatik Havuz Robotu"},"content":{"rendered":"<h1>DOLPHIN\u00a0 S100<\/h1>\n<h2>OTOMAT\u0130K HAVUZ ROBOTU<\/h2>\n<div><\/div>\n<div><img decoding=\"async\" src=\"https:\/\/www.havuzdan.com\/class\/INNOVAEditor\/assets\/DOLPHINS100\/dolph%C4%B1ns100giri%C5%9F.png\" alt=\"\" border=\"0\" \/><\/div>\n<div><\/div>\n<div><\/div>\n<h3>DOLPHINE S 100 \u00d6ZELL\u0130KLER\u0130<\/h3>\n<div>\n<div>Temizlik Kapsam\u0131:\u00a0Havuz Taban\u0131, Duvarlar ve Su Hatt\u0131<br \/>\n15 m Kablolu ve 8 m Boya kadar ev havuzlar\u0131 i\u00e7in tavsiye edilir<br \/>\nKendinden programl\u0131<br \/>\nD\u00fc\u015f\u00fck a\u011f\u0131rl\u0131\u011f\u0131 nedeniyle kolay ta\u015f\u0131n\u0131r<br \/>\nMobil Uygulama:\u00a0Yok<br \/>\nTemizleme D\u00f6ng\u00fcs\u00fc:2 saat<br \/>\nFiltrasyon \u0130nce Filtre Sepeti<br \/>\nTa\u015f\u0131ma Arabas\u0131:\u00a0Yok<br \/>\n24 ay garantili havuz robotu<br \/>\nDuvar t\u0131rman\u0131\u015f\u0131:\u00a0Var<br \/>\nUzaktan Kumanda:\u00a0Yok<\/div>\n<\/div>\n<div><\/div>\n<div>\n<h4>DOLPHIN S100 Havuz Robotu<\/h4>\n<div><\/div>\n<div>DOLPHIN S100 havuz robotu her \u015feyi sizin i\u00e7in otomatik olarak yapar.<br \/>\nDolphin S100, havuz zemini kir ve yosunlardan temizler.<br \/>\nHavuz suyu temiz ve p\u0131r\u0131l p\u0131r\u0131l, her zaman e\u011flenmeye haz\u0131rd\u0131r.<\/div>\n<div>\nCLEAVER CLEAN SYSTEM \u2013 HASSAS NAV\u0130GASYON HAvuz Robotu<\/div>\n<div>Geli\u015fmi\u015f tarama yaz\u0131l\u0131m\u0131 ve navigasyon sistemi, zeminlerin ve duvarlar\u0131n ve<\/div>\n<div>su hatt\u0131n\u0131n en verimli rota kullan\u0131larak tamamen kaplanmas\u0131n\u0131 sa\u011flar.<br \/>\nYunus otomatik olarak engellerin etraf\u0131ndan dolan\u0131r ve h\u0131zl\u0131 bir \u015fekilde temizleme d\u00fczenine d\u00f6ner.<\/div>\n<div><\/div>\n<div>\n<div><img decoding=\"async\" src=\"https:\/\/www.havuzdan.com\/class\/INNOVAEditor\/assets\/DOLPHINS100\/dolp1.png\" alt=\"\" border=\"0\" \/>\u00a0 \u00a0<img decoding=\"async\" src=\"https:\/\/www.havuzdan.com\/class\/INNOVAEditor\/assets\/DOLPHINS100\/dolp2.png\" alt=\"\" border=\"0\" \/>\u00a0 \u00a0<img decoding=\"async\" src=\"https:\/\/www.havuzdan.com\/class\/INNOVAEditor\/assets\/DOLPHINS100\/dolp3.png\" alt=\"\" border=\"0\" \/>\u00a0 \u00a0<img decoding=\"async\" src=\"https:\/\/www.havuzdan.com\/class\/INNOVAEditor\/assets\/DOLPHINS100\/dolp4.png\" alt=\"\" border=\"0\" \/>\u00a0 \u00a0<img decoding=\"async\" src=\"https:\/\/www.havuzdan.com\/class\/INNOVAEditor\/assets\/DOLPHINS100\/dolp5.png\" alt=\"\" border=\"0\" \/><\/div>\n<div><\/div>\n<div>\n<div>CleverClean\u2122 tarama sistemi ile temizlik<\/div>\n<div>Havuzunuz i\u00e7in maksimum temizlik kapsam\u0131 i\u00e7in CleverClean\u2122 taray\u0131c\u0131<\/div>\n<div><\/div>\n<div>De\u011fi\u015ftirilebilir filtre seti<\/div>\n<div>De\u011fi\u015ftirilebilir ince ve ultra ince filtre seti, kaba veya ince kir ve kal\u0131nt\u0131lar\u0131 giderir<\/div>\n<div><\/div>\n<div>G\u00fc\u00e7l\u00fc temizlik<\/div>\n<div>Yosunlar\u0131 ve bakterileri aktif olarak temizler ve yok eder<\/div>\n<div><\/div>\n<div>Su i\u00e7inde duvar demizli\u011fi<\/div>\n<div>Tam temizlik kapsam\u0131 i\u00e7in duvarlara t\u0131rmanma<\/div>\n<div><\/div>\n<div>Rahat ve Hafif<\/div>\n<div>Hafif tasar\u0131m, al\u0131c\u0131y\u0131 bir esinti haline getirir<\/div>\n<div><\/div>\n<div>\n<div>Kullan\u0131m kolayl\u0131\u011f\u0131<br \/>\nFiltreleme sistemine yukar\u0131dan eri\u015fim \u2013 filtrelerin h\u0131zl\u0131 temizlenmesi.<br \/>\nHafif, kullan\u0131m\u0131 kolay.<br \/>\nTemiz ve h\u0131zl\u0131 su tahliyesi.<\/div>\n<div>\nTemizlik Etkisi<br \/>\nYosun ve bakterileri yok eden aktif f\u0131r\u00e7alama.<br \/>\nVerimli ve kullan\u0131m\u0131 kolay filtreleme sistemi.<br \/>\nB\u00fcy\u00fck d\u00f6k\u00fcnt\u00fcler gibi ince par\u00e7ac\u0131klar\u0131 verimli bir \u015fekilde toplar.<\/div>\n<div>\nKonfor ve Rahatl\u0131\u011f\u0131n\u0131z<br \/>\nKan\u0131tlanm\u0131\u015f g\u00fcvenilirlik \u2013 robotik havuz temizleyicilerinde lider olan Maytronics taraf\u0131ndan \u00fcretilmi\u015ftir.<br \/>\nH\u0131zl\u0131 bak\u0131m ve onar\u0131m.<\/div>\n<div><\/div>\n<\/div>\n<div>Profesyoneller yada Bireyseller i\u00e7in y\u00fcksek kaliteli markalar\u0131, teknolojiye uygun \u00fcr\u00fcnleri <strong>Tuna Havuz<\/strong> olarak<br \/>\nT\u00fcrkiye\u2019nin d\u00f6rt bir yan\u0131na sunmaktay\u0131z. Ev Havuzu, Y\u00fczme Havuzu, Olimpik Havuzlar, Bah\u00e7e Havuzlar\u0131, G\u00f6letler ve<br \/>\nT\u00fcm Havuz \u0130htiya\u00e7lar\u0131n\u0131z\u0131 tam ve eksiksiz sa\u011flayabilmek i\u00e7in bir telefon kadar yak\u0131n\u0131n\u0131zday\u0131z&#8230;<\/div>\n<\/div>\n<\/div>\n<\/div>\n","protected":false},"excerpt":{"rendered":"<p>DOLPHIN\u00a0 S100 OTOMAT\u0130K HAVUZ ROBOTU DOLPHINE S 100 \u00d6ZELL\u0130KLER\u0130 Temizlik Kapsam\u0131:\u00a0Havuz Taban\u0131, Duvarlar ve Su Hatt\u0131 15 m Kablolu ve<\/p>\n","protected":false},"featured_media":9193,"template":"","meta":[],"product_brand":[],"product_cat":[569,315],"product_tag":[],"class_list":{"0":"post-9192","1":"product","2":"type-product","3":"status-publish","4":"has-post-thumbnail","6":"product_cat-dolphin-havuz-robotu","7":"product_cat-havuz-robotlari","9":"first","10":"instock","11":"taxable","12":"shipping-taxable","13":"product-type-simple"},"_links":{"self":[{"href":"https:\/\/tunahavuz.com\/online\/wp-json\/wp\/v2\/product\/9192","targetHints":{"allow":["GET"]}}],"collection":[{"href":"https:\/\/tunahavuz.com\/online\/wp-json\/wp\/v2\/product"}],"about":[{"href":"https:\/\/tunahavuz.com\/online\/wp-json\/wp\/v2\/types\/product"}],"version-history":[{"count":1,"href":"https:\/\/tunahavuz.com\/online\/wp-json\/wp\/v2\/product\/9192\/revisions"}],"predecessor-version":[{"id":29522,"href":"https:\/\/tunahavuz.com\/online\/wp-json\/wp\/v2\/product\/9192\/revisions\/29522"}],"wp:featuredmedia":[{"embeddable":true,"href":"https:\/\/tunahavuz.com\/online\/wp-json\/wp\/v2\/media\/9193"}],"wp:attachment":[{"href":"https:\/\/tunahavuz.com\/online\/wp-json\/wp\/v2\/media?parent=9192"}],"wp:term":[{"taxonomy":"product_brand","embeddable":true,"href":"https:\/\/tunahavuz.com\/online\/wp-json\/wp\/v2\/product_brand?post=9192"},{"taxonomy":"product_cat","embeddable":true,"href":"https:\/\/tunahavuz.com\/online\/wp-json\/wp\/v2\/product_cat?post=9192"},{"taxonomy":"product_tag","embeddable":true,"href":"https:\/\/tunahavuz.com\/online\/wp-json\/wp\/v2\/product_tag?post=9192"}],"curies":[{"name":"wp","href":"https:\/\/api.w.org\/{rel}","templated":true}]}}