{"id":9195,"date":"2022-12-20T03:25:37","date_gmt":"2022-12-20T00:25:37","guid":{"rendered":"https:\/\/tunahavuz.com\/?post_type=product&#038;p=9195"},"modified":"2025-08-07T12:25:50","modified_gmt":"2025-08-07T09:25:50","slug":"dolphin-c4-otomatik-havuz-robotu","status":"publish","type":"product","link":"https:\/\/tunahavuz.com\/online\/urun\/dolphin-c4-otomatik-havuz-robotu\/","title":{"rendered":"Dolphin C4 Otomatik Havuz Robotu"},"content":{"rendered":"<div>\n<h1>DOLPHIN C4<\/h1>\n<h2>HAVUZ ROBOTU<\/h2>\n<\/div>\n<div><img decoding=\"async\" src=\"https:\/\/www.havuzdan.com\/class\/INNOVAEditor\/assets\/DOLPHINC4.png\" alt=\"\" border=\"0\" \/><\/div>\n<div>\n<p>&nbsp;<\/p>\n<p>G\u00dc\u00c7L\u00dc NOKTALAR:<\/p>\n<p>Havuz taban\u0131n\u0131, koyu, duvarlar\u0131 ve su hatt\u0131n\u0131 temizler<br \/>\n\u00c7oklu d\u00f6ng\u00fc se\u00e7enekleri \u2013 1,5, 2,5 veya 3,5 saat<br \/>\n2 Y\u0131ll\u0131k Tampondan Tampona garantisi<br \/>\nTam Filtre G\u00f6stergesi \u2013 size filtreyi temizleme zaman\u0131n\u0131n geldi\u011fini s\u00f6yler!<br \/>\nGecikmeli ba\u015flatma \u00f6zelli\u011fi, d\u00f6k\u00fcnt\u00fclerin kolayca \u00e7\u0131kar\u0131lmas\u0131 i\u00e7in yerle\u015fmesine izin verir!<br \/>\nManuel gezinme ve d\u00f6ng\u00fc se\u00e7imi i\u00e7in Pro uzaktan kumanda dahildir<br \/>\n\u0130nan\u0131lmaz derecede verimli<br \/>\nPatentli d\u00f6ner kablo, dola\u015fmay\u0131 \u00f6nlemeye yard\u0131mc\u0131 olur<br \/>\nKir, kal\u0131nt\u0131 ve hatta toz partik\u00fcllerini toplamak i\u00e7in b\u00fcy\u00fck ba\u011f\u0131ms\u0131z filtre kartu\u015fu<br \/>\nKolay ta\u015f\u0131nabilirlik ve saklama i\u00e7in caddy i\u00e7erir<br \/>\nOptimum havuz taramas\u0131 i\u00e7in kendi kendine programlanm\u0131\u015ft\u0131r<\/p><\/div>\n<div><\/div>\n<div>\n<div>Yeni nesil kullan\u0131c\u0131 dostu uzaktan kumanda ve g\u00fc\u00e7 \u00fcnitesi.<br \/>\nKendinden motorlu, d\u00fc\u015f\u00fck mikronlu kartu\u015f ya da a\u011f filtreli.<br \/>\n24 m kablolu, 24 V motorlu, 17 m3\/h debili.<br \/>\n20 m\u2019ye kadar havuzlar i\u00e7in tasarlanm\u0131\u015ft\u0131r.<br \/>\nTemizlik periyodu 1.5, 2.5 ve 3.5 saat olarak ayarlanabilir havuz robotu.<br \/>\nCayroskop ile g\u00fc\u00e7lendirilmi\u015f sapmas\u0131z havuz tarama.<br \/>\nOptimal havuz temizli\u011fi i\u00e7in kendinden programl\u0131 ve mikroproses\u00f6r kontroll\u00fcd\u00fcr.<br \/>\nHavuz duvar\u0131na t\u0131rman\u0131r.<br \/>\nFiltresi t\u0131kand\u0131\u011f\u0131nda sinyal verir.<br \/>\nFiltrelere \u00fcstten kolay ula\u015fma imkan\u0131.<br \/>\nARABASI \u0130LE KOMPLE.\n<\/div>\n<\/div>\n<div>\n<h2>DOLPHIN C4 \u00d6ZELL\u0130KLER\u0130<\/h2>\n<p>-Havuz taban\u0131n\u0131, koyu, duvarlar\u0131 ve su hatt\u0131n\u0131 temizler<br \/>\n-\u00c7oklu d\u00f6ng\u00fc se\u00e7enekleri \u2013 1,5, 2,5 veya 3,5 saat<br \/>\n-2 Y\u0131ll\u0131k Tampondan Tampona garantisi<br \/>\n-Tam Filtre G\u00f6stergesi \u2013 size filtreyi temizleme zaman\u0131n\u0131n geldi\u011fini s\u00f6yler!<br \/>\n-Gecikmeli ba\u015flatma \u00f6zelli\u011fi, d\u00f6k\u00fcnt\u00fclerin kolayca \u00e7\u0131kar\u0131lmas\u0131 i\u00e7in yerle\u015fmesine izin verir!<br \/>\n-Manuel gezinme ve d\u00f6ng\u00fc se\u00e7imi i\u00e7in Pro uzaktan kumanda dahildir<br \/>\n-\u0130nan\u0131lmaz derecede verimli<br \/>\n-Patentli d\u00f6ner kablo, dola\u015fmay\u0131 \u00f6nlemeye yard\u0131mc\u0131 olur<br \/>\n-Kir, kal\u0131nt\u0131 ve hatta toz partik\u00fcllerini toplamak i\u00e7in b\u00fcy\u00fck ba\u011f\u0131ms\u0131z filtre kartu\u015fu<br \/>\n-Kolay ta\u015f\u0131nabilirlik ve saklama i\u00e7in caddy i\u00e7erir<br \/>\n-Optimum havuz taramas\u0131 i\u00e7in kendi kendine programlanm\u0131\u015ft\u0131r<\/p><\/div>\n<div><\/div>\n<div>\nA\u00c7IKLAMA<br \/>\nK\u00fc\u00e7\u00fck veya orta b\u00fcy\u00fckl\u00fckte bir ticari havuzunuz varsa,\u00a0<strong>Dolphin C4 Robotik Havuz Temizleyici\u00a0<\/strong>tam size g\u00f6re!<\/div>\n<div>Bu robotik havuz temizleyici, Maytronics taraf\u0131ndan uzun vadeli ve uygun maliyetli \u00e7al\u0131\u015fma i\u00e7in<\/div>\n<div>sa\u011flam g\u00fcvenilirlikle a\u011f\u0131r hizmet temizlik performans\u0131na sahip olacak \u015fekilde tasarlanm\u0131\u015ft\u0131r.<\/div>\n<div>Hem ince partik\u00fclleri hem de b\u00fcy\u00fck d\u00f6k\u00fcnt\u00fcleri toplamay\u0131 sa\u011flayan 50 mikron filtre kartu\u015fu ile donat\u0131lm\u0131\u015ft\u0131r.<\/div>\n<div>78 fit uzunlu\u011fundaki kablosu sayesinde havuzunuzdaki t\u00fcm alanlara ula\u015facak ve ayr\u0131k f\u0131r\u00e7alar\u0131,<\/div>\n<div>sert k\u00f6\u015feler veya basamaklar dahil her yerde manevra yapmas\u0131na yard\u0131mc\u0131 olacakt\u0131r.<br \/>\nEn kolay kullan\u0131ml\u0131 Dolphin \u00fcr\u00fcnlerinden biri olarak kabul edilen \u00fcr\u00fcn,<\/div>\n<div>C4\u2019\u00fc uzaktan nereye gidece\u011finizi y\u00f6nlendirmenizi sa\u011flayacak \u00fccretsiz bir uzaktan kumanda ile birlikte gelir.<br \/>\nC3 modeli ile kar\u015f\u0131la\u015ft\u0131r\u0131ld\u0131\u011f\u0131nda, daha fazla \u00e7evrim s\u00fcresine ve bir PRO uzaktan kumandaya sahiptir.<\/div>\n<p>&nbsp;<\/p>\n<p><img decoding=\"async\" src=\"https:\/\/www.havuzdan.com\/class\/INNOVAEditor\/assets\/XL300ALT%20%C4%B0%C3%87ER%C4%B0K.png\" alt=\"\" border=\"0\" \/><\/p>\n<p>&nbsp;<\/p>\n<p>&nbsp;<\/p>\n<p>&nbsp;<\/p>\n<p>&nbsp;<\/p>\n<p>&nbsp;<\/p>\n<p>&nbsp;<\/p>\n<div><\/div>\n<div><strong>Temizlik program ve paremetreler i\u00e7in geni\u015f se\u00e7enekler:<br \/>\n<\/strong>\u00c7evrim s\u00fcresi, havuz uzunlu\u011fu t\u0131rmanma frekans\u0131, d\u00fczenli veya ultra temizleme, su hatt\u0131, havuz turu tan\u0131m\u0131.<br \/>\nCayroskop ile g\u00fc\u00e7lendirilmi\u015f sapmas\u0131z havuz tarama<br \/>\nFiltresi t\u0131kand\u0131\u011f\u0131nda g\u00fc\u00e7 \u00fcnitesi \u00fczerinde temizlik sinyali verir.<br \/>\nMikropreses\u00f6r kontroll\u00fcd\u00fcr.<br \/>\nHavuz robotu havuz duvar\u0131na t\u0131rman\u0131r.<br \/>\nHavuz robotu 2 y\u0131l garantilidir.<br \/>\nHavuz robot arabas\u0131 ile komple<\/p>\n<div><\/div>\n<div>\n<div>Profesyoneller yada Bireyseller i\u00e7in y\u00fcksek kaliteli markalar\u0131, teknolojiye uygun \u00fcr\u00fcnleri <strong>Tuna Havuz<\/strong> olarak<br \/>\nT\u00fcrkiye\u2019nin d\u00f6rt bir yan\u0131na sunmaktay\u0131z. Ev Havuzu, Y\u00fczme Havuzu, Olimpik Havuzlar, Bah\u00e7e Havuzlar\u0131, G\u00f6letler ve<br \/>\nT\u00fcm Havuz \u0130htiya\u00e7lar\u0131n\u0131z\u0131 tam ve eksiksiz sa\u011flayabilmek i\u00e7in bir telefon kadar yak\u0131n\u0131n\u0131zday\u0131z&#8230;<\/div>\n<\/div>\n<\/div>\n","protected":false},"excerpt":{"rendered":"<p>DOLPHIN C4 HAVUZ ROBOTU &nbsp; G\u00dc\u00c7L\u00dc NOKTALAR: Havuz taban\u0131n\u0131, koyu, duvarlar\u0131 ve su hatt\u0131n\u0131 temizler \u00c7oklu d\u00f6ng\u00fc se\u00e7enekleri \u2013 1,5,<\/p>\n","protected":false},"featured_media":9196,"template":"","meta":[],"product_brand":[],"product_cat":[569,315],"product_tag":[],"class_list":{"0":"post-9195","1":"product","2":"type-product","3":"status-publish","4":"has-post-thumbnail","6":"product_cat-dolphin-havuz-robotu","7":"product_cat-havuz-robotlari","9":"first","10":"instock","11":"taxable","12":"shipping-taxable","13":"product-type-simple"},"_links":{"self":[{"href":"https:\/\/tunahavuz.com\/online\/wp-json\/wp\/v2\/product\/9195","targetHints":{"allow":["GET"]}}],"collection":[{"href":"https:\/\/tunahavuz.com\/online\/wp-json\/wp\/v2\/product"}],"about":[{"href":"https:\/\/tunahavuz.com\/online\/wp-json\/wp\/v2\/types\/product"}],"version-history":[{"count":1,"href":"https:\/\/tunahavuz.com\/online\/wp-json\/wp\/v2\/product\/9195\/revisions"}],"predecessor-version":[{"id":29521,"href":"https:\/\/tunahavuz.com\/online\/wp-json\/wp\/v2\/product\/9195\/revisions\/29521"}],"wp:featuredmedia":[{"embeddable":true,"href":"https:\/\/tunahavuz.com\/online\/wp-json\/wp\/v2\/media\/9196"}],"wp:attachment":[{"href":"https:\/\/tunahavuz.com\/online\/wp-json\/wp\/v2\/media?parent=9195"}],"wp:term":[{"taxonomy":"product_brand","embeddable":true,"href":"https:\/\/tunahavuz.com\/online\/wp-json\/wp\/v2\/product_brand?post=9195"},{"taxonomy":"product_cat","embeddable":true,"href":"https:\/\/tunahavuz.com\/online\/wp-json\/wp\/v2\/product_cat?post=9195"},{"taxonomy":"product_tag","embeddable":true,"href":"https:\/\/tunahavuz.com\/online\/wp-json\/wp\/v2\/product_tag?post=9195"}],"curies":[{"name":"wp","href":"https:\/\/api.w.org\/{rel}","templated":true}]}}