{"id":9198,"date":"2022-12-20T03:29:37","date_gmt":"2022-12-20T00:29:37","guid":{"rendered":"https:\/\/tunahavuz.com\/?post_type=product&#038;p=9198"},"modified":"2025-08-07T12:25:42","modified_gmt":"2025-08-07T09:25:42","slug":"dolphin-wave-80-otomatik-havuz-robotu","status":"publish","type":"product","link":"https:\/\/tunahavuz.com\/online\/urun\/dolphin-wave-80-otomatik-havuz-robotu\/","title":{"rendered":"Dolphin Wave 80 Otomatik Havuz Robotu"},"content":{"rendered":"<p align=\"center\">DOLPH\u0130N WAVE 80 HAVUZ TEM\u0130ZLEME ROBOTU<\/p>\n<p align=\"center\">\n<p align=\"center\">Yar\u0131 olimpik tasarlanm\u0131\u015f aktif f\u0131r\u00e7al\u0131 robot<\/p>\n<p align=\"center\">Uzunlu\u011fu 15 ile 20 m aras\u0131nda olan profesyonel havuzlar i\u00e7in wave 80 havuz robotu<\/p>\n<p align=\"center\">Dolphin Wave 80, havuzunu&#8217;zu temiz ve sa\u011fl\u0131kl\u0131 b\u0131rakarak komple bir temizlik sunar.<\/p>\n<p align=\"center\">Wave 80 havuz temizleme robotu wave 50 den farkl\u0131 olara aktif f\u0131r\u00e7alama ve ovalama palet sistemi sayesinde ultra bir temizlik sergiliyor<\/p>\n<p align=\"center\">Bu yeni teknoloji harikas\u0131 olan wave 80 otomatik havuz temizlik s\u00fcp\u00fcrgesi<\/p>\n<p align=\"center\">Wave 80 alg\u0131lama, \u00e7e\u015fitli e\u011fimlere ve olas\u0131 engele adapte olmas\u0131n\u0131 sa\u011flar<\/p>\n<p align=\"center\">Cleaver Clean \u2122 kapsama alan\u0131 geli\u015fmi\u015f bir navigasyon sistemleri ve tarama yaz\u0131l\u0131m\u0131 ile g\u00fc\u00e7lendirilmi\u015ftir.<\/p>\n<p align=\"center\">Bu, havuzunuz&#8217;un (duvarlar, zeminler ve su hatt\u0131) her santimetrenin en etkili yolu kullanarak temizlenmesini sa\u011flar.<\/p>\n<p align=\"center\">\u00c7ok ak\u0131ll\u0131, sistem otomatik olarak engellerin etraf\u0131nda gezinir ve h\u0131zl\u0131 bir \u015fekilde rotas\u0131na d\u00f6ner<\/p>\n<p align=\"center\">Havuzu f\u0131r\u00e7alar, s\u00fcp\u00fcr\u00fcr ve havuz, zemin , duvarlar ve su hatlar\u0131n\u0131 filtreler.<\/p>\n<p align=\"center\">Geli\u015fmi\u015f yaz\u0131l\u0131m, etkin temizli\u011fi sa\u011flar ve havuz kapsam\u0131n\u0131 en \u00fcst d\u00fczeye \u00e7\u0131kar\u0131r.<\/p>\n<p align=\"center\">B\u00fcy\u00fck entegre filtre torbalar\u0131 kir ve pislik toplar.<\/p>\n<p align=\"center\">Havuz i\u00e7erisinde kimyasallar\u0131 da\u011f\u0131t\u0131r klor ve di\u011fer kimyasallar\u0131n kullan\u0131m\u0131n\u0131 azalt\u0131r.<\/p>\n<p align=\"center\">Patentli kablo d\u00f6nd\u00fcrme kablosu kar\u0131\u015f\u0131kl\u0131\u011f\u0131 \u00f6nler.<\/p>\n<p align=\"center\">D\u00fc\u015f\u00fck voltaj &#8211; d\u00fc\u015f\u00fck enerji t\u00fcketimi.<\/p>\n<p align=\"center\">\u00c7evrim s\u00fcresinin sonunda otomatik kapanma.<\/p>\n<p align=\"center\">Yama\u00e7 ve engelleri tan\u0131r.<\/p>\n<p align=\"center\">A\u015f\u0131r\u0131 y\u00fcklenme ve suyun \u00e7\u0131kmas\u0131 durumunda motor koruma mekanizmas\u0131.<\/p>\n<p align=\"center\">Plaj giri\u015f havuzlar\u0131 i\u00e7in uygundur.<\/p>\n<p align=\"center\">Ta\u015f\u0131ma arabas\u0131 ile birlikte.<\/p>\n<p align=\"center\">\n<p align=\"center\">Dolphin havuz robotu wave 80 teknik \u00f6zellikleri<\/p>\n<p align=\"center\">\n<p align=\"center\">\u00c7evrim S\u00fcresi: 1,5-2,5-3,5 saat<\/p>\n<p align=\"center\">Kablo: 24 mt<\/p>\n<p align=\"center\">Vakum: 17 m3\/s<\/p>\n<p align=\"center\">Motor \u00dcnitesi Voltaj\u0131: 24 VDC<\/p>\n<p align=\"center\">A\u011f\u0131rl\u0131k 12 kg<\/p>\n<p align=\"center\">G\u00fc\u00e7 \u00dcnitesi: Digital a\u00e7\/kapa g\u00f6stergesi 100-250V IP54 \u00c7\u0131k\u0131\u015f 30VDC den d\u00fc\u015f\u00fck<\/p>\n<p align=\"center\">Temizlik tipiAlt, duvarlar ve su hatt\u0131<\/p>\n<p align=\"center\">Filtre50 &amp; 70 mikron filtre<\/p>\n<p align=\"center\">wave 50 f\u0131r\u00e7a S\u0131rl\u0131 fayanslar ve paslanmaz \u00e7elik y\u00fczeyler hari\u00e7 her t\u00fcrl\u00fc havuz i\u00e7in uygun sistemdir.<\/p>\n<p align=\"center\">Garanti: 24 ay veya 3000 saat<\/p>\n<p align=\"center\">Profesyoneller yada Bireyseller i\u00e7in y\u00fcksek kaliteli markalar\u0131, teknolojiye uygun \u00fcr\u00fcnleri <strong>Tuna Havuz<\/strong> olarak<br \/>\nT\u00fcrkiye\u2019nin d\u00f6rt bir yan\u0131na sunmaktay\u0131z. Ev Havuzu, Y\u00fczme Havuzu, Olimpik Havuzlar, Bah\u00e7e Havuzlar\u0131, G\u00f6letler ve<br \/>\nT\u00fcm Havuz \u0130htiya\u00e7lar\u0131n\u0131z\u0131 tam ve eksiksiz sa\u011flayabilmek i\u00e7in bir telefon kadar yak\u0131n\u0131n\u0131zday\u0131z&#8230;<\/p>\n","protected":false},"excerpt":{"rendered":"<p>DOLPH\u0130N WAVE 80 HAVUZ TEM\u0130ZLEME ROBOTU Yar\u0131 olimpik tasarlanm\u0131\u015f aktif f\u0131r\u00e7al\u0131 robot Uzunlu\u011fu 15 ile 20 m aras\u0131nda olan profesyonel<\/p>\n","protected":false},"featured_media":9199,"template":"","meta":[],"product_brand":[],"product_cat":[569,315],"product_tag":[],"class_list":{"0":"post-9198","1":"product","2":"type-product","3":"status-publish","4":"has-post-thumbnail","6":"product_cat-dolphin-havuz-robotu","7":"product_cat-havuz-robotlari","9":"first","10":"instock","11":"taxable","12":"shipping-taxable","13":"product-type-simple"},"_links":{"self":[{"href":"https:\/\/tunahavuz.com\/online\/wp-json\/wp\/v2\/product\/9198","targetHints":{"allow":["GET"]}}],"collection":[{"href":"https:\/\/tunahavuz.com\/online\/wp-json\/wp\/v2\/product"}],"about":[{"href":"https:\/\/tunahavuz.com\/online\/wp-json\/wp\/v2\/types\/product"}],"version-history":[{"count":1,"href":"https:\/\/tunahavuz.com\/online\/wp-json\/wp\/v2\/product\/9198\/revisions"}],"predecessor-version":[{"id":29520,"href":"https:\/\/tunahavuz.com\/online\/wp-json\/wp\/v2\/product\/9198\/revisions\/29520"}],"wp:featuredmedia":[{"embeddable":true,"href":"https:\/\/tunahavuz.com\/online\/wp-json\/wp\/v2\/media\/9199"}],"wp:attachment":[{"href":"https:\/\/tunahavuz.com\/online\/wp-json\/wp\/v2\/media?parent=9198"}],"wp:term":[{"taxonomy":"product_brand","embeddable":true,"href":"https:\/\/tunahavuz.com\/online\/wp-json\/wp\/v2\/product_brand?post=9198"},{"taxonomy":"product_cat","embeddable":true,"href":"https:\/\/tunahavuz.com\/online\/wp-json\/wp\/v2\/product_cat?post=9198"},{"taxonomy":"product_tag","embeddable":true,"href":"https:\/\/tunahavuz.com\/online\/wp-json\/wp\/v2\/product_tag?post=9198"}],"curies":[{"name":"wp","href":"https:\/\/api.w.org\/{rel}","templated":true}]}}