{"id":9201,"date":"2022-12-20T03:32:32","date_gmt":"2022-12-20T00:32:32","guid":{"rendered":"https:\/\/tunahavuz.com\/?post_type=product&#038;p=9201"},"modified":"2025-08-07T12:25:34","modified_gmt":"2025-08-07T09:25:34","slug":"dolphin-wave-100-otomatik-havuz-robotu","status":"publish","type":"product","link":"https:\/\/tunahavuz.com\/online\/urun\/dolphin-wave-100-otomatik-havuz-robotu\/","title":{"rendered":"Dolphin Wave 100 Otomatik Havuz Robotu"},"content":{"rendered":"<div>\n<h1>DOLPHIN WAVE 100<\/h1>\n<h2>OTOMAT\u0130K HAVUZ ROBOTU<\/h2>\n<\/div>\n<div><\/div>\n<div><img decoding=\"async\" src=\"https:\/\/www.havuzdan.com\/class\/INNOVAEditor\/assets\/DOLPHINWAVE100\/G%C4%B0R%C4%B0%C5%9EFOTO.png\" alt=\"\" border=\"0\" \/><\/div>\n<h3><strong>Dolphin Wave 100 \u00d6zellikleri<\/strong><\/h3>\n<div>\n<div><strong>\u00c7al\u0131\u015fma S\u00fcresi:<\/strong>4 \/ 6 \/ 8 saat<br \/>\nHavuz Boyu:\u00a020 &#8211; 25 m\u2019ye kadar umuma a\u00e7\u0131k havuzlar i\u00e7in tasarlanm\u0131\u015ft\u0131r.<br \/>\n<strong>Kablo Uzunlu\u011fu:<\/strong>30 m<br \/>\n<strong>Emi\u015f (Vakum):\u00a0<\/strong>17 m3\/s<br \/>\n<strong>Motor \u00dcnite Voltaj\u0131:<\/strong>24 VDC<br \/>\n<strong>G\u00fc\u00e7:\u00a0<\/strong>DiJital a\u00e7\/kapa g\u00f6stergesi 100-250V IP54 \u00c7\u0131k\u0131\u015f 30VDC den d\u00fc\u015f\u00fck<br \/>\n<strong>F\u0131rd\u00f6nd\u00fc<\/strong>: Kablonun kar\u0131\u015fmas\u0131n\u0131 engeller<br \/>\n<strong>Uzaktan Kumanda:\u00a0<\/strong>Parametrelerin kurulumu ve temizlik program\u203a<br \/>\n<strong>Hareket H\u0131z\u0131:\u00a0<\/strong>15 m\/dk.<br \/>\n<strong>Temizlik Alan\u0131:\u00a0<\/strong>225 m2\/s<br \/>\n<strong>Bak\u0131m:\u00a0<\/strong>Kolay bak\u0131m ve tamir<br \/>\n<strong>A\u011f\u0131rl\u0131k:<\/strong>12 kg<br \/>\n<strong>Garanti:<\/strong>36 ay<br \/>\nMikroproses\u00f6r kontroll\u00fcd\u00fcr.<br \/>\nHavuz duvar\u0131na t\u0131rman\u0131r.<\/div>\n<\/div>\n<div><\/div>\n<div><\/div>\n<div>\n<div><strong>Maksimum Temizlik<br \/>\n<\/strong>Aktif f\u0131r\u00e7alama etkili olarak havuz dibinde bulunan yosun ve bakterileri kald\u0131r\u0131r.<\/div>\n<div>\n\u00c7ok Y\u00f6nl\u00fc Temizlik<br \/>\nHavuzun duvarlar\u0131n\u0131 t\u0131rman\u0131p temizler<\/div>\n<div>\n<strong>Y\u00fcksek Kapasiteli Filtrasyon<br \/>\n<\/strong>\u00c7ok katmanl\u0131 filtrasyon ile suyu sa\u00e7 tellerinden, tozdan, b\u00f6ceklerden ve her t\u00fcrl\u00fc istenmeyen pislikten ar\u0131nd\u0131r\u0131r.<\/div>\n<div>\nKullan\u0131c\u0131 ile B\u00fct\u00fcn<br \/>\nTam otomatik, tak kullan ve sundu\u011fu se\u00e7enekler ile kullan\u0131c\u0131lara kullan\u0131m ve bak\u0131m kolayl\u0131\u011f\u0131 sa\u011flar.\n<\/div>\n<\/div>\n<div>\n<p>\u00a0<img decoding=\"async\" src=\"https:\/\/havuzdan.myideasoft.com\/class\/INNOVAEditor\/assets\/Wavve_100_Kablo_1.png\" alt=\"Robot\" border=\"0\" \/><\/p>\n<div>\n<div>\n<div>Dolphin WAVE 100 Havuz Robotu ile f\u0131rd\u00f6nd\u00fc<\/div>\n<div>kablo dola\u015fma \u00f6nleyici ile sayesinde kablo sorunu ya\u015famazs\u0131n\u0131z.<\/div>\n<\/div>\n<div>\n<div>Temizlik program ve parametreler i\u00e7in geni\u015f se\u00e7enekler:<\/div>\n<div>\u00c7evrim s\u00fcresi, havuz uzunlu\u011fu, t\u0131rmanma frekans\u0131, d\u00fczenli veya ultra temizleme,<\/div>\n<div>Su hatt\u0131, havuz turu tan\u0131mlama.<\/div>\n<div>Filtresi t\u0131kand\u0131\u011f\u0131nda, g\u00fc\u00e7 \u00fcnitesi \u00fczerinden sinyal verme<\/div>\n<\/div>\n<p align=\"center\"><img decoding=\"async\" src=\"https:\/\/havuzdan.myideasoft.com\/class\/INNOVAEditor\/assets\/Wave_100_Hassas_Navigasyon_2.png\" alt=\"Wave 100 Robot\" border=\"0\" \/><img decoding=\"async\" src=\"https:\/\/havuzdan.myideasoft.com\/class\/INNOVAEditor\/assets\/Wave_100_Hassas_Navigasyon.png\" alt=\"Wave 100 Robot\" border=\"0\" \/><\/p>\n<p align=\"center\">\n<div>\n<div>\n<div>HASSAS NAV\u0130GASYON S\u0130STEML\u0130 HAVUZ ROBOTU<\/div>\n<div>Geli\u015fmi\u015f tarama yaz\u0131l\u0131m\u0131 ve navigasyon sistemi ile, zeminlerin, duvarlar\u0131n ve su hatt\u0131n\u0131,<\/div>\n<\/div>\n<div>\n<div>en verimli rota kullan\u0131larak tamamen temizlemesini sa\u011flar.<\/div>\n<div>Dolphin WAVE 100 otomatik olarak engellerin etraf\u0131ndan dolan\u0131r ve h\u0131zl\u0131 bir \u015fekilde temizleme d\u00fczenine d\u00f6ner.<\/div>\n<\/div>\n<div><\/div>\n<div>\n<h3>Dolphin Wave 100 TEKN\u0130K \u00d6ZELL\u0130KLER\u0130<\/h3>\n<div>Aktif \u00c7al\u0131\u015fma S\u00fcresi: 4 \/ 6 \/ 8 Saat<\/div>\n<div>Kablo Uzunlu\u011fu: 30 m<\/div>\n<div>F\u0131rd\u00f6nd\u00fc: Kablonun kar\u0131\u015fmas\u0131n\u0131 engeller<\/div>\n<div>Filtrasyon: \u00c7ok katmanl\u0131 ile k\u00fc\u00e7\u00fck ve b\u00fcy\u00fck boyutlarda<\/div>\n<div>F\u0131r\u00e7alar: T\u00fcm havuz y\u00fczeyleri ile uyumludur<\/div>\n<div>Uzaktan Kumanda: Parametrelerin kurulumu ve temizlik program\u0131<\/div>\n<div>A\u011f\u0131rl\u0131k: 12 kg<\/div>\n<div>Vakum: 17 m3\/s<\/div>\n<div>Hareket h\u0131z\u0131: 15 m\/dk<\/div>\n<div>Temizlik alan\u0131: 225 m2\/s<\/div>\n<div>Motor \u00dcnitesi Voltaj\u0131: 27 VDC<\/div>\n<div>G\u00fc\u00e7 \u00dcnitesi\u00a0 Dijital Sivi\u00e7 Modu: \u00c7\u0131k\u0131\u015f&lt;30VDC; IP 54, Dolu Filtre G\u00f6stergesi, \u00c7al\u0131\u015fmay\u0131 Geciktirme<\/div>\n<div>DIY: Kolay bak\u0131m ve tamir<\/div>\n<div>Araba: Robot ile birlikte gelir.<\/div>\n<div>Garanti: 36 ay t\u00fcm par\u00e7alar i\u00e7in<\/div>\n<\/div>\n<div><\/div>\n<div>Profesyoneller yada Bireyseller i\u00e7in y\u00fcksek kaliteli markalar\u0131, teknolojiye uygun \u00fcr\u00fcnleri <strong>Tuna Havuz<\/strong> olarak<br \/>\nT\u00fcrkiye\u2019nin d\u00f6rt bir yan\u0131na sunmaktay\u0131z. Ev Havuzu, Y\u00fczme Havuzu, Olimpik Havuzlar, Bah\u00e7e Havuzlar\u0131, G\u00f6letler ve<br \/>\nT\u00fcm Havuz \u0130htiya\u00e7lar\u0131n\u0131z\u0131 tam ve eksiksiz sa\u011flayabilmek i\u00e7in bir telefon kadar yak\u0131n\u0131n\u0131zday\u0131z&#8230;<\/div>\n<\/div>\n<\/div>\n<\/div>\n","protected":false},"excerpt":{"rendered":"<p>DOLPHIN WAVE 100 OTOMAT\u0130K HAVUZ ROBOTU Dolphin Wave 100 \u00d6zellikleri \u00c7al\u0131\u015fma S\u00fcresi:4 \/ 6 \/ 8 saat Havuz Boyu:\u00a020 &#8211;<\/p>\n","protected":false},"featured_media":9202,"template":"","meta":[],"product_brand":[],"product_cat":[569,315],"product_tag":[],"class_list":{"0":"post-9201","1":"product","2":"type-product","3":"status-publish","4":"has-post-thumbnail","6":"product_cat-dolphin-havuz-robotu","7":"product_cat-havuz-robotlari","9":"first","10":"instock","11":"taxable","12":"shipping-taxable","13":"product-type-simple"},"_links":{"self":[{"href":"https:\/\/tunahavuz.com\/online\/wp-json\/wp\/v2\/product\/9201","targetHints":{"allow":["GET"]}}],"collection":[{"href":"https:\/\/tunahavuz.com\/online\/wp-json\/wp\/v2\/product"}],"about":[{"href":"https:\/\/tunahavuz.com\/online\/wp-json\/wp\/v2\/types\/product"}],"version-history":[{"count":1,"href":"https:\/\/tunahavuz.com\/online\/wp-json\/wp\/v2\/product\/9201\/revisions"}],"predecessor-version":[{"id":29519,"href":"https:\/\/tunahavuz.com\/online\/wp-json\/wp\/v2\/product\/9201\/revisions\/29519"}],"wp:featuredmedia":[{"embeddable":true,"href":"https:\/\/tunahavuz.com\/online\/wp-json\/wp\/v2\/media\/9202"}],"wp:attachment":[{"href":"https:\/\/tunahavuz.com\/online\/wp-json\/wp\/v2\/media?parent=9201"}],"wp:term":[{"taxonomy":"product_brand","embeddable":true,"href":"https:\/\/tunahavuz.com\/online\/wp-json\/wp\/v2\/product_brand?post=9201"},{"taxonomy":"product_cat","embeddable":true,"href":"https:\/\/tunahavuz.com\/online\/wp-json\/wp\/v2\/product_cat?post=9201"},{"taxonomy":"product_tag","embeddable":true,"href":"https:\/\/tunahavuz.com\/online\/wp-json\/wp\/v2\/product_tag?post=9201"}],"curies":[{"name":"wp","href":"https:\/\/api.w.org\/{rel}","templated":true}]}}